{"id":997,"date":"2025-08-07T10:41:41","date_gmt":"2025-08-07T10:41:41","guid":{"rendered":"https:\/\/megapari.games\/?page_id=997"},"modified":"2025-11-28T10:52:28","modified_gmt":"2025-11-28T10:52:28","slug":"aviator","status":"publish","type":"page","link":"https:\/\/megapari.games\/fi\/aviator\/","title":{"rendered":"Lent\u00e4j\u00e4"},"content":{"rendered":"","protected":false},"excerpt":{"rendered":"","protected":false},"author":1,"featured_media":0,"parent":0,"menu_order":0,"comment_status":"closed","ping_status":"closed","template":"","meta":{"inline_featured_image":false,"footnotes":""},"class_list":["post-997","page","type-page","status-publish","hentry"],"yoast_head":"<!-- This site is optimized with the Yoast SEO plugin v27.3 - https:\/\/yoast.com\/product\/yoast-seo-wordpress\/ -->\n<title>Megapari Lent\u00e4j\u00e4 \u1409 Tartu tilaisuuteen ja voita suuria palkintoja!<\/title>\n<meta name=\"description\" content=\"L\u00f6yd\u00e4 Megapari Lent\u00e4j\u00e4 maailma! Kokeile onneasi t\u00e4ss\u00e4 j\u00e4nnitt\u00e4v\u00e4ss\u00e4 peliss\u00e4, jossa jokainen hetki voi johtaa suuriin voittoihin. Liity nyt ja tee panoksesi jo t\u00e4n\u00e4\u00e4n!\" \/>\n<meta name=\"robots\" content=\"index, follow, max-snippet:-1, max-image-preview:large, max-video-preview:-1\" \/>\n<link rel=\"canonical\" href=\"https:\/\/megapari.games\/fi\/aviator\/\" \/>\n<meta property=\"og:locale\" content=\"fi_FI\" \/>\n<meta property=\"og:type\" content=\"article\" \/>\n<meta property=\"og:title\" content=\"Megapari Lent\u00e4j\u00e4 \u1409 Tartu tilaisuuteen ja voita suuria palkintoja!\" \/>\n<meta property=\"og:description\" content=\"L\u00f6yd\u00e4 Megapari Lent\u00e4j\u00e4 maailma! Kokeile onneasi t\u00e4ss\u00e4 j\u00e4nnitt\u00e4v\u00e4ss\u00e4 peliss\u00e4, jossa jokainen hetki voi johtaa suuriin voittoihin. Liity nyt ja tee panoksesi jo t\u00e4n\u00e4\u00e4n!\" \/>\n<meta property=\"og:url\" content=\"https:\/\/megapari.games\/fi\/aviator\/\" \/>\n<meta property=\"og:site_name\" content=\"Megapari Games fi\" \/>\n<meta property=\"article:modified_time\" content=\"2025-11-28T10:52:28+00:00\" \/>\n<meta name=\"twitter:card\" content=\"summary_large_image\" \/>\n<script type=\"application\/ld+json\" class=\"yoast-schema-graph\">{\"@context\":\"https:\\\/\\\/schema.org\",\"@graph\":[{\"@type\":\"WebPage\",\"@id\":\"https:\\\/\\\/megapari.games\\\/fi\\\/aviator\\\/\",\"url\":\"https:\\\/\\\/megapari.games\\\/fi\\\/aviator\\\/\",\"name\":\"Megapari Lent\u00e4j\u00e4 \u1409 Tartu tilaisuuteen ja voita suuria palkintoja!\",\"isPartOf\":{\"@id\":\"https:\\\/\\\/megapari.games\\\/fi\\\/#website\"},\"datePublished\":\"2025-08-07T10:41:41+00:00\",\"dateModified\":\"2025-11-28T10:52:28+00:00\",\"description\":\"L\u00f6yd\u00e4 Megapari Lent\u00e4j\u00e4 maailma! Kokeile onneasi t\u00e4ss\u00e4 j\u00e4nnitt\u00e4v\u00e4ss\u00e4 peliss\u00e4, jossa jokainen hetki voi johtaa suuriin voittoihin. Liity nyt ja tee panoksesi jo t\u00e4n\u00e4\u00e4n!\",\"breadcrumb\":{\"@id\":\"https:\\\/\\\/megapari.games\\\/fi\\\/aviator\\\/#breadcrumb\"},\"inLanguage\":\"fi\",\"potentialAction\":[{\"@type\":\"ReadAction\",\"target\":[\"https:\\\/\\\/megapari.games\\\/fi\\\/aviator\\\/\"]}]},{\"@type\":\"BreadcrumbList\",\"@id\":\"https:\\\/\\\/megapari.games\\\/fi\\\/aviator\\\/#breadcrumb\",\"itemListElement\":[{\"@type\":\"ListItem\",\"position\":1,\"name\":\"\u0413\u043b\u0430\u0432\u043d\u0430\u044f \u0441\u0442\u0440\u0430\u043d\u0438\u0446\u0430\",\"item\":\"https:\\\/\\\/megapari.games\\\/fi\\\/\"},{\"@type\":\"ListItem\",\"position\":2,\"name\":\"Lent\u00e4j\u00e4\"}]},{\"@type\":\"WebSite\",\"@id\":\"https:\\\/\\\/megapari.games\\\/fi\\\/#website\",\"url\":\"https:\\\/\\\/megapari.games\\\/fi\\\/\",\"name\":\"Megapari Games fi\",\"description\":\"My WordPress Blog\",\"potentialAction\":[{\"@type\":\"SearchAction\",\"target\":{\"@type\":\"EntryPoint\",\"urlTemplate\":\"https:\\\/\\\/megapari.games\\\/fi\\\/?s={search_term_string}\"},\"query-input\":{\"@type\":\"PropertyValueSpecification\",\"valueRequired\":true,\"valueName\":\"search_term_string\"}}],\"inLanguage\":\"fi\"}]}<\/script>\n<!-- \/ Yoast SEO plugin. -->","yoast_head_json":{"title":"Megapari Lent\u00e4j\u00e4 \u1409 Tartu tilaisuuteen ja voita suuria palkintoja!","description":"L\u00f6yd\u00e4 Megapari Lent\u00e4j\u00e4 maailma! Kokeile onneasi t\u00e4ss\u00e4 j\u00e4nnitt\u00e4v\u00e4ss\u00e4 peliss\u00e4, jossa jokainen hetki voi johtaa suuriin voittoihin. Liity nyt ja tee panoksesi jo t\u00e4n\u00e4\u00e4n!","robots":{"index":"index","follow":"follow","max-snippet":"max-snippet:-1","max-image-preview":"max-image-preview:large","max-video-preview":"max-video-preview:-1"},"canonical":"https:\/\/megapari.games\/fi\/aviator\/","og_locale":"fi_FI","og_type":"article","og_title":"Megapari Lent\u00e4j\u00e4 \u1409 Tartu tilaisuuteen ja voita suuria palkintoja!","og_description":"L\u00f6yd\u00e4 Megapari Lent\u00e4j\u00e4 maailma! Kokeile onneasi t\u00e4ss\u00e4 j\u00e4nnitt\u00e4v\u00e4ss\u00e4 peliss\u00e4, jossa jokainen hetki voi johtaa suuriin voittoihin. Liity nyt ja tee panoksesi jo t\u00e4n\u00e4\u00e4n!","og_url":"https:\/\/megapari.games\/fi\/aviator\/","og_site_name":"Megapari Games fi","article_modified_time":"2025-11-28T10:52:28+00:00","twitter_card":"summary_large_image","schema":{"@context":"https:\/\/schema.org","@graph":[{"@type":"WebPage","@id":"https:\/\/megapari.games\/fi\/aviator\/","url":"https:\/\/megapari.games\/fi\/aviator\/","name":"Megapari Lent\u00e4j\u00e4 \u1409 Tartu tilaisuuteen ja voita suuria palkintoja!","isPartOf":{"@id":"https:\/\/megapari.games\/fi\/#website"},"datePublished":"2025-08-07T10:41:41+00:00","dateModified":"2025-11-28T10:52:28+00:00","description":"L\u00f6yd\u00e4 Megapari Lent\u00e4j\u00e4 maailma! Kokeile onneasi t\u00e4ss\u00e4 j\u00e4nnitt\u00e4v\u00e4ss\u00e4 peliss\u00e4, jossa jokainen hetki voi johtaa suuriin voittoihin. Liity nyt ja tee panoksesi jo t\u00e4n\u00e4\u00e4n!","breadcrumb":{"@id":"https:\/\/megapari.games\/fi\/aviator\/#breadcrumb"},"inLanguage":"fi","potentialAction":[{"@type":"ReadAction","target":["https:\/\/megapari.games\/fi\/aviator\/"]}]},{"@type":"BreadcrumbList","@id":"https:\/\/megapari.games\/fi\/aviator\/#breadcrumb","itemListElement":[{"@type":"ListItem","position":1,"name":"\u0413\u043b\u0430\u0432\u043d\u0430\u044f \u0441\u0442\u0440\u0430\u043d\u0438\u0446\u0430","item":"https:\/\/megapari.games\/fi\/"},{"@type":"ListItem","position":2,"name":"Lent\u00e4j\u00e4"}]},{"@type":"WebSite","@id":"https:\/\/megapari.games\/fi\/#website","url":"https:\/\/megapari.games\/fi\/","name":"Megapari Games fi","description":"My WordPress Blog","potentialAction":[{"@type":"SearchAction","target":{"@type":"EntryPoint","urlTemplate":"https:\/\/megapari.games\/fi\/?s={search_term_string}"},"query-input":{"@type":"PropertyValueSpecification","valueRequired":true,"valueName":"search_term_string"}}],"inLanguage":"fi"}]}},"_links":{"self":[{"href":"https:\/\/megapari.games\/fi\/wp-json\/wp\/v2\/pages\/997","targetHints":{"allow":["GET"]}}],"collection":[{"href":"https:\/\/megapari.games\/fi\/wp-json\/wp\/v2\/pages"}],"about":[{"href":"https:\/\/megapari.games\/fi\/wp-json\/wp\/v2\/types\/page"}],"author":[{"embeddable":true,"href":"https:\/\/megapari.games\/fi\/wp-json\/wp\/v2\/users\/1"}],"replies":[{"embeddable":true,"href":"https:\/\/megapari.games\/fi\/wp-json\/wp\/v2\/comments?post=997"}],"version-history":[{"count":3,"href":"https:\/\/megapari.games\/fi\/wp-json\/wp\/v2\/pages\/997\/revisions"}],"predecessor-version":[{"id":1157,"href":"https:\/\/megapari.games\/fi\/wp-json\/wp\/v2\/pages\/997\/revisions\/1157"}],"wp:attachment":[{"href":"https:\/\/megapari.games\/fi\/wp-json\/wp\/v2\/media?parent=997"}],"curies":[{"name":"wp","href":"https:\/\/api.w.org\/{rel}","templated":true}]}}