{"id":1102,"date":"2025-11-21T14:32:56","date_gmt":"2025-11-21T14:32:56","guid":{"rendered":"https:\/\/megapari.games\/?page_id=1102"},"modified":"2025-12-20T13:57:54","modified_gmt":"2025-12-20T13:57:54","slug":"football-betting","status":"publish","type":"page","link":"https:\/\/megapari.games\/hungary\/football-betting\/","title":{"rendered":"Labdar\u00fag\u00e1s"},"content":{"rendered":"","protected":false},"excerpt":{"rendered":"","protected":false},"author":1,"featured_media":0,"parent":0,"menu_order":0,"comment_status":"closed","ping_status":"closed","template":"","meta":{"inline_featured_image":false,"footnotes":""},"class_list":["post-1102","page","type-page","status-publish","hentry"],"yoast_head":"<!-- This site is optimized with the Yoast SEO plugin v27.5 - https:\/\/yoast.com\/product\/yoast-seo-wordpress\/ -->\n<title>Megapari Futballfogad\u00e1s | Kiterjedt k\u00edn\u00e1lat, \u00e9l\u0151 fogad\u00e1s, b\u00f3nuszok<\/title>\n<meta name=\"description\" content=\"Focifogad\u00e1s a Megapari-n \u2705 r\u00e9szletes m\u00e9rk\u0151z\u00e9slist\u00e1k, \u00e9l\u0151 fogad\u00e1s, csapat- \u00e9s j\u00e1t\u00e9kosstatisztik\u00e1k, gyors hozz\u00e1f\u00e9r\u00e9s a vil\u00e1g minden t\u00e1j\u00e1n zajl\u00f3 bajnoks\u00e1gokhoz. B\u00f3nuszok \u00e9s k\u00fcl\u00f6nleges aj\u00e1nlatok \u00faj \u00e9s akt\u00edv felhaszn\u00e1l\u00f3knak.\" \/>\n<meta name=\"robots\" content=\"index, follow, max-snippet:-1, max-image-preview:large, max-video-preview:-1\" \/>\n<link rel=\"canonical\" href=\"https:\/\/megapari.games\/hungary\/football-betting\/\" \/>\n<meta property=\"og:locale\" content=\"hu_HU\" \/>\n<meta property=\"og:type\" content=\"article\" \/>\n<meta property=\"og:title\" content=\"Megapari Futballfogad\u00e1s | Kiterjedt k\u00edn\u00e1lat, \u00e9l\u0151 fogad\u00e1s, b\u00f3nuszok\" \/>\n<meta property=\"og:description\" content=\"Focifogad\u00e1s a Megapari-n \u2705 r\u00e9szletes m\u00e9rk\u0151z\u00e9slist\u00e1k, \u00e9l\u0151 fogad\u00e1s, csapat- \u00e9s j\u00e1t\u00e9kosstatisztik\u00e1k, gyors hozz\u00e1f\u00e9r\u00e9s a vil\u00e1g minden t\u00e1j\u00e1n zajl\u00f3 bajnoks\u00e1gokhoz. B\u00f3nuszok \u00e9s k\u00fcl\u00f6nleges aj\u00e1nlatok \u00faj \u00e9s akt\u00edv felhaszn\u00e1l\u00f3knak.\" \/>\n<meta property=\"og:url\" content=\"https:\/\/megapari.games\/hungary\/football-betting\/\" \/>\n<meta property=\"og:site_name\" content=\"Megapari Games hu\" \/>\n<meta property=\"article:modified_time\" content=\"2025-12-20T13:57:54+00:00\" \/>\n<meta name=\"twitter:card\" content=\"summary_large_image\" \/>\n<script type=\"application\/ld+json\" class=\"yoast-schema-graph\">{\"@context\":\"https:\\\/\\\/schema.org\",\"@graph\":[{\"@type\":\"WebPage\",\"@id\":\"https:\\\/\\\/megapari.games\\\/hungary\\\/football-betting\\\/\",\"url\":\"https:\\\/\\\/megapari.games\\\/hungary\\\/football-betting\\\/\",\"name\":\"Megapari Futballfogad\u00e1s | Kiterjedt k\u00edn\u00e1lat, \u00e9l\u0151 fogad\u00e1s, b\u00f3nuszok\",\"isPartOf\":{\"@id\":\"https:\\\/\\\/megapari.games\\\/hungary\\\/#website\"},\"datePublished\":\"2025-11-21T14:32:56+00:00\",\"dateModified\":\"2025-12-20T13:57:54+00:00\",\"description\":\"Focifogad\u00e1s a Megapari-n \u2705 r\u00e9szletes m\u00e9rk\u0151z\u00e9slist\u00e1k, \u00e9l\u0151 fogad\u00e1s, csapat- \u00e9s j\u00e1t\u00e9kosstatisztik\u00e1k, gyors hozz\u00e1f\u00e9r\u00e9s a vil\u00e1g minden t\u00e1j\u00e1n zajl\u00f3 bajnoks\u00e1gokhoz. B\u00f3nuszok \u00e9s k\u00fcl\u00f6nleges aj\u00e1nlatok \u00faj \u00e9s akt\u00edv felhaszn\u00e1l\u00f3knak.\",\"breadcrumb\":{\"@id\":\"https:\\\/\\\/megapari.games\\\/hungary\\\/football-betting\\\/#breadcrumb\"},\"inLanguage\":\"hu\",\"potentialAction\":[{\"@type\":\"ReadAction\",\"target\":[\"https:\\\/\\\/megapari.games\\\/hungary\\\/football-betting\\\/\"]}]},{\"@type\":\"BreadcrumbList\",\"@id\":\"https:\\\/\\\/megapari.games\\\/hungary\\\/football-betting\\\/#breadcrumb\",\"itemListElement\":[{\"@type\":\"ListItem\",\"position\":1,\"name\":\"\u0413\u043b\u0430\u0432\u043d\u0430\u044f \u0441\u0442\u0440\u0430\u043d\u0438\u0446\u0430\",\"item\":\"https:\\\/\\\/megapari.games\\\/hungary\\\/\"},{\"@type\":\"ListItem\",\"position\":2,\"name\":\"Labdar\u00fag\u00e1s\"}]},{\"@type\":\"WebSite\",\"@id\":\"https:\\\/\\\/megapari.games\\\/hungary\\\/#website\",\"url\":\"https:\\\/\\\/megapari.games\\\/hungary\\\/\",\"name\":\"Megapari Games hu\",\"description\":\"My WordPress Blog\",\"potentialAction\":[{\"@type\":\"SearchAction\",\"target\":{\"@type\":\"EntryPoint\",\"urlTemplate\":\"https:\\\/\\\/megapari.games\\\/hungary\\\/?s={search_term_string}\"},\"query-input\":{\"@type\":\"PropertyValueSpecification\",\"valueRequired\":true,\"valueName\":\"search_term_string\"}}],\"inLanguage\":\"hu\"}]}<\/script>\n<!-- \/ Yoast SEO plugin. -->","yoast_head_json":{"title":"Megapari Futballfogad\u00e1s | Kiterjedt k\u00edn\u00e1lat, \u00e9l\u0151 fogad\u00e1s, b\u00f3nuszok","description":"Focifogad\u00e1s a Megapari-n \u2705 r\u00e9szletes m\u00e9rk\u0151z\u00e9slist\u00e1k, \u00e9l\u0151 fogad\u00e1s, csapat- \u00e9s j\u00e1t\u00e9kosstatisztik\u00e1k, gyors hozz\u00e1f\u00e9r\u00e9s a vil\u00e1g minden t\u00e1j\u00e1n zajl\u00f3 bajnoks\u00e1gokhoz. B\u00f3nuszok \u00e9s k\u00fcl\u00f6nleges aj\u00e1nlatok \u00faj \u00e9s akt\u00edv felhaszn\u00e1l\u00f3knak.","robots":{"index":"index","follow":"follow","max-snippet":"max-snippet:-1","max-image-preview":"max-image-preview:large","max-video-preview":"max-video-preview:-1"},"canonical":"https:\/\/megapari.games\/hungary\/football-betting\/","og_locale":"hu_HU","og_type":"article","og_title":"Megapari Futballfogad\u00e1s | Kiterjedt k\u00edn\u00e1lat, \u00e9l\u0151 fogad\u00e1s, b\u00f3nuszok","og_description":"Focifogad\u00e1s a Megapari-n \u2705 r\u00e9szletes m\u00e9rk\u0151z\u00e9slist\u00e1k, \u00e9l\u0151 fogad\u00e1s, csapat- \u00e9s j\u00e1t\u00e9kosstatisztik\u00e1k, gyors hozz\u00e1f\u00e9r\u00e9s a vil\u00e1g minden t\u00e1j\u00e1n zajl\u00f3 bajnoks\u00e1gokhoz. B\u00f3nuszok \u00e9s k\u00fcl\u00f6nleges aj\u00e1nlatok \u00faj \u00e9s akt\u00edv felhaszn\u00e1l\u00f3knak.","og_url":"https:\/\/megapari.games\/hungary\/football-betting\/","og_site_name":"Megapari Games hu","article_modified_time":"2025-12-20T13:57:54+00:00","twitter_card":"summary_large_image","schema":{"@context":"https:\/\/schema.org","@graph":[{"@type":"WebPage","@id":"https:\/\/megapari.games\/hungary\/football-betting\/","url":"https:\/\/megapari.games\/hungary\/football-betting\/","name":"Megapari Futballfogad\u00e1s | Kiterjedt k\u00edn\u00e1lat, \u00e9l\u0151 fogad\u00e1s, b\u00f3nuszok","isPartOf":{"@id":"https:\/\/megapari.games\/hungary\/#website"},"datePublished":"2025-11-21T14:32:56+00:00","dateModified":"2025-12-20T13:57:54+00:00","description":"Focifogad\u00e1s a Megapari-n \u2705 r\u00e9szletes m\u00e9rk\u0151z\u00e9slist\u00e1k, \u00e9l\u0151 fogad\u00e1s, csapat- \u00e9s j\u00e1t\u00e9kosstatisztik\u00e1k, gyors hozz\u00e1f\u00e9r\u00e9s a vil\u00e1g minden t\u00e1j\u00e1n zajl\u00f3 bajnoks\u00e1gokhoz. B\u00f3nuszok \u00e9s k\u00fcl\u00f6nleges aj\u00e1nlatok \u00faj \u00e9s akt\u00edv felhaszn\u00e1l\u00f3knak.","breadcrumb":{"@id":"https:\/\/megapari.games\/hungary\/football-betting\/#breadcrumb"},"inLanguage":"hu","potentialAction":[{"@type":"ReadAction","target":["https:\/\/megapari.games\/hungary\/football-betting\/"]}]},{"@type":"BreadcrumbList","@id":"https:\/\/megapari.games\/hungary\/football-betting\/#breadcrumb","itemListElement":[{"@type":"ListItem","position":1,"name":"\u0413\u043b\u0430\u0432\u043d\u0430\u044f \u0441\u0442\u0440\u0430\u043d\u0438\u0446\u0430","item":"https:\/\/megapari.games\/hungary\/"},{"@type":"ListItem","position":2,"name":"Labdar\u00fag\u00e1s"}]},{"@type":"WebSite","@id":"https:\/\/megapari.games\/hungary\/#website","url":"https:\/\/megapari.games\/hungary\/","name":"Megapari Games hu","description":"My WordPress Blog","potentialAction":[{"@type":"SearchAction","target":{"@type":"EntryPoint","urlTemplate":"https:\/\/megapari.games\/hungary\/?s={search_term_string}"},"query-input":{"@type":"PropertyValueSpecification","valueRequired":true,"valueName":"search_term_string"}}],"inLanguage":"hu"}]}},"_links":{"self":[{"href":"https:\/\/megapari.games\/hungary\/wp-json\/wp\/v2\/pages\/1102","targetHints":{"allow":["GET"]}}],"collection":[{"href":"https:\/\/megapari.games\/hungary\/wp-json\/wp\/v2\/pages"}],"about":[{"href":"https:\/\/megapari.games\/hungary\/wp-json\/wp\/v2\/types\/page"}],"author":[{"embeddable":true,"href":"https:\/\/megapari.games\/hungary\/wp-json\/wp\/v2\/users\/1"}],"replies":[{"embeddable":true,"href":"https:\/\/megapari.games\/hungary\/wp-json\/wp\/v2\/comments?post=1102"}],"version-history":[{"count":2,"href":"https:\/\/megapari.games\/hungary\/wp-json\/wp\/v2\/pages\/1102\/revisions"}],"predecessor-version":[{"id":1184,"href":"https:\/\/megapari.games\/hungary\/wp-json\/wp\/v2\/pages\/1102\/revisions\/1184"}],"wp:attachment":[{"href":"https:\/\/megapari.games\/hungary\/wp-json\/wp\/v2\/media?parent=1102"}],"curies":[{"name":"wp","href":"https:\/\/api.w.org\/{rel}","templated":true}]}}