{"id":1122,"date":"2025-11-24T08:30:07","date_gmt":"2025-11-24T08:30:07","guid":{"rendered":"https:\/\/megapari.games\/?page_id=1122"},"modified":"2025-12-20T14:28:04","modified_gmt":"2025-12-20T14:28:04","slug":"tennis-betting","status":"publish","type":"page","link":"https:\/\/megapari.games\/hungary\/tennis-betting\/","title":{"rendered":"Tenisz"},"content":{"rendered":"","protected":false},"excerpt":{"rendered":"","protected":false},"author":1,"featured_media":0,"parent":0,"menu_order":0,"comment_status":"closed","ping_status":"closed","template":"","meta":{"inline_featured_image":false,"footnotes":""},"class_list":["post-1122","page","type-page","status-publish","hentry"],"yoast_head":"<!-- This site is optimized with the Yoast SEO plugin v27.5 - https:\/\/yoast.com\/product\/yoast-seo-wordpress\/ -->\n<title>Megapari Tenisz fogad\u00e1sok | Odds, \u00e9l\u0151 \u00e9s b\u00f3nusz aj\u00e1nlatok<\/title>\n<meta name=\"description\" content=\"Teniszfogad\u00e1s a Megapari-n \u2705 sz\u00e9les k\u00f6r\u0171 k\u00edn\u00e1lat az ATP, WTA \u00e9s Grand Slam torn\u00e1kra, naprak\u00e9sz \u00e9l\u0151 statisztik\u00e1k \u00e9s k\u00e9nyelmes elemz\u0151 eszk\u00f6z\u00f6k. Ismerje meg a platform funkci\u00f3it \u00e9s a rendelkez\u00e9sre \u00e1ll\u00f3 b\u00f3nuszprogramokat.\" \/>\n<meta name=\"robots\" content=\"index, follow, max-snippet:-1, max-image-preview:large, max-video-preview:-1\" \/>\n<link rel=\"canonical\" href=\"https:\/\/megapari.games\/hungary\/tennis-betting\/\" \/>\n<meta property=\"og:locale\" content=\"hu_HU\" \/>\n<meta property=\"og:type\" content=\"article\" \/>\n<meta property=\"og:title\" content=\"Megapari Tenisz fogad\u00e1sok | Odds, \u00e9l\u0151 \u00e9s b\u00f3nusz aj\u00e1nlatok\" \/>\n<meta property=\"og:description\" content=\"Teniszfogad\u00e1s a Megapari-n \u2705 sz\u00e9les k\u00f6r\u0171 k\u00edn\u00e1lat az ATP, WTA \u00e9s Grand Slam torn\u00e1kra, naprak\u00e9sz \u00e9l\u0151 statisztik\u00e1k \u00e9s k\u00e9nyelmes elemz\u0151 eszk\u00f6z\u00f6k. Ismerje meg a platform funkci\u00f3it \u00e9s a rendelkez\u00e9sre \u00e1ll\u00f3 b\u00f3nuszprogramokat.\" \/>\n<meta property=\"og:url\" content=\"https:\/\/megapari.games\/hungary\/tennis-betting\/\" \/>\n<meta property=\"og:site_name\" content=\"Megapari Games hu\" \/>\n<meta property=\"article:modified_time\" content=\"2025-12-20T14:28:04+00:00\" \/>\n<meta name=\"twitter:card\" content=\"summary_large_image\" \/>\n<script type=\"application\/ld+json\" class=\"yoast-schema-graph\">{\"@context\":\"https:\\\/\\\/schema.org\",\"@graph\":[{\"@type\":\"WebPage\",\"@id\":\"https:\\\/\\\/megapari.games\\\/hungary\\\/tennis-betting\\\/\",\"url\":\"https:\\\/\\\/megapari.games\\\/hungary\\\/tennis-betting\\\/\",\"name\":\"Megapari Tenisz fogad\u00e1sok | Odds, \u00e9l\u0151 \u00e9s b\u00f3nusz aj\u00e1nlatok\",\"isPartOf\":{\"@id\":\"https:\\\/\\\/megapari.games\\\/hungary\\\/#website\"},\"datePublished\":\"2025-11-24T08:30:07+00:00\",\"dateModified\":\"2025-12-20T14:28:04+00:00\",\"description\":\"Teniszfogad\u00e1s a Megapari-n \u2705 sz\u00e9les k\u00f6r\u0171 k\u00edn\u00e1lat az ATP, WTA \u00e9s Grand Slam torn\u00e1kra, naprak\u00e9sz \u00e9l\u0151 statisztik\u00e1k \u00e9s k\u00e9nyelmes elemz\u0151 eszk\u00f6z\u00f6k. Ismerje meg a platform funkci\u00f3it \u00e9s a rendelkez\u00e9sre \u00e1ll\u00f3 b\u00f3nuszprogramokat.\",\"breadcrumb\":{\"@id\":\"https:\\\/\\\/megapari.games\\\/hungary\\\/tennis-betting\\\/#breadcrumb\"},\"inLanguage\":\"hu\",\"potentialAction\":[{\"@type\":\"ReadAction\",\"target\":[\"https:\\\/\\\/megapari.games\\\/hungary\\\/tennis-betting\\\/\"]}]},{\"@type\":\"BreadcrumbList\",\"@id\":\"https:\\\/\\\/megapari.games\\\/hungary\\\/tennis-betting\\\/#breadcrumb\",\"itemListElement\":[{\"@type\":\"ListItem\",\"position\":1,\"name\":\"\u0413\u043b\u0430\u0432\u043d\u0430\u044f \u0441\u0442\u0440\u0430\u043d\u0438\u0446\u0430\",\"item\":\"https:\\\/\\\/megapari.games\\\/hungary\\\/\"},{\"@type\":\"ListItem\",\"position\":2,\"name\":\"Tenisz\"}]},{\"@type\":\"WebSite\",\"@id\":\"https:\\\/\\\/megapari.games\\\/hungary\\\/#website\",\"url\":\"https:\\\/\\\/megapari.games\\\/hungary\\\/\",\"name\":\"Megapari Games hu\",\"description\":\"My WordPress Blog\",\"potentialAction\":[{\"@type\":\"SearchAction\",\"target\":{\"@type\":\"EntryPoint\",\"urlTemplate\":\"https:\\\/\\\/megapari.games\\\/hungary\\\/?s={search_term_string}\"},\"query-input\":{\"@type\":\"PropertyValueSpecification\",\"valueRequired\":true,\"valueName\":\"search_term_string\"}}],\"inLanguage\":\"hu\"}]}<\/script>\n<!-- \/ Yoast SEO plugin. -->","yoast_head_json":{"title":"Megapari Tenisz fogad\u00e1sok | Odds, \u00e9l\u0151 \u00e9s b\u00f3nusz aj\u00e1nlatok","description":"Teniszfogad\u00e1s a Megapari-n \u2705 sz\u00e9les k\u00f6r\u0171 k\u00edn\u00e1lat az ATP, WTA \u00e9s Grand Slam torn\u00e1kra, naprak\u00e9sz \u00e9l\u0151 statisztik\u00e1k \u00e9s k\u00e9nyelmes elemz\u0151 eszk\u00f6z\u00f6k. Ismerje meg a platform funkci\u00f3it \u00e9s a rendelkez\u00e9sre \u00e1ll\u00f3 b\u00f3nuszprogramokat.","robots":{"index":"index","follow":"follow","max-snippet":"max-snippet:-1","max-image-preview":"max-image-preview:large","max-video-preview":"max-video-preview:-1"},"canonical":"https:\/\/megapari.games\/hungary\/tennis-betting\/","og_locale":"hu_HU","og_type":"article","og_title":"Megapari Tenisz fogad\u00e1sok | Odds, \u00e9l\u0151 \u00e9s b\u00f3nusz aj\u00e1nlatok","og_description":"Teniszfogad\u00e1s a Megapari-n \u2705 sz\u00e9les k\u00f6r\u0171 k\u00edn\u00e1lat az ATP, WTA \u00e9s Grand Slam torn\u00e1kra, naprak\u00e9sz \u00e9l\u0151 statisztik\u00e1k \u00e9s k\u00e9nyelmes elemz\u0151 eszk\u00f6z\u00f6k. Ismerje meg a platform funkci\u00f3it \u00e9s a rendelkez\u00e9sre \u00e1ll\u00f3 b\u00f3nuszprogramokat.","og_url":"https:\/\/megapari.games\/hungary\/tennis-betting\/","og_site_name":"Megapari Games hu","article_modified_time":"2025-12-20T14:28:04+00:00","twitter_card":"summary_large_image","schema":{"@context":"https:\/\/schema.org","@graph":[{"@type":"WebPage","@id":"https:\/\/megapari.games\/hungary\/tennis-betting\/","url":"https:\/\/megapari.games\/hungary\/tennis-betting\/","name":"Megapari Tenisz fogad\u00e1sok | Odds, \u00e9l\u0151 \u00e9s b\u00f3nusz aj\u00e1nlatok","isPartOf":{"@id":"https:\/\/megapari.games\/hungary\/#website"},"datePublished":"2025-11-24T08:30:07+00:00","dateModified":"2025-12-20T14:28:04+00:00","description":"Teniszfogad\u00e1s a Megapari-n \u2705 sz\u00e9les k\u00f6r\u0171 k\u00edn\u00e1lat az ATP, WTA \u00e9s Grand Slam torn\u00e1kra, naprak\u00e9sz \u00e9l\u0151 statisztik\u00e1k \u00e9s k\u00e9nyelmes elemz\u0151 eszk\u00f6z\u00f6k. Ismerje meg a platform funkci\u00f3it \u00e9s a rendelkez\u00e9sre \u00e1ll\u00f3 b\u00f3nuszprogramokat.","breadcrumb":{"@id":"https:\/\/megapari.games\/hungary\/tennis-betting\/#breadcrumb"},"inLanguage":"hu","potentialAction":[{"@type":"ReadAction","target":["https:\/\/megapari.games\/hungary\/tennis-betting\/"]}]},{"@type":"BreadcrumbList","@id":"https:\/\/megapari.games\/hungary\/tennis-betting\/#breadcrumb","itemListElement":[{"@type":"ListItem","position":1,"name":"\u0413\u043b\u0430\u0432\u043d\u0430\u044f \u0441\u0442\u0440\u0430\u043d\u0438\u0446\u0430","item":"https:\/\/megapari.games\/hungary\/"},{"@type":"ListItem","position":2,"name":"Tenisz"}]},{"@type":"WebSite","@id":"https:\/\/megapari.games\/hungary\/#website","url":"https:\/\/megapari.games\/hungary\/","name":"Megapari Games hu","description":"My WordPress Blog","potentialAction":[{"@type":"SearchAction","target":{"@type":"EntryPoint","urlTemplate":"https:\/\/megapari.games\/hungary\/?s={search_term_string}"},"query-input":{"@type":"PropertyValueSpecification","valueRequired":true,"valueName":"search_term_string"}}],"inLanguage":"hu"}]}},"_links":{"self":[{"href":"https:\/\/megapari.games\/hungary\/wp-json\/wp\/v2\/pages\/1122","targetHints":{"allow":["GET"]}}],"collection":[{"href":"https:\/\/megapari.games\/hungary\/wp-json\/wp\/v2\/pages"}],"about":[{"href":"https:\/\/megapari.games\/hungary\/wp-json\/wp\/v2\/types\/page"}],"author":[{"embeddable":true,"href":"https:\/\/megapari.games\/hungary\/wp-json\/wp\/v2\/users\/1"}],"replies":[{"embeddable":true,"href":"https:\/\/megapari.games\/hungary\/wp-json\/wp\/v2\/comments?post=1122"}],"version-history":[{"count":2,"href":"https:\/\/megapari.games\/hungary\/wp-json\/wp\/v2\/pages\/1122\/revisions"}],"predecessor-version":[{"id":1189,"href":"https:\/\/megapari.games\/hungary\/wp-json\/wp\/v2\/pages\/1122\/revisions\/1189"}],"wp:attachment":[{"href":"https:\/\/megapari.games\/hungary\/wp-json\/wp\/v2\/media?parent=1122"}],"curies":[{"name":"wp","href":"https:\/\/api.w.org\/{rel}","templated":true}]}}