{"id":226,"date":"2024-06-17T11:49:59","date_gmt":"2024-06-17T11:49:59","guid":{"rendered":"https:\/\/megapari.games\/hungary\/?page_id=226"},"modified":"2025-07-09T17:28:01","modified_gmt":"2025-07-09T17:28:01","slug":"mobile","status":"publish","type":"page","link":"https:\/\/megapari.games\/hungary\/mobile\/","title":{"rendered":"App"},"content":{"rendered":"","protected":false},"excerpt":{"rendered":"","protected":false},"author":1,"featured_media":0,"parent":0,"menu_order":0,"comment_status":"closed","ping_status":"closed","template":"","meta":{"inline_featured_image":false,"footnotes":""},"class_list":["post-226","page","type-page","status-publish","hentry"],"yoast_head":"<!-- This site is optimized with the Yoast SEO plugin v27.3 - https:\/\/yoast.com\/product\/yoast-seo-wordpress\/ -->\n<title>Megapari App Let\u00f6lt\u00e9s ingyen Android \u00e9s iOS 2026<\/title>\n<meta name=\"description\" content=\"T\u00f6ltse le a hivatalos Megapari alkalmaz\u00e1st Androidra (APK) \u00e9s iOS-re sport \u00e9s online kaszin\u00f3 fogad\u00e1sokhoz | A leg\u00fajabb Megapari APK verzi\u00f3 1.2.4\" \/>\n<meta name=\"robots\" content=\"index, follow, max-snippet:-1, max-image-preview:large, max-video-preview:-1\" \/>\n<link rel=\"canonical\" href=\"https:\/\/megapari.games\/hungary\/mobile\/\" \/>\n<meta property=\"og:locale\" content=\"hu_HU\" \/>\n<meta property=\"og:type\" content=\"article\" \/>\n<meta property=\"og:title\" content=\"Megapari App Let\u00f6lt\u00e9s ingyen Android \u00e9s iOS 2026\" \/>\n<meta property=\"og:description\" content=\"T\u00f6ltse le a hivatalos Megapari alkalmaz\u00e1st Androidra (APK) \u00e9s iOS-re sport \u00e9s online kaszin\u00f3 fogad\u00e1sokhoz | A leg\u00fajabb Megapari APK verzi\u00f3 1.2.4\" \/>\n<meta property=\"og:url\" content=\"https:\/\/megapari.games\/hungary\/mobile\/\" \/>\n<meta property=\"og:site_name\" content=\"Megapari Games hu\" \/>\n<meta property=\"article:modified_time\" content=\"2025-07-09T17:28:01+00:00\" \/>\n<meta name=\"twitter:card\" content=\"summary_large_image\" \/>\n<script type=\"application\/ld+json\" class=\"yoast-schema-graph\">{\"@context\":\"https:\\\/\\\/schema.org\",\"@graph\":[{\"@type\":\"WebPage\",\"@id\":\"https:\\\/\\\/megapari.games\\\/hungary\\\/mobile\\\/\",\"url\":\"https:\\\/\\\/megapari.games\\\/hungary\\\/mobile\\\/\",\"name\":\"Megapari App Let\u00f6lt\u00e9s ingyen Android \u00e9s iOS 2026\",\"isPartOf\":{\"@id\":\"https:\\\/\\\/megapari.games\\\/hungary\\\/#website\"},\"datePublished\":\"2024-06-17T11:49:59+00:00\",\"dateModified\":\"2025-07-09T17:28:01+00:00\",\"description\":\"T\u00f6ltse le a hivatalos Megapari alkalmaz\u00e1st Androidra (APK) \u00e9s iOS-re sport \u00e9s online kaszin\u00f3 fogad\u00e1sokhoz | A leg\u00fajabb Megapari APK verzi\u00f3 1.2.4\",\"breadcrumb\":{\"@id\":\"https:\\\/\\\/megapari.games\\\/hungary\\\/mobile\\\/#breadcrumb\"},\"inLanguage\":\"hu\",\"potentialAction\":[{\"@type\":\"ReadAction\",\"target\":[\"https:\\\/\\\/megapari.games\\\/hungary\\\/mobile\\\/\"]}]},{\"@type\":\"BreadcrumbList\",\"@id\":\"https:\\\/\\\/megapari.games\\\/hungary\\\/mobile\\\/#breadcrumb\",\"itemListElement\":[{\"@type\":\"ListItem\",\"position\":1,\"name\":\"\u0413\u043b\u0430\u0432\u043d\u0430\u044f \u0441\u0442\u0440\u0430\u043d\u0438\u0446\u0430\",\"item\":\"https:\\\/\\\/megapari.games\\\/hungary\\\/\"},{\"@type\":\"ListItem\",\"position\":2,\"name\":\"App\"}]},{\"@type\":\"WebSite\",\"@id\":\"https:\\\/\\\/megapari.games\\\/hungary\\\/#website\",\"url\":\"https:\\\/\\\/megapari.games\\\/hungary\\\/\",\"name\":\"Megapari Games hu\",\"description\":\"My WordPress Blog\",\"potentialAction\":[{\"@type\":\"SearchAction\",\"target\":{\"@type\":\"EntryPoint\",\"urlTemplate\":\"https:\\\/\\\/megapari.games\\\/hungary\\\/?s={search_term_string}\"},\"query-input\":{\"@type\":\"PropertyValueSpecification\",\"valueRequired\":true,\"valueName\":\"search_term_string\"}}],\"inLanguage\":\"hu\"}]}<\/script>\n<!-- \/ Yoast SEO plugin. -->","yoast_head_json":{"title":"Megapari App Let\u00f6lt\u00e9s ingyen Android \u00e9s iOS 2026","description":"T\u00f6ltse le a hivatalos Megapari alkalmaz\u00e1st Androidra (APK) \u00e9s iOS-re sport \u00e9s online kaszin\u00f3 fogad\u00e1sokhoz | A leg\u00fajabb Megapari APK verzi\u00f3 1.2.4","robots":{"index":"index","follow":"follow","max-snippet":"max-snippet:-1","max-image-preview":"max-image-preview:large","max-video-preview":"max-video-preview:-1"},"canonical":"https:\/\/megapari.games\/hungary\/mobile\/","og_locale":"hu_HU","og_type":"article","og_title":"Megapari App Let\u00f6lt\u00e9s ingyen Android \u00e9s iOS 2026","og_description":"T\u00f6ltse le a hivatalos Megapari alkalmaz\u00e1st Androidra (APK) \u00e9s iOS-re sport \u00e9s online kaszin\u00f3 fogad\u00e1sokhoz | A leg\u00fajabb Megapari APK verzi\u00f3 1.2.4","og_url":"https:\/\/megapari.games\/hungary\/mobile\/","og_site_name":"Megapari Games hu","article_modified_time":"2025-07-09T17:28:01+00:00","twitter_card":"summary_large_image","schema":{"@context":"https:\/\/schema.org","@graph":[{"@type":"WebPage","@id":"https:\/\/megapari.games\/hungary\/mobile\/","url":"https:\/\/megapari.games\/hungary\/mobile\/","name":"Megapari App Let\u00f6lt\u00e9s ingyen Android \u00e9s iOS 2026","isPartOf":{"@id":"https:\/\/megapari.games\/hungary\/#website"},"datePublished":"2024-06-17T11:49:59+00:00","dateModified":"2025-07-09T17:28:01+00:00","description":"T\u00f6ltse le a hivatalos Megapari alkalmaz\u00e1st Androidra (APK) \u00e9s iOS-re sport \u00e9s online kaszin\u00f3 fogad\u00e1sokhoz | A leg\u00fajabb Megapari APK verzi\u00f3 1.2.4","breadcrumb":{"@id":"https:\/\/megapari.games\/hungary\/mobile\/#breadcrumb"},"inLanguage":"hu","potentialAction":[{"@type":"ReadAction","target":["https:\/\/megapari.games\/hungary\/mobile\/"]}]},{"@type":"BreadcrumbList","@id":"https:\/\/megapari.games\/hungary\/mobile\/#breadcrumb","itemListElement":[{"@type":"ListItem","position":1,"name":"\u0413\u043b\u0430\u0432\u043d\u0430\u044f \u0441\u0442\u0440\u0430\u043d\u0438\u0446\u0430","item":"https:\/\/megapari.games\/hungary\/"},{"@type":"ListItem","position":2,"name":"App"}]},{"@type":"WebSite","@id":"https:\/\/megapari.games\/hungary\/#website","url":"https:\/\/megapari.games\/hungary\/","name":"Megapari Games hu","description":"My WordPress Blog","potentialAction":[{"@type":"SearchAction","target":{"@type":"EntryPoint","urlTemplate":"https:\/\/megapari.games\/hungary\/?s={search_term_string}"},"query-input":{"@type":"PropertyValueSpecification","valueRequired":true,"valueName":"search_term_string"}}],"inLanguage":"hu"}]}},"_links":{"self":[{"href":"https:\/\/megapari.games\/hungary\/wp-json\/wp\/v2\/pages\/226","targetHints":{"allow":["GET"]}}],"collection":[{"href":"https:\/\/megapari.games\/hungary\/wp-json\/wp\/v2\/pages"}],"about":[{"href":"https:\/\/megapari.games\/hungary\/wp-json\/wp\/v2\/types\/page"}],"author":[{"embeddable":true,"href":"https:\/\/megapari.games\/hungary\/wp-json\/wp\/v2\/users\/1"}],"replies":[{"embeddable":true,"href":"https:\/\/megapari.games\/hungary\/wp-json\/wp\/v2\/comments?post=226"}],"version-history":[{"count":1,"href":"https:\/\/megapari.games\/hungary\/wp-json\/wp\/v2\/pages\/226\/revisions"}],"predecessor-version":[{"id":923,"href":"https:\/\/megapari.games\/hungary\/wp-json\/wp\/v2\/pages\/226\/revisions\/923"}],"wp:attachment":[{"href":"https:\/\/megapari.games\/hungary\/wp-json\/wp\/v2\/media?parent=226"}],"curies":[{"name":"wp","href":"https:\/\/api.w.org\/{rel}","templated":true}]}}