{"id":776,"date":"2025-03-27T08:52:05","date_gmt":"2025-03-27T08:52:05","guid":{"rendered":"https:\/\/megapari.games\/hungary\/?page_id=776"},"modified":"2025-07-19T07:15:15","modified_gmt":"2025-07-19T07:15:15","slug":"first-deposit","status":"publish","type":"page","link":"https:\/\/megapari.games\/hungary\/bonus\/first-deposit\/","title":{"rendered":"Els\u0151 befizet\u00e9s"},"content":{"rendered":"","protected":false},"excerpt":{"rendered":"","protected":false},"author":1,"featured_media":0,"parent":152,"menu_order":0,"comment_status":"closed","ping_status":"closed","template":"","meta":{"inline_featured_image":false,"footnotes":""},"class_list":["post-776","page","type-page","status-publish","hentry"],"yoast_head":"<!-- This site is optimized with the Yoast SEO plugin v27.3 - https:\/\/yoast.com\/product\/yoast-seo-wordpress\/ -->\n<title>Megapari \u00fcdv\u00f6zl\u0151 csomag: 600.000 Ft + 150 ingyenes p\u00f6rget\u00e9st<\/title>\n<meta name=\"description\" content=\"Ne hagyja ki a lehet\u0151s\u00e9get! Csatlakozzon a Megaparihoz, \u00e9s szerezzen egy leny\u0171g\u00f6z\u0151 \u00fcdv\u00f6zl\u0151 csomagot ak\u00e1r 600000 Ft+ 150 ingyenes p\u00f6rget\u00e9st! Izgalmas j\u00e1t\u00e9kok \u00e9s p\u00e1ratlan b\u00f3nuszok v\u00e1rnak r\u00e1d. J\u00e1tsszon okosan - nyerjen izgalommal!\" \/>\n<meta name=\"robots\" content=\"index, follow, max-snippet:-1, max-image-preview:large, max-video-preview:-1\" \/>\n<link rel=\"canonical\" href=\"https:\/\/megapari.games\/hungary\/bonus\/first-deposit\/\" \/>\n<meta property=\"og:locale\" content=\"hu_HU\" \/>\n<meta property=\"og:type\" content=\"article\" \/>\n<meta property=\"og:title\" content=\"Megapari \u00fcdv\u00f6zl\u0151 csomag: 600.000 Ft + 150 ingyenes p\u00f6rget\u00e9st\" \/>\n<meta property=\"og:description\" content=\"Ne hagyja ki a lehet\u0151s\u00e9get! Csatlakozzon a Megaparihoz, \u00e9s szerezzen egy leny\u0171g\u00f6z\u0151 \u00fcdv\u00f6zl\u0151 csomagot ak\u00e1r 600000 Ft+ 150 ingyenes p\u00f6rget\u00e9st! Izgalmas j\u00e1t\u00e9kok \u00e9s p\u00e1ratlan b\u00f3nuszok v\u00e1rnak r\u00e1d. J\u00e1tsszon okosan - nyerjen izgalommal!\" \/>\n<meta property=\"og:url\" content=\"https:\/\/megapari.games\/hungary\/bonus\/first-deposit\/\" \/>\n<meta property=\"og:site_name\" content=\"Megapari Games hu\" \/>\n<meta property=\"article:modified_time\" content=\"2025-07-19T07:15:15+00:00\" \/>\n<meta name=\"twitter:card\" content=\"summary_large_image\" \/>\n<script type=\"application\/ld+json\" class=\"yoast-schema-graph\">{\"@context\":\"https:\\\/\\\/schema.org\",\"@graph\":[{\"@type\":\"WebPage\",\"@id\":\"https:\\\/\\\/megapari.games\\\/hungary\\\/bonus\\\/first-deposit\\\/\",\"url\":\"https:\\\/\\\/megapari.games\\\/hungary\\\/bonus\\\/first-deposit\\\/\",\"name\":\"Megapari \u00fcdv\u00f6zl\u0151 csomag: 600.000 Ft + 150 ingyenes p\u00f6rget\u00e9st\",\"isPartOf\":{\"@id\":\"https:\\\/\\\/megapari.games\\\/hungary\\\/#website\"},\"datePublished\":\"2025-03-27T08:52:05+00:00\",\"dateModified\":\"2025-07-19T07:15:15+00:00\",\"description\":\"Ne hagyja ki a lehet\u0151s\u00e9get! Csatlakozzon a Megaparihoz, \u00e9s szerezzen egy leny\u0171g\u00f6z\u0151 \u00fcdv\u00f6zl\u0151 csomagot ak\u00e1r 600000 Ft+ 150 ingyenes p\u00f6rget\u00e9st! Izgalmas j\u00e1t\u00e9kok \u00e9s p\u00e1ratlan b\u00f3nuszok v\u00e1rnak r\u00e1d. J\u00e1tsszon okosan - nyerjen izgalommal!\",\"breadcrumb\":{\"@id\":\"https:\\\/\\\/megapari.games\\\/hungary\\\/bonus\\\/first-deposit\\\/#breadcrumb\"},\"inLanguage\":\"hu\",\"potentialAction\":[{\"@type\":\"ReadAction\",\"target\":[\"https:\\\/\\\/megapari.games\\\/hungary\\\/bonus\\\/first-deposit\\\/\"]}]},{\"@type\":\"BreadcrumbList\",\"@id\":\"https:\\\/\\\/megapari.games\\\/hungary\\\/bonus\\\/first-deposit\\\/#breadcrumb\",\"itemListElement\":[{\"@type\":\"ListItem\",\"position\":1,\"name\":\"\u0413\u043b\u0430\u0432\u043d\u0430\u044f \u0441\u0442\u0440\u0430\u043d\u0438\u0446\u0430\",\"item\":\"https:\\\/\\\/megapari.games\\\/hungary\\\/\"},{\"@type\":\"ListItem\",\"position\":2,\"name\":\"B\u00f3nusz\",\"item\":\"https:\\\/\\\/megapari.games\\\/hungary\\\/bonus\\\/\"},{\"@type\":\"ListItem\",\"position\":3,\"name\":\"Els\u0151 befizet\u00e9s\"}]},{\"@type\":\"WebSite\",\"@id\":\"https:\\\/\\\/megapari.games\\\/hungary\\\/#website\",\"url\":\"https:\\\/\\\/megapari.games\\\/hungary\\\/\",\"name\":\"Megapari Games hu\",\"description\":\"My WordPress Blog\",\"potentialAction\":[{\"@type\":\"SearchAction\",\"target\":{\"@type\":\"EntryPoint\",\"urlTemplate\":\"https:\\\/\\\/megapari.games\\\/hungary\\\/?s={search_term_string}\"},\"query-input\":{\"@type\":\"PropertyValueSpecification\",\"valueRequired\":true,\"valueName\":\"search_term_string\"}}],\"inLanguage\":\"hu\"}]}<\/script>\n<!-- \/ Yoast SEO plugin. -->","yoast_head_json":{"title":"Megapari \u00fcdv\u00f6zl\u0151 csomag: 600.000 Ft + 150 ingyenes p\u00f6rget\u00e9st","description":"Ne hagyja ki a lehet\u0151s\u00e9get! Csatlakozzon a Megaparihoz, \u00e9s szerezzen egy leny\u0171g\u00f6z\u0151 \u00fcdv\u00f6zl\u0151 csomagot ak\u00e1r 600000 Ft+ 150 ingyenes p\u00f6rget\u00e9st! Izgalmas j\u00e1t\u00e9kok \u00e9s p\u00e1ratlan b\u00f3nuszok v\u00e1rnak r\u00e1d. J\u00e1tsszon okosan - nyerjen izgalommal!","robots":{"index":"index","follow":"follow","max-snippet":"max-snippet:-1","max-image-preview":"max-image-preview:large","max-video-preview":"max-video-preview:-1"},"canonical":"https:\/\/megapari.games\/hungary\/bonus\/first-deposit\/","og_locale":"hu_HU","og_type":"article","og_title":"Megapari \u00fcdv\u00f6zl\u0151 csomag: 600.000 Ft + 150 ingyenes p\u00f6rget\u00e9st","og_description":"Ne hagyja ki a lehet\u0151s\u00e9get! Csatlakozzon a Megaparihoz, \u00e9s szerezzen egy leny\u0171g\u00f6z\u0151 \u00fcdv\u00f6zl\u0151 csomagot ak\u00e1r 600000 Ft+ 150 ingyenes p\u00f6rget\u00e9st! Izgalmas j\u00e1t\u00e9kok \u00e9s p\u00e1ratlan b\u00f3nuszok v\u00e1rnak r\u00e1d. J\u00e1tsszon okosan - nyerjen izgalommal!","og_url":"https:\/\/megapari.games\/hungary\/bonus\/first-deposit\/","og_site_name":"Megapari Games hu","article_modified_time":"2025-07-19T07:15:15+00:00","twitter_card":"summary_large_image","schema":{"@context":"https:\/\/schema.org","@graph":[{"@type":"WebPage","@id":"https:\/\/megapari.games\/hungary\/bonus\/first-deposit\/","url":"https:\/\/megapari.games\/hungary\/bonus\/first-deposit\/","name":"Megapari \u00fcdv\u00f6zl\u0151 csomag: 600.000 Ft + 150 ingyenes p\u00f6rget\u00e9st","isPartOf":{"@id":"https:\/\/megapari.games\/hungary\/#website"},"datePublished":"2025-03-27T08:52:05+00:00","dateModified":"2025-07-19T07:15:15+00:00","description":"Ne hagyja ki a lehet\u0151s\u00e9get! Csatlakozzon a Megaparihoz, \u00e9s szerezzen egy leny\u0171g\u00f6z\u0151 \u00fcdv\u00f6zl\u0151 csomagot ak\u00e1r 600000 Ft+ 150 ingyenes p\u00f6rget\u00e9st! Izgalmas j\u00e1t\u00e9kok \u00e9s p\u00e1ratlan b\u00f3nuszok v\u00e1rnak r\u00e1d. J\u00e1tsszon okosan - nyerjen izgalommal!","breadcrumb":{"@id":"https:\/\/megapari.games\/hungary\/bonus\/first-deposit\/#breadcrumb"},"inLanguage":"hu","potentialAction":[{"@type":"ReadAction","target":["https:\/\/megapari.games\/hungary\/bonus\/first-deposit\/"]}]},{"@type":"BreadcrumbList","@id":"https:\/\/megapari.games\/hungary\/bonus\/first-deposit\/#breadcrumb","itemListElement":[{"@type":"ListItem","position":1,"name":"\u0413\u043b\u0430\u0432\u043d\u0430\u044f \u0441\u0442\u0440\u0430\u043d\u0438\u0446\u0430","item":"https:\/\/megapari.games\/hungary\/"},{"@type":"ListItem","position":2,"name":"B\u00f3nusz","item":"https:\/\/megapari.games\/hungary\/bonus\/"},{"@type":"ListItem","position":3,"name":"Els\u0151 befizet\u00e9s"}]},{"@type":"WebSite","@id":"https:\/\/megapari.games\/hungary\/#website","url":"https:\/\/megapari.games\/hungary\/","name":"Megapari Games hu","description":"My WordPress Blog","potentialAction":[{"@type":"SearchAction","target":{"@type":"EntryPoint","urlTemplate":"https:\/\/megapari.games\/hungary\/?s={search_term_string}"},"query-input":{"@type":"PropertyValueSpecification","valueRequired":true,"valueName":"search_term_string"}}],"inLanguage":"hu"}]}},"_links":{"self":[{"href":"https:\/\/megapari.games\/hungary\/wp-json\/wp\/v2\/pages\/776","targetHints":{"allow":["GET"]}}],"collection":[{"href":"https:\/\/megapari.games\/hungary\/wp-json\/wp\/v2\/pages"}],"about":[{"href":"https:\/\/megapari.games\/hungary\/wp-json\/wp\/v2\/types\/page"}],"author":[{"embeddable":true,"href":"https:\/\/megapari.games\/hungary\/wp-json\/wp\/v2\/users\/1"}],"replies":[{"embeddable":true,"href":"https:\/\/megapari.games\/hungary\/wp-json\/wp\/v2\/comments?post=776"}],"version-history":[{"count":3,"href":"https:\/\/megapari.games\/hungary\/wp-json\/wp\/v2\/pages\/776\/revisions"}],"predecessor-version":[{"id":929,"href":"https:\/\/megapari.games\/hungary\/wp-json\/wp\/v2\/pages\/776\/revisions\/929"}],"up":[{"embeddable":true,"href":"https:\/\/megapari.games\/hungary\/wp-json\/wp\/v2\/pages\/152"}],"wp:attachment":[{"href":"https:\/\/megapari.games\/hungary\/wp-json\/wp\/v2\/media?parent=776"}],"curies":[{"name":"wp","href":"https:\/\/api.w.org\/{rel}","templated":true}]}}