{"id":997,"date":"2025-08-07T10:41:41","date_gmt":"2025-08-07T10:41:41","guid":{"rendered":"https:\/\/megapari.games\/?page_id=997"},"modified":"2025-12-20T13:28:47","modified_gmt":"2025-12-20T13:28:47","slug":"aviator","status":"publish","type":"page","link":"https:\/\/megapari.games\/hungary\/aviator\/","title":{"rendered":"Rep\u00fcl\u0151g\u00e9p-pil\u00f3ta"},"content":{"rendered":"","protected":false},"excerpt":{"rendered":"","protected":false},"author":1,"featured_media":0,"parent":0,"menu_order":0,"comment_status":"closed","ping_status":"closed","template":"","meta":{"inline_featured_image":false,"footnotes":""},"class_list":["post-997","page","type-page","status-publish","hentry"],"yoast_head":"<!-- This site is optimized with the Yoast SEO plugin v27.5 - https:\/\/yoast.com\/product\/yoast-seo-wordpress\/ -->\n<title>Megapari Rep\u00fcl\u0151g\u00e9p-pil\u00f3ta \u1409 Nyerj nyerem\u00e9nyeket!<\/title>\n<meta name=\"description\" content=\"Fedezze fel a Megapari Rep\u00fcl\u0151g\u00e9p-pil\u00f3ta vil\u00e1g\u00e1t! Pr\u00f3b\u00e1ljon szerencs\u00e9t ebben az izgalmas j\u00e1t\u00e9kban, ahol minden pillanat nagy nyerem\u00e9nyekhez vezethet. Csatlakozzon most \u00e9s tegye meg t\u00e9tj\u00e9t m\u00e9g ma!\" \/>\n<meta name=\"robots\" content=\"index, follow, max-snippet:-1, max-image-preview:large, max-video-preview:-1\" \/>\n<link rel=\"canonical\" href=\"https:\/\/megapari.games\/hungary\/aviator\/\" \/>\n<meta property=\"og:locale\" content=\"hu_HU\" \/>\n<meta property=\"og:type\" content=\"article\" \/>\n<meta property=\"og:title\" content=\"Megapari Rep\u00fcl\u0151g\u00e9p-pil\u00f3ta \u1409 Nyerj nyerem\u00e9nyeket!\" \/>\n<meta property=\"og:description\" content=\"Fedezze fel a Megapari Rep\u00fcl\u0151g\u00e9p-pil\u00f3ta vil\u00e1g\u00e1t! Pr\u00f3b\u00e1ljon szerencs\u00e9t ebben az izgalmas j\u00e1t\u00e9kban, ahol minden pillanat nagy nyerem\u00e9nyekhez vezethet. Csatlakozzon most \u00e9s tegye meg t\u00e9tj\u00e9t m\u00e9g ma!\" \/>\n<meta property=\"og:url\" content=\"https:\/\/megapari.games\/hungary\/aviator\/\" \/>\n<meta property=\"og:site_name\" content=\"Megapari Games hu\" \/>\n<meta property=\"article:modified_time\" content=\"2025-12-20T13:28:47+00:00\" \/>\n<meta name=\"twitter:card\" content=\"summary_large_image\" \/>\n<script type=\"application\/ld+json\" class=\"yoast-schema-graph\">{\"@context\":\"https:\\\/\\\/schema.org\",\"@graph\":[{\"@type\":\"WebPage\",\"@id\":\"https:\\\/\\\/megapari.games\\\/hungary\\\/aviator\\\/\",\"url\":\"https:\\\/\\\/megapari.games\\\/hungary\\\/aviator\\\/\",\"name\":\"Megapari Rep\u00fcl\u0151g\u00e9p-pil\u00f3ta \u1409 Nyerj nyerem\u00e9nyeket!\",\"isPartOf\":{\"@id\":\"https:\\\/\\\/megapari.games\\\/hungary\\\/#website\"},\"datePublished\":\"2025-08-07T10:41:41+00:00\",\"dateModified\":\"2025-12-20T13:28:47+00:00\",\"description\":\"Fedezze fel a Megapari Rep\u00fcl\u0151g\u00e9p-pil\u00f3ta vil\u00e1g\u00e1t! Pr\u00f3b\u00e1ljon szerencs\u00e9t ebben az izgalmas j\u00e1t\u00e9kban, ahol minden pillanat nagy nyerem\u00e9nyekhez vezethet. Csatlakozzon most \u00e9s tegye meg t\u00e9tj\u00e9t m\u00e9g ma!\",\"breadcrumb\":{\"@id\":\"https:\\\/\\\/megapari.games\\\/hungary\\\/aviator\\\/#breadcrumb\"},\"inLanguage\":\"hu\",\"potentialAction\":[{\"@type\":\"ReadAction\",\"target\":[\"https:\\\/\\\/megapari.games\\\/hungary\\\/aviator\\\/\"]}]},{\"@type\":\"BreadcrumbList\",\"@id\":\"https:\\\/\\\/megapari.games\\\/hungary\\\/aviator\\\/#breadcrumb\",\"itemListElement\":[{\"@type\":\"ListItem\",\"position\":1,\"name\":\"\u0413\u043b\u0430\u0432\u043d\u0430\u044f \u0441\u0442\u0440\u0430\u043d\u0438\u0446\u0430\",\"item\":\"https:\\\/\\\/megapari.games\\\/hungary\\\/\"},{\"@type\":\"ListItem\",\"position\":2,\"name\":\"Rep\u00fcl\u0151g\u00e9p-pil\u00f3ta\"}]},{\"@type\":\"WebSite\",\"@id\":\"https:\\\/\\\/megapari.games\\\/hungary\\\/#website\",\"url\":\"https:\\\/\\\/megapari.games\\\/hungary\\\/\",\"name\":\"Megapari Games hu\",\"description\":\"My WordPress Blog\",\"potentialAction\":[{\"@type\":\"SearchAction\",\"target\":{\"@type\":\"EntryPoint\",\"urlTemplate\":\"https:\\\/\\\/megapari.games\\\/hungary\\\/?s={search_term_string}\"},\"query-input\":{\"@type\":\"PropertyValueSpecification\",\"valueRequired\":true,\"valueName\":\"search_term_string\"}}],\"inLanguage\":\"hu\"}]}<\/script>\n<!-- \/ Yoast SEO plugin. -->","yoast_head_json":{"title":"Megapari Rep\u00fcl\u0151g\u00e9p-pil\u00f3ta \u1409 Nyerj nyerem\u00e9nyeket!","description":"Fedezze fel a Megapari Rep\u00fcl\u0151g\u00e9p-pil\u00f3ta vil\u00e1g\u00e1t! Pr\u00f3b\u00e1ljon szerencs\u00e9t ebben az izgalmas j\u00e1t\u00e9kban, ahol minden pillanat nagy nyerem\u00e9nyekhez vezethet. Csatlakozzon most \u00e9s tegye meg t\u00e9tj\u00e9t m\u00e9g ma!","robots":{"index":"index","follow":"follow","max-snippet":"max-snippet:-1","max-image-preview":"max-image-preview:large","max-video-preview":"max-video-preview:-1"},"canonical":"https:\/\/megapari.games\/hungary\/aviator\/","og_locale":"hu_HU","og_type":"article","og_title":"Megapari Rep\u00fcl\u0151g\u00e9p-pil\u00f3ta \u1409 Nyerj nyerem\u00e9nyeket!","og_description":"Fedezze fel a Megapari Rep\u00fcl\u0151g\u00e9p-pil\u00f3ta vil\u00e1g\u00e1t! Pr\u00f3b\u00e1ljon szerencs\u00e9t ebben az izgalmas j\u00e1t\u00e9kban, ahol minden pillanat nagy nyerem\u00e9nyekhez vezethet. Csatlakozzon most \u00e9s tegye meg t\u00e9tj\u00e9t m\u00e9g ma!","og_url":"https:\/\/megapari.games\/hungary\/aviator\/","og_site_name":"Megapari Games hu","article_modified_time":"2025-12-20T13:28:47+00:00","twitter_card":"summary_large_image","schema":{"@context":"https:\/\/schema.org","@graph":[{"@type":"WebPage","@id":"https:\/\/megapari.games\/hungary\/aviator\/","url":"https:\/\/megapari.games\/hungary\/aviator\/","name":"Megapari Rep\u00fcl\u0151g\u00e9p-pil\u00f3ta \u1409 Nyerj nyerem\u00e9nyeket!","isPartOf":{"@id":"https:\/\/megapari.games\/hungary\/#website"},"datePublished":"2025-08-07T10:41:41+00:00","dateModified":"2025-12-20T13:28:47+00:00","description":"Fedezze fel a Megapari Rep\u00fcl\u0151g\u00e9p-pil\u00f3ta vil\u00e1g\u00e1t! Pr\u00f3b\u00e1ljon szerencs\u00e9t ebben az izgalmas j\u00e1t\u00e9kban, ahol minden pillanat nagy nyerem\u00e9nyekhez vezethet. Csatlakozzon most \u00e9s tegye meg t\u00e9tj\u00e9t m\u00e9g ma!","breadcrumb":{"@id":"https:\/\/megapari.games\/hungary\/aviator\/#breadcrumb"},"inLanguage":"hu","potentialAction":[{"@type":"ReadAction","target":["https:\/\/megapari.games\/hungary\/aviator\/"]}]},{"@type":"BreadcrumbList","@id":"https:\/\/megapari.games\/hungary\/aviator\/#breadcrumb","itemListElement":[{"@type":"ListItem","position":1,"name":"\u0413\u043b\u0430\u0432\u043d\u0430\u044f \u0441\u0442\u0440\u0430\u043d\u0438\u0446\u0430","item":"https:\/\/megapari.games\/hungary\/"},{"@type":"ListItem","position":2,"name":"Rep\u00fcl\u0151g\u00e9p-pil\u00f3ta"}]},{"@type":"WebSite","@id":"https:\/\/megapari.games\/hungary\/#website","url":"https:\/\/megapari.games\/hungary\/","name":"Megapari Games hu","description":"My WordPress Blog","potentialAction":[{"@type":"SearchAction","target":{"@type":"EntryPoint","urlTemplate":"https:\/\/megapari.games\/hungary\/?s={search_term_string}"},"query-input":{"@type":"PropertyValueSpecification","valueRequired":true,"valueName":"search_term_string"}}],"inLanguage":"hu"}]}},"_links":{"self":[{"href":"https:\/\/megapari.games\/hungary\/wp-json\/wp\/v2\/pages\/997","targetHints":{"allow":["GET"]}}],"collection":[{"href":"https:\/\/megapari.games\/hungary\/wp-json\/wp\/v2\/pages"}],"about":[{"href":"https:\/\/megapari.games\/hungary\/wp-json\/wp\/v2\/types\/page"}],"author":[{"embeddable":true,"href":"https:\/\/megapari.games\/hungary\/wp-json\/wp\/v2\/users\/1"}],"replies":[{"embeddable":true,"href":"https:\/\/megapari.games\/hungary\/wp-json\/wp\/v2\/comments?post=997"}],"version-history":[{"count":3,"href":"https:\/\/megapari.games\/hungary\/wp-json\/wp\/v2\/pages\/997\/revisions"}],"predecessor-version":[{"id":1177,"href":"https:\/\/megapari.games\/hungary\/wp-json\/wp\/v2\/pages\/997\/revisions\/1177"}],"wp:attachment":[{"href":"https:\/\/megapari.games\/hungary\/wp-json\/wp\/v2\/media?parent=997"}],"curies":[{"name":"wp","href":"https:\/\/api.w.org\/{rel}","templated":true}]}}