{"id":2,"date":"2023-05-18T17:18:34","date_gmt":"2023-05-18T17:18:34","guid":{"rendered":"https:\/\/megapari.games\/iceland\/?page_id=2"},"modified":"2025-03-06T04:36:43","modified_gmt":"2025-03-06T04:36:43","slug":"sample-page","status":"publish","type":"page","link":"https:\/\/megapari.games\/iceland\/","title":{"rendered":"Heim"},"content":{"rendered":"","protected":false},"excerpt":{"rendered":"","protected":false},"author":1,"featured_media":0,"parent":0,"menu_order":0,"comment_status":"closed","ping_status":"open","template":"","meta":{"inline_featured_image":false,"footnotes":""},"class_list":["post-2","page","type-page","status-publish","hentry"],"yoast_head":"<!-- This site is optimized with the Yoast SEO plugin v27.4 - https:\/\/yoast.com\/product\/yoast-seo-wordpress\/ -->\n<title>Megapari \u27a0 S\u00ed\u00f0a fyrir \u00ed\u00fer\u00f3ttave\u00f0m\u00e1l og spilav\u00edti \u1409 Innskr\u00e1ning<\/title>\n<meta name=\"description\" content=\"Byrja\u00f0u a\u00f0 spila \u00e1 Mega Pari vefs\u00ed\u00f0unni og f\u00e1\u00f0u m\u00f3tt\u00f6kub\u00f3nus allt a\u00f0 15.000 kr \u00e1 fyrstu innborgun \u00feinni \u2714\ufe0f Skr\u00e1\u00f0u \u00feig og byrja\u00f0u a\u00f0 ve\u00f0ja n\u00fana!\" \/>\n<meta name=\"robots\" content=\"index, follow, max-snippet:-1, max-image-preview:large, max-video-preview:-1\" \/>\n<link rel=\"canonical\" href=\"https:\/\/megapari.games\/iceland\/\" \/>\n<meta property=\"og:locale\" content=\"is_IS\" \/>\n<meta property=\"og:type\" content=\"article\" \/>\n<meta property=\"og:title\" content=\"Megapari \u27a0 S\u00ed\u00f0a fyrir \u00ed\u00fer\u00f3ttave\u00f0m\u00e1l og spilav\u00edti \u1409 Innskr\u00e1ning\" \/>\n<meta property=\"og:description\" content=\"Byrja\u00f0u a\u00f0 spila \u00e1 Mega Pari vefs\u00ed\u00f0unni og f\u00e1\u00f0u m\u00f3tt\u00f6kub\u00f3nus allt a\u00f0 15.000 kr \u00e1 fyrstu innborgun \u00feinni \u2714\ufe0f Skr\u00e1\u00f0u \u00feig og byrja\u00f0u a\u00f0 ve\u00f0ja n\u00fana!\" \/>\n<meta property=\"og:url\" content=\"https:\/\/megapari.games\/iceland\/\" \/>\n<meta property=\"og:site_name\" content=\"megapari games is\" \/>\n<meta property=\"article:modified_time\" content=\"2025-03-06T04:36:43+00:00\" \/>\n<meta name=\"twitter:card\" content=\"summary_large_image\" \/>\n<script type=\"application\/ld+json\" class=\"yoast-schema-graph\">{\"@context\":\"https:\\\/\\\/schema.org\",\"@graph\":[{\"@type\":\"WebPage\",\"@id\":\"https:\\\/\\\/megapari.games\\\/iceland\\\/\",\"url\":\"https:\\\/\\\/megapari.games\\\/iceland\\\/\",\"name\":\"Megapari \u27a0 S\u00ed\u00f0a fyrir \u00ed\u00fer\u00f3ttave\u00f0m\u00e1l og spilav\u00edti \u1409 Innskr\u00e1ning\",\"isPartOf\":{\"@id\":\"https:\\\/\\\/megapari.games\\\/iceland\\\/#website\"},\"datePublished\":\"2023-05-18T17:18:34+00:00\",\"dateModified\":\"2025-03-06T04:36:43+00:00\",\"description\":\"Byrja\u00f0u a\u00f0 spila \u00e1 Mega Pari vefs\u00ed\u00f0unni og f\u00e1\u00f0u m\u00f3tt\u00f6kub\u00f3nus allt a\u00f0 15.000 kr \u00e1 fyrstu innborgun \u00feinni \u2714\ufe0f Skr\u00e1\u00f0u \u00feig og byrja\u00f0u a\u00f0 ve\u00f0ja n\u00fana!\",\"breadcrumb\":{\"@id\":\"https:\\\/\\\/megapari.games\\\/iceland\\\/#breadcrumb\"},\"inLanguage\":\"is\",\"potentialAction\":[{\"@type\":\"ReadAction\",\"target\":[\"https:\\\/\\\/megapari.games\\\/iceland\\\/\"]}]},{\"@type\":\"BreadcrumbList\",\"@id\":\"https:\\\/\\\/megapari.games\\\/iceland\\\/#breadcrumb\",\"itemListElement\":[{\"@type\":\"ListItem\",\"position\":1,\"name\":\"\u0413\u043b\u0430\u0432\u043d\u0430\u044f \u0441\u0442\u0440\u0430\u043d\u0438\u0446\u0430\",\"item\":\"https:\\\/\\\/megapari.games\\\/iceland\\\/\"},{\"@type\":\"ListItem\",\"position\":2,\"name\":\"Heim\"}]},{\"@type\":\"WebSite\",\"@id\":\"https:\\\/\\\/megapari.games\\\/iceland\\\/#website\",\"url\":\"https:\\\/\\\/megapari.games\\\/iceland\\\/\",\"name\":\"megapari games is\",\"description\":\"My WordPress Blog\",\"potentialAction\":[{\"@type\":\"SearchAction\",\"target\":{\"@type\":\"EntryPoint\",\"urlTemplate\":\"https:\\\/\\\/megapari.games\\\/iceland\\\/?s={search_term_string}\"},\"query-input\":{\"@type\":\"PropertyValueSpecification\",\"valueRequired\":true,\"valueName\":\"search_term_string\"}}],\"inLanguage\":\"is\"}]}<\/script>\n<!-- \/ Yoast SEO plugin. -->","yoast_head_json":{"title":"Megapari \u27a0 S\u00ed\u00f0a fyrir \u00ed\u00fer\u00f3ttave\u00f0m\u00e1l og spilav\u00edti \u1409 Innskr\u00e1ning","description":"Byrja\u00f0u a\u00f0 spila \u00e1 Mega Pari vefs\u00ed\u00f0unni og f\u00e1\u00f0u m\u00f3tt\u00f6kub\u00f3nus allt a\u00f0 15.000 kr \u00e1 fyrstu innborgun \u00feinni \u2714\ufe0f Skr\u00e1\u00f0u \u00feig og byrja\u00f0u a\u00f0 ve\u00f0ja n\u00fana!","robots":{"index":"index","follow":"follow","max-snippet":"max-snippet:-1","max-image-preview":"max-image-preview:large","max-video-preview":"max-video-preview:-1"},"canonical":"https:\/\/megapari.games\/iceland\/","og_locale":"is_IS","og_type":"article","og_title":"Megapari \u27a0 S\u00ed\u00f0a fyrir \u00ed\u00fer\u00f3ttave\u00f0m\u00e1l og spilav\u00edti \u1409 Innskr\u00e1ning","og_description":"Byrja\u00f0u a\u00f0 spila \u00e1 Mega Pari vefs\u00ed\u00f0unni og f\u00e1\u00f0u m\u00f3tt\u00f6kub\u00f3nus allt a\u00f0 15.000 kr \u00e1 fyrstu innborgun \u00feinni \u2714\ufe0f Skr\u00e1\u00f0u \u00feig og byrja\u00f0u a\u00f0 ve\u00f0ja n\u00fana!","og_url":"https:\/\/megapari.games\/iceland\/","og_site_name":"megapari games is","article_modified_time":"2025-03-06T04:36:43+00:00","twitter_card":"summary_large_image","schema":{"@context":"https:\/\/schema.org","@graph":[{"@type":"WebPage","@id":"https:\/\/megapari.games\/iceland\/","url":"https:\/\/megapari.games\/iceland\/","name":"Megapari \u27a0 S\u00ed\u00f0a fyrir \u00ed\u00fer\u00f3ttave\u00f0m\u00e1l og spilav\u00edti \u1409 Innskr\u00e1ning","isPartOf":{"@id":"https:\/\/megapari.games\/iceland\/#website"},"datePublished":"2023-05-18T17:18:34+00:00","dateModified":"2025-03-06T04:36:43+00:00","description":"Byrja\u00f0u a\u00f0 spila \u00e1 Mega Pari vefs\u00ed\u00f0unni og f\u00e1\u00f0u m\u00f3tt\u00f6kub\u00f3nus allt a\u00f0 15.000 kr \u00e1 fyrstu innborgun \u00feinni \u2714\ufe0f Skr\u00e1\u00f0u \u00feig og byrja\u00f0u a\u00f0 ve\u00f0ja n\u00fana!","breadcrumb":{"@id":"https:\/\/megapari.games\/iceland\/#breadcrumb"},"inLanguage":"is","potentialAction":[{"@type":"ReadAction","target":["https:\/\/megapari.games\/iceland\/"]}]},{"@type":"BreadcrumbList","@id":"https:\/\/megapari.games\/iceland\/#breadcrumb","itemListElement":[{"@type":"ListItem","position":1,"name":"\u0413\u043b\u0430\u0432\u043d\u0430\u044f \u0441\u0442\u0440\u0430\u043d\u0438\u0446\u0430","item":"https:\/\/megapari.games\/iceland\/"},{"@type":"ListItem","position":2,"name":"Heim"}]},{"@type":"WebSite","@id":"https:\/\/megapari.games\/iceland\/#website","url":"https:\/\/megapari.games\/iceland\/","name":"megapari games is","description":"My WordPress Blog","potentialAction":[{"@type":"SearchAction","target":{"@type":"EntryPoint","urlTemplate":"https:\/\/megapari.games\/iceland\/?s={search_term_string}"},"query-input":{"@type":"PropertyValueSpecification","valueRequired":true,"valueName":"search_term_string"}}],"inLanguage":"is"}]}},"_links":{"self":[{"href":"https:\/\/megapari.games\/iceland\/wp-json\/wp\/v2\/pages\/2","targetHints":{"allow":["GET"]}}],"collection":[{"href":"https:\/\/megapari.games\/iceland\/wp-json\/wp\/v2\/pages"}],"about":[{"href":"https:\/\/megapari.games\/iceland\/wp-json\/wp\/v2\/types\/page"}],"author":[{"embeddable":true,"href":"https:\/\/megapari.games\/iceland\/wp-json\/wp\/v2\/users\/1"}],"replies":[{"embeddable":true,"href":"https:\/\/megapari.games\/iceland\/wp-json\/wp\/v2\/comments?post=2"}],"version-history":[{"count":1,"href":"https:\/\/megapari.games\/iceland\/wp-json\/wp\/v2\/pages\/2\/revisions"}],"predecessor-version":[{"id":780,"href":"https:\/\/megapari.games\/iceland\/wp-json\/wp\/v2\/pages\/2\/revisions\/780"}],"wp:attachment":[{"href":"https:\/\/megapari.games\/iceland\/wp-json\/wp\/v2\/media?parent=2"}],"curies":[{"name":"wp","href":"https:\/\/api.w.org\/{rel}","templated":true}]}}