{"id":437,"date":"2024-03-08T07:35:27","date_gmt":"2024-03-08T07:35:27","guid":{"rendered":"https:\/\/megapari.games\/iceland\/?page_id=437"},"modified":"2025-03-03T10:11:50","modified_gmt":"2025-03-03T10:11:50","slug":"login","status":"publish","type":"page","link":"https:\/\/megapari.games\/iceland\/login\/","title":{"rendered":"Innskr\u00e1ning"},"content":{"rendered":"","protected":false},"excerpt":{"rendered":"","protected":false},"author":1,"featured_media":0,"parent":0,"menu_order":0,"comment_status":"closed","ping_status":"closed","template":"","meta":{"inline_featured_image":false,"footnotes":""},"class_list":["post-437","page","type-page","status-publish","hentry"],"yoast_head":"<!-- This site is optimized with the Yoast SEO plugin v27.3 - https:\/\/yoast.com\/product\/yoast-seo-wordpress\/ -->\n<title>Megapari Innskr\u00e1ning Opinber s\u00ed\u00f0a | Lei\u00f0beiningar um hvernig \u00e1 a\u00f0 skr\u00e1 \u00feig inn<\/title>\n<meta name=\"description\" content=\"Hvernig \u00e1 a\u00f0 skr\u00e1 \u00feig inn \u00e1 Megapari reikninginn \u00feinn \u2611\ufe0f Far\u00f0u \u00e1 Megapari \u00cdsland vefs\u00ed\u00f0una og smelltu \u00e1 innskr\u00e1ningarhnappinn \u2713 Megapari reikningsskr\u00e1ning og sta\u00f0festing\" \/>\n<meta name=\"robots\" content=\"index, follow, max-snippet:-1, max-image-preview:large, max-video-preview:-1\" \/>\n<link rel=\"canonical\" href=\"https:\/\/megapari.games\/iceland\/login\/\" \/>\n<meta property=\"og:locale\" content=\"is_IS\" \/>\n<meta property=\"og:type\" content=\"article\" \/>\n<meta property=\"og:title\" content=\"Megapari Innskr\u00e1ning Opinber s\u00ed\u00f0a | Lei\u00f0beiningar um hvernig \u00e1 a\u00f0 skr\u00e1 \u00feig inn\" \/>\n<meta property=\"og:description\" content=\"Hvernig \u00e1 a\u00f0 skr\u00e1 \u00feig inn \u00e1 Megapari reikninginn \u00feinn \u2611\ufe0f Far\u00f0u \u00e1 Megapari \u00cdsland vefs\u00ed\u00f0una og smelltu \u00e1 innskr\u00e1ningarhnappinn \u2713 Megapari reikningsskr\u00e1ning og sta\u00f0festing\" \/>\n<meta property=\"og:url\" content=\"https:\/\/megapari.games\/iceland\/login\/\" \/>\n<meta property=\"og:site_name\" content=\"megapari games is\" \/>\n<meta property=\"article:modified_time\" content=\"2025-03-03T10:11:50+00:00\" \/>\n<meta name=\"twitter:card\" content=\"summary_large_image\" \/>\n<script type=\"application\/ld+json\" class=\"yoast-schema-graph\">{\"@context\":\"https:\\\/\\\/schema.org\",\"@graph\":[{\"@type\":\"WebPage\",\"@id\":\"https:\\\/\\\/megapari.games\\\/iceland\\\/login\\\/\",\"url\":\"https:\\\/\\\/megapari.games\\\/iceland\\\/login\\\/\",\"name\":\"Megapari Innskr\u00e1ning Opinber s\u00ed\u00f0a | Lei\u00f0beiningar um hvernig \u00e1 a\u00f0 skr\u00e1 \u00feig inn\",\"isPartOf\":{\"@id\":\"https:\\\/\\\/megapari.games\\\/iceland\\\/#website\"},\"datePublished\":\"2024-03-08T07:35:27+00:00\",\"dateModified\":\"2025-03-03T10:11:50+00:00\",\"description\":\"Hvernig \u00e1 a\u00f0 skr\u00e1 \u00feig inn \u00e1 Megapari reikninginn \u00feinn \u2611\ufe0f Far\u00f0u \u00e1 Megapari \u00cdsland vefs\u00ed\u00f0una og smelltu \u00e1 innskr\u00e1ningarhnappinn \u2713 Megapari reikningsskr\u00e1ning og sta\u00f0festing\",\"breadcrumb\":{\"@id\":\"https:\\\/\\\/megapari.games\\\/iceland\\\/login\\\/#breadcrumb\"},\"inLanguage\":\"is\",\"potentialAction\":[{\"@type\":\"ReadAction\",\"target\":[\"https:\\\/\\\/megapari.games\\\/iceland\\\/login\\\/\"]}]},{\"@type\":\"BreadcrumbList\",\"@id\":\"https:\\\/\\\/megapari.games\\\/iceland\\\/login\\\/#breadcrumb\",\"itemListElement\":[{\"@type\":\"ListItem\",\"position\":1,\"name\":\"\u0413\u043b\u0430\u0432\u043d\u0430\u044f \u0441\u0442\u0440\u0430\u043d\u0438\u0446\u0430\",\"item\":\"https:\\\/\\\/megapari.games\\\/iceland\\\/\"},{\"@type\":\"ListItem\",\"position\":2,\"name\":\"Innskr\u00e1ning\"}]},{\"@type\":\"WebSite\",\"@id\":\"https:\\\/\\\/megapari.games\\\/iceland\\\/#website\",\"url\":\"https:\\\/\\\/megapari.games\\\/iceland\\\/\",\"name\":\"megapari games is\",\"description\":\"My WordPress Blog\",\"potentialAction\":[{\"@type\":\"SearchAction\",\"target\":{\"@type\":\"EntryPoint\",\"urlTemplate\":\"https:\\\/\\\/megapari.games\\\/iceland\\\/?s={search_term_string}\"},\"query-input\":{\"@type\":\"PropertyValueSpecification\",\"valueRequired\":true,\"valueName\":\"search_term_string\"}}],\"inLanguage\":\"is\"}]}<\/script>\n<!-- \/ Yoast SEO plugin. -->","yoast_head_json":{"title":"Megapari Innskr\u00e1ning Opinber s\u00ed\u00f0a | Lei\u00f0beiningar um hvernig \u00e1 a\u00f0 skr\u00e1 \u00feig inn","description":"Hvernig \u00e1 a\u00f0 skr\u00e1 \u00feig inn \u00e1 Megapari reikninginn \u00feinn \u2611\ufe0f Far\u00f0u \u00e1 Megapari \u00cdsland vefs\u00ed\u00f0una og smelltu \u00e1 innskr\u00e1ningarhnappinn \u2713 Megapari reikningsskr\u00e1ning og sta\u00f0festing","robots":{"index":"index","follow":"follow","max-snippet":"max-snippet:-1","max-image-preview":"max-image-preview:large","max-video-preview":"max-video-preview:-1"},"canonical":"https:\/\/megapari.games\/iceland\/login\/","og_locale":"is_IS","og_type":"article","og_title":"Megapari Innskr\u00e1ning Opinber s\u00ed\u00f0a | Lei\u00f0beiningar um hvernig \u00e1 a\u00f0 skr\u00e1 \u00feig inn","og_description":"Hvernig \u00e1 a\u00f0 skr\u00e1 \u00feig inn \u00e1 Megapari reikninginn \u00feinn \u2611\ufe0f Far\u00f0u \u00e1 Megapari \u00cdsland vefs\u00ed\u00f0una og smelltu \u00e1 innskr\u00e1ningarhnappinn \u2713 Megapari reikningsskr\u00e1ning og sta\u00f0festing","og_url":"https:\/\/megapari.games\/iceland\/login\/","og_site_name":"megapari games is","article_modified_time":"2025-03-03T10:11:50+00:00","twitter_card":"summary_large_image","schema":{"@context":"https:\/\/schema.org","@graph":[{"@type":"WebPage","@id":"https:\/\/megapari.games\/iceland\/login\/","url":"https:\/\/megapari.games\/iceland\/login\/","name":"Megapari Innskr\u00e1ning Opinber s\u00ed\u00f0a | Lei\u00f0beiningar um hvernig \u00e1 a\u00f0 skr\u00e1 \u00feig inn","isPartOf":{"@id":"https:\/\/megapari.games\/iceland\/#website"},"datePublished":"2024-03-08T07:35:27+00:00","dateModified":"2025-03-03T10:11:50+00:00","description":"Hvernig \u00e1 a\u00f0 skr\u00e1 \u00feig inn \u00e1 Megapari reikninginn \u00feinn \u2611\ufe0f Far\u00f0u \u00e1 Megapari \u00cdsland vefs\u00ed\u00f0una og smelltu \u00e1 innskr\u00e1ningarhnappinn \u2713 Megapari reikningsskr\u00e1ning og sta\u00f0festing","breadcrumb":{"@id":"https:\/\/megapari.games\/iceland\/login\/#breadcrumb"},"inLanguage":"is","potentialAction":[{"@type":"ReadAction","target":["https:\/\/megapari.games\/iceland\/login\/"]}]},{"@type":"BreadcrumbList","@id":"https:\/\/megapari.games\/iceland\/login\/#breadcrumb","itemListElement":[{"@type":"ListItem","position":1,"name":"\u0413\u043b\u0430\u0432\u043d\u0430\u044f \u0441\u0442\u0440\u0430\u043d\u0438\u0446\u0430","item":"https:\/\/megapari.games\/iceland\/"},{"@type":"ListItem","position":2,"name":"Innskr\u00e1ning"}]},{"@type":"WebSite","@id":"https:\/\/megapari.games\/iceland\/#website","url":"https:\/\/megapari.games\/iceland\/","name":"megapari games is","description":"My WordPress Blog","potentialAction":[{"@type":"SearchAction","target":{"@type":"EntryPoint","urlTemplate":"https:\/\/megapari.games\/iceland\/?s={search_term_string}"},"query-input":{"@type":"PropertyValueSpecification","valueRequired":true,"valueName":"search_term_string"}}],"inLanguage":"is"}]}},"_links":{"self":[{"href":"https:\/\/megapari.games\/iceland\/wp-json\/wp\/v2\/pages\/437","targetHints":{"allow":["GET"]}}],"collection":[{"href":"https:\/\/megapari.games\/iceland\/wp-json\/wp\/v2\/pages"}],"about":[{"href":"https:\/\/megapari.games\/iceland\/wp-json\/wp\/v2\/types\/page"}],"author":[{"embeddable":true,"href":"https:\/\/megapari.games\/iceland\/wp-json\/wp\/v2\/users\/1"}],"replies":[{"embeddable":true,"href":"https:\/\/megapari.games\/iceland\/wp-json\/wp\/v2\/comments?post=437"}],"version-history":[{"count":0,"href":"https:\/\/megapari.games\/iceland\/wp-json\/wp\/v2\/pages\/437\/revisions"}],"wp:attachment":[{"href":"https:\/\/megapari.games\/iceland\/wp-json\/wp\/v2\/media?parent=437"}],"curies":[{"name":"wp","href":"https:\/\/api.w.org\/{rel}","templated":true}]}}