{"id":435,"date":"2024-05-08T07:23:35","date_gmt":"2024-05-08T07:23:35","guid":{"rendered":"https:\/\/megapari.games\/kh\/?page_id=435"},"modified":"2025-06-14T12:47:56","modified_gmt":"2025-06-14T12:47:56","slug":"casino","status":"publish","type":"page","link":"https:\/\/megapari.games\/kh\/casino\/","title":{"rendered":"Casino"},"content":{"rendered":"","protected":false},"excerpt":{"rendered":"","protected":false},"author":1,"featured_media":0,"parent":0,"menu_order":0,"comment_status":"closed","ping_status":"closed","template":"","meta":{"inline_featured_image":false,"footnotes":""},"class_list":["post-435","page","type-page","status-publish","hentry"],"yoast_head":"<!-- This site is optimized with the Yoast SEO plugin v27.3 - https:\/\/yoast.com\/product\/yoast-seo-wordpress\/ -->\n<title>Megapari Cambodge Casino | Offre de bienvenue et jeux<\/title>\n<meta name=\"description\" content=\"Le casino en ligne Megapari propose des jeux comme le baccarat, le blackjack, la roulette et le poker \u2714\ufe0f Jouez \u00e0 une grande vari\u00e9t\u00e9 de jeux de casino sur la plateforme Megapari.\" \/>\n<meta name=\"robots\" content=\"index, follow, max-snippet:-1, max-image-preview:large, max-video-preview:-1\" \/>\n<link rel=\"canonical\" href=\"https:\/\/megapari.games\/kh\/casino\/\" \/>\n<meta property=\"og:locale\" content=\"en_US\" \/>\n<meta property=\"og:type\" content=\"article\" \/>\n<meta property=\"og:title\" content=\"Megapari Cambodge Casino | Offre de bienvenue et jeux\" \/>\n<meta property=\"og:description\" content=\"Le casino en ligne Megapari propose des jeux comme le baccarat, le blackjack, la roulette et le poker \u2714\ufe0f Jouez \u00e0 une grande vari\u00e9t\u00e9 de jeux de casino sur la plateforme Megapari.\" \/>\n<meta property=\"og:url\" content=\"https:\/\/megapari.games\/kh\/casino\/\" \/>\n<meta property=\"og:site_name\" content=\"Megapari Games km\" \/>\n<meta property=\"article:modified_time\" content=\"2025-06-14T12:47:56+00:00\" \/>\n<meta name=\"twitter:card\" content=\"summary_large_image\" \/>\n<script type=\"application\/ld+json\" class=\"yoast-schema-graph\">{\"@context\":\"https:\\\/\\\/schema.org\",\"@graph\":[{\"@type\":\"WebPage\",\"@id\":\"https:\\\/\\\/megapari.games\\\/kh\\\/casino\\\/\",\"url\":\"https:\\\/\\\/megapari.games\\\/kh\\\/casino\\\/\",\"name\":\"Megapari Cambodge Casino | Offre de bienvenue et jeux\",\"isPartOf\":{\"@id\":\"https:\\\/\\\/megapari.games\\\/kh\\\/#website\"},\"datePublished\":\"2024-05-08T07:23:35+00:00\",\"dateModified\":\"2025-06-14T12:47:56+00:00\",\"description\":\"Le casino en ligne Megapari propose des jeux comme le baccarat, le blackjack, la roulette et le poker \u2714\ufe0f Jouez \u00e0 une grande vari\u00e9t\u00e9 de jeux de casino sur la plateforme Megapari.\",\"breadcrumb\":{\"@id\":\"https:\\\/\\\/megapari.games\\\/kh\\\/casino\\\/#breadcrumb\"},\"inLanguage\":\"km\",\"potentialAction\":[{\"@type\":\"ReadAction\",\"target\":[\"https:\\\/\\\/megapari.games\\\/kh\\\/casino\\\/\"]}]},{\"@type\":\"BreadcrumbList\",\"@id\":\"https:\\\/\\\/megapari.games\\\/kh\\\/casino\\\/#breadcrumb\",\"itemListElement\":[{\"@type\":\"ListItem\",\"position\":1,\"name\":\"\u0413\u043b\u0430\u0432\u043d\u0430\u044f \u0441\u0442\u0440\u0430\u043d\u0438\u0446\u0430\",\"item\":\"https:\\\/\\\/megapari.games\\\/kh\\\/\"},{\"@type\":\"ListItem\",\"position\":2,\"name\":\"Casino\"}]},{\"@type\":\"WebSite\",\"@id\":\"https:\\\/\\\/megapari.games\\\/kh\\\/#website\",\"url\":\"https:\\\/\\\/megapari.games\\\/kh\\\/\",\"name\":\"Megapari Games km\",\"description\":\"My WordPress Blog\",\"potentialAction\":[{\"@type\":\"SearchAction\",\"target\":{\"@type\":\"EntryPoint\",\"urlTemplate\":\"https:\\\/\\\/megapari.games\\\/kh\\\/?s={search_term_string}\"},\"query-input\":{\"@type\":\"PropertyValueSpecification\",\"valueRequired\":true,\"valueName\":\"search_term_string\"}}],\"inLanguage\":\"km\"}]}<\/script>\n<!-- \/ Yoast SEO plugin. -->","yoast_head_json":{"title":"Megapari Cambodge Casino | Offre de bienvenue et jeux","description":"Le casino en ligne Megapari propose des jeux comme le baccarat, le blackjack, la roulette et le poker \u2714\ufe0f Jouez \u00e0 une grande vari\u00e9t\u00e9 de jeux de casino sur la plateforme Megapari.","robots":{"index":"index","follow":"follow","max-snippet":"max-snippet:-1","max-image-preview":"max-image-preview:large","max-video-preview":"max-video-preview:-1"},"canonical":"https:\/\/megapari.games\/kh\/casino\/","og_locale":"en_US","og_type":"article","og_title":"Megapari Cambodge Casino | Offre de bienvenue et jeux","og_description":"Le casino en ligne Megapari propose des jeux comme le baccarat, le blackjack, la roulette et le poker \u2714\ufe0f Jouez \u00e0 une grande vari\u00e9t\u00e9 de jeux de casino sur la plateforme Megapari.","og_url":"https:\/\/megapari.games\/kh\/casino\/","og_site_name":"Megapari Games km","article_modified_time":"2025-06-14T12:47:56+00:00","twitter_card":"summary_large_image","schema":{"@context":"https:\/\/schema.org","@graph":[{"@type":"WebPage","@id":"https:\/\/megapari.games\/kh\/casino\/","url":"https:\/\/megapari.games\/kh\/casino\/","name":"Megapari Cambodge Casino | Offre de bienvenue et jeux","isPartOf":{"@id":"https:\/\/megapari.games\/kh\/#website"},"datePublished":"2024-05-08T07:23:35+00:00","dateModified":"2025-06-14T12:47:56+00:00","description":"Le casino en ligne Megapari propose des jeux comme le baccarat, le blackjack, la roulette et le poker \u2714\ufe0f Jouez \u00e0 une grande vari\u00e9t\u00e9 de jeux de casino sur la plateforme Megapari.","breadcrumb":{"@id":"https:\/\/megapari.games\/kh\/casino\/#breadcrumb"},"inLanguage":"km","potentialAction":[{"@type":"ReadAction","target":["https:\/\/megapari.games\/kh\/casino\/"]}]},{"@type":"BreadcrumbList","@id":"https:\/\/megapari.games\/kh\/casino\/#breadcrumb","itemListElement":[{"@type":"ListItem","position":1,"name":"\u0413\u043b\u0430\u0432\u043d\u0430\u044f \u0441\u0442\u0440\u0430\u043d\u0438\u0446\u0430","item":"https:\/\/megapari.games\/kh\/"},{"@type":"ListItem","position":2,"name":"Casino"}]},{"@type":"WebSite","@id":"https:\/\/megapari.games\/kh\/#website","url":"https:\/\/megapari.games\/kh\/","name":"Megapari Games km","description":"My WordPress Blog","potentialAction":[{"@type":"SearchAction","target":{"@type":"EntryPoint","urlTemplate":"https:\/\/megapari.games\/kh\/?s={search_term_string}"},"query-input":{"@type":"PropertyValueSpecification","valueRequired":true,"valueName":"search_term_string"}}],"inLanguage":"km"}]}},"_links":{"self":[{"href":"https:\/\/megapari.games\/kh\/wp-json\/wp\/v2\/pages\/435","targetHints":{"allow":["GET"]}}],"collection":[{"href":"https:\/\/megapari.games\/kh\/wp-json\/wp\/v2\/pages"}],"about":[{"href":"https:\/\/megapari.games\/kh\/wp-json\/wp\/v2\/types\/page"}],"author":[{"embeddable":true,"href":"https:\/\/megapari.games\/kh\/wp-json\/wp\/v2\/users\/1"}],"replies":[{"embeddable":true,"href":"https:\/\/megapari.games\/kh\/wp-json\/wp\/v2\/comments?post=435"}],"version-history":[{"count":2,"href":"https:\/\/megapari.games\/kh\/wp-json\/wp\/v2\/pages\/435\/revisions"}],"predecessor-version":[{"id":939,"href":"https:\/\/megapari.games\/kh\/wp-json\/wp\/v2\/pages\/435\/revisions\/939"}],"wp:attachment":[{"href":"https:\/\/megapari.games\/kh\/wp-json\/wp\/v2\/media?parent=435"}],"curies":[{"name":"wp","href":"https:\/\/api.w.org\/{rel}","templated":true}]}}