{"id":656,"date":"2024-10-18T10:54:32","date_gmt":"2024-10-18T10:54:32","guid":{"rendered":"https:\/\/megapari.games\/kh\/?page_id=656"},"modified":"2025-06-14T12:49:10","modified_gmt":"2025-06-14T12:49:10","slug":"promo-code","status":"publish","type":"page","link":"https:\/\/megapari.games\/kh\/promo-code\/","title":{"rendered":"Code promo"},"content":{"rendered":"","protected":false},"excerpt":{"rendered":"","protected":false},"author":1,"featured_media":0,"parent":0,"menu_order":0,"comment_status":"closed","ping_status":"closed","template":"","meta":{"inline_featured_image":false,"footnotes":""},"class_list":["post-656","page","type-page","status-publish","hentry"],"yoast_head":"<!-- This site is optimized with the Yoast SEO plugin v27.3 - https:\/\/yoast.com\/product\/yoast-seo-wordpress\/ -->\n<title>Megapari Promo Code 2026 \u2705 Obtenez votre Bonus de 100% aujourd&#039;hui!<\/title>\n<meta name=\"description\" content=\"\ud83d\udd25 Pr\u00eat \u00e0 am\u00e9liorer votre jeu de pari? Saisissez le code promo Megapari Cambodge le plus chaud d\u00e8s maintenant et obtenez un incroyable bonus de 100 %! Ne ratez pas cette occasion, votre s\u00e9rie de victoires commence maintenant!\" \/>\n<meta name=\"robots\" content=\"index, follow, max-snippet:-1, max-image-preview:large, max-video-preview:-1\" \/>\n<link rel=\"canonical\" href=\"https:\/\/megapari.games\/kh\/promo-code\/\" \/>\n<meta property=\"og:locale\" content=\"en_US\" \/>\n<meta property=\"og:type\" content=\"article\" \/>\n<meta property=\"og:title\" content=\"Megapari Promo Code 2026 \u2705 Obtenez votre Bonus de 100% aujourd&#039;hui!\" \/>\n<meta property=\"og:description\" content=\"\ud83d\udd25 Pr\u00eat \u00e0 am\u00e9liorer votre jeu de pari? Saisissez le code promo Megapari Cambodge le plus chaud d\u00e8s maintenant et obtenez un incroyable bonus de 100 %! Ne ratez pas cette occasion, votre s\u00e9rie de victoires commence maintenant!\" \/>\n<meta property=\"og:url\" content=\"https:\/\/megapari.games\/kh\/promo-code\/\" \/>\n<meta property=\"og:site_name\" content=\"Megapari Games km\" \/>\n<meta property=\"article:modified_time\" content=\"2025-06-14T12:49:10+00:00\" \/>\n<meta name=\"twitter:card\" content=\"summary_large_image\" \/>\n<script type=\"application\/ld+json\" class=\"yoast-schema-graph\">{\"@context\":\"https:\\\/\\\/schema.org\",\"@graph\":[{\"@type\":\"WebPage\",\"@id\":\"https:\\\/\\\/megapari.games\\\/kh\\\/promo-code\\\/\",\"url\":\"https:\\\/\\\/megapari.games\\\/kh\\\/promo-code\\\/\",\"name\":\"Megapari Promo Code 2026 \u2705 Obtenez votre Bonus de 100% aujourd'hui!\",\"isPartOf\":{\"@id\":\"https:\\\/\\\/megapari.games\\\/kh\\\/#website\"},\"datePublished\":\"2024-10-18T10:54:32+00:00\",\"dateModified\":\"2025-06-14T12:49:10+00:00\",\"description\":\"\ud83d\udd25 Pr\u00eat \u00e0 am\u00e9liorer votre jeu de pari? Saisissez le code promo Megapari Cambodge le plus chaud d\u00e8s maintenant et obtenez un incroyable bonus de 100 %! Ne ratez pas cette occasion, votre s\u00e9rie de victoires commence maintenant!\",\"breadcrumb\":{\"@id\":\"https:\\\/\\\/megapari.games\\\/kh\\\/promo-code\\\/#breadcrumb\"},\"inLanguage\":\"km\",\"potentialAction\":[{\"@type\":\"ReadAction\",\"target\":[\"https:\\\/\\\/megapari.games\\\/kh\\\/promo-code\\\/\"]}]},{\"@type\":\"BreadcrumbList\",\"@id\":\"https:\\\/\\\/megapari.games\\\/kh\\\/promo-code\\\/#breadcrumb\",\"itemListElement\":[{\"@type\":\"ListItem\",\"position\":1,\"name\":\"\u0413\u043b\u0430\u0432\u043d\u0430\u044f \u0441\u0442\u0440\u0430\u043d\u0438\u0446\u0430\",\"item\":\"https:\\\/\\\/megapari.games\\\/kh\\\/\"},{\"@type\":\"ListItem\",\"position\":2,\"name\":\"Code promo\"}]},{\"@type\":\"WebSite\",\"@id\":\"https:\\\/\\\/megapari.games\\\/kh\\\/#website\",\"url\":\"https:\\\/\\\/megapari.games\\\/kh\\\/\",\"name\":\"Megapari Games km\",\"description\":\"My WordPress Blog\",\"potentialAction\":[{\"@type\":\"SearchAction\",\"target\":{\"@type\":\"EntryPoint\",\"urlTemplate\":\"https:\\\/\\\/megapari.games\\\/kh\\\/?s={search_term_string}\"},\"query-input\":{\"@type\":\"PropertyValueSpecification\",\"valueRequired\":true,\"valueName\":\"search_term_string\"}}],\"inLanguage\":\"km\"}]}<\/script>\n<!-- \/ Yoast SEO plugin. -->","yoast_head_json":{"title":"Megapari Promo Code 2026 \u2705 Obtenez votre Bonus de 100% aujourd'hui!","description":"\ud83d\udd25 Pr\u00eat \u00e0 am\u00e9liorer votre jeu de pari? Saisissez le code promo Megapari Cambodge le plus chaud d\u00e8s maintenant et obtenez un incroyable bonus de 100 %! Ne ratez pas cette occasion, votre s\u00e9rie de victoires commence maintenant!","robots":{"index":"index","follow":"follow","max-snippet":"max-snippet:-1","max-image-preview":"max-image-preview:large","max-video-preview":"max-video-preview:-1"},"canonical":"https:\/\/megapari.games\/kh\/promo-code\/","og_locale":"en_US","og_type":"article","og_title":"Megapari Promo Code 2026 \u2705 Obtenez votre Bonus de 100% aujourd'hui!","og_description":"\ud83d\udd25 Pr\u00eat \u00e0 am\u00e9liorer votre jeu de pari? Saisissez le code promo Megapari Cambodge le plus chaud d\u00e8s maintenant et obtenez un incroyable bonus de 100 %! Ne ratez pas cette occasion, votre s\u00e9rie de victoires commence maintenant!","og_url":"https:\/\/megapari.games\/kh\/promo-code\/","og_site_name":"Megapari Games km","article_modified_time":"2025-06-14T12:49:10+00:00","twitter_card":"summary_large_image","schema":{"@context":"https:\/\/schema.org","@graph":[{"@type":"WebPage","@id":"https:\/\/megapari.games\/kh\/promo-code\/","url":"https:\/\/megapari.games\/kh\/promo-code\/","name":"Megapari Promo Code 2026 \u2705 Obtenez votre Bonus de 100% aujourd'hui!","isPartOf":{"@id":"https:\/\/megapari.games\/kh\/#website"},"datePublished":"2024-10-18T10:54:32+00:00","dateModified":"2025-06-14T12:49:10+00:00","description":"\ud83d\udd25 Pr\u00eat \u00e0 am\u00e9liorer votre jeu de pari? Saisissez le code promo Megapari Cambodge le plus chaud d\u00e8s maintenant et obtenez un incroyable bonus de 100 %! Ne ratez pas cette occasion, votre s\u00e9rie de victoires commence maintenant!","breadcrumb":{"@id":"https:\/\/megapari.games\/kh\/promo-code\/#breadcrumb"},"inLanguage":"km","potentialAction":[{"@type":"ReadAction","target":["https:\/\/megapari.games\/kh\/promo-code\/"]}]},{"@type":"BreadcrumbList","@id":"https:\/\/megapari.games\/kh\/promo-code\/#breadcrumb","itemListElement":[{"@type":"ListItem","position":1,"name":"\u0413\u043b\u0430\u0432\u043d\u0430\u044f \u0441\u0442\u0440\u0430\u043d\u0438\u0446\u0430","item":"https:\/\/megapari.games\/kh\/"},{"@type":"ListItem","position":2,"name":"Code promo"}]},{"@type":"WebSite","@id":"https:\/\/megapari.games\/kh\/#website","url":"https:\/\/megapari.games\/kh\/","name":"Megapari Games km","description":"My WordPress Blog","potentialAction":[{"@type":"SearchAction","target":{"@type":"EntryPoint","urlTemplate":"https:\/\/megapari.games\/kh\/?s={search_term_string}"},"query-input":{"@type":"PropertyValueSpecification","valueRequired":true,"valueName":"search_term_string"}}],"inLanguage":"km"}]}},"_links":{"self":[{"href":"https:\/\/megapari.games\/kh\/wp-json\/wp\/v2\/pages\/656","targetHints":{"allow":["GET"]}}],"collection":[{"href":"https:\/\/megapari.games\/kh\/wp-json\/wp\/v2\/pages"}],"about":[{"href":"https:\/\/megapari.games\/kh\/wp-json\/wp\/v2\/types\/page"}],"author":[{"embeddable":true,"href":"https:\/\/megapari.games\/kh\/wp-json\/wp\/v2\/users\/1"}],"replies":[{"embeddable":true,"href":"https:\/\/megapari.games\/kh\/wp-json\/wp\/v2\/comments?post=656"}],"version-history":[{"count":7,"href":"https:\/\/megapari.games\/kh\/wp-json\/wp\/v2\/pages\/656\/revisions"}],"predecessor-version":[{"id":940,"href":"https:\/\/megapari.games\/kh\/wp-json\/wp\/v2\/pages\/656\/revisions\/940"}],"wp:attachment":[{"href":"https:\/\/megapari.games\/kh\/wp-json\/wp\/v2\/media?parent=656"}],"curies":[{"name":"wp","href":"https:\/\/api.w.org\/{rel}","templated":true}]}}