{"id":1136,"date":"2025-11-24T10:23:19","date_gmt":"2025-11-24T10:23:19","guid":{"rendered":"https:\/\/megapari.games\/?page_id=1136"},"modified":"2025-12-26T05:51:13","modified_gmt":"2025-12-26T05:51:13","slug":"esports-betting","status":"publish","type":"page","link":"https:\/\/megapari.games\/lt\/esports-betting\/","title":{"rendered":"Esportas"},"content":{"rendered":"","protected":false},"excerpt":{"rendered":"","protected":false},"author":1,"featured_media":0,"parent":0,"menu_order":0,"comment_status":"closed","ping_status":"closed","template":"","meta":{"inline_featured_image":false,"footnotes":""},"class_list":["post-1136","page","type-page","status-publish","hentry"],"yoast_head":"<!-- This site is optimized with the Yoast SEO plugin v27.5 - https:\/\/yoast.com\/product\/yoast-seo-wordpress\/ -->\n<title>Megapari Esports la\u017eybos | Disciplinos, la\u017eyb\u0173 galimyb\u0117s<\/title>\n<meta name=\"description\" content=\"E. sporto la\u017eybos \u201eMegapari\u201c \u2714\ufe0f CS2, Dota 2, LoL ir kitos disciplinos su i\u0161samiomis la\u017eyb\u0173 koeficientais, \u017eem\u0117lapi\u0173 analitika, tiesioginiais duomenimis ir patogiais \u012frankiais. Su\u017einokite apie \u0161io skyriaus funkcijas ir platformoje si\u016blomus bonusus.\" \/>\n<meta name=\"robots\" content=\"index, follow, max-snippet:-1, max-image-preview:large, max-video-preview:-1\" \/>\n<link rel=\"canonical\" href=\"https:\/\/megapari.games\/lt\/esports-betting\/\" \/>\n<meta property=\"og:locale\" content=\"lt_LT\" \/>\n<meta property=\"og:type\" content=\"article\" \/>\n<meta property=\"og:title\" content=\"Megapari Esports la\u017eybos | Disciplinos, la\u017eyb\u0173 galimyb\u0117s\" \/>\n<meta property=\"og:description\" content=\"E. sporto la\u017eybos \u201eMegapari\u201c \u2714\ufe0f CS2, Dota 2, LoL ir kitos disciplinos su i\u0161samiomis la\u017eyb\u0173 koeficientais, \u017eem\u0117lapi\u0173 analitika, tiesioginiais duomenimis ir patogiais \u012frankiais. Su\u017einokite apie \u0161io skyriaus funkcijas ir platformoje si\u016blomus bonusus.\" \/>\n<meta property=\"og:url\" content=\"https:\/\/megapari.games\/lt\/esports-betting\/\" \/>\n<meta property=\"og:site_name\" content=\"Megapari Games LT\" \/>\n<meta property=\"article:modified_time\" content=\"2025-12-26T05:51:13+00:00\" \/>\n<meta name=\"twitter:card\" content=\"summary_large_image\" \/>\n<script type=\"application\/ld+json\" class=\"yoast-schema-graph\">{\"@context\":\"https:\\\/\\\/schema.org\",\"@graph\":[{\"@type\":\"WebPage\",\"@id\":\"https:\\\/\\\/megapari.games\\\/lt\\\/esports-betting\\\/\",\"url\":\"https:\\\/\\\/megapari.games\\\/lt\\\/esports-betting\\\/\",\"name\":\"Megapari Esports la\u017eybos | Disciplinos, la\u017eyb\u0173 galimyb\u0117s\",\"isPartOf\":{\"@id\":\"https:\\\/\\\/megapari.games\\\/lt\\\/#website\"},\"datePublished\":\"2025-11-24T10:23:19+00:00\",\"dateModified\":\"2025-12-26T05:51:13+00:00\",\"description\":\"E. sporto la\u017eybos \u201eMegapari\u201c \u2714\ufe0f CS2, Dota 2, LoL ir kitos disciplinos su i\u0161samiomis la\u017eyb\u0173 koeficientais, \u017eem\u0117lapi\u0173 analitika, tiesioginiais duomenimis ir patogiais \u012frankiais. Su\u017einokite apie \u0161io skyriaus funkcijas ir platformoje si\u016blomus bonusus.\",\"breadcrumb\":{\"@id\":\"https:\\\/\\\/megapari.games\\\/lt\\\/esports-betting\\\/#breadcrumb\"},\"inLanguage\":\"lt-LT\",\"potentialAction\":[{\"@type\":\"ReadAction\",\"target\":[\"https:\\\/\\\/megapari.games\\\/lt\\\/esports-betting\\\/\"]}]},{\"@type\":\"BreadcrumbList\",\"@id\":\"https:\\\/\\\/megapari.games\\\/lt\\\/esports-betting\\\/#breadcrumb\",\"itemListElement\":[{\"@type\":\"ListItem\",\"position\":1,\"name\":\"\u0413\u043b\u0430\u0432\u043d\u0430\u044f \u0441\u0442\u0440\u0430\u043d\u0438\u0446\u0430\",\"item\":\"https:\\\/\\\/megapari.games\\\/lt\\\/\"},{\"@type\":\"ListItem\",\"position\":2,\"name\":\"Esportas\"}]},{\"@type\":\"WebSite\",\"@id\":\"https:\\\/\\\/megapari.games\\\/lt\\\/#website\",\"url\":\"https:\\\/\\\/megapari.games\\\/lt\\\/\",\"name\":\"Megapari Games LT\",\"description\":\"My WordPress Blog\",\"potentialAction\":[{\"@type\":\"SearchAction\",\"target\":{\"@type\":\"EntryPoint\",\"urlTemplate\":\"https:\\\/\\\/megapari.games\\\/lt\\\/?s={search_term_string}\"},\"query-input\":{\"@type\":\"PropertyValueSpecification\",\"valueRequired\":true,\"valueName\":\"search_term_string\"}}],\"inLanguage\":\"lt-LT\"}]}<\/script>\n<!-- \/ Yoast SEO plugin. -->","yoast_head_json":{"title":"Megapari Esports la\u017eybos | Disciplinos, la\u017eyb\u0173 galimyb\u0117s","description":"E. sporto la\u017eybos \u201eMegapari\u201c \u2714\ufe0f CS2, Dota 2, LoL ir kitos disciplinos su i\u0161samiomis la\u017eyb\u0173 koeficientais, \u017eem\u0117lapi\u0173 analitika, tiesioginiais duomenimis ir patogiais \u012frankiais. Su\u017einokite apie \u0161io skyriaus funkcijas ir platformoje si\u016blomus bonusus.","robots":{"index":"index","follow":"follow","max-snippet":"max-snippet:-1","max-image-preview":"max-image-preview:large","max-video-preview":"max-video-preview:-1"},"canonical":"https:\/\/megapari.games\/lt\/esports-betting\/","og_locale":"lt_LT","og_type":"article","og_title":"Megapari Esports la\u017eybos | Disciplinos, la\u017eyb\u0173 galimyb\u0117s","og_description":"E. sporto la\u017eybos \u201eMegapari\u201c \u2714\ufe0f CS2, Dota 2, LoL ir kitos disciplinos su i\u0161samiomis la\u017eyb\u0173 koeficientais, \u017eem\u0117lapi\u0173 analitika, tiesioginiais duomenimis ir patogiais \u012frankiais. Su\u017einokite apie \u0161io skyriaus funkcijas ir platformoje si\u016blomus bonusus.","og_url":"https:\/\/megapari.games\/lt\/esports-betting\/","og_site_name":"Megapari Games LT","article_modified_time":"2025-12-26T05:51:13+00:00","twitter_card":"summary_large_image","schema":{"@context":"https:\/\/schema.org","@graph":[{"@type":"WebPage","@id":"https:\/\/megapari.games\/lt\/esports-betting\/","url":"https:\/\/megapari.games\/lt\/esports-betting\/","name":"Megapari Esports la\u017eybos | Disciplinos, la\u017eyb\u0173 galimyb\u0117s","isPartOf":{"@id":"https:\/\/megapari.games\/lt\/#website"},"datePublished":"2025-11-24T10:23:19+00:00","dateModified":"2025-12-26T05:51:13+00:00","description":"E. sporto la\u017eybos \u201eMegapari\u201c \u2714\ufe0f CS2, Dota 2, LoL ir kitos disciplinos su i\u0161samiomis la\u017eyb\u0173 koeficientais, \u017eem\u0117lapi\u0173 analitika, tiesioginiais duomenimis ir patogiais \u012frankiais. Su\u017einokite apie \u0161io skyriaus funkcijas ir platformoje si\u016blomus bonusus.","breadcrumb":{"@id":"https:\/\/megapari.games\/lt\/esports-betting\/#breadcrumb"},"inLanguage":"lt-LT","potentialAction":[{"@type":"ReadAction","target":["https:\/\/megapari.games\/lt\/esports-betting\/"]}]},{"@type":"BreadcrumbList","@id":"https:\/\/megapari.games\/lt\/esports-betting\/#breadcrumb","itemListElement":[{"@type":"ListItem","position":1,"name":"\u0413\u043b\u0430\u0432\u043d\u0430\u044f \u0441\u0442\u0440\u0430\u043d\u0438\u0446\u0430","item":"https:\/\/megapari.games\/lt\/"},{"@type":"ListItem","position":2,"name":"Esportas"}]},{"@type":"WebSite","@id":"https:\/\/megapari.games\/lt\/#website","url":"https:\/\/megapari.games\/lt\/","name":"Megapari Games LT","description":"My WordPress Blog","potentialAction":[{"@type":"SearchAction","target":{"@type":"EntryPoint","urlTemplate":"https:\/\/megapari.games\/lt\/?s={search_term_string}"},"query-input":{"@type":"PropertyValueSpecification","valueRequired":true,"valueName":"search_term_string"}}],"inLanguage":"lt-LT"}]}},"_links":{"self":[{"href":"https:\/\/megapari.games\/lt\/wp-json\/wp\/v2\/pages\/1136","targetHints":{"allow":["GET"]}}],"collection":[{"href":"https:\/\/megapari.games\/lt\/wp-json\/wp\/v2\/pages"}],"about":[{"href":"https:\/\/megapari.games\/lt\/wp-json\/wp\/v2\/types\/page"}],"author":[{"embeddable":true,"href":"https:\/\/megapari.games\/lt\/wp-json\/wp\/v2\/users\/1"}],"replies":[{"embeddable":true,"href":"https:\/\/megapari.games\/lt\/wp-json\/wp\/v2\/comments?post=1136"}],"version-history":[{"count":3,"href":"https:\/\/megapari.games\/lt\/wp-json\/wp\/v2\/pages\/1136\/revisions"}],"predecessor-version":[{"id":1183,"href":"https:\/\/megapari.games\/lt\/wp-json\/wp\/v2\/pages\/1136\/revisions\/1183"}],"wp:attachment":[{"href":"https:\/\/megapari.games\/lt\/wp-json\/wp\/v2\/media?parent=1136"}],"curies":[{"name":"wp","href":"https:\/\/api.w.org\/{rel}","templated":true}]}}