{"id":435,"date":"2024-05-08T07:23:35","date_gmt":"2024-05-08T07:23:35","guid":{"rendered":"https:\/\/megapari.games\/lt\/?page_id=435"},"modified":"2025-07-05T07:07:58","modified_gmt":"2025-07-05T07:07:58","slug":"casino","status":"publish","type":"page","link":"https:\/\/megapari.games\/lt\/casino\/","title":{"rendered":"Kazino"},"content":{"rendered":"","protected":false},"excerpt":{"rendered":"","protected":false},"author":1,"featured_media":0,"parent":0,"menu_order":0,"comment_status":"closed","ping_status":"closed","template":"","meta":{"inline_featured_image":false,"footnotes":""},"class_list":["post-435","page","type-page","status-publish","hentry"],"yoast_head":"<!-- This site is optimized with the Yoast SEO plugin v27.3 - https:\/\/yoast.com\/product\/yoast-seo-wordpress\/ -->\n<title>Megapari Lietuva Kazino | Sveikinimo pasi\u016blymas ir \u017eaidimai<\/title>\n<meta name=\"description\" content=\"Megapari Online Kazino si\u016blo tokius \u017eaidimus kaip bakara, Blackjack, rulet\u0117 ir pokeris \u2714\ufe0f Prad\u0117kite \u017eaisti \u012fvairius kazino \u017eaidimus &quot;Megapari&quot; platformoje.\" \/>\n<meta name=\"robots\" content=\"index, follow, max-snippet:-1, max-image-preview:large, max-video-preview:-1\" \/>\n<link rel=\"canonical\" href=\"https:\/\/megapari.games\/lt\/casino\/\" \/>\n<meta property=\"og:locale\" content=\"lt_LT\" \/>\n<meta property=\"og:type\" content=\"article\" \/>\n<meta property=\"og:title\" content=\"Megapari Lietuva Kazino | Sveikinimo pasi\u016blymas ir \u017eaidimai\" \/>\n<meta property=\"og:description\" content=\"Megapari Online Kazino si\u016blo tokius \u017eaidimus kaip bakara, Blackjack, rulet\u0117 ir pokeris \u2714\ufe0f Prad\u0117kite \u017eaisti \u012fvairius kazino \u017eaidimus &quot;Megapari&quot; platformoje.\" \/>\n<meta property=\"og:url\" content=\"https:\/\/megapari.games\/lt\/casino\/\" \/>\n<meta property=\"og:site_name\" content=\"Megapari Games LT\" \/>\n<meta property=\"article:modified_time\" content=\"2025-07-05T07:07:58+00:00\" \/>\n<meta name=\"twitter:card\" content=\"summary_large_image\" \/>\n<script type=\"application\/ld+json\" class=\"yoast-schema-graph\">{\"@context\":\"https:\\\/\\\/schema.org\",\"@graph\":[{\"@type\":\"WebPage\",\"@id\":\"https:\\\/\\\/megapari.games\\\/lt\\\/casino\\\/\",\"url\":\"https:\\\/\\\/megapari.games\\\/lt\\\/casino\\\/\",\"name\":\"Megapari Lietuva Kazino | Sveikinimo pasi\u016blymas ir \u017eaidimai\",\"isPartOf\":{\"@id\":\"https:\\\/\\\/megapari.games\\\/lt\\\/#website\"},\"datePublished\":\"2024-05-08T07:23:35+00:00\",\"dateModified\":\"2025-07-05T07:07:58+00:00\",\"description\":\"Megapari Online Kazino si\u016blo tokius \u017eaidimus kaip bakara, Blackjack, rulet\u0117 ir pokeris \u2714\ufe0f Prad\u0117kite \u017eaisti \u012fvairius kazino \u017eaidimus \\\"Megapari\\\" platformoje.\",\"breadcrumb\":{\"@id\":\"https:\\\/\\\/megapari.games\\\/lt\\\/casino\\\/#breadcrumb\"},\"inLanguage\":\"lt-LT\",\"potentialAction\":[{\"@type\":\"ReadAction\",\"target\":[\"https:\\\/\\\/megapari.games\\\/lt\\\/casino\\\/\"]}]},{\"@type\":\"BreadcrumbList\",\"@id\":\"https:\\\/\\\/megapari.games\\\/lt\\\/casino\\\/#breadcrumb\",\"itemListElement\":[{\"@type\":\"ListItem\",\"position\":1,\"name\":\"\u0413\u043b\u0430\u0432\u043d\u0430\u044f \u0441\u0442\u0440\u0430\u043d\u0438\u0446\u0430\",\"item\":\"https:\\\/\\\/megapari.games\\\/lt\\\/\"},{\"@type\":\"ListItem\",\"position\":2,\"name\":\"Kazino\"}]},{\"@type\":\"WebSite\",\"@id\":\"https:\\\/\\\/megapari.games\\\/lt\\\/#website\",\"url\":\"https:\\\/\\\/megapari.games\\\/lt\\\/\",\"name\":\"Megapari Games LT\",\"description\":\"My WordPress Blog\",\"potentialAction\":[{\"@type\":\"SearchAction\",\"target\":{\"@type\":\"EntryPoint\",\"urlTemplate\":\"https:\\\/\\\/megapari.games\\\/lt\\\/?s={search_term_string}\"},\"query-input\":{\"@type\":\"PropertyValueSpecification\",\"valueRequired\":true,\"valueName\":\"search_term_string\"}}],\"inLanguage\":\"lt-LT\"}]}<\/script>\n<!-- \/ Yoast SEO plugin. -->","yoast_head_json":{"title":"Megapari Lietuva Kazino | Sveikinimo pasi\u016blymas ir \u017eaidimai","description":"Megapari Online Kazino si\u016blo tokius \u017eaidimus kaip bakara, Blackjack, rulet\u0117 ir pokeris \u2714\ufe0f Prad\u0117kite \u017eaisti \u012fvairius kazino \u017eaidimus \"Megapari\" platformoje.","robots":{"index":"index","follow":"follow","max-snippet":"max-snippet:-1","max-image-preview":"max-image-preview:large","max-video-preview":"max-video-preview:-1"},"canonical":"https:\/\/megapari.games\/lt\/casino\/","og_locale":"lt_LT","og_type":"article","og_title":"Megapari Lietuva Kazino | Sveikinimo pasi\u016blymas ir \u017eaidimai","og_description":"Megapari Online Kazino si\u016blo tokius \u017eaidimus kaip bakara, Blackjack, rulet\u0117 ir pokeris \u2714\ufe0f Prad\u0117kite \u017eaisti \u012fvairius kazino \u017eaidimus \"Megapari\" platformoje.","og_url":"https:\/\/megapari.games\/lt\/casino\/","og_site_name":"Megapari Games LT","article_modified_time":"2025-07-05T07:07:58+00:00","twitter_card":"summary_large_image","schema":{"@context":"https:\/\/schema.org","@graph":[{"@type":"WebPage","@id":"https:\/\/megapari.games\/lt\/casino\/","url":"https:\/\/megapari.games\/lt\/casino\/","name":"Megapari Lietuva Kazino | Sveikinimo pasi\u016blymas ir \u017eaidimai","isPartOf":{"@id":"https:\/\/megapari.games\/lt\/#website"},"datePublished":"2024-05-08T07:23:35+00:00","dateModified":"2025-07-05T07:07:58+00:00","description":"Megapari Online Kazino si\u016blo tokius \u017eaidimus kaip bakara, Blackjack, rulet\u0117 ir pokeris \u2714\ufe0f Prad\u0117kite \u017eaisti \u012fvairius kazino \u017eaidimus \"Megapari\" platformoje.","breadcrumb":{"@id":"https:\/\/megapari.games\/lt\/casino\/#breadcrumb"},"inLanguage":"lt-LT","potentialAction":[{"@type":"ReadAction","target":["https:\/\/megapari.games\/lt\/casino\/"]}]},{"@type":"BreadcrumbList","@id":"https:\/\/megapari.games\/lt\/casino\/#breadcrumb","itemListElement":[{"@type":"ListItem","position":1,"name":"\u0413\u043b\u0430\u0432\u043d\u0430\u044f \u0441\u0442\u0440\u0430\u043d\u0438\u0446\u0430","item":"https:\/\/megapari.games\/lt\/"},{"@type":"ListItem","position":2,"name":"Kazino"}]},{"@type":"WebSite","@id":"https:\/\/megapari.games\/lt\/#website","url":"https:\/\/megapari.games\/lt\/","name":"Megapari Games LT","description":"My WordPress Blog","potentialAction":[{"@type":"SearchAction","target":{"@type":"EntryPoint","urlTemplate":"https:\/\/megapari.games\/lt\/?s={search_term_string}"},"query-input":{"@type":"PropertyValueSpecification","valueRequired":true,"valueName":"search_term_string"}}],"inLanguage":"lt-LT"}]}},"_links":{"self":[{"href":"https:\/\/megapari.games\/lt\/wp-json\/wp\/v2\/pages\/435","targetHints":{"allow":["GET"]}}],"collection":[{"href":"https:\/\/megapari.games\/lt\/wp-json\/wp\/v2\/pages"}],"about":[{"href":"https:\/\/megapari.games\/lt\/wp-json\/wp\/v2\/types\/page"}],"author":[{"embeddable":true,"href":"https:\/\/megapari.games\/lt\/wp-json\/wp\/v2\/users\/1"}],"replies":[{"embeddable":true,"href":"https:\/\/megapari.games\/lt\/wp-json\/wp\/v2\/comments?post=435"}],"version-history":[{"count":2,"href":"https:\/\/megapari.games\/lt\/wp-json\/wp\/v2\/pages\/435\/revisions"}],"predecessor-version":[{"id":922,"href":"https:\/\/megapari.games\/lt\/wp-json\/wp\/v2\/pages\/435\/revisions\/922"}],"wp:attachment":[{"href":"https:\/\/megapari.games\/lt\/wp-json\/wp\/v2\/media?parent=435"}],"curies":[{"name":"wp","href":"https:\/\/api.w.org\/{rel}","templated":true}]}}