{"id":437,"date":"2024-03-08T07:35:27","date_gmt":"2024-03-08T07:35:27","guid":{"rendered":"https:\/\/megapari.games\/lt\/?page_id=437"},"modified":"2025-07-05T07:17:18","modified_gmt":"2025-07-05T07:17:18","slug":"login","status":"publish","type":"page","link":"https:\/\/megapari.games\/lt\/login\/","title":{"rendered":"Prisijungimas"},"content":{"rendered":"","protected":false},"excerpt":{"rendered":"","protected":false},"author":1,"featured_media":0,"parent":0,"menu_order":0,"comment_status":"closed","ping_status":"closed","template":"","meta":{"inline_featured_image":false,"footnotes":""},"class_list":["post-437","page","type-page","status-publish","hentry"],"yoast_head":"<!-- This site is optimized with the Yoast SEO plugin v27.4 - https:\/\/yoast.com\/product\/yoast-seo-wordpress\/ -->\n<title>Megapari Prisijungimas Oficiali svetain\u0117 | Vadovas, kaip prisijungti<\/title>\n<meta name=\"description\" content=\"Kaip prisijungti prie Megapari Lietuva paskyros \u2611\ufe0f Apsilankykite Megapari svetain\u0117je ir spustel\u0117kite mygtuk\u0105 &quot;Prisijungti&quot; \u2713 &quot;Megapari&quot; paskyros registracija ir patikrinimas\" \/>\n<meta name=\"robots\" content=\"index, follow, max-snippet:-1, max-image-preview:large, max-video-preview:-1\" \/>\n<link rel=\"canonical\" href=\"https:\/\/megapari.games\/lt\/login\/\" \/>\n<meta property=\"og:locale\" content=\"lt_LT\" \/>\n<meta property=\"og:type\" content=\"article\" \/>\n<meta property=\"og:title\" content=\"Megapari Prisijungimas Oficiali svetain\u0117 | Vadovas, kaip prisijungti\" \/>\n<meta property=\"og:description\" content=\"Kaip prisijungti prie Megapari Lietuva paskyros \u2611\ufe0f Apsilankykite Megapari svetain\u0117je ir spustel\u0117kite mygtuk\u0105 &quot;Prisijungti&quot; \u2713 &quot;Megapari&quot; paskyros registracija ir patikrinimas\" \/>\n<meta property=\"og:url\" content=\"https:\/\/megapari.games\/lt\/login\/\" \/>\n<meta property=\"og:site_name\" content=\"Megapari Games LT\" \/>\n<meta property=\"article:modified_time\" content=\"2025-07-05T07:17:18+00:00\" \/>\n<meta name=\"twitter:card\" content=\"summary_large_image\" \/>\n<script type=\"application\/ld+json\" class=\"yoast-schema-graph\">{\"@context\":\"https:\\\/\\\/schema.org\",\"@graph\":[{\"@type\":\"WebPage\",\"@id\":\"https:\\\/\\\/megapari.games\\\/lt\\\/login\\\/\",\"url\":\"https:\\\/\\\/megapari.games\\\/lt\\\/login\\\/\",\"name\":\"Megapari Prisijungimas Oficiali svetain\u0117 | Vadovas, kaip prisijungti\",\"isPartOf\":{\"@id\":\"https:\\\/\\\/megapari.games\\\/lt\\\/#website\"},\"datePublished\":\"2024-03-08T07:35:27+00:00\",\"dateModified\":\"2025-07-05T07:17:18+00:00\",\"description\":\"Kaip prisijungti prie Megapari Lietuva paskyros \u2611\ufe0f Apsilankykite Megapari svetain\u0117je ir spustel\u0117kite mygtuk\u0105 \\\"Prisijungti\\\" \u2713 \\\"Megapari\\\" paskyros registracija ir patikrinimas\",\"breadcrumb\":{\"@id\":\"https:\\\/\\\/megapari.games\\\/lt\\\/login\\\/#breadcrumb\"},\"inLanguage\":\"lt-LT\",\"potentialAction\":[{\"@type\":\"ReadAction\",\"target\":[\"https:\\\/\\\/megapari.games\\\/lt\\\/login\\\/\"]}]},{\"@type\":\"BreadcrumbList\",\"@id\":\"https:\\\/\\\/megapari.games\\\/lt\\\/login\\\/#breadcrumb\",\"itemListElement\":[{\"@type\":\"ListItem\",\"position\":1,\"name\":\"\u0413\u043b\u0430\u0432\u043d\u0430\u044f \u0441\u0442\u0440\u0430\u043d\u0438\u0446\u0430\",\"item\":\"https:\\\/\\\/megapari.games\\\/lt\\\/\"},{\"@type\":\"ListItem\",\"position\":2,\"name\":\"Prisijungimas\"}]},{\"@type\":\"WebSite\",\"@id\":\"https:\\\/\\\/megapari.games\\\/lt\\\/#website\",\"url\":\"https:\\\/\\\/megapari.games\\\/lt\\\/\",\"name\":\"Megapari Games LT\",\"description\":\"My WordPress Blog\",\"potentialAction\":[{\"@type\":\"SearchAction\",\"target\":{\"@type\":\"EntryPoint\",\"urlTemplate\":\"https:\\\/\\\/megapari.games\\\/lt\\\/?s={search_term_string}\"},\"query-input\":{\"@type\":\"PropertyValueSpecification\",\"valueRequired\":true,\"valueName\":\"search_term_string\"}}],\"inLanguage\":\"lt-LT\"}]}<\/script>\n<!-- \/ Yoast SEO plugin. -->","yoast_head_json":{"title":"Megapari Prisijungimas Oficiali svetain\u0117 | Vadovas, kaip prisijungti","description":"Kaip prisijungti prie Megapari Lietuva paskyros \u2611\ufe0f Apsilankykite Megapari svetain\u0117je ir spustel\u0117kite mygtuk\u0105 \"Prisijungti\" \u2713 \"Megapari\" paskyros registracija ir patikrinimas","robots":{"index":"index","follow":"follow","max-snippet":"max-snippet:-1","max-image-preview":"max-image-preview:large","max-video-preview":"max-video-preview:-1"},"canonical":"https:\/\/megapari.games\/lt\/login\/","og_locale":"lt_LT","og_type":"article","og_title":"Megapari Prisijungimas Oficiali svetain\u0117 | Vadovas, kaip prisijungti","og_description":"Kaip prisijungti prie Megapari Lietuva paskyros \u2611\ufe0f Apsilankykite Megapari svetain\u0117je ir spustel\u0117kite mygtuk\u0105 \"Prisijungti\" \u2713 \"Megapari\" paskyros registracija ir patikrinimas","og_url":"https:\/\/megapari.games\/lt\/login\/","og_site_name":"Megapari Games LT","article_modified_time":"2025-07-05T07:17:18+00:00","twitter_card":"summary_large_image","schema":{"@context":"https:\/\/schema.org","@graph":[{"@type":"WebPage","@id":"https:\/\/megapari.games\/lt\/login\/","url":"https:\/\/megapari.games\/lt\/login\/","name":"Megapari Prisijungimas Oficiali svetain\u0117 | Vadovas, kaip prisijungti","isPartOf":{"@id":"https:\/\/megapari.games\/lt\/#website"},"datePublished":"2024-03-08T07:35:27+00:00","dateModified":"2025-07-05T07:17:18+00:00","description":"Kaip prisijungti prie Megapari Lietuva paskyros \u2611\ufe0f Apsilankykite Megapari svetain\u0117je ir spustel\u0117kite mygtuk\u0105 \"Prisijungti\" \u2713 \"Megapari\" paskyros registracija ir patikrinimas","breadcrumb":{"@id":"https:\/\/megapari.games\/lt\/login\/#breadcrumb"},"inLanguage":"lt-LT","potentialAction":[{"@type":"ReadAction","target":["https:\/\/megapari.games\/lt\/login\/"]}]},{"@type":"BreadcrumbList","@id":"https:\/\/megapari.games\/lt\/login\/#breadcrumb","itemListElement":[{"@type":"ListItem","position":1,"name":"\u0413\u043b\u0430\u0432\u043d\u0430\u044f \u0441\u0442\u0440\u0430\u043d\u0438\u0446\u0430","item":"https:\/\/megapari.games\/lt\/"},{"@type":"ListItem","position":2,"name":"Prisijungimas"}]},{"@type":"WebSite","@id":"https:\/\/megapari.games\/lt\/#website","url":"https:\/\/megapari.games\/lt\/","name":"Megapari Games LT","description":"My WordPress Blog","potentialAction":[{"@type":"SearchAction","target":{"@type":"EntryPoint","urlTemplate":"https:\/\/megapari.games\/lt\/?s={search_term_string}"},"query-input":{"@type":"PropertyValueSpecification","valueRequired":true,"valueName":"search_term_string"}}],"inLanguage":"lt-LT"}]}},"_links":{"self":[{"href":"https:\/\/megapari.games\/lt\/wp-json\/wp\/v2\/pages\/437","targetHints":{"allow":["GET"]}}],"collection":[{"href":"https:\/\/megapari.games\/lt\/wp-json\/wp\/v2\/pages"}],"about":[{"href":"https:\/\/megapari.games\/lt\/wp-json\/wp\/v2\/types\/page"}],"author":[{"embeddable":true,"href":"https:\/\/megapari.games\/lt\/wp-json\/wp\/v2\/users\/1"}],"replies":[{"embeddable":true,"href":"https:\/\/megapari.games\/lt\/wp-json\/wp\/v2\/comments?post=437"}],"version-history":[{"count":3,"href":"https:\/\/megapari.games\/lt\/wp-json\/wp\/v2\/pages\/437\/revisions"}],"predecessor-version":[{"id":957,"href":"https:\/\/megapari.games\/lt\/wp-json\/wp\/v2\/pages\/437\/revisions\/957"}],"wp:attachment":[{"href":"https:\/\/megapari.games\/lt\/wp-json\/wp\/v2\/media?parent=437"}],"curies":[{"name":"wp","href":"https:\/\/api.w.org\/{rel}","templated":true}]}}