{"id":656,"date":"2024-10-18T10:54:32","date_gmt":"2024-10-18T10:54:32","guid":{"rendered":"https:\/\/megapari.games\/lt\/?page_id=656"},"modified":"2025-07-05T07:14:06","modified_gmt":"2025-07-05T07:14:06","slug":"promo-code","status":"publish","type":"page","link":"https:\/\/megapari.games\/lt\/promo-code\/","title":{"rendered":"Promo kodas"},"content":{"rendered":"","protected":false},"excerpt":{"rendered":"","protected":false},"author":1,"featured_media":0,"parent":0,"menu_order":0,"comment_status":"closed","ping_status":"closed","template":"","meta":{"inline_featured_image":false,"footnotes":""},"class_list":["post-656","page","type-page","status-publish","hentry"],"yoast_head":"<!-- This site is optimized with the Yoast SEO plugin v27.3 - https:\/\/yoast.com\/product\/yoast-seo-wordpress\/ -->\n<title>Megapari Promo kodas 2026 \u2705 Gaukite 100% premij\u0105 \u0161iandien!<\/title>\n<meta name=\"description\" content=\"\ud83d\udd25 Pasiruo\u0161\u0119 kelti savo la\u017eyb\u0173 \u017eaidimo lyg\u012f? Griebkite kar\u0161\u010diausi\u0105 &quot;Megapari Lietuva&quot; reklamin\u012f kod\u0105 dabar ir gaukite ne\u012ftik\u0117tin\u0105 100 % premij\u0105! Nepraleisk progos - tavo laim\u0117jim\u0173 serija prasideda dabar!\" \/>\n<meta name=\"robots\" content=\"index, follow, max-snippet:-1, max-image-preview:large, max-video-preview:-1\" \/>\n<link rel=\"canonical\" href=\"https:\/\/megapari.games\/lt\/promo-code\/\" \/>\n<meta property=\"og:locale\" content=\"lt_LT\" \/>\n<meta property=\"og:type\" content=\"article\" \/>\n<meta property=\"og:title\" content=\"Megapari Promo kodas 2026 \u2705 Gaukite 100% premij\u0105 \u0161iandien!\" \/>\n<meta property=\"og:description\" content=\"\ud83d\udd25 Pasiruo\u0161\u0119 kelti savo la\u017eyb\u0173 \u017eaidimo lyg\u012f? Griebkite kar\u0161\u010diausi\u0105 &quot;Megapari Lietuva&quot; reklamin\u012f kod\u0105 dabar ir gaukite ne\u012ftik\u0117tin\u0105 100 % premij\u0105! Nepraleisk progos - tavo laim\u0117jim\u0173 serija prasideda dabar!\" \/>\n<meta property=\"og:url\" content=\"https:\/\/megapari.games\/lt\/promo-code\/\" \/>\n<meta property=\"og:site_name\" content=\"Megapari Games LT\" \/>\n<meta property=\"article:modified_time\" content=\"2025-07-05T07:14:06+00:00\" \/>\n<meta name=\"twitter:card\" content=\"summary_large_image\" \/>\n<script type=\"application\/ld+json\" class=\"yoast-schema-graph\">{\"@context\":\"https:\\\/\\\/schema.org\",\"@graph\":[{\"@type\":\"WebPage\",\"@id\":\"https:\\\/\\\/megapari.games\\\/lt\\\/promo-code\\\/\",\"url\":\"https:\\\/\\\/megapari.games\\\/lt\\\/promo-code\\\/\",\"name\":\"Megapari Promo kodas 2026 \u2705 Gaukite 100% premij\u0105 \u0161iandien!\",\"isPartOf\":{\"@id\":\"https:\\\/\\\/megapari.games\\\/lt\\\/#website\"},\"datePublished\":\"2024-10-18T10:54:32+00:00\",\"dateModified\":\"2025-07-05T07:14:06+00:00\",\"description\":\"\ud83d\udd25 Pasiruo\u0161\u0119 kelti savo la\u017eyb\u0173 \u017eaidimo lyg\u012f? Griebkite kar\u0161\u010diausi\u0105 \\\"Megapari Lietuva\\\" reklamin\u012f kod\u0105 dabar ir gaukite ne\u012ftik\u0117tin\u0105 100 % premij\u0105! Nepraleisk progos - tavo laim\u0117jim\u0173 serija prasideda dabar!\",\"breadcrumb\":{\"@id\":\"https:\\\/\\\/megapari.games\\\/lt\\\/promo-code\\\/#breadcrumb\"},\"inLanguage\":\"lt-LT\",\"potentialAction\":[{\"@type\":\"ReadAction\",\"target\":[\"https:\\\/\\\/megapari.games\\\/lt\\\/promo-code\\\/\"]}]},{\"@type\":\"BreadcrumbList\",\"@id\":\"https:\\\/\\\/megapari.games\\\/lt\\\/promo-code\\\/#breadcrumb\",\"itemListElement\":[{\"@type\":\"ListItem\",\"position\":1,\"name\":\"\u0413\u043b\u0430\u0432\u043d\u0430\u044f \u0441\u0442\u0440\u0430\u043d\u0438\u0446\u0430\",\"item\":\"https:\\\/\\\/megapari.games\\\/lt\\\/\"},{\"@type\":\"ListItem\",\"position\":2,\"name\":\"Promo kodas\"}]},{\"@type\":\"WebSite\",\"@id\":\"https:\\\/\\\/megapari.games\\\/lt\\\/#website\",\"url\":\"https:\\\/\\\/megapari.games\\\/lt\\\/\",\"name\":\"Megapari Games LT\",\"description\":\"My WordPress Blog\",\"potentialAction\":[{\"@type\":\"SearchAction\",\"target\":{\"@type\":\"EntryPoint\",\"urlTemplate\":\"https:\\\/\\\/megapari.games\\\/lt\\\/?s={search_term_string}\"},\"query-input\":{\"@type\":\"PropertyValueSpecification\",\"valueRequired\":true,\"valueName\":\"search_term_string\"}}],\"inLanguage\":\"lt-LT\"}]}<\/script>\n<!-- \/ Yoast SEO plugin. -->","yoast_head_json":{"title":"Megapari Promo kodas 2026 \u2705 Gaukite 100% premij\u0105 \u0161iandien!","description":"\ud83d\udd25 Pasiruo\u0161\u0119 kelti savo la\u017eyb\u0173 \u017eaidimo lyg\u012f? Griebkite kar\u0161\u010diausi\u0105 \"Megapari Lietuva\" reklamin\u012f kod\u0105 dabar ir gaukite ne\u012ftik\u0117tin\u0105 100 % premij\u0105! Nepraleisk progos - tavo laim\u0117jim\u0173 serija prasideda dabar!","robots":{"index":"index","follow":"follow","max-snippet":"max-snippet:-1","max-image-preview":"max-image-preview:large","max-video-preview":"max-video-preview:-1"},"canonical":"https:\/\/megapari.games\/lt\/promo-code\/","og_locale":"lt_LT","og_type":"article","og_title":"Megapari Promo kodas 2026 \u2705 Gaukite 100% premij\u0105 \u0161iandien!","og_description":"\ud83d\udd25 Pasiruo\u0161\u0119 kelti savo la\u017eyb\u0173 \u017eaidimo lyg\u012f? Griebkite kar\u0161\u010diausi\u0105 \"Megapari Lietuva\" reklamin\u012f kod\u0105 dabar ir gaukite ne\u012ftik\u0117tin\u0105 100 % premij\u0105! Nepraleisk progos - tavo laim\u0117jim\u0173 serija prasideda dabar!","og_url":"https:\/\/megapari.games\/lt\/promo-code\/","og_site_name":"Megapari Games LT","article_modified_time":"2025-07-05T07:14:06+00:00","twitter_card":"summary_large_image","schema":{"@context":"https:\/\/schema.org","@graph":[{"@type":"WebPage","@id":"https:\/\/megapari.games\/lt\/promo-code\/","url":"https:\/\/megapari.games\/lt\/promo-code\/","name":"Megapari Promo kodas 2026 \u2705 Gaukite 100% premij\u0105 \u0161iandien!","isPartOf":{"@id":"https:\/\/megapari.games\/lt\/#website"},"datePublished":"2024-10-18T10:54:32+00:00","dateModified":"2025-07-05T07:14:06+00:00","description":"\ud83d\udd25 Pasiruo\u0161\u0119 kelti savo la\u017eyb\u0173 \u017eaidimo lyg\u012f? Griebkite kar\u0161\u010diausi\u0105 \"Megapari Lietuva\" reklamin\u012f kod\u0105 dabar ir gaukite ne\u012ftik\u0117tin\u0105 100 % premij\u0105! Nepraleisk progos - tavo laim\u0117jim\u0173 serija prasideda dabar!","breadcrumb":{"@id":"https:\/\/megapari.games\/lt\/promo-code\/#breadcrumb"},"inLanguage":"lt-LT","potentialAction":[{"@type":"ReadAction","target":["https:\/\/megapari.games\/lt\/promo-code\/"]}]},{"@type":"BreadcrumbList","@id":"https:\/\/megapari.games\/lt\/promo-code\/#breadcrumb","itemListElement":[{"@type":"ListItem","position":1,"name":"\u0413\u043b\u0430\u0432\u043d\u0430\u044f \u0441\u0442\u0440\u0430\u043d\u0438\u0446\u0430","item":"https:\/\/megapari.games\/lt\/"},{"@type":"ListItem","position":2,"name":"Promo kodas"}]},{"@type":"WebSite","@id":"https:\/\/megapari.games\/lt\/#website","url":"https:\/\/megapari.games\/lt\/","name":"Megapari Games LT","description":"My WordPress Blog","potentialAction":[{"@type":"SearchAction","target":{"@type":"EntryPoint","urlTemplate":"https:\/\/megapari.games\/lt\/?s={search_term_string}"},"query-input":{"@type":"PropertyValueSpecification","valueRequired":true,"valueName":"search_term_string"}}],"inLanguage":"lt-LT"}]}},"_links":{"self":[{"href":"https:\/\/megapari.games\/lt\/wp-json\/wp\/v2\/pages\/656","targetHints":{"allow":["GET"]}}],"collection":[{"href":"https:\/\/megapari.games\/lt\/wp-json\/wp\/v2\/pages"}],"about":[{"href":"https:\/\/megapari.games\/lt\/wp-json\/wp\/v2\/types\/page"}],"author":[{"embeddable":true,"href":"https:\/\/megapari.games\/lt\/wp-json\/wp\/v2\/users\/1"}],"replies":[{"embeddable":true,"href":"https:\/\/megapari.games\/lt\/wp-json\/wp\/v2\/comments?post=656"}],"version-history":[{"count":10,"href":"https:\/\/megapari.games\/lt\/wp-json\/wp\/v2\/pages\/656\/revisions"}],"predecessor-version":[{"id":956,"href":"https:\/\/megapari.games\/lt\/wp-json\/wp\/v2\/pages\/656\/revisions\/956"}],"wp:attachment":[{"href":"https:\/\/megapari.games\/lt\/wp-json\/wp\/v2\/media?parent=656"}],"curies":[{"name":"wp","href":"https:\/\/api.w.org\/{rel}","templated":true}]}}