{"id":776,"date":"2025-03-27T08:52:05","date_gmt":"2025-03-27T08:52:05","guid":{"rendered":"https:\/\/megapari.games\/lt\/?page_id=776"},"modified":"2025-07-05T06:58:20","modified_gmt":"2025-07-05T06:58:20","slug":"first-deposit","status":"publish","type":"page","link":"https:\/\/megapari.games\/lt\/bonus\/first-deposit\/","title":{"rendered":"Pirmasis ind\u0117lis"},"content":{"rendered":"","protected":false},"excerpt":{"rendered":"","protected":false},"author":1,"featured_media":0,"parent":152,"menu_order":0,"comment_status":"closed","ping_status":"closed","template":"","meta":{"inline_featured_image":false,"footnotes":""},"class_list":["post-776","page","type-page","status-publish","hentry"],"yoast_head":"<!-- This site is optimized with the Yoast SEO plugin v27.3 - https:\/\/yoast.com\/product\/yoast-seo-wordpress\/ -->\n<title>Megapari sveikinimo paketas: 1500 \u20ac + 150 nemokam\u0173 sukim\u0173<\/title>\n<meta name=\"description\" content=\"Nepraleiskite progos! Prisijunkite prie &quot;Megapari Lietuva&quot; ir gaukite \u012fsp\u016bding\u0105 sveikinimo paket\u0105 iki 1500 \u20ac + 150 nemokam\u0173 sukim\u0173! J\u016bs\u0173 laukia \u012fdom\u016bs \u017eaidimai ir neprilygstamos premijos. \u017daiskite i\u0161maniai - laim\u0117kite su jauduliu!\" \/>\n<meta name=\"robots\" content=\"index, follow, max-snippet:-1, max-image-preview:large, max-video-preview:-1\" \/>\n<link rel=\"canonical\" href=\"https:\/\/megapari.games\/lt\/bonus\/first-deposit\/\" \/>\n<meta property=\"og:locale\" content=\"lt_LT\" \/>\n<meta property=\"og:type\" content=\"article\" \/>\n<meta property=\"og:title\" content=\"Megapari sveikinimo paketas: 1500 \u20ac + 150 nemokam\u0173 sukim\u0173\" \/>\n<meta property=\"og:description\" content=\"Nepraleiskite progos! Prisijunkite prie &quot;Megapari Lietuva&quot; ir gaukite \u012fsp\u016bding\u0105 sveikinimo paket\u0105 iki 1500 \u20ac + 150 nemokam\u0173 sukim\u0173! J\u016bs\u0173 laukia \u012fdom\u016bs \u017eaidimai ir neprilygstamos premijos. \u017daiskite i\u0161maniai - laim\u0117kite su jauduliu!\" \/>\n<meta property=\"og:url\" content=\"https:\/\/megapari.games\/lt\/bonus\/first-deposit\/\" \/>\n<meta property=\"og:site_name\" content=\"Megapari Games LT\" \/>\n<meta property=\"article:modified_time\" content=\"2025-07-05T06:58:20+00:00\" \/>\n<meta name=\"twitter:card\" content=\"summary_large_image\" \/>\n<script type=\"application\/ld+json\" class=\"yoast-schema-graph\">{\"@context\":\"https:\\\/\\\/schema.org\",\"@graph\":[{\"@type\":\"WebPage\",\"@id\":\"https:\\\/\\\/megapari.games\\\/lt\\\/bonus\\\/first-deposit\\\/\",\"url\":\"https:\\\/\\\/megapari.games\\\/lt\\\/bonus\\\/first-deposit\\\/\",\"name\":\"Megapari sveikinimo paketas: 1500 \u20ac + 150 nemokam\u0173 sukim\u0173\",\"isPartOf\":{\"@id\":\"https:\\\/\\\/megapari.games\\\/lt\\\/#website\"},\"datePublished\":\"2025-03-27T08:52:05+00:00\",\"dateModified\":\"2025-07-05T06:58:20+00:00\",\"description\":\"Nepraleiskite progos! Prisijunkite prie \\\"Megapari Lietuva\\\" ir gaukite \u012fsp\u016bding\u0105 sveikinimo paket\u0105 iki 1500 \u20ac + 150 nemokam\u0173 sukim\u0173! J\u016bs\u0173 laukia \u012fdom\u016bs \u017eaidimai ir neprilygstamos premijos. \u017daiskite i\u0161maniai - laim\u0117kite su jauduliu!\",\"breadcrumb\":{\"@id\":\"https:\\\/\\\/megapari.games\\\/lt\\\/bonus\\\/first-deposit\\\/#breadcrumb\"},\"inLanguage\":\"lt-LT\",\"potentialAction\":[{\"@type\":\"ReadAction\",\"target\":[\"https:\\\/\\\/megapari.games\\\/lt\\\/bonus\\\/first-deposit\\\/\"]}]},{\"@type\":\"BreadcrumbList\",\"@id\":\"https:\\\/\\\/megapari.games\\\/lt\\\/bonus\\\/first-deposit\\\/#breadcrumb\",\"itemListElement\":[{\"@type\":\"ListItem\",\"position\":1,\"name\":\"\u0413\u043b\u0430\u0432\u043d\u0430\u044f \u0441\u0442\u0440\u0430\u043d\u0438\u0446\u0430\",\"item\":\"https:\\\/\\\/megapari.games\\\/lt\\\/\"},{\"@type\":\"ListItem\",\"position\":2,\"name\":\"Premija\",\"item\":\"https:\\\/\\\/megapari.games\\\/lt\\\/bonus\\\/\"},{\"@type\":\"ListItem\",\"position\":3,\"name\":\"Pirmasis ind\u0117lis\"}]},{\"@type\":\"WebSite\",\"@id\":\"https:\\\/\\\/megapari.games\\\/lt\\\/#website\",\"url\":\"https:\\\/\\\/megapari.games\\\/lt\\\/\",\"name\":\"Megapari Games LT\",\"description\":\"My WordPress Blog\",\"potentialAction\":[{\"@type\":\"SearchAction\",\"target\":{\"@type\":\"EntryPoint\",\"urlTemplate\":\"https:\\\/\\\/megapari.games\\\/lt\\\/?s={search_term_string}\"},\"query-input\":{\"@type\":\"PropertyValueSpecification\",\"valueRequired\":true,\"valueName\":\"search_term_string\"}}],\"inLanguage\":\"lt-LT\"}]}<\/script>\n<!-- \/ Yoast SEO plugin. -->","yoast_head_json":{"title":"Megapari sveikinimo paketas: 1500 \u20ac + 150 nemokam\u0173 sukim\u0173","description":"Nepraleiskite progos! Prisijunkite prie \"Megapari Lietuva\" ir gaukite \u012fsp\u016bding\u0105 sveikinimo paket\u0105 iki 1500 \u20ac + 150 nemokam\u0173 sukim\u0173! J\u016bs\u0173 laukia \u012fdom\u016bs \u017eaidimai ir neprilygstamos premijos. \u017daiskite i\u0161maniai - laim\u0117kite su jauduliu!","robots":{"index":"index","follow":"follow","max-snippet":"max-snippet:-1","max-image-preview":"max-image-preview:large","max-video-preview":"max-video-preview:-1"},"canonical":"https:\/\/megapari.games\/lt\/bonus\/first-deposit\/","og_locale":"lt_LT","og_type":"article","og_title":"Megapari sveikinimo paketas: 1500 \u20ac + 150 nemokam\u0173 sukim\u0173","og_description":"Nepraleiskite progos! Prisijunkite prie \"Megapari Lietuva\" ir gaukite \u012fsp\u016bding\u0105 sveikinimo paket\u0105 iki 1500 \u20ac + 150 nemokam\u0173 sukim\u0173! J\u016bs\u0173 laukia \u012fdom\u016bs \u017eaidimai ir neprilygstamos premijos. \u017daiskite i\u0161maniai - laim\u0117kite su jauduliu!","og_url":"https:\/\/megapari.games\/lt\/bonus\/first-deposit\/","og_site_name":"Megapari Games LT","article_modified_time":"2025-07-05T06:58:20+00:00","twitter_card":"summary_large_image","schema":{"@context":"https:\/\/schema.org","@graph":[{"@type":"WebPage","@id":"https:\/\/megapari.games\/lt\/bonus\/first-deposit\/","url":"https:\/\/megapari.games\/lt\/bonus\/first-deposit\/","name":"Megapari sveikinimo paketas: 1500 \u20ac + 150 nemokam\u0173 sukim\u0173","isPartOf":{"@id":"https:\/\/megapari.games\/lt\/#website"},"datePublished":"2025-03-27T08:52:05+00:00","dateModified":"2025-07-05T06:58:20+00:00","description":"Nepraleiskite progos! Prisijunkite prie \"Megapari Lietuva\" ir gaukite \u012fsp\u016bding\u0105 sveikinimo paket\u0105 iki 1500 \u20ac + 150 nemokam\u0173 sukim\u0173! J\u016bs\u0173 laukia \u012fdom\u016bs \u017eaidimai ir neprilygstamos premijos. \u017daiskite i\u0161maniai - laim\u0117kite su jauduliu!","breadcrumb":{"@id":"https:\/\/megapari.games\/lt\/bonus\/first-deposit\/#breadcrumb"},"inLanguage":"lt-LT","potentialAction":[{"@type":"ReadAction","target":["https:\/\/megapari.games\/lt\/bonus\/first-deposit\/"]}]},{"@type":"BreadcrumbList","@id":"https:\/\/megapari.games\/lt\/bonus\/first-deposit\/#breadcrumb","itemListElement":[{"@type":"ListItem","position":1,"name":"\u0413\u043b\u0430\u0432\u043d\u0430\u044f \u0441\u0442\u0440\u0430\u043d\u0438\u0446\u0430","item":"https:\/\/megapari.games\/lt\/"},{"@type":"ListItem","position":2,"name":"Premija","item":"https:\/\/megapari.games\/lt\/bonus\/"},{"@type":"ListItem","position":3,"name":"Pirmasis ind\u0117lis"}]},{"@type":"WebSite","@id":"https:\/\/megapari.games\/lt\/#website","url":"https:\/\/megapari.games\/lt\/","name":"Megapari Games LT","description":"My WordPress Blog","potentialAction":[{"@type":"SearchAction","target":{"@type":"EntryPoint","urlTemplate":"https:\/\/megapari.games\/lt\/?s={search_term_string}"},"query-input":{"@type":"PropertyValueSpecification","valueRequired":true,"valueName":"search_term_string"}}],"inLanguage":"lt-LT"}]}},"_links":{"self":[{"href":"https:\/\/megapari.games\/lt\/wp-json\/wp\/v2\/pages\/776","targetHints":{"allow":["GET"]}}],"collection":[{"href":"https:\/\/megapari.games\/lt\/wp-json\/wp\/v2\/pages"}],"about":[{"href":"https:\/\/megapari.games\/lt\/wp-json\/wp\/v2\/types\/page"}],"author":[{"embeddable":true,"href":"https:\/\/megapari.games\/lt\/wp-json\/wp\/v2\/users\/1"}],"replies":[{"embeddable":true,"href":"https:\/\/megapari.games\/lt\/wp-json\/wp\/v2\/comments?post=776"}],"version-history":[{"count":4,"href":"https:\/\/megapari.games\/lt\/wp-json\/wp\/v2\/pages\/776\/revisions"}],"predecessor-version":[{"id":944,"href":"https:\/\/megapari.games\/lt\/wp-json\/wp\/v2\/pages\/776\/revisions\/944"}],"up":[{"embeddable":true,"href":"https:\/\/megapari.games\/lt\/wp-json\/wp\/v2\/pages\/152"}],"wp:attachment":[{"href":"https:\/\/megapari.games\/lt\/wp-json\/wp\/v2\/media?parent=776"}],"curies":[{"name":"wp","href":"https:\/\/api.w.org\/{rel}","templated":true}]}}