{"id":799,"date":"2025-03-27T12:22:37","date_gmt":"2025-03-27T12:22:37","guid":{"rendered":"https:\/\/megapari.games\/lt\/?page_id=799"},"modified":"2025-07-05T07:02:46","modified_gmt":"2025-07-05T07:02:46","slug":"losing-bets","status":"publish","type":"page","link":"https:\/\/megapari.games\/lt\/bonus\/losing-bets\/","title":{"rendered":"Pralaim\u0117ti statymai"},"content":{"rendered":"","protected":false},"excerpt":{"rendered":"","protected":false},"author":1,"featured_media":0,"parent":152,"menu_order":0,"comment_status":"closed","ping_status":"closed","template":"","meta":{"inline_featured_image":false,"footnotes":""},"class_list":["post-799","page","type-page","status-publish","hentry"],"yoast_head":"<!-- This site is optimized with the Yoast SEO plugin v27.3 - https:\/\/yoast.com\/product\/yoast-seo-wordpress\/ -->\n<title>Megapari premija u\u017e pralaim\u0117tus statymus: \u017daid\u0117j\u0173 palaikymas<\/title>\n<meta name=\"description\" content=\"Pralaim\u0117jote la\u017eybas? Nepasiduokite! &quot;Megapari&quot; Lietuva si\u016blo neprilygstam\u0105 premij\u0105 \u017eaid\u0117jams, kuriems nepavyksta pralaim\u0117ti. Gaukite param\u0105 sunkiu metu ir atgaukite pasitik\u0117jim\u0105 savimi - lo\u0161im\u0173 pasaulis laukia j\u016bs\u0173!\" \/>\n<meta name=\"robots\" content=\"index, follow, max-snippet:-1, max-image-preview:large, max-video-preview:-1\" \/>\n<link rel=\"canonical\" href=\"https:\/\/megapari.games\/lt\/bonus\/losing-bets\/\" \/>\n<meta property=\"og:locale\" content=\"lt_LT\" \/>\n<meta property=\"og:type\" content=\"article\" \/>\n<meta property=\"og:title\" content=\"Megapari premija u\u017e pralaim\u0117tus statymus: \u017daid\u0117j\u0173 palaikymas\" \/>\n<meta property=\"og:description\" content=\"Pralaim\u0117jote la\u017eybas? Nepasiduokite! &quot;Megapari&quot; Lietuva si\u016blo neprilygstam\u0105 premij\u0105 \u017eaid\u0117jams, kuriems nepavyksta pralaim\u0117ti. Gaukite param\u0105 sunkiu metu ir atgaukite pasitik\u0117jim\u0105 savimi - lo\u0161im\u0173 pasaulis laukia j\u016bs\u0173!\" \/>\n<meta property=\"og:url\" content=\"https:\/\/megapari.games\/lt\/bonus\/losing-bets\/\" \/>\n<meta property=\"og:site_name\" content=\"Megapari Games LT\" \/>\n<meta property=\"article:modified_time\" content=\"2025-07-05T07:02:46+00:00\" \/>\n<meta name=\"twitter:card\" content=\"summary_large_image\" \/>\n<script type=\"application\/ld+json\" class=\"yoast-schema-graph\">{\"@context\":\"https:\\\/\\\/schema.org\",\"@graph\":[{\"@type\":\"WebPage\",\"@id\":\"https:\\\/\\\/megapari.games\\\/lt\\\/bonus\\\/losing-bets\\\/\",\"url\":\"https:\\\/\\\/megapari.games\\\/lt\\\/bonus\\\/losing-bets\\\/\",\"name\":\"Megapari premija u\u017e pralaim\u0117tus statymus: \u017daid\u0117j\u0173 palaikymas\",\"isPartOf\":{\"@id\":\"https:\\\/\\\/megapari.games\\\/lt\\\/#website\"},\"datePublished\":\"2025-03-27T12:22:37+00:00\",\"dateModified\":\"2025-07-05T07:02:46+00:00\",\"description\":\"Pralaim\u0117jote la\u017eybas? Nepasiduokite! \\\"Megapari\\\" Lietuva si\u016blo neprilygstam\u0105 premij\u0105 \u017eaid\u0117jams, kuriems nepavyksta pralaim\u0117ti. Gaukite param\u0105 sunkiu metu ir atgaukite pasitik\u0117jim\u0105 savimi - lo\u0161im\u0173 pasaulis laukia j\u016bs\u0173!\",\"breadcrumb\":{\"@id\":\"https:\\\/\\\/megapari.games\\\/lt\\\/bonus\\\/losing-bets\\\/#breadcrumb\"},\"inLanguage\":\"lt-LT\",\"potentialAction\":[{\"@type\":\"ReadAction\",\"target\":[\"https:\\\/\\\/megapari.games\\\/lt\\\/bonus\\\/losing-bets\\\/\"]}]},{\"@type\":\"BreadcrumbList\",\"@id\":\"https:\\\/\\\/megapari.games\\\/lt\\\/bonus\\\/losing-bets\\\/#breadcrumb\",\"itemListElement\":[{\"@type\":\"ListItem\",\"position\":1,\"name\":\"\u0413\u043b\u0430\u0432\u043d\u0430\u044f \u0441\u0442\u0440\u0430\u043d\u0438\u0446\u0430\",\"item\":\"https:\\\/\\\/megapari.games\\\/lt\\\/\"},{\"@type\":\"ListItem\",\"position\":2,\"name\":\"Premija\",\"item\":\"https:\\\/\\\/megapari.games\\\/lt\\\/bonus\\\/\"},{\"@type\":\"ListItem\",\"position\":3,\"name\":\"Pralaim\u0117ti statymai\"}]},{\"@type\":\"WebSite\",\"@id\":\"https:\\\/\\\/megapari.games\\\/lt\\\/#website\",\"url\":\"https:\\\/\\\/megapari.games\\\/lt\\\/\",\"name\":\"Megapari Games LT\",\"description\":\"My WordPress Blog\",\"potentialAction\":[{\"@type\":\"SearchAction\",\"target\":{\"@type\":\"EntryPoint\",\"urlTemplate\":\"https:\\\/\\\/megapari.games\\\/lt\\\/?s={search_term_string}\"},\"query-input\":{\"@type\":\"PropertyValueSpecification\",\"valueRequired\":true,\"valueName\":\"search_term_string\"}}],\"inLanguage\":\"lt-LT\"}]}<\/script>\n<!-- \/ Yoast SEO plugin. -->","yoast_head_json":{"title":"Megapari premija u\u017e pralaim\u0117tus statymus: \u017daid\u0117j\u0173 palaikymas","description":"Pralaim\u0117jote la\u017eybas? Nepasiduokite! \"Megapari\" Lietuva si\u016blo neprilygstam\u0105 premij\u0105 \u017eaid\u0117jams, kuriems nepavyksta pralaim\u0117ti. Gaukite param\u0105 sunkiu metu ir atgaukite pasitik\u0117jim\u0105 savimi - lo\u0161im\u0173 pasaulis laukia j\u016bs\u0173!","robots":{"index":"index","follow":"follow","max-snippet":"max-snippet:-1","max-image-preview":"max-image-preview:large","max-video-preview":"max-video-preview:-1"},"canonical":"https:\/\/megapari.games\/lt\/bonus\/losing-bets\/","og_locale":"lt_LT","og_type":"article","og_title":"Megapari premija u\u017e pralaim\u0117tus statymus: \u017daid\u0117j\u0173 palaikymas","og_description":"Pralaim\u0117jote la\u017eybas? Nepasiduokite! \"Megapari\" Lietuva si\u016blo neprilygstam\u0105 premij\u0105 \u017eaid\u0117jams, kuriems nepavyksta pralaim\u0117ti. Gaukite param\u0105 sunkiu metu ir atgaukite pasitik\u0117jim\u0105 savimi - lo\u0161im\u0173 pasaulis laukia j\u016bs\u0173!","og_url":"https:\/\/megapari.games\/lt\/bonus\/losing-bets\/","og_site_name":"Megapari Games LT","article_modified_time":"2025-07-05T07:02:46+00:00","twitter_card":"summary_large_image","schema":{"@context":"https:\/\/schema.org","@graph":[{"@type":"WebPage","@id":"https:\/\/megapari.games\/lt\/bonus\/losing-bets\/","url":"https:\/\/megapari.games\/lt\/bonus\/losing-bets\/","name":"Megapari premija u\u017e pralaim\u0117tus statymus: \u017daid\u0117j\u0173 palaikymas","isPartOf":{"@id":"https:\/\/megapari.games\/lt\/#website"},"datePublished":"2025-03-27T12:22:37+00:00","dateModified":"2025-07-05T07:02:46+00:00","description":"Pralaim\u0117jote la\u017eybas? Nepasiduokite! \"Megapari\" Lietuva si\u016blo neprilygstam\u0105 premij\u0105 \u017eaid\u0117jams, kuriems nepavyksta pralaim\u0117ti. Gaukite param\u0105 sunkiu metu ir atgaukite pasitik\u0117jim\u0105 savimi - lo\u0161im\u0173 pasaulis laukia j\u016bs\u0173!","breadcrumb":{"@id":"https:\/\/megapari.games\/lt\/bonus\/losing-bets\/#breadcrumb"},"inLanguage":"lt-LT","potentialAction":[{"@type":"ReadAction","target":["https:\/\/megapari.games\/lt\/bonus\/losing-bets\/"]}]},{"@type":"BreadcrumbList","@id":"https:\/\/megapari.games\/lt\/bonus\/losing-bets\/#breadcrumb","itemListElement":[{"@type":"ListItem","position":1,"name":"\u0413\u043b\u0430\u0432\u043d\u0430\u044f \u0441\u0442\u0440\u0430\u043d\u0438\u0446\u0430","item":"https:\/\/megapari.games\/lt\/"},{"@type":"ListItem","position":2,"name":"Premija","item":"https:\/\/megapari.games\/lt\/bonus\/"},{"@type":"ListItem","position":3,"name":"Pralaim\u0117ti statymai"}]},{"@type":"WebSite","@id":"https:\/\/megapari.games\/lt\/#website","url":"https:\/\/megapari.games\/lt\/","name":"Megapari Games LT","description":"My WordPress Blog","potentialAction":[{"@type":"SearchAction","target":{"@type":"EntryPoint","urlTemplate":"https:\/\/megapari.games\/lt\/?s={search_term_string}"},"query-input":{"@type":"PropertyValueSpecification","valueRequired":true,"valueName":"search_term_string"}}],"inLanguage":"lt-LT"}]}},"_links":{"self":[{"href":"https:\/\/megapari.games\/lt\/wp-json\/wp\/v2\/pages\/799","targetHints":{"allow":["GET"]}}],"collection":[{"href":"https:\/\/megapari.games\/lt\/wp-json\/wp\/v2\/pages"}],"about":[{"href":"https:\/\/megapari.games\/lt\/wp-json\/wp\/v2\/types\/page"}],"author":[{"embeddable":true,"href":"https:\/\/megapari.games\/lt\/wp-json\/wp\/v2\/users\/1"}],"replies":[{"embeddable":true,"href":"https:\/\/megapari.games\/lt\/wp-json\/wp\/v2\/comments?post=799"}],"version-history":[{"count":5,"href":"https:\/\/megapari.games\/lt\/wp-json\/wp\/v2\/pages\/799\/revisions"}],"predecessor-version":[{"id":948,"href":"https:\/\/megapari.games\/lt\/wp-json\/wp\/v2\/pages\/799\/revisions\/948"}],"up":[{"embeddable":true,"href":"https:\/\/megapari.games\/lt\/wp-json\/wp\/v2\/pages\/152"}],"wp:attachment":[{"href":"https:\/\/megapari.games\/lt\/wp-json\/wp\/v2\/media?parent=799"}],"curies":[{"name":"wp","href":"https:\/\/api.w.org\/{rel}","templated":true}]}}