{"id":807,"date":"2025-03-27T13:02:20","date_gmt":"2025-03-27T13:02:20","guid":{"rendered":"https:\/\/megapari.games\/lt\/?page_id=807"},"modified":"2025-07-05T07:02:56","modified_gmt":"2025-07-05T07:02:56","slug":"mega-booster","status":"publish","type":"page","link":"https:\/\/megapari.games\/lt\/bonus\/mega-booster\/","title":{"rendered":"Mega stiprintuvas"},"content":{"rendered":"","protected":false},"excerpt":{"rendered":"","protected":false},"author":1,"featured_media":0,"parent":152,"menu_order":0,"comment_status":"closed","ping_status":"closed","template":"","meta":{"inline_featured_image":false,"footnotes":""},"class_list":["post-807","page","type-page","status-publish","hentry"],"yoast_head":"<!-- This site is optimized with the Yoast SEO plugin v27.3 - https:\/\/yoast.com\/product\/yoast-seo-wordpress\/ -->\n<title>Megapari Mega stiprintuvas: Padidinkite savo laim\u0117jimus iki 200 %.<\/title>\n<meta name=\"description\" content=\"Norite padidinti savo laim\u0117jimus iki 200 %? Prisijunkite prie Megapari Lietuva Mega stiprintuvas! Tiesiog statykite u\u017e ma\u017eiausiai 4 pasirinkimus akumuliatoriuje ir steb\u0117kite, kaip auga j\u016bs\u0173 prizai. Nepraleiskite savo \u0161anso laim\u0117ti didel\u012f rezultat\u0105!\" \/>\n<meta name=\"robots\" content=\"index, follow, max-snippet:-1, max-image-preview:large, max-video-preview:-1\" \/>\n<link rel=\"canonical\" href=\"https:\/\/megapari.games\/lt\/bonus\/mega-booster\/\" \/>\n<meta property=\"og:locale\" content=\"lt_LT\" \/>\n<meta property=\"og:type\" content=\"article\" \/>\n<meta property=\"og:title\" content=\"Megapari Mega stiprintuvas: Padidinkite savo laim\u0117jimus iki 200 %.\" \/>\n<meta property=\"og:description\" content=\"Norite padidinti savo laim\u0117jimus iki 200 %? Prisijunkite prie Megapari Lietuva Mega stiprintuvas! Tiesiog statykite u\u017e ma\u017eiausiai 4 pasirinkimus akumuliatoriuje ir steb\u0117kite, kaip auga j\u016bs\u0173 prizai. Nepraleiskite savo \u0161anso laim\u0117ti didel\u012f rezultat\u0105!\" \/>\n<meta property=\"og:url\" content=\"https:\/\/megapari.games\/lt\/bonus\/mega-booster\/\" \/>\n<meta property=\"og:site_name\" content=\"Megapari Games LT\" \/>\n<meta property=\"article:modified_time\" content=\"2025-07-05T07:02:56+00:00\" \/>\n<meta name=\"twitter:card\" content=\"summary_large_image\" \/>\n<script type=\"application\/ld+json\" class=\"yoast-schema-graph\">{\"@context\":\"https:\\\/\\\/schema.org\",\"@graph\":[{\"@type\":\"WebPage\",\"@id\":\"https:\\\/\\\/megapari.games\\\/lt\\\/bonus\\\/mega-booster\\\/\",\"url\":\"https:\\\/\\\/megapari.games\\\/lt\\\/bonus\\\/mega-booster\\\/\",\"name\":\"Megapari Mega stiprintuvas: Padidinkite savo laim\u0117jimus iki 200 %.\",\"isPartOf\":{\"@id\":\"https:\\\/\\\/megapari.games\\\/lt\\\/#website\"},\"datePublished\":\"2025-03-27T13:02:20+00:00\",\"dateModified\":\"2025-07-05T07:02:56+00:00\",\"description\":\"Norite padidinti savo laim\u0117jimus iki 200 %? Prisijunkite prie Megapari Lietuva Mega stiprintuvas! Tiesiog statykite u\u017e ma\u017eiausiai 4 pasirinkimus akumuliatoriuje ir steb\u0117kite, kaip auga j\u016bs\u0173 prizai. Nepraleiskite savo \u0161anso laim\u0117ti didel\u012f rezultat\u0105!\",\"breadcrumb\":{\"@id\":\"https:\\\/\\\/megapari.games\\\/lt\\\/bonus\\\/mega-booster\\\/#breadcrumb\"},\"inLanguage\":\"lt-LT\",\"potentialAction\":[{\"@type\":\"ReadAction\",\"target\":[\"https:\\\/\\\/megapari.games\\\/lt\\\/bonus\\\/mega-booster\\\/\"]}]},{\"@type\":\"BreadcrumbList\",\"@id\":\"https:\\\/\\\/megapari.games\\\/lt\\\/bonus\\\/mega-booster\\\/#breadcrumb\",\"itemListElement\":[{\"@type\":\"ListItem\",\"position\":1,\"name\":\"\u0413\u043b\u0430\u0432\u043d\u0430\u044f \u0441\u0442\u0440\u0430\u043d\u0438\u0446\u0430\",\"item\":\"https:\\\/\\\/megapari.games\\\/lt\\\/\"},{\"@type\":\"ListItem\",\"position\":2,\"name\":\"Premija\",\"item\":\"https:\\\/\\\/megapari.games\\\/lt\\\/bonus\\\/\"},{\"@type\":\"ListItem\",\"position\":3,\"name\":\"Mega stiprintuvas\"}]},{\"@type\":\"WebSite\",\"@id\":\"https:\\\/\\\/megapari.games\\\/lt\\\/#website\",\"url\":\"https:\\\/\\\/megapari.games\\\/lt\\\/\",\"name\":\"Megapari Games LT\",\"description\":\"My WordPress Blog\",\"potentialAction\":[{\"@type\":\"SearchAction\",\"target\":{\"@type\":\"EntryPoint\",\"urlTemplate\":\"https:\\\/\\\/megapari.games\\\/lt\\\/?s={search_term_string}\"},\"query-input\":{\"@type\":\"PropertyValueSpecification\",\"valueRequired\":true,\"valueName\":\"search_term_string\"}}],\"inLanguage\":\"lt-LT\"}]}<\/script>\n<!-- \/ Yoast SEO plugin. -->","yoast_head_json":{"title":"Megapari Mega stiprintuvas: Padidinkite savo laim\u0117jimus iki 200 %.","description":"Norite padidinti savo laim\u0117jimus iki 200 %? Prisijunkite prie Megapari Lietuva Mega stiprintuvas! Tiesiog statykite u\u017e ma\u017eiausiai 4 pasirinkimus akumuliatoriuje ir steb\u0117kite, kaip auga j\u016bs\u0173 prizai. Nepraleiskite savo \u0161anso laim\u0117ti didel\u012f rezultat\u0105!","robots":{"index":"index","follow":"follow","max-snippet":"max-snippet:-1","max-image-preview":"max-image-preview:large","max-video-preview":"max-video-preview:-1"},"canonical":"https:\/\/megapari.games\/lt\/bonus\/mega-booster\/","og_locale":"lt_LT","og_type":"article","og_title":"Megapari Mega stiprintuvas: Padidinkite savo laim\u0117jimus iki 200 %.","og_description":"Norite padidinti savo laim\u0117jimus iki 200 %? Prisijunkite prie Megapari Lietuva Mega stiprintuvas! Tiesiog statykite u\u017e ma\u017eiausiai 4 pasirinkimus akumuliatoriuje ir steb\u0117kite, kaip auga j\u016bs\u0173 prizai. Nepraleiskite savo \u0161anso laim\u0117ti didel\u012f rezultat\u0105!","og_url":"https:\/\/megapari.games\/lt\/bonus\/mega-booster\/","og_site_name":"Megapari Games LT","article_modified_time":"2025-07-05T07:02:56+00:00","twitter_card":"summary_large_image","schema":{"@context":"https:\/\/schema.org","@graph":[{"@type":"WebPage","@id":"https:\/\/megapari.games\/lt\/bonus\/mega-booster\/","url":"https:\/\/megapari.games\/lt\/bonus\/mega-booster\/","name":"Megapari Mega stiprintuvas: Padidinkite savo laim\u0117jimus iki 200 %.","isPartOf":{"@id":"https:\/\/megapari.games\/lt\/#website"},"datePublished":"2025-03-27T13:02:20+00:00","dateModified":"2025-07-05T07:02:56+00:00","description":"Norite padidinti savo laim\u0117jimus iki 200 %? Prisijunkite prie Megapari Lietuva Mega stiprintuvas! Tiesiog statykite u\u017e ma\u017eiausiai 4 pasirinkimus akumuliatoriuje ir steb\u0117kite, kaip auga j\u016bs\u0173 prizai. Nepraleiskite savo \u0161anso laim\u0117ti didel\u012f rezultat\u0105!","breadcrumb":{"@id":"https:\/\/megapari.games\/lt\/bonus\/mega-booster\/#breadcrumb"},"inLanguage":"lt-LT","potentialAction":[{"@type":"ReadAction","target":["https:\/\/megapari.games\/lt\/bonus\/mega-booster\/"]}]},{"@type":"BreadcrumbList","@id":"https:\/\/megapari.games\/lt\/bonus\/mega-booster\/#breadcrumb","itemListElement":[{"@type":"ListItem","position":1,"name":"\u0413\u043b\u0430\u0432\u043d\u0430\u044f \u0441\u0442\u0440\u0430\u043d\u0438\u0446\u0430","item":"https:\/\/megapari.games\/lt\/"},{"@type":"ListItem","position":2,"name":"Premija","item":"https:\/\/megapari.games\/lt\/bonus\/"},{"@type":"ListItem","position":3,"name":"Mega stiprintuvas"}]},{"@type":"WebSite","@id":"https:\/\/megapari.games\/lt\/#website","url":"https:\/\/megapari.games\/lt\/","name":"Megapari Games LT","description":"My WordPress Blog","potentialAction":[{"@type":"SearchAction","target":{"@type":"EntryPoint","urlTemplate":"https:\/\/megapari.games\/lt\/?s={search_term_string}"},"query-input":{"@type":"PropertyValueSpecification","valueRequired":true,"valueName":"search_term_string"}}],"inLanguage":"lt-LT"}]}},"_links":{"self":[{"href":"https:\/\/megapari.games\/lt\/wp-json\/wp\/v2\/pages\/807","targetHints":{"allow":["GET"]}}],"collection":[{"href":"https:\/\/megapari.games\/lt\/wp-json\/wp\/v2\/pages"}],"about":[{"href":"https:\/\/megapari.games\/lt\/wp-json\/wp\/v2\/types\/page"}],"author":[{"embeddable":true,"href":"https:\/\/megapari.games\/lt\/wp-json\/wp\/v2\/users\/1"}],"replies":[{"embeddable":true,"href":"https:\/\/megapari.games\/lt\/wp-json\/wp\/v2\/comments?post=807"}],"version-history":[{"count":5,"href":"https:\/\/megapari.games\/lt\/wp-json\/wp\/v2\/pages\/807\/revisions"}],"predecessor-version":[{"id":949,"href":"https:\/\/megapari.games\/lt\/wp-json\/wp\/v2\/pages\/807\/revisions\/949"}],"up":[{"embeddable":true,"href":"https:\/\/megapari.games\/lt\/wp-json\/wp\/v2\/pages\/152"}],"wp:attachment":[{"href":"https:\/\/megapari.games\/lt\/wp-json\/wp\/v2\/media?parent=807"}],"curies":[{"name":"wp","href":"https:\/\/api.w.org\/{rel}","templated":true}]}}