{"id":815,"date":"2025-03-27T13:37:08","date_gmt":"2025-03-27T13:37:08","guid":{"rendered":"https:\/\/megapari.games\/lt\/?page_id=815"},"modified":"2025-07-05T07:03:06","modified_gmt":"2025-07-05T07:03:06","slug":"welcome-package","status":"publish","type":"page","link":"https:\/\/megapari.games\/lt\/bonus\/welcome-package\/","title":{"rendered":"Pasveikinimo paketas"},"content":{"rendered":"","protected":false},"excerpt":{"rendered":"","protected":false},"author":1,"featured_media":0,"parent":152,"menu_order":0,"comment_status":"closed","ping_status":"closed","template":"","meta":{"inline_featured_image":false,"footnotes":""},"class_list":["post-815","page","type-page","status-publish","hentry"],"yoast_head":"<!-- This site is optimized with the Yoast SEO plugin v27.3 - https:\/\/yoast.com\/product\/yoast-seo-wordpress\/ -->\n<title>Megapari sveikinimo paketas: 200 \u20ac u\u017e pirmuosius du ind\u0117lius<\/title>\n<meta name=\"description\" content=\"Nepraleiskite progos gauti \u0161auni\u0105 premij\u0105! U\u017esiregistruokite &quot;Megapari&quot; Lietuva ir u\u017e pirmuosius du ind\u0117lius gaukite iki 200 \u20ac. Laukia \u012fdom\u016bs \u017eaidimai - \u012fsigykite savo, kol dar nev\u0117lu!\" \/>\n<meta name=\"robots\" content=\"index, follow, max-snippet:-1, max-image-preview:large, max-video-preview:-1\" \/>\n<link rel=\"canonical\" href=\"https:\/\/megapari.games\/lt\/bonus\/welcome-package\/\" \/>\n<meta property=\"og:locale\" content=\"lt_LT\" \/>\n<meta property=\"og:type\" content=\"article\" \/>\n<meta property=\"og:title\" content=\"Megapari sveikinimo paketas: 200 \u20ac u\u017e pirmuosius du ind\u0117lius\" \/>\n<meta property=\"og:description\" content=\"Nepraleiskite progos gauti \u0161auni\u0105 premij\u0105! U\u017esiregistruokite &quot;Megapari&quot; Lietuva ir u\u017e pirmuosius du ind\u0117lius gaukite iki 200 \u20ac. Laukia \u012fdom\u016bs \u017eaidimai - \u012fsigykite savo, kol dar nev\u0117lu!\" \/>\n<meta property=\"og:url\" content=\"https:\/\/megapari.games\/lt\/bonus\/welcome-package\/\" \/>\n<meta property=\"og:site_name\" content=\"Megapari Games LT\" \/>\n<meta property=\"article:modified_time\" content=\"2025-07-05T07:03:06+00:00\" \/>\n<meta name=\"twitter:card\" content=\"summary_large_image\" \/>\n<script type=\"application\/ld+json\" class=\"yoast-schema-graph\">{\"@context\":\"https:\\\/\\\/schema.org\",\"@graph\":[{\"@type\":\"WebPage\",\"@id\":\"https:\\\/\\\/megapari.games\\\/lt\\\/bonus\\\/welcome-package\\\/\",\"url\":\"https:\\\/\\\/megapari.games\\\/lt\\\/bonus\\\/welcome-package\\\/\",\"name\":\"Megapari sveikinimo paketas: 200 \u20ac u\u017e pirmuosius du ind\u0117lius\",\"isPartOf\":{\"@id\":\"https:\\\/\\\/megapari.games\\\/lt\\\/#website\"},\"datePublished\":\"2025-03-27T13:37:08+00:00\",\"dateModified\":\"2025-07-05T07:03:06+00:00\",\"description\":\"Nepraleiskite progos gauti \u0161auni\u0105 premij\u0105! U\u017esiregistruokite \\\"Megapari\\\" Lietuva ir u\u017e pirmuosius du ind\u0117lius gaukite iki 200 \u20ac. Laukia \u012fdom\u016bs \u017eaidimai - \u012fsigykite savo, kol dar nev\u0117lu!\",\"breadcrumb\":{\"@id\":\"https:\\\/\\\/megapari.games\\\/lt\\\/bonus\\\/welcome-package\\\/#breadcrumb\"},\"inLanguage\":\"lt-LT\",\"potentialAction\":[{\"@type\":\"ReadAction\",\"target\":[\"https:\\\/\\\/megapari.games\\\/lt\\\/bonus\\\/welcome-package\\\/\"]}]},{\"@type\":\"BreadcrumbList\",\"@id\":\"https:\\\/\\\/megapari.games\\\/lt\\\/bonus\\\/welcome-package\\\/#breadcrumb\",\"itemListElement\":[{\"@type\":\"ListItem\",\"position\":1,\"name\":\"\u0413\u043b\u0430\u0432\u043d\u0430\u044f \u0441\u0442\u0440\u0430\u043d\u0438\u0446\u0430\",\"item\":\"https:\\\/\\\/megapari.games\\\/lt\\\/\"},{\"@type\":\"ListItem\",\"position\":2,\"name\":\"Premija\",\"item\":\"https:\\\/\\\/megapari.games\\\/lt\\\/bonus\\\/\"},{\"@type\":\"ListItem\",\"position\":3,\"name\":\"Pasveikinimo paketas\"}]},{\"@type\":\"WebSite\",\"@id\":\"https:\\\/\\\/megapari.games\\\/lt\\\/#website\",\"url\":\"https:\\\/\\\/megapari.games\\\/lt\\\/\",\"name\":\"Megapari Games LT\",\"description\":\"My WordPress Blog\",\"potentialAction\":[{\"@type\":\"SearchAction\",\"target\":{\"@type\":\"EntryPoint\",\"urlTemplate\":\"https:\\\/\\\/megapari.games\\\/lt\\\/?s={search_term_string}\"},\"query-input\":{\"@type\":\"PropertyValueSpecification\",\"valueRequired\":true,\"valueName\":\"search_term_string\"}}],\"inLanguage\":\"lt-LT\"}]}<\/script>\n<!-- \/ Yoast SEO plugin. -->","yoast_head_json":{"title":"Megapari sveikinimo paketas: 200 \u20ac u\u017e pirmuosius du ind\u0117lius","description":"Nepraleiskite progos gauti \u0161auni\u0105 premij\u0105! U\u017esiregistruokite \"Megapari\" Lietuva ir u\u017e pirmuosius du ind\u0117lius gaukite iki 200 \u20ac. Laukia \u012fdom\u016bs \u017eaidimai - \u012fsigykite savo, kol dar nev\u0117lu!","robots":{"index":"index","follow":"follow","max-snippet":"max-snippet:-1","max-image-preview":"max-image-preview:large","max-video-preview":"max-video-preview:-1"},"canonical":"https:\/\/megapari.games\/lt\/bonus\/welcome-package\/","og_locale":"lt_LT","og_type":"article","og_title":"Megapari sveikinimo paketas: 200 \u20ac u\u017e pirmuosius du ind\u0117lius","og_description":"Nepraleiskite progos gauti \u0161auni\u0105 premij\u0105! U\u017esiregistruokite \"Megapari\" Lietuva ir u\u017e pirmuosius du ind\u0117lius gaukite iki 200 \u20ac. Laukia \u012fdom\u016bs \u017eaidimai - \u012fsigykite savo, kol dar nev\u0117lu!","og_url":"https:\/\/megapari.games\/lt\/bonus\/welcome-package\/","og_site_name":"Megapari Games LT","article_modified_time":"2025-07-05T07:03:06+00:00","twitter_card":"summary_large_image","schema":{"@context":"https:\/\/schema.org","@graph":[{"@type":"WebPage","@id":"https:\/\/megapari.games\/lt\/bonus\/welcome-package\/","url":"https:\/\/megapari.games\/lt\/bonus\/welcome-package\/","name":"Megapari sveikinimo paketas: 200 \u20ac u\u017e pirmuosius du ind\u0117lius","isPartOf":{"@id":"https:\/\/megapari.games\/lt\/#website"},"datePublished":"2025-03-27T13:37:08+00:00","dateModified":"2025-07-05T07:03:06+00:00","description":"Nepraleiskite progos gauti \u0161auni\u0105 premij\u0105! U\u017esiregistruokite \"Megapari\" Lietuva ir u\u017e pirmuosius du ind\u0117lius gaukite iki 200 \u20ac. Laukia \u012fdom\u016bs \u017eaidimai - \u012fsigykite savo, kol dar nev\u0117lu!","breadcrumb":{"@id":"https:\/\/megapari.games\/lt\/bonus\/welcome-package\/#breadcrumb"},"inLanguage":"lt-LT","potentialAction":[{"@type":"ReadAction","target":["https:\/\/megapari.games\/lt\/bonus\/welcome-package\/"]}]},{"@type":"BreadcrumbList","@id":"https:\/\/megapari.games\/lt\/bonus\/welcome-package\/#breadcrumb","itemListElement":[{"@type":"ListItem","position":1,"name":"\u0413\u043b\u0430\u0432\u043d\u0430\u044f \u0441\u0442\u0440\u0430\u043d\u0438\u0446\u0430","item":"https:\/\/megapari.games\/lt\/"},{"@type":"ListItem","position":2,"name":"Premija","item":"https:\/\/megapari.games\/lt\/bonus\/"},{"@type":"ListItem","position":3,"name":"Pasveikinimo paketas"}]},{"@type":"WebSite","@id":"https:\/\/megapari.games\/lt\/#website","url":"https:\/\/megapari.games\/lt\/","name":"Megapari Games LT","description":"My WordPress Blog","potentialAction":[{"@type":"SearchAction","target":{"@type":"EntryPoint","urlTemplate":"https:\/\/megapari.games\/lt\/?s={search_term_string}"},"query-input":{"@type":"PropertyValueSpecification","valueRequired":true,"valueName":"search_term_string"}}],"inLanguage":"lt-LT"}]}},"_links":{"self":[{"href":"https:\/\/megapari.games\/lt\/wp-json\/wp\/v2\/pages\/815","targetHints":{"allow":["GET"]}}],"collection":[{"href":"https:\/\/megapari.games\/lt\/wp-json\/wp\/v2\/pages"}],"about":[{"href":"https:\/\/megapari.games\/lt\/wp-json\/wp\/v2\/types\/page"}],"author":[{"embeddable":true,"href":"https:\/\/megapari.games\/lt\/wp-json\/wp\/v2\/users\/1"}],"replies":[{"embeddable":true,"href":"https:\/\/megapari.games\/lt\/wp-json\/wp\/v2\/comments?post=815"}],"version-history":[{"count":5,"href":"https:\/\/megapari.games\/lt\/wp-json\/wp\/v2\/pages\/815\/revisions"}],"predecessor-version":[{"id":950,"href":"https:\/\/megapari.games\/lt\/wp-json\/wp\/v2\/pages\/815\/revisions\/950"}],"up":[{"embeddable":true,"href":"https:\/\/megapari.games\/lt\/wp-json\/wp\/v2\/pages\/152"}],"wp:attachment":[{"href":"https:\/\/megapari.games\/lt\/wp-json\/wp\/v2\/media?parent=815"}],"curies":[{"name":"wp","href":"https:\/\/api.w.org\/{rel}","templated":true}]}}