{"id":1150,"date":"2025-11-24T11:20:12","date_gmt":"2025-11-24T11:20:12","guid":{"rendered":"https:\/\/megapari.games\/lu\/?page_id=1150"},"modified":"2026-03-01T17:20:08","modified_gmt":"2026-03-01T17:20:08","slug":"ufc-betting","status":"publish","type":"page","link":"https:\/\/megapari.games\/lu\/ufc-betting\/","title":{"rendered":"UFC"},"content":{"rendered":"","protected":false},"excerpt":{"rendered":"","protected":false},"author":1,"featured_media":0,"parent":0,"menu_order":0,"comment_status":"closed","ping_status":"closed","template":"","meta":{"inline_featured_image":false,"footnotes":""},"class_list":["post-1150","page","type-page","status-publish","hentry"],"yoast_head":"<!-- This site is optimized with the Yoast SEO plugin v27.4 - https:\/\/yoast.com\/product\/yoast-seo-wordpress\/ -->\n<title>Megapari UFC\u2014 komplett L\u00ebscht, Statistiken a Bonusofferen<\/title>\n<meta name=\"description\" content=\"UFC-Wetten op Megapari \u2014 detaill\u00e9iert Kampfpl\u00e4ng, K\u00e4mpferstatistiken, Live-Daten an analytesch Tools. L\u00e9iert iwwer d\u00e9i verf\u00fcgbar Turn\u00e9ier, d&#039;Interface-Funktiounen an d&#039;Bonusprogrammer op der Plattform.\" \/>\n<meta name=\"robots\" content=\"index, follow, max-snippet:-1, max-image-preview:large, max-video-preview:-1\" \/>\n<link rel=\"canonical\" href=\"https:\/\/megapari.games\/lu\/ufc-betting\/\" \/>\n<meta property=\"og:locale\" content=\"en_US\" \/>\n<meta property=\"og:type\" content=\"article\" \/>\n<meta property=\"og:title\" content=\"Megapari UFC\u2014 komplett L\u00ebscht, Statistiken a Bonusofferen\" \/>\n<meta property=\"og:description\" content=\"UFC-Wetten op Megapari \u2014 detaill\u00e9iert Kampfpl\u00e4ng, K\u00e4mpferstatistiken, Live-Daten an analytesch Tools. L\u00e9iert iwwer d\u00e9i verf\u00fcgbar Turn\u00e9ier, d&#039;Interface-Funktiounen an d&#039;Bonusprogrammer op der Plattform.\" \/>\n<meta property=\"og:url\" content=\"https:\/\/megapari.games\/lu\/ufc-betting\/\" \/>\n<meta property=\"og:site_name\" content=\"Megapari Games lu\" \/>\n<meta property=\"article:modified_time\" content=\"2026-03-01T17:20:08+00:00\" \/>\n<meta name=\"twitter:card\" content=\"summary_large_image\" \/>\n<script type=\"application\/ld+json\" class=\"yoast-schema-graph\">{\"@context\":\"https:\\\/\\\/schema.org\",\"@graph\":[{\"@type\":\"WebPage\",\"@id\":\"https:\\\/\\\/megapari.games\\\/lu\\\/ufc-betting\\\/\",\"url\":\"https:\\\/\\\/megapari.games\\\/lu\\\/ufc-betting\\\/\",\"name\":\"Megapari UFC\u2014 komplett L\u00ebscht, Statistiken a Bonusofferen\",\"isPartOf\":{\"@id\":\"https:\\\/\\\/megapari.games\\\/lu\\\/#website\"},\"datePublished\":\"2025-11-24T11:20:12+00:00\",\"dateModified\":\"2026-03-01T17:20:08+00:00\",\"description\":\"UFC-Wetten op Megapari \u2014 detaill\u00e9iert Kampfpl\u00e4ng, K\u00e4mpferstatistiken, Live-Daten an analytesch Tools. L\u00e9iert iwwer d\u00e9i verf\u00fcgbar Turn\u00e9ier, d'Interface-Funktiounen an d'Bonusprogrammer op der Plattform.\",\"breadcrumb\":{\"@id\":\"https:\\\/\\\/megapari.games\\\/lu\\\/ufc-betting\\\/#breadcrumb\"},\"inLanguage\":\"en-LU\",\"potentialAction\":[{\"@type\":\"ReadAction\",\"target\":[\"https:\\\/\\\/megapari.games\\\/lu\\\/ufc-betting\\\/\"]}]},{\"@type\":\"BreadcrumbList\",\"@id\":\"https:\\\/\\\/megapari.games\\\/lu\\\/ufc-betting\\\/#breadcrumb\",\"itemListElement\":[{\"@type\":\"ListItem\",\"position\":1,\"name\":\"\u0413\u043b\u0430\u0432\u043d\u0430\u044f \u0441\u0442\u0440\u0430\u043d\u0438\u0446\u0430\",\"item\":\"https:\\\/\\\/megapari.games\\\/lu\\\/\"},{\"@type\":\"ListItem\",\"position\":2,\"name\":\"UFC\"}]},{\"@type\":\"WebSite\",\"@id\":\"https:\\\/\\\/megapari.games\\\/lu\\\/#website\",\"url\":\"https:\\\/\\\/megapari.games\\\/lu\\\/\",\"name\":\"Megapari Games lu\",\"description\":\"My WordPress Blog\",\"potentialAction\":[{\"@type\":\"SearchAction\",\"target\":{\"@type\":\"EntryPoint\",\"urlTemplate\":\"https:\\\/\\\/megapari.games\\\/lu\\\/?s={search_term_string}\"},\"query-input\":{\"@type\":\"PropertyValueSpecification\",\"valueRequired\":true,\"valueName\":\"search_term_string\"}}],\"inLanguage\":\"en-LU\"}]}<\/script>\n<!-- \/ Yoast SEO plugin. -->","yoast_head_json":{"title":"Megapari UFC\u2014 komplett L\u00ebscht, Statistiken a Bonusofferen","description":"UFC-Wetten op Megapari \u2014 detaill\u00e9iert Kampfpl\u00e4ng, K\u00e4mpferstatistiken, Live-Daten an analytesch Tools. L\u00e9iert iwwer d\u00e9i verf\u00fcgbar Turn\u00e9ier, d'Interface-Funktiounen an d'Bonusprogrammer op der Plattform.","robots":{"index":"index","follow":"follow","max-snippet":"max-snippet:-1","max-image-preview":"max-image-preview:large","max-video-preview":"max-video-preview:-1"},"canonical":"https:\/\/megapari.games\/lu\/ufc-betting\/","og_locale":"en_US","og_type":"article","og_title":"Megapari UFC\u2014 komplett L\u00ebscht, Statistiken a Bonusofferen","og_description":"UFC-Wetten op Megapari \u2014 detaill\u00e9iert Kampfpl\u00e4ng, K\u00e4mpferstatistiken, Live-Daten an analytesch Tools. L\u00e9iert iwwer d\u00e9i verf\u00fcgbar Turn\u00e9ier, d'Interface-Funktiounen an d'Bonusprogrammer op der Plattform.","og_url":"https:\/\/megapari.games\/lu\/ufc-betting\/","og_site_name":"Megapari Games lu","article_modified_time":"2026-03-01T17:20:08+00:00","twitter_card":"summary_large_image","schema":{"@context":"https:\/\/schema.org","@graph":[{"@type":"WebPage","@id":"https:\/\/megapari.games\/lu\/ufc-betting\/","url":"https:\/\/megapari.games\/lu\/ufc-betting\/","name":"Megapari UFC\u2014 komplett L\u00ebscht, Statistiken a Bonusofferen","isPartOf":{"@id":"https:\/\/megapari.games\/lu\/#website"},"datePublished":"2025-11-24T11:20:12+00:00","dateModified":"2026-03-01T17:20:08+00:00","description":"UFC-Wetten op Megapari \u2014 detaill\u00e9iert Kampfpl\u00e4ng, K\u00e4mpferstatistiken, Live-Daten an analytesch Tools. L\u00e9iert iwwer d\u00e9i verf\u00fcgbar Turn\u00e9ier, d'Interface-Funktiounen an d'Bonusprogrammer op der Plattform.","breadcrumb":{"@id":"https:\/\/megapari.games\/lu\/ufc-betting\/#breadcrumb"},"inLanguage":"en-LU","potentialAction":[{"@type":"ReadAction","target":["https:\/\/megapari.games\/lu\/ufc-betting\/"]}]},{"@type":"BreadcrumbList","@id":"https:\/\/megapari.games\/lu\/ufc-betting\/#breadcrumb","itemListElement":[{"@type":"ListItem","position":1,"name":"\u0413\u043b\u0430\u0432\u043d\u0430\u044f \u0441\u0442\u0440\u0430\u043d\u0438\u0446\u0430","item":"https:\/\/megapari.games\/lu\/"},{"@type":"ListItem","position":2,"name":"UFC"}]},{"@type":"WebSite","@id":"https:\/\/megapari.games\/lu\/#website","url":"https:\/\/megapari.games\/lu\/","name":"Megapari Games lu","description":"My WordPress Blog","potentialAction":[{"@type":"SearchAction","target":{"@type":"EntryPoint","urlTemplate":"https:\/\/megapari.games\/lu\/?s={search_term_string}"},"query-input":{"@type":"PropertyValueSpecification","valueRequired":true,"valueName":"search_term_string"}}],"inLanguage":"en-LU"}]}},"_links":{"self":[{"href":"https:\/\/megapari.games\/lu\/wp-json\/wp\/v2\/pages\/1150","targetHints":{"allow":["GET"]}}],"collection":[{"href":"https:\/\/megapari.games\/lu\/wp-json\/wp\/v2\/pages"}],"about":[{"href":"https:\/\/megapari.games\/lu\/wp-json\/wp\/v2\/types\/page"}],"author":[{"embeddable":true,"href":"https:\/\/megapari.games\/lu\/wp-json\/wp\/v2\/users\/1"}],"replies":[{"embeddable":true,"href":"https:\/\/megapari.games\/lu\/wp-json\/wp\/v2\/comments?post=1150"}],"version-history":[{"count":6,"href":"https:\/\/megapari.games\/lu\/wp-json\/wp\/v2\/pages\/1150\/revisions"}],"predecessor-version":[{"id":1673,"href":"https:\/\/megapari.games\/lu\/wp-json\/wp\/v2\/pages\/1150\/revisions\/1673"}],"wp:attachment":[{"href":"https:\/\/megapari.games\/lu\/wp-json\/wp\/v2\/media?parent=1150"}],"curies":[{"name":"wp","href":"https:\/\/api.w.org\/{rel}","templated":true}]}}