{"id":1364,"date":"2026-02-10T09:03:10","date_gmt":"2026-02-10T09:03:10","guid":{"rendered":"https:\/\/megapari.games\/lu\/?page_id=1364"},"modified":"2026-03-25T18:11:12","modified_gmt":"2026-03-25T18:11:12","slug":"jetx","status":"publish","type":"page","link":"https:\/\/megapari.games\/lu\/jetx\/","title":{"rendered":"JetX"},"content":{"rendered":"","protected":false},"excerpt":{"rendered":"","protected":false},"author":1,"featured_media":0,"parent":0,"menu_order":0,"comment_status":"closed","ping_status":"closed","template":"","meta":{"inline_featured_image":false,"footnotes":""},"class_list":["post-1364","page","type-page","status-publish","hentry"],"yoast_head":"<!-- This site is optimized with the Yoast SEO plugin v27.3 - https:\/\/yoast.com\/product\/yoast-seo-wordpress\/ -->\n<title>JetX Megapari \u2014 e Spill mat enger Rak\u00e9it a Multiplikatoren x1000<\/title>\n<meta name=\"description\" content=\"Spillt JetX bei Megapari \u2014 e dynamescht Crash-Spill mat Multiplikatoren, d\u00e9i bis zu x1000+ wuessen. L\u00e9iert d&#039;Regelen, de Demo-Modus, d&#039;Wettfunktiounen an w\u00e9i een online uf\u00e4nkt ze spillen.\" \/>\n<meta name=\"robots\" content=\"index, follow, max-snippet:-1, max-image-preview:large, max-video-preview:-1\" \/>\n<link rel=\"canonical\" href=\"https:\/\/megapari.games\/lu\/jetx\/\" \/>\n<meta property=\"og:locale\" content=\"en_US\" \/>\n<meta property=\"og:type\" content=\"article\" \/>\n<meta property=\"og:title\" content=\"JetX Megapari \u2014 e Spill mat enger Rak\u00e9it a Multiplikatoren x1000\" \/>\n<meta property=\"og:description\" content=\"Spillt JetX bei Megapari \u2014 e dynamescht Crash-Spill mat Multiplikatoren, d\u00e9i bis zu x1000+ wuessen. L\u00e9iert d&#039;Regelen, de Demo-Modus, d&#039;Wettfunktiounen an w\u00e9i een online uf\u00e4nkt ze spillen.\" \/>\n<meta property=\"og:url\" content=\"https:\/\/megapari.games\/lu\/jetx\/\" \/>\n<meta property=\"og:site_name\" content=\"Megapari Games lu\" \/>\n<meta property=\"article:modified_time\" content=\"2026-03-25T18:11:12+00:00\" \/>\n<meta name=\"twitter:card\" content=\"summary_large_image\" \/>\n<script type=\"application\/ld+json\" class=\"yoast-schema-graph\">{\"@context\":\"https:\\\/\\\/schema.org\",\"@graph\":[{\"@type\":\"WebPage\",\"@id\":\"https:\\\/\\\/megapari.games\\\/lu\\\/jetx\\\/\",\"url\":\"https:\\\/\\\/megapari.games\\\/lu\\\/jetx\\\/\",\"name\":\"JetX Megapari \u2014 e Spill mat enger Rak\u00e9it a Multiplikatoren x1000\",\"isPartOf\":{\"@id\":\"https:\\\/\\\/megapari.games\\\/lu\\\/#website\"},\"datePublished\":\"2026-02-10T09:03:10+00:00\",\"dateModified\":\"2026-03-25T18:11:12+00:00\",\"description\":\"Spillt JetX bei Megapari \u2014 e dynamescht Crash-Spill mat Multiplikatoren, d\u00e9i bis zu x1000+ wuessen. L\u00e9iert d'Regelen, de Demo-Modus, d'Wettfunktiounen an w\u00e9i een online uf\u00e4nkt ze spillen.\",\"breadcrumb\":{\"@id\":\"https:\\\/\\\/megapari.games\\\/lu\\\/jetx\\\/#breadcrumb\"},\"inLanguage\":\"en-LU\",\"potentialAction\":[{\"@type\":\"ReadAction\",\"target\":[\"https:\\\/\\\/megapari.games\\\/lu\\\/jetx\\\/\"]}]},{\"@type\":\"BreadcrumbList\",\"@id\":\"https:\\\/\\\/megapari.games\\\/lu\\\/jetx\\\/#breadcrumb\",\"itemListElement\":[{\"@type\":\"ListItem\",\"position\":1,\"name\":\"\u0413\u043b\u0430\u0432\u043d\u0430\u044f \u0441\u0442\u0440\u0430\u043d\u0438\u0446\u0430\",\"item\":\"https:\\\/\\\/megapari.games\\\/lu\\\/\"},{\"@type\":\"ListItem\",\"position\":2,\"name\":\"JetX\"}]},{\"@type\":\"WebSite\",\"@id\":\"https:\\\/\\\/megapari.games\\\/lu\\\/#website\",\"url\":\"https:\\\/\\\/megapari.games\\\/lu\\\/\",\"name\":\"Megapari Games lu\",\"description\":\"My WordPress Blog\",\"potentialAction\":[{\"@type\":\"SearchAction\",\"target\":{\"@type\":\"EntryPoint\",\"urlTemplate\":\"https:\\\/\\\/megapari.games\\\/lu\\\/?s={search_term_string}\"},\"query-input\":{\"@type\":\"PropertyValueSpecification\",\"valueRequired\":true,\"valueName\":\"search_term_string\"}}],\"inLanguage\":\"en-LU\"}]}<\/script>\n<!-- \/ Yoast SEO plugin. -->","yoast_head_json":{"title":"JetX Megapari \u2014 e Spill mat enger Rak\u00e9it a Multiplikatoren x1000","description":"Spillt JetX bei Megapari \u2014 e dynamescht Crash-Spill mat Multiplikatoren, d\u00e9i bis zu x1000+ wuessen. L\u00e9iert d'Regelen, de Demo-Modus, d'Wettfunktiounen an w\u00e9i een online uf\u00e4nkt ze spillen.","robots":{"index":"index","follow":"follow","max-snippet":"max-snippet:-1","max-image-preview":"max-image-preview:large","max-video-preview":"max-video-preview:-1"},"canonical":"https:\/\/megapari.games\/lu\/jetx\/","og_locale":"en_US","og_type":"article","og_title":"JetX Megapari \u2014 e Spill mat enger Rak\u00e9it a Multiplikatoren x1000","og_description":"Spillt JetX bei Megapari \u2014 e dynamescht Crash-Spill mat Multiplikatoren, d\u00e9i bis zu x1000+ wuessen. L\u00e9iert d'Regelen, de Demo-Modus, d'Wettfunktiounen an w\u00e9i een online uf\u00e4nkt ze spillen.","og_url":"https:\/\/megapari.games\/lu\/jetx\/","og_site_name":"Megapari Games lu","article_modified_time":"2026-03-25T18:11:12+00:00","twitter_card":"summary_large_image","schema":{"@context":"https:\/\/schema.org","@graph":[{"@type":"WebPage","@id":"https:\/\/megapari.games\/lu\/jetx\/","url":"https:\/\/megapari.games\/lu\/jetx\/","name":"JetX Megapari \u2014 e Spill mat enger Rak\u00e9it a Multiplikatoren x1000","isPartOf":{"@id":"https:\/\/megapari.games\/lu\/#website"},"datePublished":"2026-02-10T09:03:10+00:00","dateModified":"2026-03-25T18:11:12+00:00","description":"Spillt JetX bei Megapari \u2014 e dynamescht Crash-Spill mat Multiplikatoren, d\u00e9i bis zu x1000+ wuessen. L\u00e9iert d'Regelen, de Demo-Modus, d'Wettfunktiounen an w\u00e9i een online uf\u00e4nkt ze spillen.","breadcrumb":{"@id":"https:\/\/megapari.games\/lu\/jetx\/#breadcrumb"},"inLanguage":"en-LU","potentialAction":[{"@type":"ReadAction","target":["https:\/\/megapari.games\/lu\/jetx\/"]}]},{"@type":"BreadcrumbList","@id":"https:\/\/megapari.games\/lu\/jetx\/#breadcrumb","itemListElement":[{"@type":"ListItem","position":1,"name":"\u0413\u043b\u0430\u0432\u043d\u0430\u044f \u0441\u0442\u0440\u0430\u043d\u0438\u0446\u0430","item":"https:\/\/megapari.games\/lu\/"},{"@type":"ListItem","position":2,"name":"JetX"}]},{"@type":"WebSite","@id":"https:\/\/megapari.games\/lu\/#website","url":"https:\/\/megapari.games\/lu\/","name":"Megapari Games lu","description":"My WordPress Blog","potentialAction":[{"@type":"SearchAction","target":{"@type":"EntryPoint","urlTemplate":"https:\/\/megapari.games\/lu\/?s={search_term_string}"},"query-input":{"@type":"PropertyValueSpecification","valueRequired":true,"valueName":"search_term_string"}}],"inLanguage":"en-LU"}]}},"_links":{"self":[{"href":"https:\/\/megapari.games\/lu\/wp-json\/wp\/v2\/pages\/1364","targetHints":{"allow":["GET"]}}],"collection":[{"href":"https:\/\/megapari.games\/lu\/wp-json\/wp\/v2\/pages"}],"about":[{"href":"https:\/\/megapari.games\/lu\/wp-json\/wp\/v2\/types\/page"}],"author":[{"embeddable":true,"href":"https:\/\/megapari.games\/lu\/wp-json\/wp\/v2\/users\/1"}],"replies":[{"embeddable":true,"href":"https:\/\/megapari.games\/lu\/wp-json\/wp\/v2\/comments?post=1364"}],"version-history":[{"count":9,"href":"https:\/\/megapari.games\/lu\/wp-json\/wp\/v2\/pages\/1364\/revisions"}],"predecessor-version":[{"id":1679,"href":"https:\/\/megapari.games\/lu\/wp-json\/wp\/v2\/pages\/1364\/revisions\/1679"}],"wp:attachment":[{"href":"https:\/\/megapari.games\/lu\/wp-json\/wp\/v2\/media?parent=1364"}],"curies":[{"name":"wp","href":"https:\/\/api.w.org\/{rel}","templated":true}]}}