{"id":656,"date":"2024-10-18T10:54:32","date_gmt":"2024-10-18T10:54:32","guid":{"rendered":"https:\/\/megapari.games\/lu\/?page_id=656"},"modified":"2026-03-01T16:33:18","modified_gmt":"2026-03-01T16:33:18","slug":"promo-code","status":"publish","type":"page","link":"https:\/\/megapari.games\/lu\/promo-code\/","title":{"rendered":"Promotiounscode"},"content":{"rendered":"","protected":false},"excerpt":{"rendered":"","protected":false},"author":1,"featured_media":0,"parent":0,"menu_order":0,"comment_status":"closed","ping_status":"closed","template":"","meta":{"inline_featured_image":false,"footnotes":""},"class_list":["post-656","page","type-page","status-publish","hentry"],"yoast_head":"<!-- This site is optimized with the Yoast SEO plugin v27.3 - https:\/\/yoast.com\/product\/yoast-seo-wordpress\/ -->\n<title>Megapari Promotiounscode 2026 \u2014 100% Bonus haut!<\/title>\n<meta name=\"description\" content=\"Bass du bereet, d\u00e4in Wett-Game op de n\u00e4chste Level ze br\u00e9ngen? Schnapp dir elo de hottesten Megapari Promotiounscode a s\u00e9chere dir en onheemlechen 100 % Bonus! Verpasst et net \u2013 deng Gew\u00ebnnserie f\u00e4nkt elo un!\" \/>\n<meta name=\"robots\" content=\"index, follow, max-snippet:-1, max-image-preview:large, max-video-preview:-1\" \/>\n<link rel=\"canonical\" href=\"https:\/\/megapari.games\/lu\/promo-code\/\" \/>\n<meta property=\"og:locale\" content=\"en_US\" \/>\n<meta property=\"og:type\" content=\"article\" \/>\n<meta property=\"og:title\" content=\"Megapari Promotiounscode 2026 \u2014 100% Bonus haut!\" \/>\n<meta property=\"og:description\" content=\"Bass du bereet, d\u00e4in Wett-Game op de n\u00e4chste Level ze br\u00e9ngen? Schnapp dir elo de hottesten Megapari Promotiounscode a s\u00e9chere dir en onheemlechen 100 % Bonus! Verpasst et net \u2013 deng Gew\u00ebnnserie f\u00e4nkt elo un!\" \/>\n<meta property=\"og:url\" content=\"https:\/\/megapari.games\/lu\/promo-code\/\" \/>\n<meta property=\"og:site_name\" content=\"Megapari Games lu\" \/>\n<meta property=\"article:modified_time\" content=\"2026-03-01T16:33:18+00:00\" \/>\n<meta name=\"twitter:card\" content=\"summary_large_image\" \/>\n<script type=\"application\/ld+json\" class=\"yoast-schema-graph\">{\"@context\":\"https:\\\/\\\/schema.org\",\"@graph\":[{\"@type\":\"WebPage\",\"@id\":\"https:\\\/\\\/megapari.games\\\/lu\\\/promo-code\\\/\",\"url\":\"https:\\\/\\\/megapari.games\\\/lu\\\/promo-code\\\/\",\"name\":\"Megapari Promotiounscode 2026 \u2014 100% Bonus haut!\",\"isPartOf\":{\"@id\":\"https:\\\/\\\/megapari.games\\\/lu\\\/#website\"},\"datePublished\":\"2024-10-18T10:54:32+00:00\",\"dateModified\":\"2026-03-01T16:33:18+00:00\",\"description\":\"Bass du bereet, d\u00e4in Wett-Game op de n\u00e4chste Level ze br\u00e9ngen? Schnapp dir elo de hottesten Megapari Promotiounscode a s\u00e9chere dir en onheemlechen 100 % Bonus! Verpasst et net \u2013 deng Gew\u00ebnnserie f\u00e4nkt elo un!\",\"breadcrumb\":{\"@id\":\"https:\\\/\\\/megapari.games\\\/lu\\\/promo-code\\\/#breadcrumb\"},\"inLanguage\":\"en-LU\",\"potentialAction\":[{\"@type\":\"ReadAction\",\"target\":[\"https:\\\/\\\/megapari.games\\\/lu\\\/promo-code\\\/\"]}]},{\"@type\":\"BreadcrumbList\",\"@id\":\"https:\\\/\\\/megapari.games\\\/lu\\\/promo-code\\\/#breadcrumb\",\"itemListElement\":[{\"@type\":\"ListItem\",\"position\":1,\"name\":\"\u0413\u043b\u0430\u0432\u043d\u0430\u044f \u0441\u0442\u0440\u0430\u043d\u0438\u0446\u0430\",\"item\":\"https:\\\/\\\/megapari.games\\\/lu\\\/\"},{\"@type\":\"ListItem\",\"position\":2,\"name\":\"Promotiounscode\"}]},{\"@type\":\"WebSite\",\"@id\":\"https:\\\/\\\/megapari.games\\\/lu\\\/#website\",\"url\":\"https:\\\/\\\/megapari.games\\\/lu\\\/\",\"name\":\"Megapari Games lu\",\"description\":\"My WordPress Blog\",\"potentialAction\":[{\"@type\":\"SearchAction\",\"target\":{\"@type\":\"EntryPoint\",\"urlTemplate\":\"https:\\\/\\\/megapari.games\\\/lu\\\/?s={search_term_string}\"},\"query-input\":{\"@type\":\"PropertyValueSpecification\",\"valueRequired\":true,\"valueName\":\"search_term_string\"}}],\"inLanguage\":\"en-LU\"}]}<\/script>\n<!-- \/ Yoast SEO plugin. -->","yoast_head_json":{"title":"Megapari Promotiounscode 2026 \u2014 100% Bonus haut!","description":"Bass du bereet, d\u00e4in Wett-Game op de n\u00e4chste Level ze br\u00e9ngen? Schnapp dir elo de hottesten Megapari Promotiounscode a s\u00e9chere dir en onheemlechen 100 % Bonus! Verpasst et net \u2013 deng Gew\u00ebnnserie f\u00e4nkt elo un!","robots":{"index":"index","follow":"follow","max-snippet":"max-snippet:-1","max-image-preview":"max-image-preview:large","max-video-preview":"max-video-preview:-1"},"canonical":"https:\/\/megapari.games\/lu\/promo-code\/","og_locale":"en_US","og_type":"article","og_title":"Megapari Promotiounscode 2026 \u2014 100% Bonus haut!","og_description":"Bass du bereet, d\u00e4in Wett-Game op de n\u00e4chste Level ze br\u00e9ngen? Schnapp dir elo de hottesten Megapari Promotiounscode a s\u00e9chere dir en onheemlechen 100 % Bonus! Verpasst et net \u2013 deng Gew\u00ebnnserie f\u00e4nkt elo un!","og_url":"https:\/\/megapari.games\/lu\/promo-code\/","og_site_name":"Megapari Games lu","article_modified_time":"2026-03-01T16:33:18+00:00","twitter_card":"summary_large_image","schema":{"@context":"https:\/\/schema.org","@graph":[{"@type":"WebPage","@id":"https:\/\/megapari.games\/lu\/promo-code\/","url":"https:\/\/megapari.games\/lu\/promo-code\/","name":"Megapari Promotiounscode 2026 \u2014 100% Bonus haut!","isPartOf":{"@id":"https:\/\/megapari.games\/lu\/#website"},"datePublished":"2024-10-18T10:54:32+00:00","dateModified":"2026-03-01T16:33:18+00:00","description":"Bass du bereet, d\u00e4in Wett-Game op de n\u00e4chste Level ze br\u00e9ngen? Schnapp dir elo de hottesten Megapari Promotiounscode a s\u00e9chere dir en onheemlechen 100 % Bonus! Verpasst et net \u2013 deng Gew\u00ebnnserie f\u00e4nkt elo un!","breadcrumb":{"@id":"https:\/\/megapari.games\/lu\/promo-code\/#breadcrumb"},"inLanguage":"en-LU","potentialAction":[{"@type":"ReadAction","target":["https:\/\/megapari.games\/lu\/promo-code\/"]}]},{"@type":"BreadcrumbList","@id":"https:\/\/megapari.games\/lu\/promo-code\/#breadcrumb","itemListElement":[{"@type":"ListItem","position":1,"name":"\u0413\u043b\u0430\u0432\u043d\u0430\u044f \u0441\u0442\u0440\u0430\u043d\u0438\u0446\u0430","item":"https:\/\/megapari.games\/lu\/"},{"@type":"ListItem","position":2,"name":"Promotiounscode"}]},{"@type":"WebSite","@id":"https:\/\/megapari.games\/lu\/#website","url":"https:\/\/megapari.games\/lu\/","name":"Megapari Games lu","description":"My WordPress Blog","potentialAction":[{"@type":"SearchAction","target":{"@type":"EntryPoint","urlTemplate":"https:\/\/megapari.games\/lu\/?s={search_term_string}"},"query-input":{"@type":"PropertyValueSpecification","valueRequired":true,"valueName":"search_term_string"}}],"inLanguage":"en-LU"}]}},"_links":{"self":[{"href":"https:\/\/megapari.games\/lu\/wp-json\/wp\/v2\/pages\/656","targetHints":{"allow":["GET"]}}],"collection":[{"href":"https:\/\/megapari.games\/lu\/wp-json\/wp\/v2\/pages"}],"about":[{"href":"https:\/\/megapari.games\/lu\/wp-json\/wp\/v2\/types\/page"}],"author":[{"embeddable":true,"href":"https:\/\/megapari.games\/lu\/wp-json\/wp\/v2\/users\/1"}],"replies":[{"embeddable":true,"href":"https:\/\/megapari.games\/lu\/wp-json\/wp\/v2\/comments?post=656"}],"version-history":[{"count":11,"href":"https:\/\/megapari.games\/lu\/wp-json\/wp\/v2\/pages\/656\/revisions"}],"predecessor-version":[{"id":1663,"href":"https:\/\/megapari.games\/lu\/wp-json\/wp\/v2\/pages\/656\/revisions\/1663"}],"wp:attachment":[{"href":"https:\/\/megapari.games\/lu\/wp-json\/wp\/v2\/media?parent=656"}],"curies":[{"name":"wp","href":"https:\/\/api.w.org\/{rel}","templated":true}]}}