{"id":799,"date":"2025-03-27T12:22:37","date_gmt":"2025-03-27T12:22:37","guid":{"rendered":"https:\/\/megapari.games\/lu\/?page_id=799"},"modified":"2026-03-01T05:29:02","modified_gmt":"2026-03-01T05:29:02","slug":"losing-bets","status":"publish","type":"page","link":"https:\/\/megapari.games\/lu\/bonus\/losing-bets\/","title":{"rendered":"Verl\u00e9ierend Wetten"},"content":{"rendered":"","protected":false},"excerpt":{"rendered":"","protected":false},"author":1,"featured_media":0,"parent":152,"menu_order":0,"comment_status":"closed","ping_status":"closed","template":"","meta":{"inline_featured_image":false,"footnotes":""},"class_list":["post-799","page","type-page","status-publish","hentry"],"yoast_head":"<!-- This site is optimized with the Yoast SEO plugin v27.4 - https:\/\/yoast.com\/product\/yoast-seo-wordpress\/ -->\n<title>Megapari-Bonus fir verluer Wetten \u2014 Spiller mat schlechten Wetten<\/title>\n<meta name=\"description\" content=\"Bei de Wetten verluer? Gitt net op! Megapari bitt e Bonus ouni Gl\u00e4ich fir Spiller mat enger Verloschreeks. Kritt \u00cbnnerst\u00ebtzung an schw\u00e9iere Z\u00e4iten a kritt \u00c4ert Selbstvertrauen zr\u00e9ck \u2013 d&#039;Wettwelt waart op Iech!\" \/>\n<meta name=\"robots\" content=\"index, follow, max-snippet:-1, max-image-preview:large, max-video-preview:-1\" \/>\n<link rel=\"canonical\" href=\"https:\/\/megapari.games\/lu\/bonus\/losing-bets\/\" \/>\n<meta property=\"og:locale\" content=\"en_US\" \/>\n<meta property=\"og:type\" content=\"article\" \/>\n<meta property=\"og:title\" content=\"Megapari-Bonus fir verluer Wetten \u2014 Spiller mat schlechten Wetten\" \/>\n<meta property=\"og:description\" content=\"Bei de Wetten verluer? Gitt net op! Megapari bitt e Bonus ouni Gl\u00e4ich fir Spiller mat enger Verloschreeks. Kritt \u00cbnnerst\u00ebtzung an schw\u00e9iere Z\u00e4iten a kritt \u00c4ert Selbstvertrauen zr\u00e9ck \u2013 d&#039;Wettwelt waart op Iech!\" \/>\n<meta property=\"og:url\" content=\"https:\/\/megapari.games\/lu\/bonus\/losing-bets\/\" \/>\n<meta property=\"og:site_name\" content=\"Megapari Games lu\" \/>\n<meta property=\"article:modified_time\" content=\"2026-03-01T05:29:02+00:00\" \/>\n<meta name=\"twitter:card\" content=\"summary_large_image\" \/>\n<script type=\"application\/ld+json\" class=\"yoast-schema-graph\">{\"@context\":\"https:\\\/\\\/schema.org\",\"@graph\":[{\"@type\":\"WebPage\",\"@id\":\"https:\\\/\\\/megapari.games\\\/lu\\\/bonus\\\/losing-bets\\\/\",\"url\":\"https:\\\/\\\/megapari.games\\\/lu\\\/bonus\\\/losing-bets\\\/\",\"name\":\"Megapari-Bonus fir verluer Wetten \u2014 Spiller mat schlechten Wetten\",\"isPartOf\":{\"@id\":\"https:\\\/\\\/megapari.games\\\/lu\\\/#website\"},\"datePublished\":\"2025-03-27T12:22:37+00:00\",\"dateModified\":\"2026-03-01T05:29:02+00:00\",\"description\":\"Bei de Wetten verluer? Gitt net op! Megapari bitt e Bonus ouni Gl\u00e4ich fir Spiller mat enger Verloschreeks. Kritt \u00cbnnerst\u00ebtzung an schw\u00e9iere Z\u00e4iten a kritt \u00c4ert Selbstvertrauen zr\u00e9ck \u2013 d'Wettwelt waart op Iech!\",\"breadcrumb\":{\"@id\":\"https:\\\/\\\/megapari.games\\\/lu\\\/bonus\\\/losing-bets\\\/#breadcrumb\"},\"inLanguage\":\"en-LU\",\"potentialAction\":[{\"@type\":\"ReadAction\",\"target\":[\"https:\\\/\\\/megapari.games\\\/lu\\\/bonus\\\/losing-bets\\\/\"]}]},{\"@type\":\"BreadcrumbList\",\"@id\":\"https:\\\/\\\/megapari.games\\\/lu\\\/bonus\\\/losing-bets\\\/#breadcrumb\",\"itemListElement\":[{\"@type\":\"ListItem\",\"position\":1,\"name\":\"\u0413\u043b\u0430\u0432\u043d\u0430\u044f \u0441\u0442\u0440\u0430\u043d\u0438\u0446\u0430\",\"item\":\"https:\\\/\\\/megapari.games\\\/lu\\\/\"},{\"@type\":\"ListItem\",\"position\":2,\"name\":\"Bonus\",\"item\":\"https:\\\/\\\/megapari.games\\\/lu\\\/bonus\\\/\"},{\"@type\":\"ListItem\",\"position\":3,\"name\":\"Verl\u00e9ierend Wetten\"}]},{\"@type\":\"WebSite\",\"@id\":\"https:\\\/\\\/megapari.games\\\/lu\\\/#website\",\"url\":\"https:\\\/\\\/megapari.games\\\/lu\\\/\",\"name\":\"Megapari Games lu\",\"description\":\"My WordPress Blog\",\"potentialAction\":[{\"@type\":\"SearchAction\",\"target\":{\"@type\":\"EntryPoint\",\"urlTemplate\":\"https:\\\/\\\/megapari.games\\\/lu\\\/?s={search_term_string}\"},\"query-input\":{\"@type\":\"PropertyValueSpecification\",\"valueRequired\":true,\"valueName\":\"search_term_string\"}}],\"inLanguage\":\"en-LU\"}]}<\/script>\n<!-- \/ Yoast SEO plugin. -->","yoast_head_json":{"title":"Megapari-Bonus fir verluer Wetten \u2014 Spiller mat schlechten Wetten","description":"Bei de Wetten verluer? Gitt net op! Megapari bitt e Bonus ouni Gl\u00e4ich fir Spiller mat enger Verloschreeks. Kritt \u00cbnnerst\u00ebtzung an schw\u00e9iere Z\u00e4iten a kritt \u00c4ert Selbstvertrauen zr\u00e9ck \u2013 d'Wettwelt waart op Iech!","robots":{"index":"index","follow":"follow","max-snippet":"max-snippet:-1","max-image-preview":"max-image-preview:large","max-video-preview":"max-video-preview:-1"},"canonical":"https:\/\/megapari.games\/lu\/bonus\/losing-bets\/","og_locale":"en_US","og_type":"article","og_title":"Megapari-Bonus fir verluer Wetten \u2014 Spiller mat schlechten Wetten","og_description":"Bei de Wetten verluer? Gitt net op! Megapari bitt e Bonus ouni Gl\u00e4ich fir Spiller mat enger Verloschreeks. Kritt \u00cbnnerst\u00ebtzung an schw\u00e9iere Z\u00e4iten a kritt \u00c4ert Selbstvertrauen zr\u00e9ck \u2013 d'Wettwelt waart op Iech!","og_url":"https:\/\/megapari.games\/lu\/bonus\/losing-bets\/","og_site_name":"Megapari Games lu","article_modified_time":"2026-03-01T05:29:02+00:00","twitter_card":"summary_large_image","schema":{"@context":"https:\/\/schema.org","@graph":[{"@type":"WebPage","@id":"https:\/\/megapari.games\/lu\/bonus\/losing-bets\/","url":"https:\/\/megapari.games\/lu\/bonus\/losing-bets\/","name":"Megapari-Bonus fir verluer Wetten \u2014 Spiller mat schlechten Wetten","isPartOf":{"@id":"https:\/\/megapari.games\/lu\/#website"},"datePublished":"2025-03-27T12:22:37+00:00","dateModified":"2026-03-01T05:29:02+00:00","description":"Bei de Wetten verluer? Gitt net op! Megapari bitt e Bonus ouni Gl\u00e4ich fir Spiller mat enger Verloschreeks. Kritt \u00cbnnerst\u00ebtzung an schw\u00e9iere Z\u00e4iten a kritt \u00c4ert Selbstvertrauen zr\u00e9ck \u2013 d'Wettwelt waart op Iech!","breadcrumb":{"@id":"https:\/\/megapari.games\/lu\/bonus\/losing-bets\/#breadcrumb"},"inLanguage":"en-LU","potentialAction":[{"@type":"ReadAction","target":["https:\/\/megapari.games\/lu\/bonus\/losing-bets\/"]}]},{"@type":"BreadcrumbList","@id":"https:\/\/megapari.games\/lu\/bonus\/losing-bets\/#breadcrumb","itemListElement":[{"@type":"ListItem","position":1,"name":"\u0413\u043b\u0430\u0432\u043d\u0430\u044f \u0441\u0442\u0440\u0430\u043d\u0438\u0446\u0430","item":"https:\/\/megapari.games\/lu\/"},{"@type":"ListItem","position":2,"name":"Bonus","item":"https:\/\/megapari.games\/lu\/bonus\/"},{"@type":"ListItem","position":3,"name":"Verl\u00e9ierend Wetten"}]},{"@type":"WebSite","@id":"https:\/\/megapari.games\/lu\/#website","url":"https:\/\/megapari.games\/lu\/","name":"Megapari Games lu","description":"My WordPress Blog","potentialAction":[{"@type":"SearchAction","target":{"@type":"EntryPoint","urlTemplate":"https:\/\/megapari.games\/lu\/?s={search_term_string}"},"query-input":{"@type":"PropertyValueSpecification","valueRequired":true,"valueName":"search_term_string"}}],"inLanguage":"en-LU"}]}},"_links":{"self":[{"href":"https:\/\/megapari.games\/lu\/wp-json\/wp\/v2\/pages\/799","targetHints":{"allow":["GET"]}}],"collection":[{"href":"https:\/\/megapari.games\/lu\/wp-json\/wp\/v2\/pages"}],"about":[{"href":"https:\/\/megapari.games\/lu\/wp-json\/wp\/v2\/types\/page"}],"author":[{"embeddable":true,"href":"https:\/\/megapari.games\/lu\/wp-json\/wp\/v2\/users\/1"}],"replies":[{"embeddable":true,"href":"https:\/\/megapari.games\/lu\/wp-json\/wp\/v2\/comments?post=799"}],"version-history":[{"count":3,"href":"https:\/\/megapari.games\/lu\/wp-json\/wp\/v2\/pages\/799\/revisions"}],"predecessor-version":[{"id":1623,"href":"https:\/\/megapari.games\/lu\/wp-json\/wp\/v2\/pages\/799\/revisions\/1623"}],"up":[{"embeddable":true,"href":"https:\/\/megapari.games\/lu\/wp-json\/wp\/v2\/pages\/152"}],"wp:attachment":[{"href":"https:\/\/megapari.games\/lu\/wp-json\/wp\/v2\/media?parent=799"}],"curies":[{"name":"wp","href":"https:\/\/api.w.org\/{rel}","templated":true}]}}