{"id":815,"date":"2025-03-27T13:37:08","date_gmt":"2025-03-27T13:37:08","guid":{"rendered":"https:\/\/megapari.games\/lu\/?page_id=815"},"modified":"2026-03-01T05:33:30","modified_gmt":"2026-03-01T05:33:30","slug":"welcome-package","status":"publish","type":"page","link":"https:\/\/megapari.games\/lu\/bonus\/welcome-package\/","title":{"rendered":"W\u00ebllkomm-Paket"},"content":{"rendered":"","protected":false},"excerpt":{"rendered":"","protected":false},"author":1,"featured_media":0,"parent":152,"menu_order":0,"comment_status":"closed","ping_status":"closed","template":"","meta":{"inline_featured_image":false,"footnotes":""},"class_list":["post-815","page","type-page","status-publish","hentry"],"yoast_head":"<!-- This site is optimized with the Yoast SEO plugin v27.3 - https:\/\/yoast.com\/product\/yoast-seo-wordpress\/ -->\n<title>Megapari-W\u00ebllkommspaket \u2014 \u20ac200 op \u00c4r \u00e9ischt zwou Depot\u00eb<\/title>\n<meta name=\"description\" content=\"Verpasst net d&#039;Gelee\u00ebnheet fir e coolen Bonus! Mellt Iech bei Megapari un a kritt bis zu 200 \u20ac fir \u00c4r \u00e9ischt zwou Depot\u00eb. Spannend Spiller waarden op Iech \u2013 kritt \u00c4ren Bonus ier et ze sp\u00e9it ass!\" \/>\n<meta name=\"robots\" content=\"index, follow, max-snippet:-1, max-image-preview:large, max-video-preview:-1\" \/>\n<link rel=\"canonical\" href=\"https:\/\/megapari.games\/lu\/bonus\/welcome-package\/\" \/>\n<meta property=\"og:locale\" content=\"en_US\" \/>\n<meta property=\"og:type\" content=\"article\" \/>\n<meta property=\"og:title\" content=\"Megapari-W\u00ebllkommspaket \u2014 \u20ac200 op \u00c4r \u00e9ischt zwou Depot\u00eb\" \/>\n<meta property=\"og:description\" content=\"Verpasst net d&#039;Gelee\u00ebnheet fir e coolen Bonus! Mellt Iech bei Megapari un a kritt bis zu 200 \u20ac fir \u00c4r \u00e9ischt zwou Depot\u00eb. Spannend Spiller waarden op Iech \u2013 kritt \u00c4ren Bonus ier et ze sp\u00e9it ass!\" \/>\n<meta property=\"og:url\" content=\"https:\/\/megapari.games\/lu\/bonus\/welcome-package\/\" \/>\n<meta property=\"og:site_name\" content=\"Megapari Games lu\" \/>\n<meta property=\"article:modified_time\" content=\"2026-03-01T05:33:30+00:00\" \/>\n<meta name=\"twitter:card\" content=\"summary_large_image\" \/>\n<script type=\"application\/ld+json\" class=\"yoast-schema-graph\">{\"@context\":\"https:\\\/\\\/schema.org\",\"@graph\":[{\"@type\":\"WebPage\",\"@id\":\"https:\\\/\\\/megapari.games\\\/lu\\\/bonus\\\/welcome-package\\\/\",\"url\":\"https:\\\/\\\/megapari.games\\\/lu\\\/bonus\\\/welcome-package\\\/\",\"name\":\"Megapari-W\u00ebllkommspaket \u2014 \u20ac200 op \u00c4r \u00e9ischt zwou Depot\u00eb\",\"isPartOf\":{\"@id\":\"https:\\\/\\\/megapari.games\\\/lu\\\/#website\"},\"datePublished\":\"2025-03-27T13:37:08+00:00\",\"dateModified\":\"2026-03-01T05:33:30+00:00\",\"description\":\"Verpasst net d'Gelee\u00ebnheet fir e coolen Bonus! Mellt Iech bei Megapari un a kritt bis zu 200 \u20ac fir \u00c4r \u00e9ischt zwou Depot\u00eb. Spannend Spiller waarden op Iech \u2013 kritt \u00c4ren Bonus ier et ze sp\u00e9it ass!\",\"breadcrumb\":{\"@id\":\"https:\\\/\\\/megapari.games\\\/lu\\\/bonus\\\/welcome-package\\\/#breadcrumb\"},\"inLanguage\":\"en-LU\",\"potentialAction\":[{\"@type\":\"ReadAction\",\"target\":[\"https:\\\/\\\/megapari.games\\\/lu\\\/bonus\\\/welcome-package\\\/\"]}]},{\"@type\":\"BreadcrumbList\",\"@id\":\"https:\\\/\\\/megapari.games\\\/lu\\\/bonus\\\/welcome-package\\\/#breadcrumb\",\"itemListElement\":[{\"@type\":\"ListItem\",\"position\":1,\"name\":\"\u0413\u043b\u0430\u0432\u043d\u0430\u044f \u0441\u0442\u0440\u0430\u043d\u0438\u0446\u0430\",\"item\":\"https:\\\/\\\/megapari.games\\\/lu\\\/\"},{\"@type\":\"ListItem\",\"position\":2,\"name\":\"Bonus\",\"item\":\"https:\\\/\\\/megapari.games\\\/lu\\\/bonus\\\/\"},{\"@type\":\"ListItem\",\"position\":3,\"name\":\"W\u00ebllkomm-Paket\"}]},{\"@type\":\"WebSite\",\"@id\":\"https:\\\/\\\/megapari.games\\\/lu\\\/#website\",\"url\":\"https:\\\/\\\/megapari.games\\\/lu\\\/\",\"name\":\"Megapari Games lu\",\"description\":\"My WordPress Blog\",\"potentialAction\":[{\"@type\":\"SearchAction\",\"target\":{\"@type\":\"EntryPoint\",\"urlTemplate\":\"https:\\\/\\\/megapari.games\\\/lu\\\/?s={search_term_string}\"},\"query-input\":{\"@type\":\"PropertyValueSpecification\",\"valueRequired\":true,\"valueName\":\"search_term_string\"}}],\"inLanguage\":\"en-LU\"}]}<\/script>\n<!-- \/ Yoast SEO plugin. -->","yoast_head_json":{"title":"Megapari-W\u00ebllkommspaket \u2014 \u20ac200 op \u00c4r \u00e9ischt zwou Depot\u00eb","description":"Verpasst net d'Gelee\u00ebnheet fir e coolen Bonus! Mellt Iech bei Megapari un a kritt bis zu 200 \u20ac fir \u00c4r \u00e9ischt zwou Depot\u00eb. Spannend Spiller waarden op Iech \u2013 kritt \u00c4ren Bonus ier et ze sp\u00e9it ass!","robots":{"index":"index","follow":"follow","max-snippet":"max-snippet:-1","max-image-preview":"max-image-preview:large","max-video-preview":"max-video-preview:-1"},"canonical":"https:\/\/megapari.games\/lu\/bonus\/welcome-package\/","og_locale":"en_US","og_type":"article","og_title":"Megapari-W\u00ebllkommspaket \u2014 \u20ac200 op \u00c4r \u00e9ischt zwou Depot\u00eb","og_description":"Verpasst net d'Gelee\u00ebnheet fir e coolen Bonus! Mellt Iech bei Megapari un a kritt bis zu 200 \u20ac fir \u00c4r \u00e9ischt zwou Depot\u00eb. Spannend Spiller waarden op Iech \u2013 kritt \u00c4ren Bonus ier et ze sp\u00e9it ass!","og_url":"https:\/\/megapari.games\/lu\/bonus\/welcome-package\/","og_site_name":"Megapari Games lu","article_modified_time":"2026-03-01T05:33:30+00:00","twitter_card":"summary_large_image","schema":{"@context":"https:\/\/schema.org","@graph":[{"@type":"WebPage","@id":"https:\/\/megapari.games\/lu\/bonus\/welcome-package\/","url":"https:\/\/megapari.games\/lu\/bonus\/welcome-package\/","name":"Megapari-W\u00ebllkommspaket \u2014 \u20ac200 op \u00c4r \u00e9ischt zwou Depot\u00eb","isPartOf":{"@id":"https:\/\/megapari.games\/lu\/#website"},"datePublished":"2025-03-27T13:37:08+00:00","dateModified":"2026-03-01T05:33:30+00:00","description":"Verpasst net d'Gelee\u00ebnheet fir e coolen Bonus! Mellt Iech bei Megapari un a kritt bis zu 200 \u20ac fir \u00c4r \u00e9ischt zwou Depot\u00eb. Spannend Spiller waarden op Iech \u2013 kritt \u00c4ren Bonus ier et ze sp\u00e9it ass!","breadcrumb":{"@id":"https:\/\/megapari.games\/lu\/bonus\/welcome-package\/#breadcrumb"},"inLanguage":"en-LU","potentialAction":[{"@type":"ReadAction","target":["https:\/\/megapari.games\/lu\/bonus\/welcome-package\/"]}]},{"@type":"BreadcrumbList","@id":"https:\/\/megapari.games\/lu\/bonus\/welcome-package\/#breadcrumb","itemListElement":[{"@type":"ListItem","position":1,"name":"\u0413\u043b\u0430\u0432\u043d\u0430\u044f \u0441\u0442\u0440\u0430\u043d\u0438\u0446\u0430","item":"https:\/\/megapari.games\/lu\/"},{"@type":"ListItem","position":2,"name":"Bonus","item":"https:\/\/megapari.games\/lu\/bonus\/"},{"@type":"ListItem","position":3,"name":"W\u00ebllkomm-Paket"}]},{"@type":"WebSite","@id":"https:\/\/megapari.games\/lu\/#website","url":"https:\/\/megapari.games\/lu\/","name":"Megapari Games lu","description":"My WordPress Blog","potentialAction":[{"@type":"SearchAction","target":{"@type":"EntryPoint","urlTemplate":"https:\/\/megapari.games\/lu\/?s={search_term_string}"},"query-input":{"@type":"PropertyValueSpecification","valueRequired":true,"valueName":"search_term_string"}}],"inLanguage":"en-LU"}]}},"_links":{"self":[{"href":"https:\/\/megapari.games\/lu\/wp-json\/wp\/v2\/pages\/815","targetHints":{"allow":["GET"]}}],"collection":[{"href":"https:\/\/megapari.games\/lu\/wp-json\/wp\/v2\/pages"}],"about":[{"href":"https:\/\/megapari.games\/lu\/wp-json\/wp\/v2\/types\/page"}],"author":[{"embeddable":true,"href":"https:\/\/megapari.games\/lu\/wp-json\/wp\/v2\/users\/1"}],"replies":[{"embeddable":true,"href":"https:\/\/megapari.games\/lu\/wp-json\/wp\/v2\/comments?post=815"}],"version-history":[{"count":3,"href":"https:\/\/megapari.games\/lu\/wp-json\/wp\/v2\/pages\/815\/revisions"}],"predecessor-version":[{"id":1627,"href":"https:\/\/megapari.games\/lu\/wp-json\/wp\/v2\/pages\/815\/revisions\/1627"}],"up":[{"embeddable":true,"href":"https:\/\/megapari.games\/lu\/wp-json\/wp\/v2\/pages\/152"}],"wp:attachment":[{"href":"https:\/\/megapari.games\/lu\/wp-json\/wp\/v2\/media?parent=815"}],"curies":[{"name":"wp","href":"https:\/\/api.w.org\/{rel}","templated":true}]}}