{"id":2,"date":"2023-05-18T17:18:34","date_gmt":"2023-05-18T17:18:34","guid":{"rendered":"https:\/\/megapari.games\/lv\/?page_id=2"},"modified":"2025-07-28T19:21:44","modified_gmt":"2025-07-28T19:21:44","slug":"sample-page","status":"publish","type":"page","link":"https:\/\/megapari.games\/lv\/","title":{"rendered":"S\u0101kums"},"content":{"rendered":"","protected":false},"excerpt":{"rendered":"","protected":false},"author":1,"featured_media":0,"parent":0,"menu_order":0,"comment_status":"closed","ping_status":"open","template":"","meta":{"inline_featured_image":false,"footnotes":""},"class_list":["post-2","page","type-page","status-publish","hentry"],"yoast_head":"<!-- This site is optimized with the Yoast SEO plugin v27.3 - https:\/\/yoast.com\/product\/yoast-seo-wordpress\/ -->\n<title>Megapari \u27a0 Vieta sporta der\u012bb\u0101m un kazino 2026 \u1409 Pieteik\u0161an\u0101s<\/title>\n<meta name=\"description\" content=\"S\u0101ciet sp\u0113l\u0113t Mega Pari Latvija vietn\u0113 un sa\u0146emiet bonusu l\u012bdz pat 100 EUR par pirmo iemaksu \u2714\ufe0f Re\u0123istr\u0113jieties un s\u0101ciet der\u012bbas jau tagad!\" \/>\n<meta name=\"robots\" content=\"index, follow, max-snippet:-1, max-image-preview:large, max-video-preview:-1\" \/>\n<link rel=\"canonical\" href=\"https:\/\/megapari.games\/lv\/\" \/>\n<meta property=\"og:locale\" content=\"lv_LV\" \/>\n<meta property=\"og:type\" content=\"article\" \/>\n<meta property=\"og:title\" content=\"Megapari \u27a0 Vieta sporta der\u012bb\u0101m un kazino 2026 \u1409 Pieteik\u0161an\u0101s\" \/>\n<meta property=\"og:description\" content=\"S\u0101ciet sp\u0113l\u0113t Mega Pari Latvija vietn\u0113 un sa\u0146emiet bonusu l\u012bdz pat 100 EUR par pirmo iemaksu \u2714\ufe0f Re\u0123istr\u0113jieties un s\u0101ciet der\u012bbas jau tagad!\" \/>\n<meta property=\"og:url\" content=\"https:\/\/megapari.games\/lv\/\" \/>\n<meta property=\"og:site_name\" content=\"Megapari Games LV\" \/>\n<meta property=\"article:modified_time\" content=\"2025-07-28T19:21:44+00:00\" \/>\n<meta name=\"twitter:card\" content=\"summary_large_image\" \/>\n<script type=\"application\/ld+json\" class=\"yoast-schema-graph\">{\"@context\":\"https:\\\/\\\/schema.org\",\"@graph\":[{\"@type\":\"WebPage\",\"@id\":\"https:\\\/\\\/megapari.games\\\/lv\\\/\",\"url\":\"https:\\\/\\\/megapari.games\\\/lv\\\/\",\"name\":\"Megapari \u27a0 Vieta sporta der\u012bb\u0101m un kazino 2026 \u1409 Pieteik\u0161an\u0101s\",\"isPartOf\":{\"@id\":\"https:\\\/\\\/megapari.games\\\/lv\\\/#website\"},\"datePublished\":\"2023-05-18T17:18:34+00:00\",\"dateModified\":\"2025-07-28T19:21:44+00:00\",\"description\":\"S\u0101ciet sp\u0113l\u0113t Mega Pari Latvija vietn\u0113 un sa\u0146emiet bonusu l\u012bdz pat 100 EUR par pirmo iemaksu \u2714\ufe0f Re\u0123istr\u0113jieties un s\u0101ciet der\u012bbas jau tagad!\",\"breadcrumb\":{\"@id\":\"https:\\\/\\\/megapari.games\\\/lv\\\/#breadcrumb\"},\"inLanguage\":\"lv-LV\",\"potentialAction\":[{\"@type\":\"ReadAction\",\"target\":[\"https:\\\/\\\/megapari.games\\\/lv\\\/\"]}]},{\"@type\":\"BreadcrumbList\",\"@id\":\"https:\\\/\\\/megapari.games\\\/lv\\\/#breadcrumb\",\"itemListElement\":[{\"@type\":\"ListItem\",\"position\":1,\"name\":\"\u0413\u043b\u0430\u0432\u043d\u0430\u044f \u0441\u0442\u0440\u0430\u043d\u0438\u0446\u0430\",\"item\":\"https:\\\/\\\/megapari.games\\\/lv\\\/\"},{\"@type\":\"ListItem\",\"position\":2,\"name\":\"S\u0101kums\"}]},{\"@type\":\"WebSite\",\"@id\":\"https:\\\/\\\/megapari.games\\\/lv\\\/#website\",\"url\":\"https:\\\/\\\/megapari.games\\\/lv\\\/\",\"name\":\"Megapari Games LV\",\"description\":\"My WordPress Blog\",\"potentialAction\":[{\"@type\":\"SearchAction\",\"target\":{\"@type\":\"EntryPoint\",\"urlTemplate\":\"https:\\\/\\\/megapari.games\\\/lv\\\/?s={search_term_string}\"},\"query-input\":{\"@type\":\"PropertyValueSpecification\",\"valueRequired\":true,\"valueName\":\"search_term_string\"}}],\"inLanguage\":\"lv-LV\"}]}<\/script>\n<!-- \/ Yoast SEO plugin. -->","yoast_head_json":{"title":"Megapari \u27a0 Vieta sporta der\u012bb\u0101m un kazino 2026 \u1409 Pieteik\u0161an\u0101s","description":"S\u0101ciet sp\u0113l\u0113t Mega Pari Latvija vietn\u0113 un sa\u0146emiet bonusu l\u012bdz pat 100 EUR par pirmo iemaksu \u2714\ufe0f Re\u0123istr\u0113jieties un s\u0101ciet der\u012bbas jau tagad!","robots":{"index":"index","follow":"follow","max-snippet":"max-snippet:-1","max-image-preview":"max-image-preview:large","max-video-preview":"max-video-preview:-1"},"canonical":"https:\/\/megapari.games\/lv\/","og_locale":"lv_LV","og_type":"article","og_title":"Megapari \u27a0 Vieta sporta der\u012bb\u0101m un kazino 2026 \u1409 Pieteik\u0161an\u0101s","og_description":"S\u0101ciet sp\u0113l\u0113t Mega Pari Latvija vietn\u0113 un sa\u0146emiet bonusu l\u012bdz pat 100 EUR par pirmo iemaksu \u2714\ufe0f Re\u0123istr\u0113jieties un s\u0101ciet der\u012bbas jau tagad!","og_url":"https:\/\/megapari.games\/lv\/","og_site_name":"Megapari Games LV","article_modified_time":"2025-07-28T19:21:44+00:00","twitter_card":"summary_large_image","schema":{"@context":"https:\/\/schema.org","@graph":[{"@type":"WebPage","@id":"https:\/\/megapari.games\/lv\/","url":"https:\/\/megapari.games\/lv\/","name":"Megapari \u27a0 Vieta sporta der\u012bb\u0101m un kazino 2026 \u1409 Pieteik\u0161an\u0101s","isPartOf":{"@id":"https:\/\/megapari.games\/lv\/#website"},"datePublished":"2023-05-18T17:18:34+00:00","dateModified":"2025-07-28T19:21:44+00:00","description":"S\u0101ciet sp\u0113l\u0113t Mega Pari Latvija vietn\u0113 un sa\u0146emiet bonusu l\u012bdz pat 100 EUR par pirmo iemaksu \u2714\ufe0f Re\u0123istr\u0113jieties un s\u0101ciet der\u012bbas jau tagad!","breadcrumb":{"@id":"https:\/\/megapari.games\/lv\/#breadcrumb"},"inLanguage":"lv-LV","potentialAction":[{"@type":"ReadAction","target":["https:\/\/megapari.games\/lv\/"]}]},{"@type":"BreadcrumbList","@id":"https:\/\/megapari.games\/lv\/#breadcrumb","itemListElement":[{"@type":"ListItem","position":1,"name":"\u0413\u043b\u0430\u0432\u043d\u0430\u044f \u0441\u0442\u0440\u0430\u043d\u0438\u0446\u0430","item":"https:\/\/megapari.games\/lv\/"},{"@type":"ListItem","position":2,"name":"S\u0101kums"}]},{"@type":"WebSite","@id":"https:\/\/megapari.games\/lv\/#website","url":"https:\/\/megapari.games\/lv\/","name":"Megapari Games LV","description":"My WordPress Blog","potentialAction":[{"@type":"SearchAction","target":{"@type":"EntryPoint","urlTemplate":"https:\/\/megapari.games\/lv\/?s={search_term_string}"},"query-input":{"@type":"PropertyValueSpecification","valueRequired":true,"valueName":"search_term_string"}}],"inLanguage":"lv-LV"}]}},"_links":{"self":[{"href":"https:\/\/megapari.games\/lv\/wp-json\/wp\/v2\/pages\/2","targetHints":{"allow":["GET"]}}],"collection":[{"href":"https:\/\/megapari.games\/lv\/wp-json\/wp\/v2\/pages"}],"about":[{"href":"https:\/\/megapari.games\/lv\/wp-json\/wp\/v2\/types\/page"}],"author":[{"embeddable":true,"href":"https:\/\/megapari.games\/lv\/wp-json\/wp\/v2\/users\/1"}],"replies":[{"embeddable":true,"href":"https:\/\/megapari.games\/lv\/wp-json\/wp\/v2\/comments?post=2"}],"version-history":[{"count":17,"href":"https:\/\/megapari.games\/lv\/wp-json\/wp\/v2\/pages\/2\/revisions"}],"predecessor-version":[{"id":956,"href":"https:\/\/megapari.games\/lv\/wp-json\/wp\/v2\/pages\/2\/revisions\/956"}],"wp:attachment":[{"href":"https:\/\/megapari.games\/lv\/wp-json\/wp\/v2\/media?parent=2"}],"curies":[{"name":"wp","href":"https:\/\/api.w.org\/{rel}","templated":true}]}}