{"id":226,"date":"2024-06-17T11:49:59","date_gmt":"2024-06-17T11:49:59","guid":{"rendered":"https:\/\/megapari.games\/lv\/?page_id=226"},"modified":"2025-07-08T12:20:56","modified_gmt":"2025-07-08T12:20:56","slug":"mobile","status":"publish","type":"page","link":"https:\/\/megapari.games\/lv\/mobile\/","title":{"rendered":"Lietotne"},"content":{"rendered":"","protected":false},"excerpt":{"rendered":"","protected":false},"author":1,"featured_media":0,"parent":0,"menu_order":0,"comment_status":"closed","ping_status":"closed","template":"","meta":{"inline_featured_image":false,"footnotes":""},"class_list":["post-226","page","type-page","status-publish","hentry"],"yoast_head":"<!-- This site is optimized with the Yoast SEO plugin v27.3 - https:\/\/yoast.com\/product\/yoast-seo-wordpress\/ -->\n<title>Megapari Lietotne Lejupiel\u0101d\u0113t bezmaksas Android un iOS 2026<\/title>\n<meta name=\"description\" content=\"Lejupiel\u0101d\u0113jiet ofici\u0101lo Megapari Latvija aplik\u0101ciju Android (APK) un iOS sporta un tie\u0161saistes kazino der\u012bb\u0101m | Jaun\u0101k\u0101 Megapari APK versija 1.2.4\" \/>\n<meta name=\"robots\" content=\"index, follow, max-snippet:-1, max-image-preview:large, max-video-preview:-1\" \/>\n<link rel=\"canonical\" href=\"https:\/\/megapari.games\/lv\/mobile\/\" \/>\n<meta property=\"og:locale\" content=\"lv_LV\" \/>\n<meta property=\"og:type\" content=\"article\" \/>\n<meta property=\"og:title\" content=\"Megapari Lietotne Lejupiel\u0101d\u0113t bezmaksas Android un iOS 2026\" \/>\n<meta property=\"og:description\" content=\"Lejupiel\u0101d\u0113jiet ofici\u0101lo Megapari Latvija aplik\u0101ciju Android (APK) un iOS sporta un tie\u0161saistes kazino der\u012bb\u0101m | Jaun\u0101k\u0101 Megapari APK versija 1.2.4\" \/>\n<meta property=\"og:url\" content=\"https:\/\/megapari.games\/lv\/mobile\/\" \/>\n<meta property=\"og:site_name\" content=\"Megapari Games LV\" \/>\n<meta property=\"article:modified_time\" content=\"2025-07-08T12:20:56+00:00\" \/>\n<meta name=\"twitter:card\" content=\"summary_large_image\" \/>\n<script type=\"application\/ld+json\" class=\"yoast-schema-graph\">{\"@context\":\"https:\\\/\\\/schema.org\",\"@graph\":[{\"@type\":\"WebPage\",\"@id\":\"https:\\\/\\\/megapari.games\\\/lv\\\/mobile\\\/\",\"url\":\"https:\\\/\\\/megapari.games\\\/lv\\\/mobile\\\/\",\"name\":\"Megapari Lietotne Lejupiel\u0101d\u0113t bezmaksas Android un iOS 2026\",\"isPartOf\":{\"@id\":\"https:\\\/\\\/megapari.games\\\/lv\\\/#website\"},\"datePublished\":\"2024-06-17T11:49:59+00:00\",\"dateModified\":\"2025-07-08T12:20:56+00:00\",\"description\":\"Lejupiel\u0101d\u0113jiet ofici\u0101lo Megapari Latvija aplik\u0101ciju Android (APK) un iOS sporta un tie\u0161saistes kazino der\u012bb\u0101m | Jaun\u0101k\u0101 Megapari APK versija 1.2.4\",\"breadcrumb\":{\"@id\":\"https:\\\/\\\/megapari.games\\\/lv\\\/mobile\\\/#breadcrumb\"},\"inLanguage\":\"lv-LV\",\"potentialAction\":[{\"@type\":\"ReadAction\",\"target\":[\"https:\\\/\\\/megapari.games\\\/lv\\\/mobile\\\/\"]}]},{\"@type\":\"BreadcrumbList\",\"@id\":\"https:\\\/\\\/megapari.games\\\/lv\\\/mobile\\\/#breadcrumb\",\"itemListElement\":[{\"@type\":\"ListItem\",\"position\":1,\"name\":\"\u0413\u043b\u0430\u0432\u043d\u0430\u044f \u0441\u0442\u0440\u0430\u043d\u0438\u0446\u0430\",\"item\":\"https:\\\/\\\/megapari.games\\\/lv\\\/\"},{\"@type\":\"ListItem\",\"position\":2,\"name\":\"Lietotne\"}]},{\"@type\":\"WebSite\",\"@id\":\"https:\\\/\\\/megapari.games\\\/lv\\\/#website\",\"url\":\"https:\\\/\\\/megapari.games\\\/lv\\\/\",\"name\":\"Megapari Games LV\",\"description\":\"My WordPress Blog\",\"potentialAction\":[{\"@type\":\"SearchAction\",\"target\":{\"@type\":\"EntryPoint\",\"urlTemplate\":\"https:\\\/\\\/megapari.games\\\/lv\\\/?s={search_term_string}\"},\"query-input\":{\"@type\":\"PropertyValueSpecification\",\"valueRequired\":true,\"valueName\":\"search_term_string\"}}],\"inLanguage\":\"lv-LV\"}]}<\/script>\n<!-- \/ Yoast SEO plugin. -->","yoast_head_json":{"title":"Megapari Lietotne Lejupiel\u0101d\u0113t bezmaksas Android un iOS 2026","description":"Lejupiel\u0101d\u0113jiet ofici\u0101lo Megapari Latvija aplik\u0101ciju Android (APK) un iOS sporta un tie\u0161saistes kazino der\u012bb\u0101m | Jaun\u0101k\u0101 Megapari APK versija 1.2.4","robots":{"index":"index","follow":"follow","max-snippet":"max-snippet:-1","max-image-preview":"max-image-preview:large","max-video-preview":"max-video-preview:-1"},"canonical":"https:\/\/megapari.games\/lv\/mobile\/","og_locale":"lv_LV","og_type":"article","og_title":"Megapari Lietotne Lejupiel\u0101d\u0113t bezmaksas Android un iOS 2026","og_description":"Lejupiel\u0101d\u0113jiet ofici\u0101lo Megapari Latvija aplik\u0101ciju Android (APK) un iOS sporta un tie\u0161saistes kazino der\u012bb\u0101m | Jaun\u0101k\u0101 Megapari APK versija 1.2.4","og_url":"https:\/\/megapari.games\/lv\/mobile\/","og_site_name":"Megapari Games LV","article_modified_time":"2025-07-08T12:20:56+00:00","twitter_card":"summary_large_image","schema":{"@context":"https:\/\/schema.org","@graph":[{"@type":"WebPage","@id":"https:\/\/megapari.games\/lv\/mobile\/","url":"https:\/\/megapari.games\/lv\/mobile\/","name":"Megapari Lietotne Lejupiel\u0101d\u0113t bezmaksas Android un iOS 2026","isPartOf":{"@id":"https:\/\/megapari.games\/lv\/#website"},"datePublished":"2024-06-17T11:49:59+00:00","dateModified":"2025-07-08T12:20:56+00:00","description":"Lejupiel\u0101d\u0113jiet ofici\u0101lo Megapari Latvija aplik\u0101ciju Android (APK) un iOS sporta un tie\u0161saistes kazino der\u012bb\u0101m | Jaun\u0101k\u0101 Megapari APK versija 1.2.4","breadcrumb":{"@id":"https:\/\/megapari.games\/lv\/mobile\/#breadcrumb"},"inLanguage":"lv-LV","potentialAction":[{"@type":"ReadAction","target":["https:\/\/megapari.games\/lv\/mobile\/"]}]},{"@type":"BreadcrumbList","@id":"https:\/\/megapari.games\/lv\/mobile\/#breadcrumb","itemListElement":[{"@type":"ListItem","position":1,"name":"\u0413\u043b\u0430\u0432\u043d\u0430\u044f \u0441\u0442\u0440\u0430\u043d\u0438\u0446\u0430","item":"https:\/\/megapari.games\/lv\/"},{"@type":"ListItem","position":2,"name":"Lietotne"}]},{"@type":"WebSite","@id":"https:\/\/megapari.games\/lv\/#website","url":"https:\/\/megapari.games\/lv\/","name":"Megapari Games LV","description":"My WordPress Blog","potentialAction":[{"@type":"SearchAction","target":{"@type":"EntryPoint","urlTemplate":"https:\/\/megapari.games\/lv\/?s={search_term_string}"},"query-input":{"@type":"PropertyValueSpecification","valueRequired":true,"valueName":"search_term_string"}}],"inLanguage":"lv-LV"}]}},"_links":{"self":[{"href":"https:\/\/megapari.games\/lv\/wp-json\/wp\/v2\/pages\/226","targetHints":{"allow":["GET"]}}],"collection":[{"href":"https:\/\/megapari.games\/lv\/wp-json\/wp\/v2\/pages"}],"about":[{"href":"https:\/\/megapari.games\/lv\/wp-json\/wp\/v2\/types\/page"}],"author":[{"embeddable":true,"href":"https:\/\/megapari.games\/lv\/wp-json\/wp\/v2\/users\/1"}],"replies":[{"embeddable":true,"href":"https:\/\/megapari.games\/lv\/wp-json\/wp\/v2\/comments?post=226"}],"version-history":[{"count":3,"href":"https:\/\/megapari.games\/lv\/wp-json\/wp\/v2\/pages\/226\/revisions"}],"predecessor-version":[{"id":947,"href":"https:\/\/megapari.games\/lv\/wp-json\/wp\/v2\/pages\/226\/revisions\/947"}],"wp:attachment":[{"href":"https:\/\/megapari.games\/lv\/wp-json\/wp\/v2\/media?parent=226"}],"curies":[{"name":"wp","href":"https:\/\/api.w.org\/{rel}","templated":true}]}}