{"id":437,"date":"2024-03-08T07:35:27","date_gmt":"2024-03-08T07:35:27","guid":{"rendered":"https:\/\/megapari.games\/lv\/?page_id=437"},"modified":"2025-07-08T12:33:46","modified_gmt":"2025-07-08T12:33:46","slug":"login","status":"publish","type":"page","link":"https:\/\/megapari.games\/lv\/login\/","title":{"rendered":"Pieteik\u0161an\u0101s"},"content":{"rendered":"","protected":false},"excerpt":{"rendered":"","protected":false},"author":1,"featured_media":0,"parent":0,"menu_order":0,"comment_status":"closed","ping_status":"closed","template":"","meta":{"inline_featured_image":false,"footnotes":""},"class_list":["post-437","page","type-page","status-publish","hentry"],"yoast_head":"<!-- This site is optimized with the Yoast SEO plugin v27.4 - https:\/\/yoast.com\/product\/yoast-seo-wordpress\/ -->\n<title>Megapari Pieteik\u0161an\u0101s Ofici\u0101l\u0101 vietne | Ce\u013cvedis K\u0101 pierakst\u012bties<\/title>\n<meta name=\"description\" content=\"K\u0101 piesl\u0113gties savam Megapari Latvija kontam \u2611\ufe0f Apmekl\u0113jiet Megapari m\u0101jaslapu un nospiediet pogu Pieteikties \u2713 Megapari konta re\u0123istr\u0101cija un verifik\u0101cija\" \/>\n<meta name=\"robots\" content=\"index, follow, max-snippet:-1, max-image-preview:large, max-video-preview:-1\" \/>\n<link rel=\"canonical\" href=\"https:\/\/megapari.games\/lv\/login\/\" \/>\n<meta property=\"og:locale\" content=\"lv_LV\" \/>\n<meta property=\"og:type\" content=\"article\" \/>\n<meta property=\"og:title\" content=\"Megapari Pieteik\u0161an\u0101s Ofici\u0101l\u0101 vietne | Ce\u013cvedis K\u0101 pierakst\u012bties\" \/>\n<meta property=\"og:description\" content=\"K\u0101 piesl\u0113gties savam Megapari Latvija kontam \u2611\ufe0f Apmekl\u0113jiet Megapari m\u0101jaslapu un nospiediet pogu Pieteikties \u2713 Megapari konta re\u0123istr\u0101cija un verifik\u0101cija\" \/>\n<meta property=\"og:url\" content=\"https:\/\/megapari.games\/lv\/login\/\" \/>\n<meta property=\"og:site_name\" content=\"Megapari Games LV\" \/>\n<meta property=\"article:modified_time\" content=\"2025-07-08T12:33:46+00:00\" \/>\n<meta name=\"twitter:card\" content=\"summary_large_image\" \/>\n<script type=\"application\/ld+json\" class=\"yoast-schema-graph\">{\"@context\":\"https:\\\/\\\/schema.org\",\"@graph\":[{\"@type\":\"WebPage\",\"@id\":\"https:\\\/\\\/megapari.games\\\/lv\\\/login\\\/\",\"url\":\"https:\\\/\\\/megapari.games\\\/lv\\\/login\\\/\",\"name\":\"Megapari Pieteik\u0161an\u0101s Ofici\u0101l\u0101 vietne | Ce\u013cvedis K\u0101 pierakst\u012bties\",\"isPartOf\":{\"@id\":\"https:\\\/\\\/megapari.games\\\/lv\\\/#website\"},\"datePublished\":\"2024-03-08T07:35:27+00:00\",\"dateModified\":\"2025-07-08T12:33:46+00:00\",\"description\":\"K\u0101 piesl\u0113gties savam Megapari Latvija kontam \u2611\ufe0f Apmekl\u0113jiet Megapari m\u0101jaslapu un nospiediet pogu Pieteikties \u2713 Megapari konta re\u0123istr\u0101cija un verifik\u0101cija\",\"breadcrumb\":{\"@id\":\"https:\\\/\\\/megapari.games\\\/lv\\\/login\\\/#breadcrumb\"},\"inLanguage\":\"lv-LV\",\"potentialAction\":[{\"@type\":\"ReadAction\",\"target\":[\"https:\\\/\\\/megapari.games\\\/lv\\\/login\\\/\"]}]},{\"@type\":\"BreadcrumbList\",\"@id\":\"https:\\\/\\\/megapari.games\\\/lv\\\/login\\\/#breadcrumb\",\"itemListElement\":[{\"@type\":\"ListItem\",\"position\":1,\"name\":\"\u0413\u043b\u0430\u0432\u043d\u0430\u044f \u0441\u0442\u0440\u0430\u043d\u0438\u0446\u0430\",\"item\":\"https:\\\/\\\/megapari.games\\\/lv\\\/\"},{\"@type\":\"ListItem\",\"position\":2,\"name\":\"Pieteik\u0161an\u0101s\"}]},{\"@type\":\"WebSite\",\"@id\":\"https:\\\/\\\/megapari.games\\\/lv\\\/#website\",\"url\":\"https:\\\/\\\/megapari.games\\\/lv\\\/\",\"name\":\"Megapari Games LV\",\"description\":\"My WordPress Blog\",\"potentialAction\":[{\"@type\":\"SearchAction\",\"target\":{\"@type\":\"EntryPoint\",\"urlTemplate\":\"https:\\\/\\\/megapari.games\\\/lv\\\/?s={search_term_string}\"},\"query-input\":{\"@type\":\"PropertyValueSpecification\",\"valueRequired\":true,\"valueName\":\"search_term_string\"}}],\"inLanguage\":\"lv-LV\"}]}<\/script>\n<!-- \/ Yoast SEO plugin. -->","yoast_head_json":{"title":"Megapari Pieteik\u0161an\u0101s Ofici\u0101l\u0101 vietne | Ce\u013cvedis K\u0101 pierakst\u012bties","description":"K\u0101 piesl\u0113gties savam Megapari Latvija kontam \u2611\ufe0f Apmekl\u0113jiet Megapari m\u0101jaslapu un nospiediet pogu Pieteikties \u2713 Megapari konta re\u0123istr\u0101cija un verifik\u0101cija","robots":{"index":"index","follow":"follow","max-snippet":"max-snippet:-1","max-image-preview":"max-image-preview:large","max-video-preview":"max-video-preview:-1"},"canonical":"https:\/\/megapari.games\/lv\/login\/","og_locale":"lv_LV","og_type":"article","og_title":"Megapari Pieteik\u0161an\u0101s Ofici\u0101l\u0101 vietne | Ce\u013cvedis K\u0101 pierakst\u012bties","og_description":"K\u0101 piesl\u0113gties savam Megapari Latvija kontam \u2611\ufe0f Apmekl\u0113jiet Megapari m\u0101jaslapu un nospiediet pogu Pieteikties \u2713 Megapari konta re\u0123istr\u0101cija un verifik\u0101cija","og_url":"https:\/\/megapari.games\/lv\/login\/","og_site_name":"Megapari Games LV","article_modified_time":"2025-07-08T12:33:46+00:00","twitter_card":"summary_large_image","schema":{"@context":"https:\/\/schema.org","@graph":[{"@type":"WebPage","@id":"https:\/\/megapari.games\/lv\/login\/","url":"https:\/\/megapari.games\/lv\/login\/","name":"Megapari Pieteik\u0161an\u0101s Ofici\u0101l\u0101 vietne | Ce\u013cvedis K\u0101 pierakst\u012bties","isPartOf":{"@id":"https:\/\/megapari.games\/lv\/#website"},"datePublished":"2024-03-08T07:35:27+00:00","dateModified":"2025-07-08T12:33:46+00:00","description":"K\u0101 piesl\u0113gties savam Megapari Latvija kontam \u2611\ufe0f Apmekl\u0113jiet Megapari m\u0101jaslapu un nospiediet pogu Pieteikties \u2713 Megapari konta re\u0123istr\u0101cija un verifik\u0101cija","breadcrumb":{"@id":"https:\/\/megapari.games\/lv\/login\/#breadcrumb"},"inLanguage":"lv-LV","potentialAction":[{"@type":"ReadAction","target":["https:\/\/megapari.games\/lv\/login\/"]}]},{"@type":"BreadcrumbList","@id":"https:\/\/megapari.games\/lv\/login\/#breadcrumb","itemListElement":[{"@type":"ListItem","position":1,"name":"\u0413\u043b\u0430\u0432\u043d\u0430\u044f \u0441\u0442\u0440\u0430\u043d\u0438\u0446\u0430","item":"https:\/\/megapari.games\/lv\/"},{"@type":"ListItem","position":2,"name":"Pieteik\u0161an\u0101s"}]},{"@type":"WebSite","@id":"https:\/\/megapari.games\/lv\/#website","url":"https:\/\/megapari.games\/lv\/","name":"Megapari Games LV","description":"My WordPress Blog","potentialAction":[{"@type":"SearchAction","target":{"@type":"EntryPoint","urlTemplate":"https:\/\/megapari.games\/lv\/?s={search_term_string}"},"query-input":{"@type":"PropertyValueSpecification","valueRequired":true,"valueName":"search_term_string"}}],"inLanguage":"lv-LV"}]}},"_links":{"self":[{"href":"https:\/\/megapari.games\/lv\/wp-json\/wp\/v2\/pages\/437","targetHints":{"allow":["GET"]}}],"collection":[{"href":"https:\/\/megapari.games\/lv\/wp-json\/wp\/v2\/pages"}],"about":[{"href":"https:\/\/megapari.games\/lv\/wp-json\/wp\/v2\/types\/page"}],"author":[{"embeddable":true,"href":"https:\/\/megapari.games\/lv\/wp-json\/wp\/v2\/users\/1"}],"replies":[{"embeddable":true,"href":"https:\/\/megapari.games\/lv\/wp-json\/wp\/v2\/comments?post=437"}],"version-history":[{"count":3,"href":"https:\/\/megapari.games\/lv\/wp-json\/wp\/v2\/pages\/437\/revisions"}],"predecessor-version":[{"id":950,"href":"https:\/\/megapari.games\/lv\/wp-json\/wp\/v2\/pages\/437\/revisions\/950"}],"wp:attachment":[{"href":"https:\/\/megapari.games\/lv\/wp-json\/wp\/v2\/media?parent=437"}],"curies":[{"name":"wp","href":"https:\/\/api.w.org\/{rel}","templated":true}]}}