{"id":521,"date":"2024-06-13T13:06:28","date_gmt":"2024-06-13T13:06:28","guid":{"rendered":"https:\/\/megapari.games\/lv\/?page_id=521"},"modified":"2025-07-08T12:05:13","modified_gmt":"2025-07-08T12:05:13","slug":"registration","status":"publish","type":"page","link":"https:\/\/megapari.games\/lv\/registration\/","title":{"rendered":"Re\u0123istr\u0101cija"},"content":{"rendered":"","protected":false},"excerpt":{"rendered":"","protected":false},"author":1,"featured_media":0,"parent":0,"menu_order":0,"comment_status":"closed","ping_status":"closed","template":"","meta":{"inline_featured_image":false,"footnotes":""},"class_list":["post-521","page","type-page","status-publish","hentry"],"yoast_head":"<!-- This site is optimized with the Yoast SEO plugin v27.3 - https:\/\/yoast.com\/product\/yoast-seo-wordpress\/ -->\n<title>Megapari Latvija Re\u0123istr\u0101cija \ud83c\udfc6 K\u0101 re\u0123istr\u0113ties<\/title>\n<meta name=\"description\" content=\"Re\u0123istr\u0113jieties un sa\u0146emiet bonusu jaunajiem sp\u0113l\u0113t\u0101jiem \u2611\ufe0f Megapari ofici\u0101l\u0101 vietne \u2713 Re\u0123istr\u0113t Megapari kontu\" \/>\n<meta name=\"robots\" content=\"index, follow, max-snippet:-1, max-image-preview:large, max-video-preview:-1\" \/>\n<link rel=\"canonical\" href=\"https:\/\/megapari.games\/lv\/registration\/\" \/>\n<meta property=\"og:locale\" content=\"lv_LV\" \/>\n<meta property=\"og:type\" content=\"article\" \/>\n<meta property=\"og:title\" content=\"Megapari Latvija Re\u0123istr\u0101cija \ud83c\udfc6 K\u0101 re\u0123istr\u0113ties\" \/>\n<meta property=\"og:description\" content=\"Re\u0123istr\u0113jieties un sa\u0146emiet bonusu jaunajiem sp\u0113l\u0113t\u0101jiem \u2611\ufe0f Megapari ofici\u0101l\u0101 vietne \u2713 Re\u0123istr\u0113t Megapari kontu\" \/>\n<meta property=\"og:url\" content=\"https:\/\/megapari.games\/lv\/registration\/\" \/>\n<meta property=\"og:site_name\" content=\"Megapari Games LV\" \/>\n<meta property=\"article:modified_time\" content=\"2025-07-08T12:05:13+00:00\" \/>\n<meta name=\"twitter:card\" content=\"summary_large_image\" \/>\n<script type=\"application\/ld+json\" class=\"yoast-schema-graph\">{\"@context\":\"https:\\\/\\\/schema.org\",\"@graph\":[{\"@type\":\"WebPage\",\"@id\":\"https:\\\/\\\/megapari.games\\\/lv\\\/registration\\\/\",\"url\":\"https:\\\/\\\/megapari.games\\\/lv\\\/registration\\\/\",\"name\":\"Megapari Latvija Re\u0123istr\u0101cija \ud83c\udfc6 K\u0101 re\u0123istr\u0113ties\",\"isPartOf\":{\"@id\":\"https:\\\/\\\/megapari.games\\\/lv\\\/#website\"},\"datePublished\":\"2024-06-13T13:06:28+00:00\",\"dateModified\":\"2025-07-08T12:05:13+00:00\",\"description\":\"Re\u0123istr\u0113jieties un sa\u0146emiet bonusu jaunajiem sp\u0113l\u0113t\u0101jiem \u2611\ufe0f Megapari ofici\u0101l\u0101 vietne \u2713 Re\u0123istr\u0113t Megapari kontu\",\"breadcrumb\":{\"@id\":\"https:\\\/\\\/megapari.games\\\/lv\\\/registration\\\/#breadcrumb\"},\"inLanguage\":\"lv-LV\",\"potentialAction\":[{\"@type\":\"ReadAction\",\"target\":[\"https:\\\/\\\/megapari.games\\\/lv\\\/registration\\\/\"]}]},{\"@type\":\"BreadcrumbList\",\"@id\":\"https:\\\/\\\/megapari.games\\\/lv\\\/registration\\\/#breadcrumb\",\"itemListElement\":[{\"@type\":\"ListItem\",\"position\":1,\"name\":\"\u0413\u043b\u0430\u0432\u043d\u0430\u044f \u0441\u0442\u0440\u0430\u043d\u0438\u0446\u0430\",\"item\":\"https:\\\/\\\/megapari.games\\\/lv\\\/\"},{\"@type\":\"ListItem\",\"position\":2,\"name\":\"Re\u0123istr\u0101cija\"}]},{\"@type\":\"WebSite\",\"@id\":\"https:\\\/\\\/megapari.games\\\/lv\\\/#website\",\"url\":\"https:\\\/\\\/megapari.games\\\/lv\\\/\",\"name\":\"Megapari Games LV\",\"description\":\"My WordPress Blog\",\"potentialAction\":[{\"@type\":\"SearchAction\",\"target\":{\"@type\":\"EntryPoint\",\"urlTemplate\":\"https:\\\/\\\/megapari.games\\\/lv\\\/?s={search_term_string}\"},\"query-input\":{\"@type\":\"PropertyValueSpecification\",\"valueRequired\":true,\"valueName\":\"search_term_string\"}}],\"inLanguage\":\"lv-LV\"}]}<\/script>\n<!-- \/ Yoast SEO plugin. -->","yoast_head_json":{"title":"Megapari Latvija Re\u0123istr\u0101cija \ud83c\udfc6 K\u0101 re\u0123istr\u0113ties","description":"Re\u0123istr\u0113jieties un sa\u0146emiet bonusu jaunajiem sp\u0113l\u0113t\u0101jiem \u2611\ufe0f Megapari ofici\u0101l\u0101 vietne \u2713 Re\u0123istr\u0113t Megapari kontu","robots":{"index":"index","follow":"follow","max-snippet":"max-snippet:-1","max-image-preview":"max-image-preview:large","max-video-preview":"max-video-preview:-1"},"canonical":"https:\/\/megapari.games\/lv\/registration\/","og_locale":"lv_LV","og_type":"article","og_title":"Megapari Latvija Re\u0123istr\u0101cija \ud83c\udfc6 K\u0101 re\u0123istr\u0113ties","og_description":"Re\u0123istr\u0113jieties un sa\u0146emiet bonusu jaunajiem sp\u0113l\u0113t\u0101jiem \u2611\ufe0f Megapari ofici\u0101l\u0101 vietne \u2713 Re\u0123istr\u0113t Megapari kontu","og_url":"https:\/\/megapari.games\/lv\/registration\/","og_site_name":"Megapari Games LV","article_modified_time":"2025-07-08T12:05:13+00:00","twitter_card":"summary_large_image","schema":{"@context":"https:\/\/schema.org","@graph":[{"@type":"WebPage","@id":"https:\/\/megapari.games\/lv\/registration\/","url":"https:\/\/megapari.games\/lv\/registration\/","name":"Megapari Latvija Re\u0123istr\u0101cija \ud83c\udfc6 K\u0101 re\u0123istr\u0113ties","isPartOf":{"@id":"https:\/\/megapari.games\/lv\/#website"},"datePublished":"2024-06-13T13:06:28+00:00","dateModified":"2025-07-08T12:05:13+00:00","description":"Re\u0123istr\u0113jieties un sa\u0146emiet bonusu jaunajiem sp\u0113l\u0113t\u0101jiem \u2611\ufe0f Megapari ofici\u0101l\u0101 vietne \u2713 Re\u0123istr\u0113t Megapari kontu","breadcrumb":{"@id":"https:\/\/megapari.games\/lv\/registration\/#breadcrumb"},"inLanguage":"lv-LV","potentialAction":[{"@type":"ReadAction","target":["https:\/\/megapari.games\/lv\/registration\/"]}]},{"@type":"BreadcrumbList","@id":"https:\/\/megapari.games\/lv\/registration\/#breadcrumb","itemListElement":[{"@type":"ListItem","position":1,"name":"\u0413\u043b\u0430\u0432\u043d\u0430\u044f \u0441\u0442\u0440\u0430\u043d\u0438\u0446\u0430","item":"https:\/\/megapari.games\/lv\/"},{"@type":"ListItem","position":2,"name":"Re\u0123istr\u0101cija"}]},{"@type":"WebSite","@id":"https:\/\/megapari.games\/lv\/#website","url":"https:\/\/megapari.games\/lv\/","name":"Megapari Games LV","description":"My WordPress Blog","potentialAction":[{"@type":"SearchAction","target":{"@type":"EntryPoint","urlTemplate":"https:\/\/megapari.games\/lv\/?s={search_term_string}"},"query-input":{"@type":"PropertyValueSpecification","valueRequired":true,"valueName":"search_term_string"}}],"inLanguage":"lv-LV"}]}},"_links":{"self":[{"href":"https:\/\/megapari.games\/lv\/wp-json\/wp\/v2\/pages\/521","targetHints":{"allow":["GET"]}}],"collection":[{"href":"https:\/\/megapari.games\/lv\/wp-json\/wp\/v2\/pages"}],"about":[{"href":"https:\/\/megapari.games\/lv\/wp-json\/wp\/v2\/types\/page"}],"author":[{"embeddable":true,"href":"https:\/\/megapari.games\/lv\/wp-json\/wp\/v2\/users\/1"}],"replies":[{"embeddable":true,"href":"https:\/\/megapari.games\/lv\/wp-json\/wp\/v2\/comments?post=521"}],"version-history":[{"count":1,"href":"https:\/\/megapari.games\/lv\/wp-json\/wp\/v2\/pages\/521\/revisions"}],"predecessor-version":[{"id":944,"href":"https:\/\/megapari.games\/lv\/wp-json\/wp\/v2\/pages\/521\/revisions\/944"}],"wp:attachment":[{"href":"https:\/\/megapari.games\/lv\/wp-json\/wp\/v2\/media?parent=521"}],"curies":[{"name":"wp","href":"https:\/\/api.w.org\/{rel}","templated":true}]}}