{"id":656,"date":"2024-10-18T10:54:32","date_gmt":"2024-10-18T10:54:32","guid":{"rendered":"https:\/\/megapari.games\/lv\/?page_id=656"},"modified":"2025-07-28T19:29:41","modified_gmt":"2025-07-28T19:29:41","slug":"promo-code","status":"publish","type":"page","link":"https:\/\/megapari.games\/lv\/promo-code\/","title":{"rendered":"Promo kods"},"content":{"rendered":"","protected":false},"excerpt":{"rendered":"","protected":false},"author":1,"featured_media":0,"parent":0,"menu_order":0,"comment_status":"closed","ping_status":"closed","template":"","meta":{"inline_featured_image":false,"footnotes":""},"class_list":["post-656","page","type-page","status-publish","hentry"],"yoast_head":"<!-- This site is optimized with the Yoast SEO plugin v27.3 - https:\/\/yoast.com\/product\/yoast-seo-wordpress\/ -->\n<title>Megapari Promo kods \u2705 Ieg\u016bstiet savu 100% bonusu jau \u0161odien!<\/title>\n<meta name=\"description\" content=\"\ud83d\udd25 Vai esat gatavs paaugstin\u0101t savu der\u012bbu sp\u0113les l\u012bmeni? Pa\u0137eriet karst\u0101ko Megapari Latvija promo kodu tagad un sa\u0146emiet neticamu 100% bonusu! Nepalaidiet gar\u0101m - j\u016bsu uzvaras s\u0113rija s\u0101kas tagad!\" \/>\n<meta name=\"robots\" content=\"index, follow, max-snippet:-1, max-image-preview:large, max-video-preview:-1\" \/>\n<link rel=\"canonical\" href=\"https:\/\/megapari.games\/lv\/promo-code\/\" \/>\n<meta property=\"og:locale\" content=\"lv_LV\" \/>\n<meta property=\"og:type\" content=\"article\" \/>\n<meta property=\"og:title\" content=\"Megapari Promo kods \u2705 Ieg\u016bstiet savu 100% bonusu jau \u0161odien!\" \/>\n<meta property=\"og:description\" content=\"\ud83d\udd25 Vai esat gatavs paaugstin\u0101t savu der\u012bbu sp\u0113les l\u012bmeni? Pa\u0137eriet karst\u0101ko Megapari Latvija promo kodu tagad un sa\u0146emiet neticamu 100% bonusu! Nepalaidiet gar\u0101m - j\u016bsu uzvaras s\u0113rija s\u0101kas tagad!\" \/>\n<meta property=\"og:url\" content=\"https:\/\/megapari.games\/lv\/promo-code\/\" \/>\n<meta property=\"og:site_name\" content=\"Megapari Games LV\" \/>\n<meta property=\"article:modified_time\" content=\"2025-07-28T19:29:41+00:00\" \/>\n<meta name=\"twitter:card\" content=\"summary_large_image\" \/>\n<script type=\"application\/ld+json\" class=\"yoast-schema-graph\">{\"@context\":\"https:\\\/\\\/schema.org\",\"@graph\":[{\"@type\":\"WebPage\",\"@id\":\"https:\\\/\\\/megapari.games\\\/lv\\\/promo-code\\\/\",\"url\":\"https:\\\/\\\/megapari.games\\\/lv\\\/promo-code\\\/\",\"name\":\"Megapari Promo kods \u2705 Ieg\u016bstiet savu 100% bonusu jau \u0161odien!\",\"isPartOf\":{\"@id\":\"https:\\\/\\\/megapari.games\\\/lv\\\/#website\"},\"datePublished\":\"2024-10-18T10:54:32+00:00\",\"dateModified\":\"2025-07-28T19:29:41+00:00\",\"description\":\"\ud83d\udd25 Vai esat gatavs paaugstin\u0101t savu der\u012bbu sp\u0113les l\u012bmeni? Pa\u0137eriet karst\u0101ko Megapari Latvija promo kodu tagad un sa\u0146emiet neticamu 100% bonusu! Nepalaidiet gar\u0101m - j\u016bsu uzvaras s\u0113rija s\u0101kas tagad!\",\"breadcrumb\":{\"@id\":\"https:\\\/\\\/megapari.games\\\/lv\\\/promo-code\\\/#breadcrumb\"},\"inLanguage\":\"lv-LV\",\"potentialAction\":[{\"@type\":\"ReadAction\",\"target\":[\"https:\\\/\\\/megapari.games\\\/lv\\\/promo-code\\\/\"]}]},{\"@type\":\"BreadcrumbList\",\"@id\":\"https:\\\/\\\/megapari.games\\\/lv\\\/promo-code\\\/#breadcrumb\",\"itemListElement\":[{\"@type\":\"ListItem\",\"position\":1,\"name\":\"\u0413\u043b\u0430\u0432\u043d\u0430\u044f \u0441\u0442\u0440\u0430\u043d\u0438\u0446\u0430\",\"item\":\"https:\\\/\\\/megapari.games\\\/lv\\\/\"},{\"@type\":\"ListItem\",\"position\":2,\"name\":\"Promo kods\"}]},{\"@type\":\"WebSite\",\"@id\":\"https:\\\/\\\/megapari.games\\\/lv\\\/#website\",\"url\":\"https:\\\/\\\/megapari.games\\\/lv\\\/\",\"name\":\"Megapari Games LV\",\"description\":\"My WordPress Blog\",\"potentialAction\":[{\"@type\":\"SearchAction\",\"target\":{\"@type\":\"EntryPoint\",\"urlTemplate\":\"https:\\\/\\\/megapari.games\\\/lv\\\/?s={search_term_string}\"},\"query-input\":{\"@type\":\"PropertyValueSpecification\",\"valueRequired\":true,\"valueName\":\"search_term_string\"}}],\"inLanguage\":\"lv-LV\"}]}<\/script>\n<!-- \/ Yoast SEO plugin. -->","yoast_head_json":{"title":"Megapari Promo kods \u2705 Ieg\u016bstiet savu 100% bonusu jau \u0161odien!","description":"\ud83d\udd25 Vai esat gatavs paaugstin\u0101t savu der\u012bbu sp\u0113les l\u012bmeni? Pa\u0137eriet karst\u0101ko Megapari Latvija promo kodu tagad un sa\u0146emiet neticamu 100% bonusu! Nepalaidiet gar\u0101m - j\u016bsu uzvaras s\u0113rija s\u0101kas tagad!","robots":{"index":"index","follow":"follow","max-snippet":"max-snippet:-1","max-image-preview":"max-image-preview:large","max-video-preview":"max-video-preview:-1"},"canonical":"https:\/\/megapari.games\/lv\/promo-code\/","og_locale":"lv_LV","og_type":"article","og_title":"Megapari Promo kods \u2705 Ieg\u016bstiet savu 100% bonusu jau \u0161odien!","og_description":"\ud83d\udd25 Vai esat gatavs paaugstin\u0101t savu der\u012bbu sp\u0113les l\u012bmeni? Pa\u0137eriet karst\u0101ko Megapari Latvija promo kodu tagad un sa\u0146emiet neticamu 100% bonusu! Nepalaidiet gar\u0101m - j\u016bsu uzvaras s\u0113rija s\u0101kas tagad!","og_url":"https:\/\/megapari.games\/lv\/promo-code\/","og_site_name":"Megapari Games LV","article_modified_time":"2025-07-28T19:29:41+00:00","twitter_card":"summary_large_image","schema":{"@context":"https:\/\/schema.org","@graph":[{"@type":"WebPage","@id":"https:\/\/megapari.games\/lv\/promo-code\/","url":"https:\/\/megapari.games\/lv\/promo-code\/","name":"Megapari Promo kods \u2705 Ieg\u016bstiet savu 100% bonusu jau \u0161odien!","isPartOf":{"@id":"https:\/\/megapari.games\/lv\/#website"},"datePublished":"2024-10-18T10:54:32+00:00","dateModified":"2025-07-28T19:29:41+00:00","description":"\ud83d\udd25 Vai esat gatavs paaugstin\u0101t savu der\u012bbu sp\u0113les l\u012bmeni? Pa\u0137eriet karst\u0101ko Megapari Latvija promo kodu tagad un sa\u0146emiet neticamu 100% bonusu! Nepalaidiet gar\u0101m - j\u016bsu uzvaras s\u0113rija s\u0101kas tagad!","breadcrumb":{"@id":"https:\/\/megapari.games\/lv\/promo-code\/#breadcrumb"},"inLanguage":"lv-LV","potentialAction":[{"@type":"ReadAction","target":["https:\/\/megapari.games\/lv\/promo-code\/"]}]},{"@type":"BreadcrumbList","@id":"https:\/\/megapari.games\/lv\/promo-code\/#breadcrumb","itemListElement":[{"@type":"ListItem","position":1,"name":"\u0413\u043b\u0430\u0432\u043d\u0430\u044f \u0441\u0442\u0440\u0430\u043d\u0438\u0446\u0430","item":"https:\/\/megapari.games\/lv\/"},{"@type":"ListItem","position":2,"name":"Promo kods"}]},{"@type":"WebSite","@id":"https:\/\/megapari.games\/lv\/#website","url":"https:\/\/megapari.games\/lv\/","name":"Megapari Games LV","description":"My WordPress Blog","potentialAction":[{"@type":"SearchAction","target":{"@type":"EntryPoint","urlTemplate":"https:\/\/megapari.games\/lv\/?s={search_term_string}"},"query-input":{"@type":"PropertyValueSpecification","valueRequired":true,"valueName":"search_term_string"}}],"inLanguage":"lv-LV"}]}},"_links":{"self":[{"href":"https:\/\/megapari.games\/lv\/wp-json\/wp\/v2\/pages\/656","targetHints":{"allow":["GET"]}}],"collection":[{"href":"https:\/\/megapari.games\/lv\/wp-json\/wp\/v2\/pages"}],"about":[{"href":"https:\/\/megapari.games\/lv\/wp-json\/wp\/v2\/types\/page"}],"author":[{"embeddable":true,"href":"https:\/\/megapari.games\/lv\/wp-json\/wp\/v2\/users\/1"}],"replies":[{"embeddable":true,"href":"https:\/\/megapari.games\/lv\/wp-json\/wp\/v2\/comments?post=656"}],"version-history":[{"count":8,"href":"https:\/\/megapari.games\/lv\/wp-json\/wp\/v2\/pages\/656\/revisions"}],"predecessor-version":[{"id":962,"href":"https:\/\/megapari.games\/lv\/wp-json\/wp\/v2\/pages\/656\/revisions\/962"}],"wp:attachment":[{"href":"https:\/\/megapari.games\/lv\/wp-json\/wp\/v2\/media?parent=656"}],"curies":[{"name":"wp","href":"https:\/\/api.w.org\/{rel}","templated":true}]}}