{"id":776,"date":"2025-03-27T08:52:05","date_gmt":"2025-03-27T08:52:05","guid":{"rendered":"https:\/\/megapari.games\/lv\/?page_id=776"},"modified":"2025-07-28T19:25:30","modified_gmt":"2025-07-28T19:25:30","slug":"first-deposit","status":"publish","type":"page","link":"https:\/\/megapari.games\/lv\/bonus\/first-deposit\/","title":{"rendered":"Pirmais depoz\u012bts"},"content":{"rendered":"","protected":false},"excerpt":{"rendered":"","protected":false},"author":1,"featured_media":0,"parent":152,"menu_order":0,"comment_status":"closed","ping_status":"closed","template":"","meta":{"inline_featured_image":false,"footnotes":""},"class_list":["post-776","page","type-page","status-publish","hentry"],"yoast_head":"<!-- This site is optimized with the Yoast SEO plugin v27.3 - https:\/\/yoast.com\/product\/yoast-seo-wordpress\/ -->\n<title>Megapari sagaid\u012b\u0161anas pakete: Ieg\u016bstiet l\u012bdz \u20ac 1500 + 150 FS<\/title>\n<meta name=\"description\" content=\"Nepalaidiet savu iesp\u0113ju gar\u0101m! Pievienojieties Megapari Latvija un sa\u0146emiet iespaid\u012bgu sagaid\u012b\u0161anas komplektu l\u012bdz pat \u20ac1500 + 150 bezmaksas griezieni! J\u016bs gaida aizraujo\u0161as sp\u0113les un nep\u0101rsp\u0113jami bonusi. Sp\u0113l\u0113jiet gudri - vinn\u0113jiet ar aizraut\u012bbu!\" \/>\n<meta name=\"robots\" content=\"index, follow, max-snippet:-1, max-image-preview:large, max-video-preview:-1\" \/>\n<link rel=\"canonical\" href=\"https:\/\/megapari.games\/lv\/bonus\/first-deposit\/\" \/>\n<meta property=\"og:locale\" content=\"lv_LV\" \/>\n<meta property=\"og:type\" content=\"article\" \/>\n<meta property=\"og:title\" content=\"Megapari sagaid\u012b\u0161anas pakete: Ieg\u016bstiet l\u012bdz \u20ac 1500 + 150 FS\" \/>\n<meta property=\"og:description\" content=\"Nepalaidiet savu iesp\u0113ju gar\u0101m! Pievienojieties Megapari Latvija un sa\u0146emiet iespaid\u012bgu sagaid\u012b\u0161anas komplektu l\u012bdz pat \u20ac1500 + 150 bezmaksas griezieni! J\u016bs gaida aizraujo\u0161as sp\u0113les un nep\u0101rsp\u0113jami bonusi. Sp\u0113l\u0113jiet gudri - vinn\u0113jiet ar aizraut\u012bbu!\" \/>\n<meta property=\"og:url\" content=\"https:\/\/megapari.games\/lv\/bonus\/first-deposit\/\" \/>\n<meta property=\"og:site_name\" content=\"Megapari Games LV\" \/>\n<meta property=\"article:modified_time\" content=\"2025-07-28T19:25:30+00:00\" \/>\n<meta name=\"twitter:card\" content=\"summary_large_image\" \/>\n<script type=\"application\/ld+json\" class=\"yoast-schema-graph\">{\"@context\":\"https:\\\/\\\/schema.org\",\"@graph\":[{\"@type\":\"WebPage\",\"@id\":\"https:\\\/\\\/megapari.games\\\/lv\\\/bonus\\\/first-deposit\\\/\",\"url\":\"https:\\\/\\\/megapari.games\\\/lv\\\/bonus\\\/first-deposit\\\/\",\"name\":\"Megapari sagaid\u012b\u0161anas pakete: Ieg\u016bstiet l\u012bdz \u20ac 1500 + 150 FS\",\"isPartOf\":{\"@id\":\"https:\\\/\\\/megapari.games\\\/lv\\\/#website\"},\"datePublished\":\"2025-03-27T08:52:05+00:00\",\"dateModified\":\"2025-07-28T19:25:30+00:00\",\"description\":\"Nepalaidiet savu iesp\u0113ju gar\u0101m! Pievienojieties Megapari Latvija un sa\u0146emiet iespaid\u012bgu sagaid\u012b\u0161anas komplektu l\u012bdz pat \u20ac1500 + 150 bezmaksas griezieni! J\u016bs gaida aizraujo\u0161as sp\u0113les un nep\u0101rsp\u0113jami bonusi. Sp\u0113l\u0113jiet gudri - vinn\u0113jiet ar aizraut\u012bbu!\",\"breadcrumb\":{\"@id\":\"https:\\\/\\\/megapari.games\\\/lv\\\/bonus\\\/first-deposit\\\/#breadcrumb\"},\"inLanguage\":\"lv-LV\",\"potentialAction\":[{\"@type\":\"ReadAction\",\"target\":[\"https:\\\/\\\/megapari.games\\\/lv\\\/bonus\\\/first-deposit\\\/\"]}]},{\"@type\":\"BreadcrumbList\",\"@id\":\"https:\\\/\\\/megapari.games\\\/lv\\\/bonus\\\/first-deposit\\\/#breadcrumb\",\"itemListElement\":[{\"@type\":\"ListItem\",\"position\":1,\"name\":\"\u0413\u043b\u0430\u0432\u043d\u0430\u044f \u0441\u0442\u0440\u0430\u043d\u0438\u0446\u0430\",\"item\":\"https:\\\/\\\/megapari.games\\\/lv\\\/\"},{\"@type\":\"ListItem\",\"position\":2,\"name\":\"Bonuss\",\"item\":\"https:\\\/\\\/megapari.games\\\/lv\\\/bonus\\\/\"},{\"@type\":\"ListItem\",\"position\":3,\"name\":\"Pirmais depoz\u012bts\"}]},{\"@type\":\"WebSite\",\"@id\":\"https:\\\/\\\/megapari.games\\\/lv\\\/#website\",\"url\":\"https:\\\/\\\/megapari.games\\\/lv\\\/\",\"name\":\"Megapari Games LV\",\"description\":\"My WordPress Blog\",\"potentialAction\":[{\"@type\":\"SearchAction\",\"target\":{\"@type\":\"EntryPoint\",\"urlTemplate\":\"https:\\\/\\\/megapari.games\\\/lv\\\/?s={search_term_string}\"},\"query-input\":{\"@type\":\"PropertyValueSpecification\",\"valueRequired\":true,\"valueName\":\"search_term_string\"}}],\"inLanguage\":\"lv-LV\"}]}<\/script>\n<!-- \/ Yoast SEO plugin. -->","yoast_head_json":{"title":"Megapari sagaid\u012b\u0161anas pakete: Ieg\u016bstiet l\u012bdz \u20ac 1500 + 150 FS","description":"Nepalaidiet savu iesp\u0113ju gar\u0101m! Pievienojieties Megapari Latvija un sa\u0146emiet iespaid\u012bgu sagaid\u012b\u0161anas komplektu l\u012bdz pat \u20ac1500 + 150 bezmaksas griezieni! J\u016bs gaida aizraujo\u0161as sp\u0113les un nep\u0101rsp\u0113jami bonusi. Sp\u0113l\u0113jiet gudri - vinn\u0113jiet ar aizraut\u012bbu!","robots":{"index":"index","follow":"follow","max-snippet":"max-snippet:-1","max-image-preview":"max-image-preview:large","max-video-preview":"max-video-preview:-1"},"canonical":"https:\/\/megapari.games\/lv\/bonus\/first-deposit\/","og_locale":"lv_LV","og_type":"article","og_title":"Megapari sagaid\u012b\u0161anas pakete: Ieg\u016bstiet l\u012bdz \u20ac 1500 + 150 FS","og_description":"Nepalaidiet savu iesp\u0113ju gar\u0101m! Pievienojieties Megapari Latvija un sa\u0146emiet iespaid\u012bgu sagaid\u012b\u0161anas komplektu l\u012bdz pat \u20ac1500 + 150 bezmaksas griezieni! J\u016bs gaida aizraujo\u0161as sp\u0113les un nep\u0101rsp\u0113jami bonusi. Sp\u0113l\u0113jiet gudri - vinn\u0113jiet ar aizraut\u012bbu!","og_url":"https:\/\/megapari.games\/lv\/bonus\/first-deposit\/","og_site_name":"Megapari Games LV","article_modified_time":"2025-07-28T19:25:30+00:00","twitter_card":"summary_large_image","schema":{"@context":"https:\/\/schema.org","@graph":[{"@type":"WebPage","@id":"https:\/\/megapari.games\/lv\/bonus\/first-deposit\/","url":"https:\/\/megapari.games\/lv\/bonus\/first-deposit\/","name":"Megapari sagaid\u012b\u0161anas pakete: Ieg\u016bstiet l\u012bdz \u20ac 1500 + 150 FS","isPartOf":{"@id":"https:\/\/megapari.games\/lv\/#website"},"datePublished":"2025-03-27T08:52:05+00:00","dateModified":"2025-07-28T19:25:30+00:00","description":"Nepalaidiet savu iesp\u0113ju gar\u0101m! Pievienojieties Megapari Latvija un sa\u0146emiet iespaid\u012bgu sagaid\u012b\u0161anas komplektu l\u012bdz pat \u20ac1500 + 150 bezmaksas griezieni! J\u016bs gaida aizraujo\u0161as sp\u0113les un nep\u0101rsp\u0113jami bonusi. Sp\u0113l\u0113jiet gudri - vinn\u0113jiet ar aizraut\u012bbu!","breadcrumb":{"@id":"https:\/\/megapari.games\/lv\/bonus\/first-deposit\/#breadcrumb"},"inLanguage":"lv-LV","potentialAction":[{"@type":"ReadAction","target":["https:\/\/megapari.games\/lv\/bonus\/first-deposit\/"]}]},{"@type":"BreadcrumbList","@id":"https:\/\/megapari.games\/lv\/bonus\/first-deposit\/#breadcrumb","itemListElement":[{"@type":"ListItem","position":1,"name":"\u0413\u043b\u0430\u0432\u043d\u0430\u044f \u0441\u0442\u0440\u0430\u043d\u0438\u0446\u0430","item":"https:\/\/megapari.games\/lv\/"},{"@type":"ListItem","position":2,"name":"Bonuss","item":"https:\/\/megapari.games\/lv\/bonus\/"},{"@type":"ListItem","position":3,"name":"Pirmais depoz\u012bts"}]},{"@type":"WebSite","@id":"https:\/\/megapari.games\/lv\/#website","url":"https:\/\/megapari.games\/lv\/","name":"Megapari Games LV","description":"My WordPress Blog","potentialAction":[{"@type":"SearchAction","target":{"@type":"EntryPoint","urlTemplate":"https:\/\/megapari.games\/lv\/?s={search_term_string}"},"query-input":{"@type":"PropertyValueSpecification","valueRequired":true,"valueName":"search_term_string"}}],"inLanguage":"lv-LV"}]}},"_links":{"self":[{"href":"https:\/\/megapari.games\/lv\/wp-json\/wp\/v2\/pages\/776","targetHints":{"allow":["GET"]}}],"collection":[{"href":"https:\/\/megapari.games\/lv\/wp-json\/wp\/v2\/pages"}],"about":[{"href":"https:\/\/megapari.games\/lv\/wp-json\/wp\/v2\/types\/page"}],"author":[{"embeddable":true,"href":"https:\/\/megapari.games\/lv\/wp-json\/wp\/v2\/users\/1"}],"replies":[{"embeddable":true,"href":"https:\/\/megapari.games\/lv\/wp-json\/wp\/v2\/comments?post=776"}],"version-history":[{"count":6,"href":"https:\/\/megapari.games\/lv\/wp-json\/wp\/v2\/pages\/776\/revisions"}],"predecessor-version":[{"id":958,"href":"https:\/\/megapari.games\/lv\/wp-json\/wp\/v2\/pages\/776\/revisions\/958"}],"up":[{"embeddable":true,"href":"https:\/\/megapari.games\/lv\/wp-json\/wp\/v2\/pages\/152"}],"wp:attachment":[{"href":"https:\/\/megapari.games\/lv\/wp-json\/wp\/v2\/media?parent=776"}],"curies":[{"name":"wp","href":"https:\/\/api.w.org\/{rel}","templated":true}]}}