{"id":799,"date":"2025-03-27T12:22:37","date_gmt":"2025-03-27T12:22:37","guid":{"rendered":"https:\/\/megapari.games\/lv\/?page_id=799"},"modified":"2025-07-28T19:25:35","modified_gmt":"2025-07-28T19:25:35","slug":"losing-bets","status":"publish","type":"page","link":"https:\/\/megapari.games\/lv\/bonus\/losing-bets\/","title":{"rendered":"Zaud\u0113t\u0101s likmes"},"content":{"rendered":"","protected":false},"excerpt":{"rendered":"","protected":false},"author":1,"featured_media":0,"parent":152,"menu_order":0,"comment_status":"closed","ping_status":"closed","template":"","meta":{"inline_featured_image":false,"footnotes":""},"class_list":["post-799","page","type-page","status-publish","hentry"],"yoast_head":"<!-- This site is optimized with the Yoast SEO plugin v27.3 - https:\/\/yoast.com\/product\/yoast-seo-wordpress\/ -->\n<title>Megapari bonuss zaud\u0113t\u0101m likm\u0113m: atbalsts sp\u0113l\u0113t\u0101jiem<\/title>\n<meta name=\"description\" content=\"Zaud\u0113j\u0101t likmes? Nepadodieties! Megapari Latvija pied\u0101v\u0101 nep\u0101rsp\u0113jamu bonusu sp\u0113l\u0113t\u0101jiem ar zaud\u0113jumu s\u0113riju. Sa\u0146emiet atbalstu gr\u016btos br\u012b\u017eos un atg\u016bstiet savu p\u0101rliec\u012bbu - azartsp\u0113\u013cu pasaule gaida j\u016bs!\" \/>\n<meta name=\"robots\" content=\"index, follow, max-snippet:-1, max-image-preview:large, max-video-preview:-1\" \/>\n<link rel=\"canonical\" href=\"https:\/\/megapari.games\/lv\/bonus\/losing-bets\/\" \/>\n<meta property=\"og:locale\" content=\"lv_LV\" \/>\n<meta property=\"og:type\" content=\"article\" \/>\n<meta property=\"og:title\" content=\"Megapari bonuss zaud\u0113t\u0101m likm\u0113m: atbalsts sp\u0113l\u0113t\u0101jiem\" \/>\n<meta property=\"og:description\" content=\"Zaud\u0113j\u0101t likmes? Nepadodieties! Megapari Latvija pied\u0101v\u0101 nep\u0101rsp\u0113jamu bonusu sp\u0113l\u0113t\u0101jiem ar zaud\u0113jumu s\u0113riju. Sa\u0146emiet atbalstu gr\u016btos br\u012b\u017eos un atg\u016bstiet savu p\u0101rliec\u012bbu - azartsp\u0113\u013cu pasaule gaida j\u016bs!\" \/>\n<meta property=\"og:url\" content=\"https:\/\/megapari.games\/lv\/bonus\/losing-bets\/\" \/>\n<meta property=\"og:site_name\" content=\"Megapari Games LV\" \/>\n<meta property=\"article:modified_time\" content=\"2025-07-28T19:25:35+00:00\" \/>\n<meta name=\"twitter:card\" content=\"summary_large_image\" \/>\n<script type=\"application\/ld+json\" class=\"yoast-schema-graph\">{\"@context\":\"https:\\\/\\\/schema.org\",\"@graph\":[{\"@type\":\"WebPage\",\"@id\":\"https:\\\/\\\/megapari.games\\\/lv\\\/bonus\\\/losing-bets\\\/\",\"url\":\"https:\\\/\\\/megapari.games\\\/lv\\\/bonus\\\/losing-bets\\\/\",\"name\":\"Megapari bonuss zaud\u0113t\u0101m likm\u0113m: atbalsts sp\u0113l\u0113t\u0101jiem\",\"isPartOf\":{\"@id\":\"https:\\\/\\\/megapari.games\\\/lv\\\/#website\"},\"datePublished\":\"2025-03-27T12:22:37+00:00\",\"dateModified\":\"2025-07-28T19:25:35+00:00\",\"description\":\"Zaud\u0113j\u0101t likmes? Nepadodieties! Megapari Latvija pied\u0101v\u0101 nep\u0101rsp\u0113jamu bonusu sp\u0113l\u0113t\u0101jiem ar zaud\u0113jumu s\u0113riju. Sa\u0146emiet atbalstu gr\u016btos br\u012b\u017eos un atg\u016bstiet savu p\u0101rliec\u012bbu - azartsp\u0113\u013cu pasaule gaida j\u016bs!\",\"breadcrumb\":{\"@id\":\"https:\\\/\\\/megapari.games\\\/lv\\\/bonus\\\/losing-bets\\\/#breadcrumb\"},\"inLanguage\":\"lv-LV\",\"potentialAction\":[{\"@type\":\"ReadAction\",\"target\":[\"https:\\\/\\\/megapari.games\\\/lv\\\/bonus\\\/losing-bets\\\/\"]}]},{\"@type\":\"BreadcrumbList\",\"@id\":\"https:\\\/\\\/megapari.games\\\/lv\\\/bonus\\\/losing-bets\\\/#breadcrumb\",\"itemListElement\":[{\"@type\":\"ListItem\",\"position\":1,\"name\":\"\u0413\u043b\u0430\u0432\u043d\u0430\u044f \u0441\u0442\u0440\u0430\u043d\u0438\u0446\u0430\",\"item\":\"https:\\\/\\\/megapari.games\\\/lv\\\/\"},{\"@type\":\"ListItem\",\"position\":2,\"name\":\"Bonuss\",\"item\":\"https:\\\/\\\/megapari.games\\\/lv\\\/bonus\\\/\"},{\"@type\":\"ListItem\",\"position\":3,\"name\":\"Zaud\u0113t\u0101s likmes\"}]},{\"@type\":\"WebSite\",\"@id\":\"https:\\\/\\\/megapari.games\\\/lv\\\/#website\",\"url\":\"https:\\\/\\\/megapari.games\\\/lv\\\/\",\"name\":\"Megapari Games LV\",\"description\":\"My WordPress Blog\",\"potentialAction\":[{\"@type\":\"SearchAction\",\"target\":{\"@type\":\"EntryPoint\",\"urlTemplate\":\"https:\\\/\\\/megapari.games\\\/lv\\\/?s={search_term_string}\"},\"query-input\":{\"@type\":\"PropertyValueSpecification\",\"valueRequired\":true,\"valueName\":\"search_term_string\"}}],\"inLanguage\":\"lv-LV\"}]}<\/script>\n<!-- \/ Yoast SEO plugin. -->","yoast_head_json":{"title":"Megapari bonuss zaud\u0113t\u0101m likm\u0113m: atbalsts sp\u0113l\u0113t\u0101jiem","description":"Zaud\u0113j\u0101t likmes? Nepadodieties! Megapari Latvija pied\u0101v\u0101 nep\u0101rsp\u0113jamu bonusu sp\u0113l\u0113t\u0101jiem ar zaud\u0113jumu s\u0113riju. Sa\u0146emiet atbalstu gr\u016btos br\u012b\u017eos un atg\u016bstiet savu p\u0101rliec\u012bbu - azartsp\u0113\u013cu pasaule gaida j\u016bs!","robots":{"index":"index","follow":"follow","max-snippet":"max-snippet:-1","max-image-preview":"max-image-preview:large","max-video-preview":"max-video-preview:-1"},"canonical":"https:\/\/megapari.games\/lv\/bonus\/losing-bets\/","og_locale":"lv_LV","og_type":"article","og_title":"Megapari bonuss zaud\u0113t\u0101m likm\u0113m: atbalsts sp\u0113l\u0113t\u0101jiem","og_description":"Zaud\u0113j\u0101t likmes? Nepadodieties! Megapari Latvija pied\u0101v\u0101 nep\u0101rsp\u0113jamu bonusu sp\u0113l\u0113t\u0101jiem ar zaud\u0113jumu s\u0113riju. Sa\u0146emiet atbalstu gr\u016btos br\u012b\u017eos un atg\u016bstiet savu p\u0101rliec\u012bbu - azartsp\u0113\u013cu pasaule gaida j\u016bs!","og_url":"https:\/\/megapari.games\/lv\/bonus\/losing-bets\/","og_site_name":"Megapari Games LV","article_modified_time":"2025-07-28T19:25:35+00:00","twitter_card":"summary_large_image","schema":{"@context":"https:\/\/schema.org","@graph":[{"@type":"WebPage","@id":"https:\/\/megapari.games\/lv\/bonus\/losing-bets\/","url":"https:\/\/megapari.games\/lv\/bonus\/losing-bets\/","name":"Megapari bonuss zaud\u0113t\u0101m likm\u0113m: atbalsts sp\u0113l\u0113t\u0101jiem","isPartOf":{"@id":"https:\/\/megapari.games\/lv\/#website"},"datePublished":"2025-03-27T12:22:37+00:00","dateModified":"2025-07-28T19:25:35+00:00","description":"Zaud\u0113j\u0101t likmes? Nepadodieties! Megapari Latvija pied\u0101v\u0101 nep\u0101rsp\u0113jamu bonusu sp\u0113l\u0113t\u0101jiem ar zaud\u0113jumu s\u0113riju. Sa\u0146emiet atbalstu gr\u016btos br\u012b\u017eos un atg\u016bstiet savu p\u0101rliec\u012bbu - azartsp\u0113\u013cu pasaule gaida j\u016bs!","breadcrumb":{"@id":"https:\/\/megapari.games\/lv\/bonus\/losing-bets\/#breadcrumb"},"inLanguage":"lv-LV","potentialAction":[{"@type":"ReadAction","target":["https:\/\/megapari.games\/lv\/bonus\/losing-bets\/"]}]},{"@type":"BreadcrumbList","@id":"https:\/\/megapari.games\/lv\/bonus\/losing-bets\/#breadcrumb","itemListElement":[{"@type":"ListItem","position":1,"name":"\u0413\u043b\u0430\u0432\u043d\u0430\u044f \u0441\u0442\u0440\u0430\u043d\u0438\u0446\u0430","item":"https:\/\/megapari.games\/lv\/"},{"@type":"ListItem","position":2,"name":"Bonuss","item":"https:\/\/megapari.games\/lv\/bonus\/"},{"@type":"ListItem","position":3,"name":"Zaud\u0113t\u0101s likmes"}]},{"@type":"WebSite","@id":"https:\/\/megapari.games\/lv\/#website","url":"https:\/\/megapari.games\/lv\/","name":"Megapari Games LV","description":"My WordPress Blog","potentialAction":[{"@type":"SearchAction","target":{"@type":"EntryPoint","urlTemplate":"https:\/\/megapari.games\/lv\/?s={search_term_string}"},"query-input":{"@type":"PropertyValueSpecification","valueRequired":true,"valueName":"search_term_string"}}],"inLanguage":"lv-LV"}]}},"_links":{"self":[{"href":"https:\/\/megapari.games\/lv\/wp-json\/wp\/v2\/pages\/799","targetHints":{"allow":["GET"]}}],"collection":[{"href":"https:\/\/megapari.games\/lv\/wp-json\/wp\/v2\/pages"}],"about":[{"href":"https:\/\/megapari.games\/lv\/wp-json\/wp\/v2\/types\/page"}],"author":[{"embeddable":true,"href":"https:\/\/megapari.games\/lv\/wp-json\/wp\/v2\/users\/1"}],"replies":[{"embeddable":true,"href":"https:\/\/megapari.games\/lv\/wp-json\/wp\/v2\/comments?post=799"}],"version-history":[{"count":4,"href":"https:\/\/megapari.games\/lv\/wp-json\/wp\/v2\/pages\/799\/revisions"}],"predecessor-version":[{"id":959,"href":"https:\/\/megapari.games\/lv\/wp-json\/wp\/v2\/pages\/799\/revisions\/959"}],"up":[{"embeddable":true,"href":"https:\/\/megapari.games\/lv\/wp-json\/wp\/v2\/pages\/152"}],"wp:attachment":[{"href":"https:\/\/megapari.games\/lv\/wp-json\/wp\/v2\/media?parent=799"}],"curies":[{"name":"wp","href":"https:\/\/api.w.org\/{rel}","templated":true}]}}