{"id":807,"date":"2025-03-27T13:02:20","date_gmt":"2025-03-27T13:02:20","guid":{"rendered":"https:\/\/megapari.games\/lv\/?page_id=807"},"modified":"2025-07-28T19:25:44","modified_gmt":"2025-07-28T19:25:44","slug":"mega-booster","status":"publish","type":"page","link":"https:\/\/megapari.games\/lv\/bonus\/mega-booster\/","title":{"rendered":"Mega pastiprin\u0101t\u0101js"},"content":{"rendered":"","protected":false},"excerpt":{"rendered":"","protected":false},"author":1,"featured_media":0,"parent":152,"menu_order":0,"comment_status":"closed","ping_status":"closed","template":"","meta":{"inline_featured_image":false,"footnotes":""},"class_list":["post-807","page","type-page","status-publish","hentry"],"yoast_head":"<!-- This site is optimized with the Yoast SEO plugin v27.5 - https:\/\/yoast.com\/product\/yoast-seo-wordpress\/ -->\n<title>Megapari Mega Booster: Palieliniet savus laimestus l\u012bdz pat 200%.<\/title>\n<meta name=\"description\" content=\"Vai v\u0113laties palielin\u0101t savu laimestu l\u012bdz pat 200%? Pievienojies Megapari Latvija Mega Booster! Vienk\u0101r\u0161i uzlieciet likmes uz vismaz 4 izlas\u0113m akumulator\u0101 un v\u0113rojiet, k\u0101 j\u016bsu balvas pieaug. Nepalaidiet gar\u0101m savu iesp\u0113ju ieg\u016bt lielu laimestu!\" \/>\n<meta name=\"robots\" content=\"index, follow, max-snippet:-1, max-image-preview:large, max-video-preview:-1\" \/>\n<link rel=\"canonical\" href=\"https:\/\/megapari.games\/lv\/bonus\/mega-booster\/\" \/>\n<meta property=\"og:locale\" content=\"lv_LV\" \/>\n<meta property=\"og:type\" content=\"article\" \/>\n<meta property=\"og:title\" content=\"Megapari Mega Booster: Palieliniet savus laimestus l\u012bdz pat 200%.\" \/>\n<meta property=\"og:description\" content=\"Vai v\u0113laties palielin\u0101t savu laimestu l\u012bdz pat 200%? Pievienojies Megapari Latvija Mega Booster! Vienk\u0101r\u0161i uzlieciet likmes uz vismaz 4 izlas\u0113m akumulator\u0101 un v\u0113rojiet, k\u0101 j\u016bsu balvas pieaug. Nepalaidiet gar\u0101m savu iesp\u0113ju ieg\u016bt lielu laimestu!\" \/>\n<meta property=\"og:url\" content=\"https:\/\/megapari.games\/lv\/bonus\/mega-booster\/\" \/>\n<meta property=\"og:site_name\" content=\"Megapari Games LV\" \/>\n<meta property=\"article:modified_time\" content=\"2025-07-28T19:25:44+00:00\" \/>\n<meta name=\"twitter:card\" content=\"summary_large_image\" \/>\n<script type=\"application\/ld+json\" class=\"yoast-schema-graph\">{\"@context\":\"https:\\\/\\\/schema.org\",\"@graph\":[{\"@type\":\"WebPage\",\"@id\":\"https:\\\/\\\/megapari.games\\\/lv\\\/bonus\\\/mega-booster\\\/\",\"url\":\"https:\\\/\\\/megapari.games\\\/lv\\\/bonus\\\/mega-booster\\\/\",\"name\":\"Megapari Mega Booster: Palieliniet savus laimestus l\u012bdz pat 200%.\",\"isPartOf\":{\"@id\":\"https:\\\/\\\/megapari.games\\\/lv\\\/#website\"},\"datePublished\":\"2025-03-27T13:02:20+00:00\",\"dateModified\":\"2025-07-28T19:25:44+00:00\",\"description\":\"Vai v\u0113laties palielin\u0101t savu laimestu l\u012bdz pat 200%? Pievienojies Megapari Latvija Mega Booster! Vienk\u0101r\u0161i uzlieciet likmes uz vismaz 4 izlas\u0113m akumulator\u0101 un v\u0113rojiet, k\u0101 j\u016bsu balvas pieaug. Nepalaidiet gar\u0101m savu iesp\u0113ju ieg\u016bt lielu laimestu!\",\"breadcrumb\":{\"@id\":\"https:\\\/\\\/megapari.games\\\/lv\\\/bonus\\\/mega-booster\\\/#breadcrumb\"},\"inLanguage\":\"lv-LV\",\"potentialAction\":[{\"@type\":\"ReadAction\",\"target\":[\"https:\\\/\\\/megapari.games\\\/lv\\\/bonus\\\/mega-booster\\\/\"]}]},{\"@type\":\"BreadcrumbList\",\"@id\":\"https:\\\/\\\/megapari.games\\\/lv\\\/bonus\\\/mega-booster\\\/#breadcrumb\",\"itemListElement\":[{\"@type\":\"ListItem\",\"position\":1,\"name\":\"\u0413\u043b\u0430\u0432\u043d\u0430\u044f \u0441\u0442\u0440\u0430\u043d\u0438\u0446\u0430\",\"item\":\"https:\\\/\\\/megapari.games\\\/lv\\\/\"},{\"@type\":\"ListItem\",\"position\":2,\"name\":\"Bonuss\",\"item\":\"https:\\\/\\\/megapari.games\\\/lv\\\/bonus\\\/\"},{\"@type\":\"ListItem\",\"position\":3,\"name\":\"Mega pastiprin\u0101t\u0101js\"}]},{\"@type\":\"WebSite\",\"@id\":\"https:\\\/\\\/megapari.games\\\/lv\\\/#website\",\"url\":\"https:\\\/\\\/megapari.games\\\/lv\\\/\",\"name\":\"Megapari Games LV\",\"description\":\"My WordPress Blog\",\"potentialAction\":[{\"@type\":\"SearchAction\",\"target\":{\"@type\":\"EntryPoint\",\"urlTemplate\":\"https:\\\/\\\/megapari.games\\\/lv\\\/?s={search_term_string}\"},\"query-input\":{\"@type\":\"PropertyValueSpecification\",\"valueRequired\":true,\"valueName\":\"search_term_string\"}}],\"inLanguage\":\"lv-LV\"}]}<\/script>\n<!-- \/ Yoast SEO plugin. -->","yoast_head_json":{"title":"Megapari Mega Booster: Palieliniet savus laimestus l\u012bdz pat 200%.","description":"Vai v\u0113laties palielin\u0101t savu laimestu l\u012bdz pat 200%? Pievienojies Megapari Latvija Mega Booster! Vienk\u0101r\u0161i uzlieciet likmes uz vismaz 4 izlas\u0113m akumulator\u0101 un v\u0113rojiet, k\u0101 j\u016bsu balvas pieaug. Nepalaidiet gar\u0101m savu iesp\u0113ju ieg\u016bt lielu laimestu!","robots":{"index":"index","follow":"follow","max-snippet":"max-snippet:-1","max-image-preview":"max-image-preview:large","max-video-preview":"max-video-preview:-1"},"canonical":"https:\/\/megapari.games\/lv\/bonus\/mega-booster\/","og_locale":"lv_LV","og_type":"article","og_title":"Megapari Mega Booster: Palieliniet savus laimestus l\u012bdz pat 200%.","og_description":"Vai v\u0113laties palielin\u0101t savu laimestu l\u012bdz pat 200%? Pievienojies Megapari Latvija Mega Booster! Vienk\u0101r\u0161i uzlieciet likmes uz vismaz 4 izlas\u0113m akumulator\u0101 un v\u0113rojiet, k\u0101 j\u016bsu balvas pieaug. Nepalaidiet gar\u0101m savu iesp\u0113ju ieg\u016bt lielu laimestu!","og_url":"https:\/\/megapari.games\/lv\/bonus\/mega-booster\/","og_site_name":"Megapari Games LV","article_modified_time":"2025-07-28T19:25:44+00:00","twitter_card":"summary_large_image","schema":{"@context":"https:\/\/schema.org","@graph":[{"@type":"WebPage","@id":"https:\/\/megapari.games\/lv\/bonus\/mega-booster\/","url":"https:\/\/megapari.games\/lv\/bonus\/mega-booster\/","name":"Megapari Mega Booster: Palieliniet savus laimestus l\u012bdz pat 200%.","isPartOf":{"@id":"https:\/\/megapari.games\/lv\/#website"},"datePublished":"2025-03-27T13:02:20+00:00","dateModified":"2025-07-28T19:25:44+00:00","description":"Vai v\u0113laties palielin\u0101t savu laimestu l\u012bdz pat 200%? Pievienojies Megapari Latvija Mega Booster! Vienk\u0101r\u0161i uzlieciet likmes uz vismaz 4 izlas\u0113m akumulator\u0101 un v\u0113rojiet, k\u0101 j\u016bsu balvas pieaug. Nepalaidiet gar\u0101m savu iesp\u0113ju ieg\u016bt lielu laimestu!","breadcrumb":{"@id":"https:\/\/megapari.games\/lv\/bonus\/mega-booster\/#breadcrumb"},"inLanguage":"lv-LV","potentialAction":[{"@type":"ReadAction","target":["https:\/\/megapari.games\/lv\/bonus\/mega-booster\/"]}]},{"@type":"BreadcrumbList","@id":"https:\/\/megapari.games\/lv\/bonus\/mega-booster\/#breadcrumb","itemListElement":[{"@type":"ListItem","position":1,"name":"\u0413\u043b\u0430\u0432\u043d\u0430\u044f \u0441\u0442\u0440\u0430\u043d\u0438\u0446\u0430","item":"https:\/\/megapari.games\/lv\/"},{"@type":"ListItem","position":2,"name":"Bonuss","item":"https:\/\/megapari.games\/lv\/bonus\/"},{"@type":"ListItem","position":3,"name":"Mega pastiprin\u0101t\u0101js"}]},{"@type":"WebSite","@id":"https:\/\/megapari.games\/lv\/#website","url":"https:\/\/megapari.games\/lv\/","name":"Megapari Games LV","description":"My WordPress Blog","potentialAction":[{"@type":"SearchAction","target":{"@type":"EntryPoint","urlTemplate":"https:\/\/megapari.games\/lv\/?s={search_term_string}"},"query-input":{"@type":"PropertyValueSpecification","valueRequired":true,"valueName":"search_term_string"}}],"inLanguage":"lv-LV"}]}},"_links":{"self":[{"href":"https:\/\/megapari.games\/lv\/wp-json\/wp\/v2\/pages\/807","targetHints":{"allow":["GET"]}}],"collection":[{"href":"https:\/\/megapari.games\/lv\/wp-json\/wp\/v2\/pages"}],"about":[{"href":"https:\/\/megapari.games\/lv\/wp-json\/wp\/v2\/types\/page"}],"author":[{"embeddable":true,"href":"https:\/\/megapari.games\/lv\/wp-json\/wp\/v2\/users\/1"}],"replies":[{"embeddable":true,"href":"https:\/\/megapari.games\/lv\/wp-json\/wp\/v2\/comments?post=807"}],"version-history":[{"count":4,"href":"https:\/\/megapari.games\/lv\/wp-json\/wp\/v2\/pages\/807\/revisions"}],"predecessor-version":[{"id":960,"href":"https:\/\/megapari.games\/lv\/wp-json\/wp\/v2\/pages\/807\/revisions\/960"}],"up":[{"embeddable":true,"href":"https:\/\/megapari.games\/lv\/wp-json\/wp\/v2\/pages\/152"}],"wp:attachment":[{"href":"https:\/\/megapari.games\/lv\/wp-json\/wp\/v2\/media?parent=807"}],"curies":[{"name":"wp","href":"https:\/\/api.w.org\/{rel}","templated":true}]}}