{"id":1136,"date":"2025-11-24T10:23:19","date_gmt":"2025-11-24T10:23:19","guid":{"rendered":"https:\/\/megapari.games\/morocco\/?page_id=1136"},"modified":"2026-04-23T13:18:36","modified_gmt":"2026-04-23T13:18:36","slug":"esports-betting","status":"publish","type":"page","link":"https:\/\/megapari.games\/morocco\/esports-betting\/","title":{"rendered":"Esports"},"content":{"rendered":"","protected":false},"excerpt":{"rendered":"","protected":false},"author":1,"featured_media":0,"parent":0,"menu_order":0,"comment_status":"closed","ping_status":"closed","template":"","meta":{"inline_featured_image":false,"footnotes":""},"class_list":["post-1136","page","type-page","status-publish","hentry"],"yoast_head":"<!-- This site is optimized with the Yoast SEO plugin v27.4 - https:\/\/yoast.com\/product\/yoast-seo-wordpress\/ -->\n<title>Paris e-sport Megapari | Disciplines populaires, options de paris<\/title>\n<meta name=\"description\" content=\"Paris e-sport sur Megapari Maroc \u2014 CS2, Dota 2, LoL et d&#039;autres disciplines, avec des cotes d\u00e9taill\u00e9es, des analyses de cartes, des donn\u00e9es en direct et des outils pratiques. D\u00e9couvrez les fonctionnalit\u00e9s de cette section ainsi que les offres de bonus disponibles sur la plateforme.\" \/>\n<meta name=\"robots\" content=\"index, follow, max-snippet:-1, max-image-preview:large, max-video-preview:-1\" \/>\n<link rel=\"canonical\" href=\"https:\/\/megapari.games\/morocco\/esports-betting\/\" \/>\n<meta property=\"og:locale\" content=\"fr_FR\" \/>\n<meta property=\"og:type\" content=\"article\" \/>\n<meta property=\"og:title\" content=\"Paris e-sport Megapari | Disciplines populaires, options de paris\" \/>\n<meta property=\"og:description\" content=\"Paris e-sport sur Megapari Maroc \u2014 CS2, Dota 2, LoL et d&#039;autres disciplines, avec des cotes d\u00e9taill\u00e9es, des analyses de cartes, des donn\u00e9es en direct et des outils pratiques. D\u00e9couvrez les fonctionnalit\u00e9s de cette section ainsi que les offres de bonus disponibles sur la plateforme.\" \/>\n<meta property=\"og:url\" content=\"https:\/\/megapari.games\/morocco\/esports-betting\/\" \/>\n<meta property=\"og:site_name\" content=\"Megapari Games MA\" \/>\n<meta property=\"article:modified_time\" content=\"2026-04-23T13:18:36+00:00\" \/>\n<meta name=\"twitter:card\" content=\"summary_large_image\" \/>\n<script type=\"application\/ld+json\" class=\"yoast-schema-graph\">{\"@context\":\"https:\\\/\\\/schema.org\",\"@graph\":[{\"@type\":\"WebPage\",\"@id\":\"https:\\\/\\\/megapari.games\\\/morocco\\\/esports-betting\\\/\",\"url\":\"https:\\\/\\\/megapari.games\\\/morocco\\\/esports-betting\\\/\",\"name\":\"Paris e-sport Megapari | Disciplines populaires, options de paris\",\"isPartOf\":{\"@id\":\"https:\\\/\\\/megapari.games\\\/morocco\\\/#website\"},\"datePublished\":\"2025-11-24T10:23:19+00:00\",\"dateModified\":\"2026-04-23T13:18:36+00:00\",\"description\":\"Paris e-sport sur Megapari Maroc \u2014 CS2, Dota 2, LoL et d'autres disciplines, avec des cotes d\u00e9taill\u00e9es, des analyses de cartes, des donn\u00e9es en direct et des outils pratiques. D\u00e9couvrez les fonctionnalit\u00e9s de cette section ainsi que les offres de bonus disponibles sur la plateforme.\",\"breadcrumb\":{\"@id\":\"https:\\\/\\\/megapari.games\\\/morocco\\\/esports-betting\\\/#breadcrumb\"},\"inLanguage\":\"fr-MA\",\"potentialAction\":[{\"@type\":\"ReadAction\",\"target\":[\"https:\\\/\\\/megapari.games\\\/morocco\\\/esports-betting\\\/\"]}]},{\"@type\":\"BreadcrumbList\",\"@id\":\"https:\\\/\\\/megapari.games\\\/morocco\\\/esports-betting\\\/#breadcrumb\",\"itemListElement\":[{\"@type\":\"ListItem\",\"position\":1,\"name\":\"\u0413\u043b\u0430\u0432\u043d\u0430\u044f \u0441\u0442\u0440\u0430\u043d\u0438\u0446\u0430\",\"item\":\"https:\\\/\\\/megapari.games\\\/morocco\\\/\"},{\"@type\":\"ListItem\",\"position\":2,\"name\":\"Esports\"}]},{\"@type\":\"WebSite\",\"@id\":\"https:\\\/\\\/megapari.games\\\/morocco\\\/#website\",\"url\":\"https:\\\/\\\/megapari.games\\\/morocco\\\/\",\"name\":\"Megapari Games MA\",\"description\":\"My WordPress Blog\",\"potentialAction\":[{\"@type\":\"SearchAction\",\"target\":{\"@type\":\"EntryPoint\",\"urlTemplate\":\"https:\\\/\\\/megapari.games\\\/morocco\\\/?s={search_term_string}\"},\"query-input\":{\"@type\":\"PropertyValueSpecification\",\"valueRequired\":true,\"valueName\":\"search_term_string\"}}],\"inLanguage\":\"fr-MA\"}]}<\/script>\n<!-- \/ Yoast SEO plugin. -->","yoast_head_json":{"title":"Paris e-sport Megapari | Disciplines populaires, options de paris","description":"Paris e-sport sur Megapari Maroc \u2014 CS2, Dota 2, LoL et d'autres disciplines, avec des cotes d\u00e9taill\u00e9es, des analyses de cartes, des donn\u00e9es en direct et des outils pratiques. D\u00e9couvrez les fonctionnalit\u00e9s de cette section ainsi que les offres de bonus disponibles sur la plateforme.","robots":{"index":"index","follow":"follow","max-snippet":"max-snippet:-1","max-image-preview":"max-image-preview:large","max-video-preview":"max-video-preview:-1"},"canonical":"https:\/\/megapari.games\/morocco\/esports-betting\/","og_locale":"fr_FR","og_type":"article","og_title":"Paris e-sport Megapari | Disciplines populaires, options de paris","og_description":"Paris e-sport sur Megapari Maroc \u2014 CS2, Dota 2, LoL et d'autres disciplines, avec des cotes d\u00e9taill\u00e9es, des analyses de cartes, des donn\u00e9es en direct et des outils pratiques. D\u00e9couvrez les fonctionnalit\u00e9s de cette section ainsi que les offres de bonus disponibles sur la plateforme.","og_url":"https:\/\/megapari.games\/morocco\/esports-betting\/","og_site_name":"Megapari Games MA","article_modified_time":"2026-04-23T13:18:36+00:00","twitter_card":"summary_large_image","schema":{"@context":"https:\/\/schema.org","@graph":[{"@type":"WebPage","@id":"https:\/\/megapari.games\/morocco\/esports-betting\/","url":"https:\/\/megapari.games\/morocco\/esports-betting\/","name":"Paris e-sport Megapari | Disciplines populaires, options de paris","isPartOf":{"@id":"https:\/\/megapari.games\/morocco\/#website"},"datePublished":"2025-11-24T10:23:19+00:00","dateModified":"2026-04-23T13:18:36+00:00","description":"Paris e-sport sur Megapari Maroc \u2014 CS2, Dota 2, LoL et d'autres disciplines, avec des cotes d\u00e9taill\u00e9es, des analyses de cartes, des donn\u00e9es en direct et des outils pratiques. D\u00e9couvrez les fonctionnalit\u00e9s de cette section ainsi que les offres de bonus disponibles sur la plateforme.","breadcrumb":{"@id":"https:\/\/megapari.games\/morocco\/esports-betting\/#breadcrumb"},"inLanguage":"fr-MA","potentialAction":[{"@type":"ReadAction","target":["https:\/\/megapari.games\/morocco\/esports-betting\/"]}]},{"@type":"BreadcrumbList","@id":"https:\/\/megapari.games\/morocco\/esports-betting\/#breadcrumb","itemListElement":[{"@type":"ListItem","position":1,"name":"\u0413\u043b\u0430\u0432\u043d\u0430\u044f \u0441\u0442\u0440\u0430\u043d\u0438\u0446\u0430","item":"https:\/\/megapari.games\/morocco\/"},{"@type":"ListItem","position":2,"name":"Esports"}]},{"@type":"WebSite","@id":"https:\/\/megapari.games\/morocco\/#website","url":"https:\/\/megapari.games\/morocco\/","name":"Megapari Games MA","description":"My WordPress Blog","potentialAction":[{"@type":"SearchAction","target":{"@type":"EntryPoint","urlTemplate":"https:\/\/megapari.games\/morocco\/?s={search_term_string}"},"query-input":{"@type":"PropertyValueSpecification","valueRequired":true,"valueName":"search_term_string"}}],"inLanguage":"fr-MA"}]}},"_links":{"self":[{"href":"https:\/\/megapari.games\/morocco\/wp-json\/wp\/v2\/pages\/1136","targetHints":{"allow":["GET"]}}],"collection":[{"href":"https:\/\/megapari.games\/morocco\/wp-json\/wp\/v2\/pages"}],"about":[{"href":"https:\/\/megapari.games\/morocco\/wp-json\/wp\/v2\/types\/page"}],"author":[{"embeddable":true,"href":"https:\/\/megapari.games\/morocco\/wp-json\/wp\/v2\/users\/1"}],"replies":[{"embeddable":true,"href":"https:\/\/megapari.games\/morocco\/wp-json\/wp\/v2\/comments?post=1136"}],"version-history":[{"count":6,"href":"https:\/\/megapari.games\/morocco\/wp-json\/wp\/v2\/pages\/1136\/revisions"}],"predecessor-version":[{"id":1805,"href":"https:\/\/megapari.games\/morocco\/wp-json\/wp\/v2\/pages\/1136\/revisions\/1805"}],"wp:attachment":[{"href":"https:\/\/megapari.games\/morocco\/wp-json\/wp\/v2\/media?parent=1136"}],"curies":[{"name":"wp","href":"https:\/\/api.w.org\/{rel}","templated":true}]}}