{"id":1143,"date":"2025-11-24T10:52:55","date_gmt":"2025-11-24T10:52:55","guid":{"rendered":"https:\/\/megapari.games\/morocco\/?page_id=1143"},"modified":"2026-04-23T12:21:48","modified_gmt":"2026-04-23T12:21:48","slug":"cricket-betting","status":"publish","type":"page","link":"https:\/\/megapari.games\/morocco\/cricket-betting\/","title":{"rendered":"Cricket"},"content":{"rendered":"","protected":false},"excerpt":{"rendered":"","protected":false},"author":1,"featured_media":0,"parent":0,"menu_order":0,"comment_status":"closed","ping_status":"closed","template":"","meta":{"inline_featured_image":false,"footnotes":""},"class_list":["post-1143","page","type-page","status-publish","hentry"],"yoast_head":"<!-- This site is optimized with the Yoast SEO plugin v27.4 - https:\/\/yoast.com\/product\/yoast-seo-wordpress\/ -->\n<title>Paris Cricket MegaPari Maroc \u2014 Formats Test, ODI et T20<\/title>\n<meta name=\"description\" content=\"Paris sur le cricket chez Megapari \u2014 tournois internationaux, IPL et autres championnats, compositions d\u00e9taill\u00e9es par manche et par over, statistiques des joueurs et outils d&#039;analyse. D\u00e9couvrez les fonctionnalit\u00e9s de la plateforme et les offres de bonus disponibles.\" \/>\n<meta name=\"robots\" content=\"index, follow, max-snippet:-1, max-image-preview:large, max-video-preview:-1\" \/>\n<link rel=\"canonical\" href=\"https:\/\/megapari.games\/morocco\/cricket-betting\/\" \/>\n<meta property=\"og:locale\" content=\"fr_FR\" \/>\n<meta property=\"og:type\" content=\"article\" \/>\n<meta property=\"og:title\" content=\"Paris Cricket MegaPari Maroc \u2014 Formats Test, ODI et T20\" \/>\n<meta property=\"og:description\" content=\"Paris sur le cricket chez Megapari \u2014 tournois internationaux, IPL et autres championnats, compositions d\u00e9taill\u00e9es par manche et par over, statistiques des joueurs et outils d&#039;analyse. D\u00e9couvrez les fonctionnalit\u00e9s de la plateforme et les offres de bonus disponibles.\" \/>\n<meta property=\"og:url\" content=\"https:\/\/megapari.games\/morocco\/cricket-betting\/\" \/>\n<meta property=\"og:site_name\" content=\"Megapari Games MA\" \/>\n<meta property=\"article:modified_time\" content=\"2026-04-23T12:21:48+00:00\" \/>\n<meta name=\"twitter:card\" content=\"summary_large_image\" \/>\n<script type=\"application\/ld+json\" class=\"yoast-schema-graph\">{\"@context\":\"https:\\\/\\\/schema.org\",\"@graph\":[{\"@type\":\"WebPage\",\"@id\":\"https:\\\/\\\/megapari.games\\\/morocco\\\/cricket-betting\\\/\",\"url\":\"https:\\\/\\\/megapari.games\\\/morocco\\\/cricket-betting\\\/\",\"name\":\"Paris Cricket MegaPari Maroc \u2014 Formats Test, ODI et T20\",\"isPartOf\":{\"@id\":\"https:\\\/\\\/megapari.games\\\/morocco\\\/#website\"},\"datePublished\":\"2025-11-24T10:52:55+00:00\",\"dateModified\":\"2026-04-23T12:21:48+00:00\",\"description\":\"Paris sur le cricket chez Megapari \u2014 tournois internationaux, IPL et autres championnats, compositions d\u00e9taill\u00e9es par manche et par over, statistiques des joueurs et outils d'analyse. D\u00e9couvrez les fonctionnalit\u00e9s de la plateforme et les offres de bonus disponibles.\",\"breadcrumb\":{\"@id\":\"https:\\\/\\\/megapari.games\\\/morocco\\\/cricket-betting\\\/#breadcrumb\"},\"inLanguage\":\"fr-MA\",\"potentialAction\":[{\"@type\":\"ReadAction\",\"target\":[\"https:\\\/\\\/megapari.games\\\/morocco\\\/cricket-betting\\\/\"]}]},{\"@type\":\"BreadcrumbList\",\"@id\":\"https:\\\/\\\/megapari.games\\\/morocco\\\/cricket-betting\\\/#breadcrumb\",\"itemListElement\":[{\"@type\":\"ListItem\",\"position\":1,\"name\":\"\u0413\u043b\u0430\u0432\u043d\u0430\u044f \u0441\u0442\u0440\u0430\u043d\u0438\u0446\u0430\",\"item\":\"https:\\\/\\\/megapari.games\\\/morocco\\\/\"},{\"@type\":\"ListItem\",\"position\":2,\"name\":\"Cricket\"}]},{\"@type\":\"WebSite\",\"@id\":\"https:\\\/\\\/megapari.games\\\/morocco\\\/#website\",\"url\":\"https:\\\/\\\/megapari.games\\\/morocco\\\/\",\"name\":\"Megapari Games MA\",\"description\":\"My WordPress Blog\",\"potentialAction\":[{\"@type\":\"SearchAction\",\"target\":{\"@type\":\"EntryPoint\",\"urlTemplate\":\"https:\\\/\\\/megapari.games\\\/morocco\\\/?s={search_term_string}\"},\"query-input\":{\"@type\":\"PropertyValueSpecification\",\"valueRequired\":true,\"valueName\":\"search_term_string\"}}],\"inLanguage\":\"fr-MA\"}]}<\/script>\n<!-- \/ Yoast SEO plugin. -->","yoast_head_json":{"title":"Paris Cricket MegaPari Maroc \u2014 Formats Test, ODI et T20","description":"Paris sur le cricket chez Megapari \u2014 tournois internationaux, IPL et autres championnats, compositions d\u00e9taill\u00e9es par manche et par over, statistiques des joueurs et outils d'analyse. D\u00e9couvrez les fonctionnalit\u00e9s de la plateforme et les offres de bonus disponibles.","robots":{"index":"index","follow":"follow","max-snippet":"max-snippet:-1","max-image-preview":"max-image-preview:large","max-video-preview":"max-video-preview:-1"},"canonical":"https:\/\/megapari.games\/morocco\/cricket-betting\/","og_locale":"fr_FR","og_type":"article","og_title":"Paris Cricket MegaPari Maroc \u2014 Formats Test, ODI et T20","og_description":"Paris sur le cricket chez Megapari \u2014 tournois internationaux, IPL et autres championnats, compositions d\u00e9taill\u00e9es par manche et par over, statistiques des joueurs et outils d'analyse. D\u00e9couvrez les fonctionnalit\u00e9s de la plateforme et les offres de bonus disponibles.","og_url":"https:\/\/megapari.games\/morocco\/cricket-betting\/","og_site_name":"Megapari Games MA","article_modified_time":"2026-04-23T12:21:48+00:00","twitter_card":"summary_large_image","schema":{"@context":"https:\/\/schema.org","@graph":[{"@type":"WebPage","@id":"https:\/\/megapari.games\/morocco\/cricket-betting\/","url":"https:\/\/megapari.games\/morocco\/cricket-betting\/","name":"Paris Cricket MegaPari Maroc \u2014 Formats Test, ODI et T20","isPartOf":{"@id":"https:\/\/megapari.games\/morocco\/#website"},"datePublished":"2025-11-24T10:52:55+00:00","dateModified":"2026-04-23T12:21:48+00:00","description":"Paris sur le cricket chez Megapari \u2014 tournois internationaux, IPL et autres championnats, compositions d\u00e9taill\u00e9es par manche et par over, statistiques des joueurs et outils d'analyse. D\u00e9couvrez les fonctionnalit\u00e9s de la plateforme et les offres de bonus disponibles.","breadcrumb":{"@id":"https:\/\/megapari.games\/morocco\/cricket-betting\/#breadcrumb"},"inLanguage":"fr-MA","potentialAction":[{"@type":"ReadAction","target":["https:\/\/megapari.games\/morocco\/cricket-betting\/"]}]},{"@type":"BreadcrumbList","@id":"https:\/\/megapari.games\/morocco\/cricket-betting\/#breadcrumb","itemListElement":[{"@type":"ListItem","position":1,"name":"\u0413\u043b\u0430\u0432\u043d\u0430\u044f \u0441\u0442\u0440\u0430\u043d\u0438\u0446\u0430","item":"https:\/\/megapari.games\/morocco\/"},{"@type":"ListItem","position":2,"name":"Cricket"}]},{"@type":"WebSite","@id":"https:\/\/megapari.games\/morocco\/#website","url":"https:\/\/megapari.games\/morocco\/","name":"Megapari Games MA","description":"My WordPress Blog","potentialAction":[{"@type":"SearchAction","target":{"@type":"EntryPoint","urlTemplate":"https:\/\/megapari.games\/morocco\/?s={search_term_string}"},"query-input":{"@type":"PropertyValueSpecification","valueRequired":true,"valueName":"search_term_string"}}],"inLanguage":"fr-MA"}]}},"_links":{"self":[{"href":"https:\/\/megapari.games\/morocco\/wp-json\/wp\/v2\/pages\/1143","targetHints":{"allow":["GET"]}}],"collection":[{"href":"https:\/\/megapari.games\/morocco\/wp-json\/wp\/v2\/pages"}],"about":[{"href":"https:\/\/megapari.games\/morocco\/wp-json\/wp\/v2\/types\/page"}],"author":[{"embeddable":true,"href":"https:\/\/megapari.games\/morocco\/wp-json\/wp\/v2\/users\/1"}],"replies":[{"embeddable":true,"href":"https:\/\/megapari.games\/morocco\/wp-json\/wp\/v2\/comments?post=1143"}],"version-history":[{"count":4,"href":"https:\/\/megapari.games\/morocco\/wp-json\/wp\/v2\/pages\/1143\/revisions"}],"predecessor-version":[{"id":1802,"href":"https:\/\/megapari.games\/morocco\/wp-json\/wp\/v2\/pages\/1143\/revisions\/1802"}],"wp:attachment":[{"href":"https:\/\/megapari.games\/morocco\/wp-json\/wp\/v2\/media?parent=1143"}],"curies":[{"name":"wp","href":"https:\/\/api.w.org\/{rel}","templated":true}]}}