{"id":1259,"date":"2026-02-09T08:29:44","date_gmt":"2026-02-09T08:29:44","guid":{"rendered":"https:\/\/megapari.games\/morocco\/?page_id=1259"},"modified":"2026-04-23T13:31:18","modified_gmt":"2026-04-23T13:31:18","slug":"games","status":"publish","type":"page","link":"https:\/\/megapari.games\/morocco\/games\/","title":{"rendered":"Jeux"},"content":{"rendered":"","protected":false},"excerpt":{"rendered":"","protected":false},"author":1,"featured_media":0,"parent":0,"menu_order":0,"comment_status":"closed","ping_status":"closed","template":"","meta":{"inline_featured_image":false,"footnotes":""},"class_list":["post-1259","page","type-page","status-publish","hentry"],"yoast_head":"<!-- This site is optimized with the Yoast SEO plugin v27.4 - https:\/\/yoast.com\/product\/yoast-seo-wordpress\/ -->\n<title>Jeux de casino Megapari Maroc \u2014 Machines \u00e0 sous, jeux Crash<\/title>\n<meta name=\"description\" content=\"Le casino Megapari propose des milliers de machines \u00e0 sous, de jeux crash et de jeux instantan\u00e9s dans un seul et m\u00eame hall. Passez rapidement d&#039;un genre \u00e0 l&#039;autre et jouez depuis un seul compte.\" \/>\n<meta name=\"robots\" content=\"index, follow, max-snippet:-1, max-image-preview:large, max-video-preview:-1\" \/>\n<link rel=\"canonical\" href=\"https:\/\/megapari.games\/morocco\/games\/\" \/>\n<meta property=\"og:locale\" content=\"fr_FR\" \/>\n<meta property=\"og:type\" content=\"article\" \/>\n<meta property=\"og:title\" content=\"Jeux de casino Megapari Maroc \u2014 Machines \u00e0 sous, jeux Crash\" \/>\n<meta property=\"og:description\" content=\"Le casino Megapari propose des milliers de machines \u00e0 sous, de jeux crash et de jeux instantan\u00e9s dans un seul et m\u00eame hall. Passez rapidement d&#039;un genre \u00e0 l&#039;autre et jouez depuis un seul compte.\" \/>\n<meta property=\"og:url\" content=\"https:\/\/megapari.games\/morocco\/games\/\" \/>\n<meta property=\"og:site_name\" content=\"Megapari Games MA\" \/>\n<meta property=\"article:modified_time\" content=\"2026-04-23T13:31:18+00:00\" \/>\n<meta name=\"twitter:card\" content=\"summary_large_image\" \/>\n<script type=\"application\/ld+json\" class=\"yoast-schema-graph\">{\"@context\":\"https:\\\/\\\/schema.org\",\"@graph\":[{\"@type\":\"WebPage\",\"@id\":\"https:\\\/\\\/megapari.games\\\/morocco\\\/games\\\/\",\"url\":\"https:\\\/\\\/megapari.games\\\/morocco\\\/games\\\/\",\"name\":\"Jeux de casino Megapari Maroc \u2014 Machines \u00e0 sous, jeux Crash\",\"isPartOf\":{\"@id\":\"https:\\\/\\\/megapari.games\\\/morocco\\\/#website\"},\"datePublished\":\"2026-02-09T08:29:44+00:00\",\"dateModified\":\"2026-04-23T13:31:18+00:00\",\"description\":\"Le casino Megapari propose des milliers de machines \u00e0 sous, de jeux crash et de jeux instantan\u00e9s dans un seul et m\u00eame hall. Passez rapidement d'un genre \u00e0 l'autre et jouez depuis un seul compte.\",\"breadcrumb\":{\"@id\":\"https:\\\/\\\/megapari.games\\\/morocco\\\/games\\\/#breadcrumb\"},\"inLanguage\":\"fr-MA\",\"potentialAction\":[{\"@type\":\"ReadAction\",\"target\":[\"https:\\\/\\\/megapari.games\\\/morocco\\\/games\\\/\"]}]},{\"@type\":\"BreadcrumbList\",\"@id\":\"https:\\\/\\\/megapari.games\\\/morocco\\\/games\\\/#breadcrumb\",\"itemListElement\":[{\"@type\":\"ListItem\",\"position\":1,\"name\":\"\u0413\u043b\u0430\u0432\u043d\u0430\u044f \u0441\u0442\u0440\u0430\u043d\u0438\u0446\u0430\",\"item\":\"https:\\\/\\\/megapari.games\\\/morocco\\\/\"},{\"@type\":\"ListItem\",\"position\":2,\"name\":\"Jeux\"}]},{\"@type\":\"WebSite\",\"@id\":\"https:\\\/\\\/megapari.games\\\/morocco\\\/#website\",\"url\":\"https:\\\/\\\/megapari.games\\\/morocco\\\/\",\"name\":\"Megapari Games MA\",\"description\":\"My WordPress Blog\",\"potentialAction\":[{\"@type\":\"SearchAction\",\"target\":{\"@type\":\"EntryPoint\",\"urlTemplate\":\"https:\\\/\\\/megapari.games\\\/morocco\\\/?s={search_term_string}\"},\"query-input\":{\"@type\":\"PropertyValueSpecification\",\"valueRequired\":true,\"valueName\":\"search_term_string\"}}],\"inLanguage\":\"fr-MA\"}]}<\/script>\n<!-- \/ Yoast SEO plugin. -->","yoast_head_json":{"title":"Jeux de casino Megapari Maroc \u2014 Machines \u00e0 sous, jeux Crash","description":"Le casino Megapari propose des milliers de machines \u00e0 sous, de jeux crash et de jeux instantan\u00e9s dans un seul et m\u00eame hall. Passez rapidement d'un genre \u00e0 l'autre et jouez depuis un seul compte.","robots":{"index":"index","follow":"follow","max-snippet":"max-snippet:-1","max-image-preview":"max-image-preview:large","max-video-preview":"max-video-preview:-1"},"canonical":"https:\/\/megapari.games\/morocco\/games\/","og_locale":"fr_FR","og_type":"article","og_title":"Jeux de casino Megapari Maroc \u2014 Machines \u00e0 sous, jeux Crash","og_description":"Le casino Megapari propose des milliers de machines \u00e0 sous, de jeux crash et de jeux instantan\u00e9s dans un seul et m\u00eame hall. Passez rapidement d'un genre \u00e0 l'autre et jouez depuis un seul compte.","og_url":"https:\/\/megapari.games\/morocco\/games\/","og_site_name":"Megapari Games MA","article_modified_time":"2026-04-23T13:31:18+00:00","twitter_card":"summary_large_image","schema":{"@context":"https:\/\/schema.org","@graph":[{"@type":"WebPage","@id":"https:\/\/megapari.games\/morocco\/games\/","url":"https:\/\/megapari.games\/morocco\/games\/","name":"Jeux de casino Megapari Maroc \u2014 Machines \u00e0 sous, jeux Crash","isPartOf":{"@id":"https:\/\/megapari.games\/morocco\/#website"},"datePublished":"2026-02-09T08:29:44+00:00","dateModified":"2026-04-23T13:31:18+00:00","description":"Le casino Megapari propose des milliers de machines \u00e0 sous, de jeux crash et de jeux instantan\u00e9s dans un seul et m\u00eame hall. Passez rapidement d'un genre \u00e0 l'autre et jouez depuis un seul compte.","breadcrumb":{"@id":"https:\/\/megapari.games\/morocco\/games\/#breadcrumb"},"inLanguage":"fr-MA","potentialAction":[{"@type":"ReadAction","target":["https:\/\/megapari.games\/morocco\/games\/"]}]},{"@type":"BreadcrumbList","@id":"https:\/\/megapari.games\/morocco\/games\/#breadcrumb","itemListElement":[{"@type":"ListItem","position":1,"name":"\u0413\u043b\u0430\u0432\u043d\u0430\u044f \u0441\u0442\u0440\u0430\u043d\u0438\u0446\u0430","item":"https:\/\/megapari.games\/morocco\/"},{"@type":"ListItem","position":2,"name":"Jeux"}]},{"@type":"WebSite","@id":"https:\/\/megapari.games\/morocco\/#website","url":"https:\/\/megapari.games\/morocco\/","name":"Megapari Games MA","description":"My WordPress Blog","potentialAction":[{"@type":"SearchAction","target":{"@type":"EntryPoint","urlTemplate":"https:\/\/megapari.games\/morocco\/?s={search_term_string}"},"query-input":{"@type":"PropertyValueSpecification","valueRequired":true,"valueName":"search_term_string"}}],"inLanguage":"fr-MA"}]}},"_links":{"self":[{"href":"https:\/\/megapari.games\/morocco\/wp-json\/wp\/v2\/pages\/1259","targetHints":{"allow":["GET"]}}],"collection":[{"href":"https:\/\/megapari.games\/morocco\/wp-json\/wp\/v2\/pages"}],"about":[{"href":"https:\/\/megapari.games\/morocco\/wp-json\/wp\/v2\/types\/page"}],"author":[{"embeddable":true,"href":"https:\/\/megapari.games\/morocco\/wp-json\/wp\/v2\/users\/1"}],"replies":[{"embeddable":true,"href":"https:\/\/megapari.games\/morocco\/wp-json\/wp\/v2\/comments?post=1259"}],"version-history":[{"count":17,"href":"https:\/\/megapari.games\/morocco\/wp-json\/wp\/v2\/pages\/1259\/revisions"}],"predecessor-version":[{"id":1808,"href":"https:\/\/megapari.games\/morocco\/wp-json\/wp\/v2\/pages\/1259\/revisions\/1808"}],"wp:attachment":[{"href":"https:\/\/megapari.games\/morocco\/wp-json\/wp\/v2\/media?parent=1259"}],"curies":[{"name":"wp","href":"https:\/\/api.w.org\/{rel}","templated":true}]}}