{"id":1305,"date":"2026-02-09T13:54:29","date_gmt":"2026-02-09T13:54:29","guid":{"rendered":"https:\/\/megapari.games\/morocco\/?page_id=1305"},"modified":"2026-04-24T07:19:16","modified_gmt":"2026-04-24T07:19:16","slug":"sweet-bonanza","status":"publish","type":"page","link":"https:\/\/megapari.games\/morocco\/sweet-bonanza\/","title":{"rendered":"Sweet Bonanza"},"content":{"rendered":"","protected":false},"excerpt":{"rendered":"","protected":false},"author":1,"featured_media":0,"parent":0,"menu_order":0,"comment_status":"closed","ping_status":"closed","template":"","meta":{"inline_featured_image":false,"footnotes":""},"class_list":["post-1305","page","type-page","status-publish","hentry"],"yoast_head":"<!-- This site is optimized with the Yoast SEO plugin v27.4 - https:\/\/yoast.com\/product\/yoast-seo-wordpress\/ -->\n<title>Sweet Bonanza Megapari \u2014 tours gratuits et multiplicateurs x100+<\/title>\n<meta name=\"description\" content=\"Vous recherchez une machine \u00e0 sous dynamique aux graphismes somptueux et aux r\u00e8gles simples? Essayez Sweet Bonanza sur Megapari Maroc \u2014 des gains en cascade, des multiplicateurs allant jusqu&#039;\u00e0 x100+ et un acc\u00e8s imm\u00e9diat en mode d\u00e9mo ou pour jouer en argent r\u00e9el!\" \/>\n<meta name=\"robots\" content=\"index, follow, max-snippet:-1, max-image-preview:large, max-video-preview:-1\" \/>\n<link rel=\"canonical\" href=\"https:\/\/megapari.games\/morocco\/sweet-bonanza\/\" \/>\n<meta property=\"og:locale\" content=\"fr_FR\" \/>\n<meta property=\"og:type\" content=\"article\" \/>\n<meta property=\"og:title\" content=\"Sweet Bonanza Megapari \u2014 tours gratuits et multiplicateurs x100+\" \/>\n<meta property=\"og:description\" content=\"Vous recherchez une machine \u00e0 sous dynamique aux graphismes somptueux et aux r\u00e8gles simples? Essayez Sweet Bonanza sur Megapari Maroc \u2014 des gains en cascade, des multiplicateurs allant jusqu&#039;\u00e0 x100+ et un acc\u00e8s imm\u00e9diat en mode d\u00e9mo ou pour jouer en argent r\u00e9el!\" \/>\n<meta property=\"og:url\" content=\"https:\/\/megapari.games\/morocco\/sweet-bonanza\/\" \/>\n<meta property=\"og:site_name\" content=\"Megapari Games MA\" \/>\n<meta property=\"article:modified_time\" content=\"2026-04-24T07:19:16+00:00\" \/>\n<meta name=\"twitter:card\" content=\"summary_large_image\" \/>\n<script type=\"application\/ld+json\" class=\"yoast-schema-graph\">{\"@context\":\"https:\\\/\\\/schema.org\",\"@graph\":[{\"@type\":\"WebPage\",\"@id\":\"https:\\\/\\\/megapari.games\\\/morocco\\\/sweet-bonanza\\\/\",\"url\":\"https:\\\/\\\/megapari.games\\\/morocco\\\/sweet-bonanza\\\/\",\"name\":\"Sweet Bonanza Megapari \u2014 tours gratuits et multiplicateurs x100+\",\"isPartOf\":{\"@id\":\"https:\\\/\\\/megapari.games\\\/morocco\\\/#website\"},\"datePublished\":\"2026-02-09T13:54:29+00:00\",\"dateModified\":\"2026-04-24T07:19:16+00:00\",\"description\":\"Vous recherchez une machine \u00e0 sous dynamique aux graphismes somptueux et aux r\u00e8gles simples? Essayez Sweet Bonanza sur Megapari Maroc \u2014 des gains en cascade, des multiplicateurs allant jusqu'\u00e0 x100+ et un acc\u00e8s imm\u00e9diat en mode d\u00e9mo ou pour jouer en argent r\u00e9el!\",\"breadcrumb\":{\"@id\":\"https:\\\/\\\/megapari.games\\\/morocco\\\/sweet-bonanza\\\/#breadcrumb\"},\"inLanguage\":\"fr-MA\",\"potentialAction\":[{\"@type\":\"ReadAction\",\"target\":[\"https:\\\/\\\/megapari.games\\\/morocco\\\/sweet-bonanza\\\/\"]}]},{\"@type\":\"BreadcrumbList\",\"@id\":\"https:\\\/\\\/megapari.games\\\/morocco\\\/sweet-bonanza\\\/#breadcrumb\",\"itemListElement\":[{\"@type\":\"ListItem\",\"position\":1,\"name\":\"\u0413\u043b\u0430\u0432\u043d\u0430\u044f \u0441\u0442\u0440\u0430\u043d\u0438\u0446\u0430\",\"item\":\"https:\\\/\\\/megapari.games\\\/morocco\\\/\"},{\"@type\":\"ListItem\",\"position\":2,\"name\":\"Sweet Bonanza\"}]},{\"@type\":\"WebSite\",\"@id\":\"https:\\\/\\\/megapari.games\\\/morocco\\\/#website\",\"url\":\"https:\\\/\\\/megapari.games\\\/morocco\\\/\",\"name\":\"Megapari Games MA\",\"description\":\"My WordPress Blog\",\"potentialAction\":[{\"@type\":\"SearchAction\",\"target\":{\"@type\":\"EntryPoint\",\"urlTemplate\":\"https:\\\/\\\/megapari.games\\\/morocco\\\/?s={search_term_string}\"},\"query-input\":{\"@type\":\"PropertyValueSpecification\",\"valueRequired\":true,\"valueName\":\"search_term_string\"}}],\"inLanguage\":\"fr-MA\"}]}<\/script>\n<!-- \/ Yoast SEO plugin. -->","yoast_head_json":{"title":"Sweet Bonanza Megapari \u2014 tours gratuits et multiplicateurs x100+","description":"Vous recherchez une machine \u00e0 sous dynamique aux graphismes somptueux et aux r\u00e8gles simples? Essayez Sweet Bonanza sur Megapari Maroc \u2014 des gains en cascade, des multiplicateurs allant jusqu'\u00e0 x100+ et un acc\u00e8s imm\u00e9diat en mode d\u00e9mo ou pour jouer en argent r\u00e9el!","robots":{"index":"index","follow":"follow","max-snippet":"max-snippet:-1","max-image-preview":"max-image-preview:large","max-video-preview":"max-video-preview:-1"},"canonical":"https:\/\/megapari.games\/morocco\/sweet-bonanza\/","og_locale":"fr_FR","og_type":"article","og_title":"Sweet Bonanza Megapari \u2014 tours gratuits et multiplicateurs x100+","og_description":"Vous recherchez une machine \u00e0 sous dynamique aux graphismes somptueux et aux r\u00e8gles simples? Essayez Sweet Bonanza sur Megapari Maroc \u2014 des gains en cascade, des multiplicateurs allant jusqu'\u00e0 x100+ et un acc\u00e8s imm\u00e9diat en mode d\u00e9mo ou pour jouer en argent r\u00e9el!","og_url":"https:\/\/megapari.games\/morocco\/sweet-bonanza\/","og_site_name":"Megapari Games MA","article_modified_time":"2026-04-24T07:19:16+00:00","twitter_card":"summary_large_image","schema":{"@context":"https:\/\/schema.org","@graph":[{"@type":"WebPage","@id":"https:\/\/megapari.games\/morocco\/sweet-bonanza\/","url":"https:\/\/megapari.games\/morocco\/sweet-bonanza\/","name":"Sweet Bonanza Megapari \u2014 tours gratuits et multiplicateurs x100+","isPartOf":{"@id":"https:\/\/megapari.games\/morocco\/#website"},"datePublished":"2026-02-09T13:54:29+00:00","dateModified":"2026-04-24T07:19:16+00:00","description":"Vous recherchez une machine \u00e0 sous dynamique aux graphismes somptueux et aux r\u00e8gles simples? Essayez Sweet Bonanza sur Megapari Maroc \u2014 des gains en cascade, des multiplicateurs allant jusqu'\u00e0 x100+ et un acc\u00e8s imm\u00e9diat en mode d\u00e9mo ou pour jouer en argent r\u00e9el!","breadcrumb":{"@id":"https:\/\/megapari.games\/morocco\/sweet-bonanza\/#breadcrumb"},"inLanguage":"fr-MA","potentialAction":[{"@type":"ReadAction","target":["https:\/\/megapari.games\/morocco\/sweet-bonanza\/"]}]},{"@type":"BreadcrumbList","@id":"https:\/\/megapari.games\/morocco\/sweet-bonanza\/#breadcrumb","itemListElement":[{"@type":"ListItem","position":1,"name":"\u0413\u043b\u0430\u0432\u043d\u0430\u044f \u0441\u0442\u0440\u0430\u043d\u0438\u0446\u0430","item":"https:\/\/megapari.games\/morocco\/"},{"@type":"ListItem","position":2,"name":"Sweet Bonanza"}]},{"@type":"WebSite","@id":"https:\/\/megapari.games\/morocco\/#website","url":"https:\/\/megapari.games\/morocco\/","name":"Megapari Games MA","description":"My WordPress Blog","potentialAction":[{"@type":"SearchAction","target":{"@type":"EntryPoint","urlTemplate":"https:\/\/megapari.games\/morocco\/?s={search_term_string}"},"query-input":{"@type":"PropertyValueSpecification","valueRequired":true,"valueName":"search_term_string"}}],"inLanguage":"fr-MA"}]}},"_links":{"self":[{"href":"https:\/\/megapari.games\/morocco\/wp-json\/wp\/v2\/pages\/1305","targetHints":{"allow":["GET"]}}],"collection":[{"href":"https:\/\/megapari.games\/morocco\/wp-json\/wp\/v2\/pages"}],"about":[{"href":"https:\/\/megapari.games\/morocco\/wp-json\/wp\/v2\/types\/page"}],"author":[{"embeddable":true,"href":"https:\/\/megapari.games\/morocco\/wp-json\/wp\/v2\/users\/1"}],"replies":[{"embeddable":true,"href":"https:\/\/megapari.games\/morocco\/wp-json\/wp\/v2\/comments?post=1305"}],"version-history":[{"count":6,"href":"https:\/\/megapari.games\/morocco\/wp-json\/wp\/v2\/pages\/1305\/revisions"}],"predecessor-version":[{"id":1838,"href":"https:\/\/megapari.games\/morocco\/wp-json\/wp\/v2\/pages\/1305\/revisions\/1838"}],"wp:attachment":[{"href":"https:\/\/megapari.games\/morocco\/wp-json\/wp\/v2\/media?parent=1305"}],"curies":[{"name":"wp","href":"https:\/\/api.w.org\/{rel}","templated":true}]}}