{"id":1310,"date":"2026-02-09T17:04:10","date_gmt":"2026-02-09T17:04:10","guid":{"rendered":"https:\/\/megapari.games\/morocco\/?page_id=1310"},"modified":"2026-04-23T13:39:48","modified_gmt":"2026-04-23T13:39:48","slug":"gates-of-olympus","status":"publish","type":"page","link":"https:\/\/megapari.games\/morocco\/gates-of-olympus\/","title":{"rendered":"Gates of Olympus"},"content":{"rendered":"","protected":false},"excerpt":{"rendered":"","protected":false},"author":1,"featured_media":0,"parent":0,"menu_order":0,"comment_status":"closed","ping_status":"closed","template":"","meta":{"inline_featured_image":false,"footnotes":""},"class_list":["post-1310","page","type-page","status-publish","hentry"],"yoast_head":"<!-- This site is optimized with the Yoast SEO plugin v27.4 - https:\/\/yoast.com\/product\/yoast-seo-wordpress\/ -->\n<title>Gates of Olympus MegaPari \u2014 Multiplicateurs x500+ et Tours Gratuits<\/title>\n<meta name=\"description\" content=\"Plongez dans l&#039;univers du jeu avec Gates of Olympus sur Megapari Maroc! Jouez en ligne en mode d\u00e9mo ou en argent r\u00e9el, d\u00e9crochez des tours gratuits et des multiplicateurs allant jusqu&#039;\u00e0 x500+, et Zeus vous r\u00e9compensera g\u00e9n\u00e9reusement pour chaque gain en cascade.\" \/>\n<meta name=\"robots\" content=\"index, follow, max-snippet:-1, max-image-preview:large, max-video-preview:-1\" \/>\n<link rel=\"canonical\" href=\"https:\/\/megapari.games\/morocco\/gates-of-olympus\/\" \/>\n<meta property=\"og:locale\" content=\"fr_FR\" \/>\n<meta property=\"og:type\" content=\"article\" \/>\n<meta property=\"og:title\" content=\"Gates of Olympus MegaPari \u2014 Multiplicateurs x500+ et Tours Gratuits\" \/>\n<meta property=\"og:description\" content=\"Plongez dans l&#039;univers du jeu avec Gates of Olympus sur Megapari Maroc! Jouez en ligne en mode d\u00e9mo ou en argent r\u00e9el, d\u00e9crochez des tours gratuits et des multiplicateurs allant jusqu&#039;\u00e0 x500+, et Zeus vous r\u00e9compensera g\u00e9n\u00e9reusement pour chaque gain en cascade.\" \/>\n<meta property=\"og:url\" content=\"https:\/\/megapari.games\/morocco\/gates-of-olympus\/\" \/>\n<meta property=\"og:site_name\" content=\"Megapari Games MA\" \/>\n<meta property=\"article:modified_time\" content=\"2026-04-23T13:39:48+00:00\" \/>\n<meta name=\"twitter:card\" content=\"summary_large_image\" \/>\n<script type=\"application\/ld+json\" class=\"yoast-schema-graph\">{\"@context\":\"https:\\\/\\\/schema.org\",\"@graph\":[{\"@type\":\"WebPage\",\"@id\":\"https:\\\/\\\/megapari.games\\\/morocco\\\/gates-of-olympus\\\/\",\"url\":\"https:\\\/\\\/megapari.games\\\/morocco\\\/gates-of-olympus\\\/\",\"name\":\"Gates of Olympus MegaPari \u2014 Multiplicateurs x500+ et Tours Gratuits\",\"isPartOf\":{\"@id\":\"https:\\\/\\\/megapari.games\\\/morocco\\\/#website\"},\"datePublished\":\"2026-02-09T17:04:10+00:00\",\"dateModified\":\"2026-04-23T13:39:48+00:00\",\"description\":\"Plongez dans l'univers du jeu avec Gates of Olympus sur Megapari Maroc! Jouez en ligne en mode d\u00e9mo ou en argent r\u00e9el, d\u00e9crochez des tours gratuits et des multiplicateurs allant jusqu'\u00e0 x500+, et Zeus vous r\u00e9compensera g\u00e9n\u00e9reusement pour chaque gain en cascade.\",\"breadcrumb\":{\"@id\":\"https:\\\/\\\/megapari.games\\\/morocco\\\/gates-of-olympus\\\/#breadcrumb\"},\"inLanguage\":\"fr-MA\",\"potentialAction\":[{\"@type\":\"ReadAction\",\"target\":[\"https:\\\/\\\/megapari.games\\\/morocco\\\/gates-of-olympus\\\/\"]}]},{\"@type\":\"BreadcrumbList\",\"@id\":\"https:\\\/\\\/megapari.games\\\/morocco\\\/gates-of-olympus\\\/#breadcrumb\",\"itemListElement\":[{\"@type\":\"ListItem\",\"position\":1,\"name\":\"\u0413\u043b\u0430\u0432\u043d\u0430\u044f \u0441\u0442\u0440\u0430\u043d\u0438\u0446\u0430\",\"item\":\"https:\\\/\\\/megapari.games\\\/morocco\\\/\"},{\"@type\":\"ListItem\",\"position\":2,\"name\":\"Gates of Olympus\"}]},{\"@type\":\"WebSite\",\"@id\":\"https:\\\/\\\/megapari.games\\\/morocco\\\/#website\",\"url\":\"https:\\\/\\\/megapari.games\\\/morocco\\\/\",\"name\":\"Megapari Games MA\",\"description\":\"My WordPress Blog\",\"potentialAction\":[{\"@type\":\"SearchAction\",\"target\":{\"@type\":\"EntryPoint\",\"urlTemplate\":\"https:\\\/\\\/megapari.games\\\/morocco\\\/?s={search_term_string}\"},\"query-input\":{\"@type\":\"PropertyValueSpecification\",\"valueRequired\":true,\"valueName\":\"search_term_string\"}}],\"inLanguage\":\"fr-MA\"}]}<\/script>\n<!-- \/ Yoast SEO plugin. -->","yoast_head_json":{"title":"Gates of Olympus MegaPari \u2014 Multiplicateurs x500+ et Tours Gratuits","description":"Plongez dans l'univers du jeu avec Gates of Olympus sur Megapari Maroc! Jouez en ligne en mode d\u00e9mo ou en argent r\u00e9el, d\u00e9crochez des tours gratuits et des multiplicateurs allant jusqu'\u00e0 x500+, et Zeus vous r\u00e9compensera g\u00e9n\u00e9reusement pour chaque gain en cascade.","robots":{"index":"index","follow":"follow","max-snippet":"max-snippet:-1","max-image-preview":"max-image-preview:large","max-video-preview":"max-video-preview:-1"},"canonical":"https:\/\/megapari.games\/morocco\/gates-of-olympus\/","og_locale":"fr_FR","og_type":"article","og_title":"Gates of Olympus MegaPari \u2014 Multiplicateurs x500+ et Tours Gratuits","og_description":"Plongez dans l'univers du jeu avec Gates of Olympus sur Megapari Maroc! Jouez en ligne en mode d\u00e9mo ou en argent r\u00e9el, d\u00e9crochez des tours gratuits et des multiplicateurs allant jusqu'\u00e0 x500+, et Zeus vous r\u00e9compensera g\u00e9n\u00e9reusement pour chaque gain en cascade.","og_url":"https:\/\/megapari.games\/morocco\/gates-of-olympus\/","og_site_name":"Megapari Games MA","article_modified_time":"2026-04-23T13:39:48+00:00","twitter_card":"summary_large_image","schema":{"@context":"https:\/\/schema.org","@graph":[{"@type":"WebPage","@id":"https:\/\/megapari.games\/morocco\/gates-of-olympus\/","url":"https:\/\/megapari.games\/morocco\/gates-of-olympus\/","name":"Gates of Olympus MegaPari \u2014 Multiplicateurs x500+ et Tours Gratuits","isPartOf":{"@id":"https:\/\/megapari.games\/morocco\/#website"},"datePublished":"2026-02-09T17:04:10+00:00","dateModified":"2026-04-23T13:39:48+00:00","description":"Plongez dans l'univers du jeu avec Gates of Olympus sur Megapari Maroc! Jouez en ligne en mode d\u00e9mo ou en argent r\u00e9el, d\u00e9crochez des tours gratuits et des multiplicateurs allant jusqu'\u00e0 x500+, et Zeus vous r\u00e9compensera g\u00e9n\u00e9reusement pour chaque gain en cascade.","breadcrumb":{"@id":"https:\/\/megapari.games\/morocco\/gates-of-olympus\/#breadcrumb"},"inLanguage":"fr-MA","potentialAction":[{"@type":"ReadAction","target":["https:\/\/megapari.games\/morocco\/gates-of-olympus\/"]}]},{"@type":"BreadcrumbList","@id":"https:\/\/megapari.games\/morocco\/gates-of-olympus\/#breadcrumb","itemListElement":[{"@type":"ListItem","position":1,"name":"\u0413\u043b\u0430\u0432\u043d\u0430\u044f \u0441\u0442\u0440\u0430\u043d\u0438\u0446\u0430","item":"https:\/\/megapari.games\/morocco\/"},{"@type":"ListItem","position":2,"name":"Gates of Olympus"}]},{"@type":"WebSite","@id":"https:\/\/megapari.games\/morocco\/#website","url":"https:\/\/megapari.games\/morocco\/","name":"Megapari Games MA","description":"My WordPress Blog","potentialAction":[{"@type":"SearchAction","target":{"@type":"EntryPoint","urlTemplate":"https:\/\/megapari.games\/morocco\/?s={search_term_string}"},"query-input":{"@type":"PropertyValueSpecification","valueRequired":true,"valueName":"search_term_string"}}],"inLanguage":"fr-MA"}]}},"_links":{"self":[{"href":"https:\/\/megapari.games\/morocco\/wp-json\/wp\/v2\/pages\/1310","targetHints":{"allow":["GET"]}}],"collection":[{"href":"https:\/\/megapari.games\/morocco\/wp-json\/wp\/v2\/pages"}],"about":[{"href":"https:\/\/megapari.games\/morocco\/wp-json\/wp\/v2\/types\/page"}],"author":[{"embeddable":true,"href":"https:\/\/megapari.games\/morocco\/wp-json\/wp\/v2\/users\/1"}],"replies":[{"embeddable":true,"href":"https:\/\/megapari.games\/morocco\/wp-json\/wp\/v2\/comments?post=1310"}],"version-history":[{"count":13,"href":"https:\/\/megapari.games\/morocco\/wp-json\/wp\/v2\/pages\/1310\/revisions"}],"predecessor-version":[{"id":1810,"href":"https:\/\/megapari.games\/morocco\/wp-json\/wp\/v2\/pages\/1310\/revisions\/1810"}],"wp:attachment":[{"href":"https:\/\/megapari.games\/morocco\/wp-json\/wp\/v2\/media?parent=1310"}],"curies":[{"name":"wp","href":"https:\/\/api.w.org\/{rel}","templated":true}]}}