{"id":1320,"date":"2026-02-10T04:35:10","date_gmt":"2026-02-10T04:35:10","guid":{"rendered":"https:\/\/megapari.games\/morocco\/?page_id=1320"},"modified":"2026-04-23T11:52:24","modified_gmt":"2026-04-23T11:52:24","slug":"book-of-dead","status":"publish","type":"page","link":"https:\/\/megapari.games\/morocco\/book-of-dead\/","title":{"rendered":"Book of Dead"},"content":{"rendered":"","protected":false},"excerpt":{"rendered":"","protected":false},"author":1,"featured_media":0,"parent":0,"menu_order":0,"comment_status":"closed","ping_status":"closed","template":"","meta":{"inline_featured_image":false,"footnotes":""},"class_list":["post-1320","page","type-page","status-publish","hentry"],"yoast_head":"<!-- This site is optimized with the Yoast SEO plugin v27.4 - https:\/\/yoast.com\/product\/yoast-seo-wordpress\/ -->\n<title>Book of Dead MegaPari Maroc \u2014 Jouez au slot culte!<\/title>\n<meta name=\"description\" content=\"Plongez dans l&#039;atmosph\u00e8re des myst\u00e8res de l&#039;Antiquit\u00e9 avec Book of Dead ! Gr\u00e2ce \u00e0 ses m\u00e9canismes simples, ses tours gratuits et ses symboles expansifs, cette machine \u00e0 sous disponible sur Megapari est le choix id\u00e9al, tant pour les d\u00e9butants que pour les joueurs confirm\u00e9s.\" \/>\n<meta name=\"robots\" content=\"index, follow, max-snippet:-1, max-image-preview:large, max-video-preview:-1\" \/>\n<link rel=\"canonical\" href=\"https:\/\/megapari.games\/morocco\/book-of-dead\/\" \/>\n<meta property=\"og:locale\" content=\"fr_FR\" \/>\n<meta property=\"og:type\" content=\"article\" \/>\n<meta property=\"og:title\" content=\"Book of Dead MegaPari Maroc \u2014 Jouez au slot culte!\" \/>\n<meta property=\"og:description\" content=\"Plongez dans l&#039;atmosph\u00e8re des myst\u00e8res de l&#039;Antiquit\u00e9 avec Book of Dead ! Gr\u00e2ce \u00e0 ses m\u00e9canismes simples, ses tours gratuits et ses symboles expansifs, cette machine \u00e0 sous disponible sur Megapari est le choix id\u00e9al, tant pour les d\u00e9butants que pour les joueurs confirm\u00e9s.\" \/>\n<meta property=\"og:url\" content=\"https:\/\/megapari.games\/morocco\/book-of-dead\/\" \/>\n<meta property=\"og:site_name\" content=\"Megapari Games MA\" \/>\n<meta property=\"article:modified_time\" content=\"2026-04-23T11:52:24+00:00\" \/>\n<meta name=\"twitter:card\" content=\"summary_large_image\" \/>\n<script type=\"application\/ld+json\" class=\"yoast-schema-graph\">{\"@context\":\"https:\\\/\\\/schema.org\",\"@graph\":[{\"@type\":\"WebPage\",\"@id\":\"https:\\\/\\\/megapari.games\\\/morocco\\\/book-of-dead\\\/\",\"url\":\"https:\\\/\\\/megapari.games\\\/morocco\\\/book-of-dead\\\/\",\"name\":\"Book of Dead MegaPari Maroc \u2014 Jouez au slot culte!\",\"isPartOf\":{\"@id\":\"https:\\\/\\\/megapari.games\\\/morocco\\\/#website\"},\"datePublished\":\"2026-02-10T04:35:10+00:00\",\"dateModified\":\"2026-04-23T11:52:24+00:00\",\"description\":\"Plongez dans l'atmosph\u00e8re des myst\u00e8res de l'Antiquit\u00e9 avec Book of Dead ! Gr\u00e2ce \u00e0 ses m\u00e9canismes simples, ses tours gratuits et ses symboles expansifs, cette machine \u00e0 sous disponible sur Megapari est le choix id\u00e9al, tant pour les d\u00e9butants que pour les joueurs confirm\u00e9s.\",\"breadcrumb\":{\"@id\":\"https:\\\/\\\/megapari.games\\\/morocco\\\/book-of-dead\\\/#breadcrumb\"},\"inLanguage\":\"fr-MA\",\"potentialAction\":[{\"@type\":\"ReadAction\",\"target\":[\"https:\\\/\\\/megapari.games\\\/morocco\\\/book-of-dead\\\/\"]}]},{\"@type\":\"BreadcrumbList\",\"@id\":\"https:\\\/\\\/megapari.games\\\/morocco\\\/book-of-dead\\\/#breadcrumb\",\"itemListElement\":[{\"@type\":\"ListItem\",\"position\":1,\"name\":\"\u0413\u043b\u0430\u0432\u043d\u0430\u044f \u0441\u0442\u0440\u0430\u043d\u0438\u0446\u0430\",\"item\":\"https:\\\/\\\/megapari.games\\\/morocco\\\/\"},{\"@type\":\"ListItem\",\"position\":2,\"name\":\"Book of Dead\"}]},{\"@type\":\"WebSite\",\"@id\":\"https:\\\/\\\/megapari.games\\\/morocco\\\/#website\",\"url\":\"https:\\\/\\\/megapari.games\\\/morocco\\\/\",\"name\":\"Megapari Games MA\",\"description\":\"My WordPress Blog\",\"potentialAction\":[{\"@type\":\"SearchAction\",\"target\":{\"@type\":\"EntryPoint\",\"urlTemplate\":\"https:\\\/\\\/megapari.games\\\/morocco\\\/?s={search_term_string}\"},\"query-input\":{\"@type\":\"PropertyValueSpecification\",\"valueRequired\":true,\"valueName\":\"search_term_string\"}}],\"inLanguage\":\"fr-MA\"}]}<\/script>\n<!-- \/ Yoast SEO plugin. -->","yoast_head_json":{"title":"Book of Dead MegaPari Maroc \u2014 Jouez au slot culte!","description":"Plongez dans l'atmosph\u00e8re des myst\u00e8res de l'Antiquit\u00e9 avec Book of Dead ! Gr\u00e2ce \u00e0 ses m\u00e9canismes simples, ses tours gratuits et ses symboles expansifs, cette machine \u00e0 sous disponible sur Megapari est le choix id\u00e9al, tant pour les d\u00e9butants que pour les joueurs confirm\u00e9s.","robots":{"index":"index","follow":"follow","max-snippet":"max-snippet:-1","max-image-preview":"max-image-preview:large","max-video-preview":"max-video-preview:-1"},"canonical":"https:\/\/megapari.games\/morocco\/book-of-dead\/","og_locale":"fr_FR","og_type":"article","og_title":"Book of Dead MegaPari Maroc \u2014 Jouez au slot culte!","og_description":"Plongez dans l'atmosph\u00e8re des myst\u00e8res de l'Antiquit\u00e9 avec Book of Dead ! Gr\u00e2ce \u00e0 ses m\u00e9canismes simples, ses tours gratuits et ses symboles expansifs, cette machine \u00e0 sous disponible sur Megapari est le choix id\u00e9al, tant pour les d\u00e9butants que pour les joueurs confirm\u00e9s.","og_url":"https:\/\/megapari.games\/morocco\/book-of-dead\/","og_site_name":"Megapari Games MA","article_modified_time":"2026-04-23T11:52:24+00:00","twitter_card":"summary_large_image","schema":{"@context":"https:\/\/schema.org","@graph":[{"@type":"WebPage","@id":"https:\/\/megapari.games\/morocco\/book-of-dead\/","url":"https:\/\/megapari.games\/morocco\/book-of-dead\/","name":"Book of Dead MegaPari Maroc \u2014 Jouez au slot culte!","isPartOf":{"@id":"https:\/\/megapari.games\/morocco\/#website"},"datePublished":"2026-02-10T04:35:10+00:00","dateModified":"2026-04-23T11:52:24+00:00","description":"Plongez dans l'atmosph\u00e8re des myst\u00e8res de l'Antiquit\u00e9 avec Book of Dead ! Gr\u00e2ce \u00e0 ses m\u00e9canismes simples, ses tours gratuits et ses symboles expansifs, cette machine \u00e0 sous disponible sur Megapari est le choix id\u00e9al, tant pour les d\u00e9butants que pour les joueurs confirm\u00e9s.","breadcrumb":{"@id":"https:\/\/megapari.games\/morocco\/book-of-dead\/#breadcrumb"},"inLanguage":"fr-MA","potentialAction":[{"@type":"ReadAction","target":["https:\/\/megapari.games\/morocco\/book-of-dead\/"]}]},{"@type":"BreadcrumbList","@id":"https:\/\/megapari.games\/morocco\/book-of-dead\/#breadcrumb","itemListElement":[{"@type":"ListItem","position":1,"name":"\u0413\u043b\u0430\u0432\u043d\u0430\u044f \u0441\u0442\u0440\u0430\u043d\u0438\u0446\u0430","item":"https:\/\/megapari.games\/morocco\/"},{"@type":"ListItem","position":2,"name":"Book of Dead"}]},{"@type":"WebSite","@id":"https:\/\/megapari.games\/morocco\/#website","url":"https:\/\/megapari.games\/morocco\/","name":"Megapari Games MA","description":"My WordPress Blog","potentialAction":[{"@type":"SearchAction","target":{"@type":"EntryPoint","urlTemplate":"https:\/\/megapari.games\/morocco\/?s={search_term_string}"},"query-input":{"@type":"PropertyValueSpecification","valueRequired":true,"valueName":"search_term_string"}}],"inLanguage":"fr-MA"}]}},"_links":{"self":[{"href":"https:\/\/megapari.games\/morocco\/wp-json\/wp\/v2\/pages\/1320","targetHints":{"allow":["GET"]}}],"collection":[{"href":"https:\/\/megapari.games\/morocco\/wp-json\/wp\/v2\/pages"}],"about":[{"href":"https:\/\/megapari.games\/morocco\/wp-json\/wp\/v2\/types\/page"}],"author":[{"embeddable":true,"href":"https:\/\/megapari.games\/morocco\/wp-json\/wp\/v2\/users\/1"}],"replies":[{"embeddable":true,"href":"https:\/\/megapari.games\/morocco\/wp-json\/wp\/v2\/comments?post=1320"}],"version-history":[{"count":7,"href":"https:\/\/megapari.games\/morocco\/wp-json\/wp\/v2\/pages\/1320\/revisions"}],"predecessor-version":[{"id":1798,"href":"https:\/\/megapari.games\/morocco\/wp-json\/wp\/v2\/pages\/1320\/revisions\/1798"}],"wp:attachment":[{"href":"https:\/\/megapari.games\/morocco\/wp-json\/wp\/v2\/media?parent=1320"}],"curies":[{"name":"wp","href":"https:\/\/api.w.org\/{rel}","templated":true}]}}