{"id":1364,"date":"2026-02-10T09:03:10","date_gmt":"2026-02-10T09:03:10","guid":{"rendered":"https:\/\/megapari.games\/morocco\/?page_id=1364"},"modified":"2026-04-23T13:51:33","modified_gmt":"2026-04-23T13:51:33","slug":"jetx","status":"publish","type":"page","link":"https:\/\/megapari.games\/morocco\/jetx\/","title":{"rendered":"JetX"},"content":{"rendered":"","protected":false},"excerpt":{"rendered":"","protected":false},"author":1,"featured_media":0,"parent":0,"menu_order":0,"comment_status":"closed","ping_status":"closed","template":"","meta":{"inline_featured_image":false,"footnotes":""},"class_list":["post-1364","page","type-page","status-publish","hentry"],"yoast_head":"<!-- This site is optimized with the Yoast SEO plugin v27.4 - https:\/\/yoast.com\/product\/yoast-seo-wordpress\/ -->\n<title>JetX MegaPari \u2014 Jeu de Crash avec Fus\u00e9e et Multiplicateurs x1000+<\/title>\n<meta name=\"description\" content=\"Jouez \u00e0 JetX sur Megapari Maroc \u2014 un jeu de crash dynamique avec des multiplicateurs pouvant atteindre plus de x1000. D\u00e9couvrez les r\u00e8gles, le mode d\u00e9mo, les options de mise et comment commencer \u00e0 jouer en ligne.\" \/>\n<meta name=\"robots\" content=\"index, follow, max-snippet:-1, max-image-preview:large, max-video-preview:-1\" \/>\n<link rel=\"canonical\" href=\"https:\/\/megapari.games\/morocco\/jetx\/\" \/>\n<meta property=\"og:locale\" content=\"fr_FR\" \/>\n<meta property=\"og:type\" content=\"article\" \/>\n<meta property=\"og:title\" content=\"JetX MegaPari \u2014 Jeu de Crash avec Fus\u00e9e et Multiplicateurs x1000+\" \/>\n<meta property=\"og:description\" content=\"Jouez \u00e0 JetX sur Megapari Maroc \u2014 un jeu de crash dynamique avec des multiplicateurs pouvant atteindre plus de x1000. D\u00e9couvrez les r\u00e8gles, le mode d\u00e9mo, les options de mise et comment commencer \u00e0 jouer en ligne.\" \/>\n<meta property=\"og:url\" content=\"https:\/\/megapari.games\/morocco\/jetx\/\" \/>\n<meta property=\"og:site_name\" content=\"Megapari Games MA\" \/>\n<meta property=\"article:modified_time\" content=\"2026-04-23T13:51:33+00:00\" \/>\n<meta name=\"twitter:card\" content=\"summary_large_image\" \/>\n<script type=\"application\/ld+json\" class=\"yoast-schema-graph\">{\"@context\":\"https:\\\/\\\/schema.org\",\"@graph\":[{\"@type\":\"WebPage\",\"@id\":\"https:\\\/\\\/megapari.games\\\/morocco\\\/jetx\\\/\",\"url\":\"https:\\\/\\\/megapari.games\\\/morocco\\\/jetx\\\/\",\"name\":\"JetX MegaPari \u2014 Jeu de Crash avec Fus\u00e9e et Multiplicateurs x1000+\",\"isPartOf\":{\"@id\":\"https:\\\/\\\/megapari.games\\\/morocco\\\/#website\"},\"datePublished\":\"2026-02-10T09:03:10+00:00\",\"dateModified\":\"2026-04-23T13:51:33+00:00\",\"description\":\"Jouez \u00e0 JetX sur Megapari Maroc \u2014 un jeu de crash dynamique avec des multiplicateurs pouvant atteindre plus de x1000. D\u00e9couvrez les r\u00e8gles, le mode d\u00e9mo, les options de mise et comment commencer \u00e0 jouer en ligne.\",\"breadcrumb\":{\"@id\":\"https:\\\/\\\/megapari.games\\\/morocco\\\/jetx\\\/#breadcrumb\"},\"inLanguage\":\"fr-MA\",\"potentialAction\":[{\"@type\":\"ReadAction\",\"target\":[\"https:\\\/\\\/megapari.games\\\/morocco\\\/jetx\\\/\"]}]},{\"@type\":\"BreadcrumbList\",\"@id\":\"https:\\\/\\\/megapari.games\\\/morocco\\\/jetx\\\/#breadcrumb\",\"itemListElement\":[{\"@type\":\"ListItem\",\"position\":1,\"name\":\"\u0413\u043b\u0430\u0432\u043d\u0430\u044f \u0441\u0442\u0440\u0430\u043d\u0438\u0446\u0430\",\"item\":\"https:\\\/\\\/megapari.games\\\/morocco\\\/\"},{\"@type\":\"ListItem\",\"position\":2,\"name\":\"JetX\"}]},{\"@type\":\"WebSite\",\"@id\":\"https:\\\/\\\/megapari.games\\\/morocco\\\/#website\",\"url\":\"https:\\\/\\\/megapari.games\\\/morocco\\\/\",\"name\":\"Megapari Games MA\",\"description\":\"My WordPress Blog\",\"potentialAction\":[{\"@type\":\"SearchAction\",\"target\":{\"@type\":\"EntryPoint\",\"urlTemplate\":\"https:\\\/\\\/megapari.games\\\/morocco\\\/?s={search_term_string}\"},\"query-input\":{\"@type\":\"PropertyValueSpecification\",\"valueRequired\":true,\"valueName\":\"search_term_string\"}}],\"inLanguage\":\"fr-MA\"}]}<\/script>\n<!-- \/ Yoast SEO plugin. -->","yoast_head_json":{"title":"JetX MegaPari \u2014 Jeu de Crash avec Fus\u00e9e et Multiplicateurs x1000+","description":"Jouez \u00e0 JetX sur Megapari Maroc \u2014 un jeu de crash dynamique avec des multiplicateurs pouvant atteindre plus de x1000. D\u00e9couvrez les r\u00e8gles, le mode d\u00e9mo, les options de mise et comment commencer \u00e0 jouer en ligne.","robots":{"index":"index","follow":"follow","max-snippet":"max-snippet:-1","max-image-preview":"max-image-preview:large","max-video-preview":"max-video-preview:-1"},"canonical":"https:\/\/megapari.games\/morocco\/jetx\/","og_locale":"fr_FR","og_type":"article","og_title":"JetX MegaPari \u2014 Jeu de Crash avec Fus\u00e9e et Multiplicateurs x1000+","og_description":"Jouez \u00e0 JetX sur Megapari Maroc \u2014 un jeu de crash dynamique avec des multiplicateurs pouvant atteindre plus de x1000. D\u00e9couvrez les r\u00e8gles, le mode d\u00e9mo, les options de mise et comment commencer \u00e0 jouer en ligne.","og_url":"https:\/\/megapari.games\/morocco\/jetx\/","og_site_name":"Megapari Games MA","article_modified_time":"2026-04-23T13:51:33+00:00","twitter_card":"summary_large_image","schema":{"@context":"https:\/\/schema.org","@graph":[{"@type":"WebPage","@id":"https:\/\/megapari.games\/morocco\/jetx\/","url":"https:\/\/megapari.games\/morocco\/jetx\/","name":"JetX MegaPari \u2014 Jeu de Crash avec Fus\u00e9e et Multiplicateurs x1000+","isPartOf":{"@id":"https:\/\/megapari.games\/morocco\/#website"},"datePublished":"2026-02-10T09:03:10+00:00","dateModified":"2026-04-23T13:51:33+00:00","description":"Jouez \u00e0 JetX sur Megapari Maroc \u2014 un jeu de crash dynamique avec des multiplicateurs pouvant atteindre plus de x1000. D\u00e9couvrez les r\u00e8gles, le mode d\u00e9mo, les options de mise et comment commencer \u00e0 jouer en ligne.","breadcrumb":{"@id":"https:\/\/megapari.games\/morocco\/jetx\/#breadcrumb"},"inLanguage":"fr-MA","potentialAction":[{"@type":"ReadAction","target":["https:\/\/megapari.games\/morocco\/jetx\/"]}]},{"@type":"BreadcrumbList","@id":"https:\/\/megapari.games\/morocco\/jetx\/#breadcrumb","itemListElement":[{"@type":"ListItem","position":1,"name":"\u0413\u043b\u0430\u0432\u043d\u0430\u044f \u0441\u0442\u0440\u0430\u043d\u0438\u0446\u0430","item":"https:\/\/megapari.games\/morocco\/"},{"@type":"ListItem","position":2,"name":"JetX"}]},{"@type":"WebSite","@id":"https:\/\/megapari.games\/morocco\/#website","url":"https:\/\/megapari.games\/morocco\/","name":"Megapari Games MA","description":"My WordPress Blog","potentialAction":[{"@type":"SearchAction","target":{"@type":"EntryPoint","urlTemplate":"https:\/\/megapari.games\/morocco\/?s={search_term_string}"},"query-input":{"@type":"PropertyValueSpecification","valueRequired":true,"valueName":"search_term_string"}}],"inLanguage":"fr-MA"}]}},"_links":{"self":[{"href":"https:\/\/megapari.games\/morocco\/wp-json\/wp\/v2\/pages\/1364","targetHints":{"allow":["GET"]}}],"collection":[{"href":"https:\/\/megapari.games\/morocco\/wp-json\/wp\/v2\/pages"}],"about":[{"href":"https:\/\/megapari.games\/morocco\/wp-json\/wp\/v2\/types\/page"}],"author":[{"embeddable":true,"href":"https:\/\/megapari.games\/morocco\/wp-json\/wp\/v2\/users\/1"}],"replies":[{"embeddable":true,"href":"https:\/\/megapari.games\/morocco\/wp-json\/wp\/v2\/comments?post=1364"}],"version-history":[{"count":7,"href":"https:\/\/megapari.games\/morocco\/wp-json\/wp\/v2\/pages\/1364\/revisions"}],"predecessor-version":[{"id":1813,"href":"https:\/\/megapari.games\/morocco\/wp-json\/wp\/v2\/pages\/1364\/revisions\/1813"}],"wp:attachment":[{"href":"https:\/\/megapari.games\/morocco\/wp-json\/wp\/v2\/media?parent=1364"}],"curies":[{"name":"wp","href":"https:\/\/api.w.org\/{rel}","templated":true}]}}