{"id":1554,"date":"2026-03-02T14:22:01","date_gmt":"2026-03-02T14:22:01","guid":{"rendered":"https:\/\/megapari.games\/morocco\/?page_id=1554"},"modified":"2026-04-26T17:15:40","modified_gmt":"2026-04-26T17:15:40","slug":"megapari","status":"publish","type":"page","link":"https:\/\/megapari.games\/morocco\/","title":{"rendered":"Megapari"},"content":{"rendered":"","protected":false},"excerpt":{"rendered":"","protected":false},"author":1,"featured_media":0,"parent":0,"menu_order":0,"comment_status":"closed","ping_status":"closed","template":"","meta":{"inline_featured_image":false,"footnotes":""},"class_list":["post-1554","page","type-page","status-publish","hentry"],"yoast_head":"<!-- This site is optimized with the Yoast SEO plugin v27.5 - https:\/\/yoast.com\/product\/yoast-seo-wordpress\/ -->\n<title>MegaPari\u2122 Maroc \u2014 Paris sportifs et cotes en direct \u2014 April 2026<\/title>\n<meta name=\"description\" content=\"Pariez avec Mega Pari sur le football et les grands \u00e9v\u00e9nements, profitez de cotes en direct, de paiements rapides et d&#039;une exp\u00e9rience de pari mobile fluide, avec un large choix de march\u00e9s sportifs.\" \/>\n<meta name=\"robots\" content=\"index, follow, max-snippet:-1, max-image-preview:large, max-video-preview:-1\" \/>\n<link rel=\"canonical\" href=\"https:\/\/megapari.games\/morocco\/\" \/>\n<meta property=\"og:locale\" content=\"fr_FR\" \/>\n<meta property=\"og:type\" content=\"article\" \/>\n<meta property=\"og:title\" content=\"MegaPari\u2122 Maroc \u2014 Paris sportifs et cotes en direct \u2014 April 2026\" \/>\n<meta property=\"og:description\" content=\"Pariez avec Mega Pari sur le football et les grands \u00e9v\u00e9nements, profitez de cotes en direct, de paiements rapides et d&#039;une exp\u00e9rience de pari mobile fluide, avec un large choix de march\u00e9s sportifs.\" \/>\n<meta property=\"og:url\" content=\"https:\/\/megapari.games\/morocco\/\" \/>\n<meta property=\"og:site_name\" content=\"Megapari Games MA\" \/>\n<meta property=\"article:modified_time\" content=\"2026-04-26T17:15:40+00:00\" \/>\n<meta name=\"twitter:card\" content=\"summary_large_image\" \/>\n<script type=\"application\/ld+json\" class=\"yoast-schema-graph\">{\"@context\":\"https:\\\/\\\/schema.org\",\"@graph\":[{\"@type\":\"WebPage\",\"@id\":\"https:\\\/\\\/megapari.games\\\/morocco\\\/\",\"url\":\"https:\\\/\\\/megapari.games\\\/morocco\\\/\",\"name\":\"MegaPari\u2122 Maroc \u2014 Paris sportifs et cotes en direct \u2014 April 2026\",\"isPartOf\":{\"@id\":\"https:\\\/\\\/megapari.games\\\/morocco\\\/#website\"},\"datePublished\":\"2026-03-02T14:22:01+00:00\",\"dateModified\":\"2026-04-26T17:15:40+00:00\",\"description\":\"Pariez avec Mega Pari sur le football et les grands \u00e9v\u00e9nements, profitez de cotes en direct, de paiements rapides et d'une exp\u00e9rience de pari mobile fluide, avec un large choix de march\u00e9s sportifs.\",\"breadcrumb\":{\"@id\":\"https:\\\/\\\/megapari.games\\\/morocco\\\/#breadcrumb\"},\"inLanguage\":\"fr-MA\",\"potentialAction\":[{\"@type\":\"ReadAction\",\"target\":[\"https:\\\/\\\/megapari.games\\\/morocco\\\/\"]}]},{\"@type\":\"BreadcrumbList\",\"@id\":\"https:\\\/\\\/megapari.games\\\/morocco\\\/#breadcrumb\",\"itemListElement\":[{\"@type\":\"ListItem\",\"position\":1,\"name\":\"\u0413\u043b\u0430\u0432\u043d\u0430\u044f \u0441\u0442\u0440\u0430\u043d\u0438\u0446\u0430\",\"item\":\"https:\\\/\\\/megapari.games\\\/morocco\\\/\"},{\"@type\":\"ListItem\",\"position\":2,\"name\":\"Megapari\"}]},{\"@type\":\"WebSite\",\"@id\":\"https:\\\/\\\/megapari.games\\\/morocco\\\/#website\",\"url\":\"https:\\\/\\\/megapari.games\\\/morocco\\\/\",\"name\":\"Megapari Games MA\",\"description\":\"My WordPress Blog\",\"potentialAction\":[{\"@type\":\"SearchAction\",\"target\":{\"@type\":\"EntryPoint\",\"urlTemplate\":\"https:\\\/\\\/megapari.games\\\/morocco\\\/?s={search_term_string}\"},\"query-input\":{\"@type\":\"PropertyValueSpecification\",\"valueRequired\":true,\"valueName\":\"search_term_string\"}}],\"inLanguage\":\"fr-MA\"}]}<\/script>\n<!-- \/ Yoast SEO plugin. -->","yoast_head_json":{"title":"MegaPari\u2122 Maroc \u2014 Paris sportifs et cotes en direct \u2014 April 2026","description":"Pariez avec Mega Pari sur le football et les grands \u00e9v\u00e9nements, profitez de cotes en direct, de paiements rapides et d'une exp\u00e9rience de pari mobile fluide, avec un large choix de march\u00e9s sportifs.","robots":{"index":"index","follow":"follow","max-snippet":"max-snippet:-1","max-image-preview":"max-image-preview:large","max-video-preview":"max-video-preview:-1"},"canonical":"https:\/\/megapari.games\/morocco\/","og_locale":"fr_FR","og_type":"article","og_title":"MegaPari\u2122 Maroc \u2014 Paris sportifs et cotes en direct \u2014 April 2026","og_description":"Pariez avec Mega Pari sur le football et les grands \u00e9v\u00e9nements, profitez de cotes en direct, de paiements rapides et d'une exp\u00e9rience de pari mobile fluide, avec un large choix de march\u00e9s sportifs.","og_url":"https:\/\/megapari.games\/morocco\/","og_site_name":"Megapari Games MA","article_modified_time":"2026-04-26T17:15:40+00:00","twitter_card":"summary_large_image","schema":{"@context":"https:\/\/schema.org","@graph":[{"@type":"WebPage","@id":"https:\/\/megapari.games\/morocco\/","url":"https:\/\/megapari.games\/morocco\/","name":"MegaPari\u2122 Maroc \u2014 Paris sportifs et cotes en direct \u2014 April 2026","isPartOf":{"@id":"https:\/\/megapari.games\/morocco\/#website"},"datePublished":"2026-03-02T14:22:01+00:00","dateModified":"2026-04-26T17:15:40+00:00","description":"Pariez avec Mega Pari sur le football et les grands \u00e9v\u00e9nements, profitez de cotes en direct, de paiements rapides et d'une exp\u00e9rience de pari mobile fluide, avec un large choix de march\u00e9s sportifs.","breadcrumb":{"@id":"https:\/\/megapari.games\/morocco\/#breadcrumb"},"inLanguage":"fr-MA","potentialAction":[{"@type":"ReadAction","target":["https:\/\/megapari.games\/morocco\/"]}]},{"@type":"BreadcrumbList","@id":"https:\/\/megapari.games\/morocco\/#breadcrumb","itemListElement":[{"@type":"ListItem","position":1,"name":"\u0413\u043b\u0430\u0432\u043d\u0430\u044f \u0441\u0442\u0440\u0430\u043d\u0438\u0446\u0430","item":"https:\/\/megapari.games\/morocco\/"},{"@type":"ListItem","position":2,"name":"Megapari"}]},{"@type":"WebSite","@id":"https:\/\/megapari.games\/morocco\/#website","url":"https:\/\/megapari.games\/morocco\/","name":"Megapari Games MA","description":"My WordPress Blog","potentialAction":[{"@type":"SearchAction","target":{"@type":"EntryPoint","urlTemplate":"https:\/\/megapari.games\/morocco\/?s={search_term_string}"},"query-input":{"@type":"PropertyValueSpecification","valueRequired":true,"valueName":"search_term_string"}}],"inLanguage":"fr-MA"}]}},"_links":{"self":[{"href":"https:\/\/megapari.games\/morocco\/wp-json\/wp\/v2\/pages\/1554","targetHints":{"allow":["GET"]}}],"collection":[{"href":"https:\/\/megapari.games\/morocco\/wp-json\/wp\/v2\/pages"}],"about":[{"href":"https:\/\/megapari.games\/morocco\/wp-json\/wp\/v2\/types\/page"}],"author":[{"embeddable":true,"href":"https:\/\/megapari.games\/morocco\/wp-json\/wp\/v2\/users\/1"}],"replies":[{"embeddable":true,"href":"https:\/\/megapari.games\/morocco\/wp-json\/wp\/v2\/comments?post=1554"}],"version-history":[{"count":5,"href":"https:\/\/megapari.games\/morocco\/wp-json\/wp\/v2\/pages\/1554\/revisions"}],"predecessor-version":[{"id":1893,"href":"https:\/\/megapari.games\/morocco\/wp-json\/wp\/v2\/pages\/1554\/revisions\/1893"}],"wp:attachment":[{"href":"https:\/\/megapari.games\/morocco\/wp-json\/wp\/v2\/media?parent=1554"}],"curies":[{"name":"wp","href":"https:\/\/api.w.org\/{rel}","templated":true}]}}