{"id":1655,"date":"2026-03-19T14:30:02","date_gmt":"2026-03-19T14:30:02","guid":{"rendered":"https:\/\/megapari.games\/morocco\/?page_id=1655"},"modified":"2026-04-24T07:35:27","modified_gmt":"2026-04-24T07:35:27","slug":"trustpilot","status":"publish","type":"page","link":"https:\/\/megapari.games\/morocco\/trustpilot\/","title":{"rendered":"Trustpilot"},"content":{"rendered":"","protected":false},"excerpt":{"rendered":"","protected":false},"author":1,"featured_media":0,"parent":0,"menu_order":0,"comment_status":"closed","ping_status":"closed","template":"","meta":{"inline_featured_image":false,"footnotes":""},"class_list":["post-1655","page","type-page","status-publish","hentry"],"yoast_head":"<!-- This site is optimized with the Yoast SEO plugin v27.4 - https:\/\/yoast.com\/product\/yoast-seo-wordpress\/ -->\n<title>Avis Megapari sur Trustpilot \u2014 \u00c9valuations et retours des utilisateurs<\/title>\n<meta name=\"description\" content=\"Les avis sur Megapari Maroc publi\u00e9s sur Trustpilot sont g\u00e9n\u00e9ralement positifs : les utilisateurs soulignent la stabilit\u00e9 du site, la facilit\u00e9 d&#039;acc\u00e8s aux paris et au casino, ainsi que la fiabilit\u00e9 des paiements, ce qui t\u00e9moigne d&#039;une grande confiance et d&#039;une qualit\u00e9 de service constante.\" \/>\n<meta name=\"robots\" content=\"index, follow, max-snippet:-1, max-image-preview:large, max-video-preview:-1\" \/>\n<link rel=\"canonical\" href=\"https:\/\/megapari.games\/morocco\/trustpilot\/\" \/>\n<meta property=\"og:locale\" content=\"fr_FR\" \/>\n<meta property=\"og:type\" content=\"article\" \/>\n<meta property=\"og:title\" content=\"Avis Megapari sur Trustpilot \u2014 \u00c9valuations et retours des utilisateurs\" \/>\n<meta property=\"og:description\" content=\"Les avis sur Megapari Maroc publi\u00e9s sur Trustpilot sont g\u00e9n\u00e9ralement positifs : les utilisateurs soulignent la stabilit\u00e9 du site, la facilit\u00e9 d&#039;acc\u00e8s aux paris et au casino, ainsi que la fiabilit\u00e9 des paiements, ce qui t\u00e9moigne d&#039;une grande confiance et d&#039;une qualit\u00e9 de service constante.\" \/>\n<meta property=\"og:url\" content=\"https:\/\/megapari.games\/morocco\/trustpilot\/\" \/>\n<meta property=\"og:site_name\" content=\"Megapari Games MA\" \/>\n<meta property=\"article:modified_time\" content=\"2026-04-24T07:35:27+00:00\" \/>\n<meta name=\"twitter:card\" content=\"summary_large_image\" \/>\n<script type=\"application\/ld+json\" class=\"yoast-schema-graph\">{\"@context\":\"https:\\\/\\\/schema.org\",\"@graph\":[{\"@type\":\"WebPage\",\"@id\":\"https:\\\/\\\/megapari.games\\\/morocco\\\/trustpilot\\\/\",\"url\":\"https:\\\/\\\/megapari.games\\\/morocco\\\/trustpilot\\\/\",\"name\":\"Avis Megapari sur Trustpilot \u2014 \u00c9valuations et retours des utilisateurs\",\"isPartOf\":{\"@id\":\"https:\\\/\\\/megapari.games\\\/morocco\\\/#website\"},\"datePublished\":\"2026-03-19T14:30:02+00:00\",\"dateModified\":\"2026-04-24T07:35:27+00:00\",\"description\":\"Les avis sur Megapari Maroc publi\u00e9s sur Trustpilot sont g\u00e9n\u00e9ralement positifs : les utilisateurs soulignent la stabilit\u00e9 du site, la facilit\u00e9 d'acc\u00e8s aux paris et au casino, ainsi que la fiabilit\u00e9 des paiements, ce qui t\u00e9moigne d'une grande confiance et d'une qualit\u00e9 de service constante.\",\"breadcrumb\":{\"@id\":\"https:\\\/\\\/megapari.games\\\/morocco\\\/trustpilot\\\/#breadcrumb\"},\"inLanguage\":\"fr-MA\",\"potentialAction\":[{\"@type\":\"ReadAction\",\"target\":[\"https:\\\/\\\/megapari.games\\\/morocco\\\/trustpilot\\\/\"]}]},{\"@type\":\"BreadcrumbList\",\"@id\":\"https:\\\/\\\/megapari.games\\\/morocco\\\/trustpilot\\\/#breadcrumb\",\"itemListElement\":[{\"@type\":\"ListItem\",\"position\":1,\"name\":\"\u0413\u043b\u0430\u0432\u043d\u0430\u044f \u0441\u0442\u0440\u0430\u043d\u0438\u0446\u0430\",\"item\":\"https:\\\/\\\/megapari.games\\\/morocco\\\/\"},{\"@type\":\"ListItem\",\"position\":2,\"name\":\"Trustpilot\"}]},{\"@type\":\"WebSite\",\"@id\":\"https:\\\/\\\/megapari.games\\\/morocco\\\/#website\",\"url\":\"https:\\\/\\\/megapari.games\\\/morocco\\\/\",\"name\":\"Megapari Games MA\",\"description\":\"My WordPress Blog\",\"potentialAction\":[{\"@type\":\"SearchAction\",\"target\":{\"@type\":\"EntryPoint\",\"urlTemplate\":\"https:\\\/\\\/megapari.games\\\/morocco\\\/?s={search_term_string}\"},\"query-input\":{\"@type\":\"PropertyValueSpecification\",\"valueRequired\":true,\"valueName\":\"search_term_string\"}}],\"inLanguage\":\"fr-MA\"}]}<\/script>\n<!-- \/ Yoast SEO plugin. -->","yoast_head_json":{"title":"Avis Megapari sur Trustpilot \u2014 \u00c9valuations et retours des utilisateurs","description":"Les avis sur Megapari Maroc publi\u00e9s sur Trustpilot sont g\u00e9n\u00e9ralement positifs : les utilisateurs soulignent la stabilit\u00e9 du site, la facilit\u00e9 d'acc\u00e8s aux paris et au casino, ainsi que la fiabilit\u00e9 des paiements, ce qui t\u00e9moigne d'une grande confiance et d'une qualit\u00e9 de service constante.","robots":{"index":"index","follow":"follow","max-snippet":"max-snippet:-1","max-image-preview":"max-image-preview:large","max-video-preview":"max-video-preview:-1"},"canonical":"https:\/\/megapari.games\/morocco\/trustpilot\/","og_locale":"fr_FR","og_type":"article","og_title":"Avis Megapari sur Trustpilot \u2014 \u00c9valuations et retours des utilisateurs","og_description":"Les avis sur Megapari Maroc publi\u00e9s sur Trustpilot sont g\u00e9n\u00e9ralement positifs : les utilisateurs soulignent la stabilit\u00e9 du site, la facilit\u00e9 d'acc\u00e8s aux paris et au casino, ainsi que la fiabilit\u00e9 des paiements, ce qui t\u00e9moigne d'une grande confiance et d'une qualit\u00e9 de service constante.","og_url":"https:\/\/megapari.games\/morocco\/trustpilot\/","og_site_name":"Megapari Games MA","article_modified_time":"2026-04-24T07:35:27+00:00","twitter_card":"summary_large_image","schema":{"@context":"https:\/\/schema.org","@graph":[{"@type":"WebPage","@id":"https:\/\/megapari.games\/morocco\/trustpilot\/","url":"https:\/\/megapari.games\/morocco\/trustpilot\/","name":"Avis Megapari sur Trustpilot \u2014 \u00c9valuations et retours des utilisateurs","isPartOf":{"@id":"https:\/\/megapari.games\/morocco\/#website"},"datePublished":"2026-03-19T14:30:02+00:00","dateModified":"2026-04-24T07:35:27+00:00","description":"Les avis sur Megapari Maroc publi\u00e9s sur Trustpilot sont g\u00e9n\u00e9ralement positifs : les utilisateurs soulignent la stabilit\u00e9 du site, la facilit\u00e9 d'acc\u00e8s aux paris et au casino, ainsi que la fiabilit\u00e9 des paiements, ce qui t\u00e9moigne d'une grande confiance et d'une qualit\u00e9 de service constante.","breadcrumb":{"@id":"https:\/\/megapari.games\/morocco\/trustpilot\/#breadcrumb"},"inLanguage":"fr-MA","potentialAction":[{"@type":"ReadAction","target":["https:\/\/megapari.games\/morocco\/trustpilot\/"]}]},{"@type":"BreadcrumbList","@id":"https:\/\/megapari.games\/morocco\/trustpilot\/#breadcrumb","itemListElement":[{"@type":"ListItem","position":1,"name":"\u0413\u043b\u0430\u0432\u043d\u0430\u044f \u0441\u0442\u0440\u0430\u043d\u0438\u0446\u0430","item":"https:\/\/megapari.games\/morocco\/"},{"@type":"ListItem","position":2,"name":"Trustpilot"}]},{"@type":"WebSite","@id":"https:\/\/megapari.games\/morocco\/#website","url":"https:\/\/megapari.games\/morocco\/","name":"Megapari Games MA","description":"My WordPress Blog","potentialAction":[{"@type":"SearchAction","target":{"@type":"EntryPoint","urlTemplate":"https:\/\/megapari.games\/morocco\/?s={search_term_string}"},"query-input":{"@type":"PropertyValueSpecification","valueRequired":true,"valueName":"search_term_string"}}],"inLanguage":"fr-MA"}]}},"_links":{"self":[{"href":"https:\/\/megapari.games\/morocco\/wp-json\/wp\/v2\/pages\/1655","targetHints":{"allow":["GET"]}}],"collection":[{"href":"https:\/\/megapari.games\/morocco\/wp-json\/wp\/v2\/pages"}],"about":[{"href":"https:\/\/megapari.games\/morocco\/wp-json\/wp\/v2\/types\/page"}],"author":[{"embeddable":true,"href":"https:\/\/megapari.games\/morocco\/wp-json\/wp\/v2\/users\/1"}],"replies":[{"embeddable":true,"href":"https:\/\/megapari.games\/morocco\/wp-json\/wp\/v2\/comments?post=1655"}],"version-history":[{"count":4,"href":"https:\/\/megapari.games\/morocco\/wp-json\/wp\/v2\/pages\/1655\/revisions"}],"predecessor-version":[{"id":1842,"href":"https:\/\/megapari.games\/morocco\/wp-json\/wp\/v2\/pages\/1655\/revisions\/1842"}],"wp:attachment":[{"href":"https:\/\/megapari.games\/morocco\/wp-json\/wp\/v2\/media?parent=1655"}],"curies":[{"name":"wp","href":"https:\/\/api.w.org\/{rel}","templated":true}]}}