{"id":1662,"date":"2026-03-24T11:21:30","date_gmt":"2026-03-24T11:21:30","guid":{"rendered":"https:\/\/megapari.games\/morocco\/?page_id=1662"},"modified":"2026-04-24T10:51:16","modified_gmt":"2026-04-24T10:51:16","slug":"ice-quest","status":"publish","type":"page","link":"https:\/\/megapari.games\/morocco\/bonus\/ice-quest\/","title":{"rendered":"Qu\u00eate glaciale"},"content":{"rendered":"","protected":false},"excerpt":{"rendered":"","protected":false},"author":1,"featured_media":0,"parent":152,"menu_order":0,"comment_status":"closed","ping_status":"closed","template":"","meta":{"inline_featured_image":false,"footnotes":""},"class_list":["post-1662","page","type-page","status-publish","hentry"],"yoast_head":"<!-- This site is optimized with the Yoast SEO plugin v27.4 - https:\/\/yoast.com\/product\/yoast-seo-wordpress\/ -->\n<title>Ice Quest MegaPari Maroc \u2014 Missions givr\u00e9es et paris gratuits<\/title>\n<meta name=\"description\" content=\"Participez \u00e0 la Megapari Ice Quest, accomplissez des missions et remportez des paris gratuits. Vous trouverez ici le d\u00e9tail des conditions g\u00e9n\u00e9rales, des conseils de paris et des astuces pour \u00e9viter de perdre votre capital.\" \/>\n<meta name=\"robots\" content=\"index, follow, max-snippet:-1, max-image-preview:large, max-video-preview:-1\" \/>\n<link rel=\"canonical\" href=\"https:\/\/megapari.games\/morocco\/bonus\/ice-quest\/\" \/>\n<meta property=\"og:locale\" content=\"fr_FR\" \/>\n<meta property=\"og:type\" content=\"article\" \/>\n<meta property=\"og:title\" content=\"Ice Quest MegaPari Maroc \u2014 Missions givr\u00e9es et paris gratuits\" \/>\n<meta property=\"og:description\" content=\"Participez \u00e0 la Megapari Ice Quest, accomplissez des missions et remportez des paris gratuits. Vous trouverez ici le d\u00e9tail des conditions g\u00e9n\u00e9rales, des conseils de paris et des astuces pour \u00e9viter de perdre votre capital.\" \/>\n<meta property=\"og:url\" content=\"https:\/\/megapari.games\/morocco\/bonus\/ice-quest\/\" \/>\n<meta property=\"og:site_name\" content=\"Megapari Games MA\" \/>\n<meta property=\"article:modified_time\" content=\"2026-04-24T10:51:16+00:00\" \/>\n<meta name=\"twitter:card\" content=\"summary_large_image\" \/>\n<script type=\"application\/ld+json\" class=\"yoast-schema-graph\">{\"@context\":\"https:\\\/\\\/schema.org\",\"@graph\":[{\"@type\":\"WebPage\",\"@id\":\"https:\\\/\\\/megapari.games\\\/morocco\\\/bonus\\\/ice-quest\\\/\",\"url\":\"https:\\\/\\\/megapari.games\\\/morocco\\\/bonus\\\/ice-quest\\\/\",\"name\":\"Ice Quest MegaPari Maroc \u2014 Missions givr\u00e9es et paris gratuits\",\"isPartOf\":{\"@id\":\"https:\\\/\\\/megapari.games\\\/morocco\\\/#website\"},\"datePublished\":\"2026-03-24T11:21:30+00:00\",\"dateModified\":\"2026-04-24T10:51:16+00:00\",\"description\":\"Participez \u00e0 la Megapari Ice Quest, accomplissez des missions et remportez des paris gratuits. Vous trouverez ici le d\u00e9tail des conditions g\u00e9n\u00e9rales, des conseils de paris et des astuces pour \u00e9viter de perdre votre capital.\",\"breadcrumb\":{\"@id\":\"https:\\\/\\\/megapari.games\\\/morocco\\\/bonus\\\/ice-quest\\\/#breadcrumb\"},\"inLanguage\":\"fr-MA\",\"potentialAction\":[{\"@type\":\"ReadAction\",\"target\":[\"https:\\\/\\\/megapari.games\\\/morocco\\\/bonus\\\/ice-quest\\\/\"]}]},{\"@type\":\"BreadcrumbList\",\"@id\":\"https:\\\/\\\/megapari.games\\\/morocco\\\/bonus\\\/ice-quest\\\/#breadcrumb\",\"itemListElement\":[{\"@type\":\"ListItem\",\"position\":1,\"name\":\"\u0413\u043b\u0430\u0432\u043d\u0430\u044f \u0441\u0442\u0440\u0430\u043d\u0438\u0446\u0430\",\"item\":\"https:\\\/\\\/megapari.games\\\/morocco\\\/\"},{\"@type\":\"ListItem\",\"position\":2,\"name\":\"Bonus\",\"item\":\"https:\\\/\\\/megapari.games\\\/morocco\\\/bonus\\\/\"},{\"@type\":\"ListItem\",\"position\":3,\"name\":\"Qu\u00eate glaciale\"}]},{\"@type\":\"WebSite\",\"@id\":\"https:\\\/\\\/megapari.games\\\/morocco\\\/#website\",\"url\":\"https:\\\/\\\/megapari.games\\\/morocco\\\/\",\"name\":\"Megapari Games MA\",\"description\":\"My WordPress Blog\",\"potentialAction\":[{\"@type\":\"SearchAction\",\"target\":{\"@type\":\"EntryPoint\",\"urlTemplate\":\"https:\\\/\\\/megapari.games\\\/morocco\\\/?s={search_term_string}\"},\"query-input\":{\"@type\":\"PropertyValueSpecification\",\"valueRequired\":true,\"valueName\":\"search_term_string\"}}],\"inLanguage\":\"fr-MA\"}]}<\/script>\n<!-- \/ Yoast SEO plugin. -->","yoast_head_json":{"title":"Ice Quest MegaPari Maroc \u2014 Missions givr\u00e9es et paris gratuits","description":"Participez \u00e0 la Megapari Ice Quest, accomplissez des missions et remportez des paris gratuits. Vous trouverez ici le d\u00e9tail des conditions g\u00e9n\u00e9rales, des conseils de paris et des astuces pour \u00e9viter de perdre votre capital.","robots":{"index":"index","follow":"follow","max-snippet":"max-snippet:-1","max-image-preview":"max-image-preview:large","max-video-preview":"max-video-preview:-1"},"canonical":"https:\/\/megapari.games\/morocco\/bonus\/ice-quest\/","og_locale":"fr_FR","og_type":"article","og_title":"Ice Quest MegaPari Maroc \u2014 Missions givr\u00e9es et paris gratuits","og_description":"Participez \u00e0 la Megapari Ice Quest, accomplissez des missions et remportez des paris gratuits. Vous trouverez ici le d\u00e9tail des conditions g\u00e9n\u00e9rales, des conseils de paris et des astuces pour \u00e9viter de perdre votre capital.","og_url":"https:\/\/megapari.games\/morocco\/bonus\/ice-quest\/","og_site_name":"Megapari Games MA","article_modified_time":"2026-04-24T10:51:16+00:00","twitter_card":"summary_large_image","schema":{"@context":"https:\/\/schema.org","@graph":[{"@type":"WebPage","@id":"https:\/\/megapari.games\/morocco\/bonus\/ice-quest\/","url":"https:\/\/megapari.games\/morocco\/bonus\/ice-quest\/","name":"Ice Quest MegaPari Maroc \u2014 Missions givr\u00e9es et paris gratuits","isPartOf":{"@id":"https:\/\/megapari.games\/morocco\/#website"},"datePublished":"2026-03-24T11:21:30+00:00","dateModified":"2026-04-24T10:51:16+00:00","description":"Participez \u00e0 la Megapari Ice Quest, accomplissez des missions et remportez des paris gratuits. Vous trouverez ici le d\u00e9tail des conditions g\u00e9n\u00e9rales, des conseils de paris et des astuces pour \u00e9viter de perdre votre capital.","breadcrumb":{"@id":"https:\/\/megapari.games\/morocco\/bonus\/ice-quest\/#breadcrumb"},"inLanguage":"fr-MA","potentialAction":[{"@type":"ReadAction","target":["https:\/\/megapari.games\/morocco\/bonus\/ice-quest\/"]}]},{"@type":"BreadcrumbList","@id":"https:\/\/megapari.games\/morocco\/bonus\/ice-quest\/#breadcrumb","itemListElement":[{"@type":"ListItem","position":1,"name":"\u0413\u043b\u0430\u0432\u043d\u0430\u044f \u0441\u0442\u0440\u0430\u043d\u0438\u0446\u0430","item":"https:\/\/megapari.games\/morocco\/"},{"@type":"ListItem","position":2,"name":"Bonus","item":"https:\/\/megapari.games\/morocco\/bonus\/"},{"@type":"ListItem","position":3,"name":"Qu\u00eate glaciale"}]},{"@type":"WebSite","@id":"https:\/\/megapari.games\/morocco\/#website","url":"https:\/\/megapari.games\/morocco\/","name":"Megapari Games MA","description":"My WordPress Blog","potentialAction":[{"@type":"SearchAction","target":{"@type":"EntryPoint","urlTemplate":"https:\/\/megapari.games\/morocco\/?s={search_term_string}"},"query-input":{"@type":"PropertyValueSpecification","valueRequired":true,"valueName":"search_term_string"}}],"inLanguage":"fr-MA"}]}},"_links":{"self":[{"href":"https:\/\/megapari.games\/morocco\/wp-json\/wp\/v2\/pages\/1662","targetHints":{"allow":["GET"]}}],"collection":[{"href":"https:\/\/megapari.games\/morocco\/wp-json\/wp\/v2\/pages"}],"about":[{"href":"https:\/\/megapari.games\/morocco\/wp-json\/wp\/v2\/types\/page"}],"author":[{"embeddable":true,"href":"https:\/\/megapari.games\/morocco\/wp-json\/wp\/v2\/users\/1"}],"replies":[{"embeddable":true,"href":"https:\/\/megapari.games\/morocco\/wp-json\/wp\/v2\/comments?post=1662"}],"version-history":[{"count":5,"href":"https:\/\/megapari.games\/morocco\/wp-json\/wp\/v2\/pages\/1662\/revisions"}],"predecessor-version":[{"id":1887,"href":"https:\/\/megapari.games\/morocco\/wp-json\/wp\/v2\/pages\/1662\/revisions\/1887"}],"up":[{"embeddable":true,"href":"https:\/\/megapari.games\/morocco\/wp-json\/wp\/v2\/pages\/152"}],"wp:attachment":[{"href":"https:\/\/megapari.games\/morocco\/wp-json\/wp\/v2\/media?parent=1662"}],"curies":[{"name":"wp","href":"https:\/\/api.w.org\/{rel}","templated":true}]}}