{"id":1666,"date":"2026-03-24T11:38:19","date_gmt":"2026-03-24T11:38:19","guid":{"rendered":"https:\/\/megapari.games\/morocco\/?page_id=1666"},"modified":"2026-04-24T10:39:24","modified_gmt":"2026-04-24T10:39:24","slug":"come-dep","status":"publish","type":"page","link":"https:\/\/megapari.games\/morocco\/bonus\/come-dep\/","title":{"rendered":"Comme Dep"},"content":{"rendered":"","protected":false},"excerpt":{"rendered":"","protected":false},"author":1,"featured_media":0,"parent":152,"menu_order":0,"comment_status":"closed","ping_status":"closed","template":"","meta":{"inline_featured_image":false,"footnotes":""},"class_list":["post-1666","page","type-page","status-publish","hentry"],"yoast_head":"<!-- This site is optimized with the Yoast SEO plugin v27.5 - https:\/\/yoast.com\/product\/yoast-seo-wordpress\/ -->\n<title>Bonus de bienvenue Megapari Maroc \u2013 100 % jusqu&#039;\u00e0 2 200 MAD<\/title>\n<meta name=\"description\" content=\"Activez le code promo Megapari COME DEP, effectuez un d\u00e9p\u00f4t d&#039;au moins 200 MAD et b\u00e9n\u00e9ficiez d&#039;un bonus de 100 % jusqu&#039;\u00e0 2 200 MAD. Guide \u00e9tape par \u00e9tape, conditions et conseils pour tirer le meilleur parti de votre bonus.\" \/>\n<meta name=\"robots\" content=\"index, follow, max-snippet:-1, max-image-preview:large, max-video-preview:-1\" \/>\n<link rel=\"canonical\" href=\"https:\/\/megapari.games\/morocco\/bonus\/come-dep\/\" \/>\n<meta property=\"og:locale\" content=\"fr_FR\" \/>\n<meta property=\"og:type\" content=\"article\" \/>\n<meta property=\"og:title\" content=\"Bonus de bienvenue Megapari Maroc \u2013 100 % jusqu&#039;\u00e0 2 200 MAD\" \/>\n<meta property=\"og:description\" content=\"Activez le code promo Megapari COME DEP, effectuez un d\u00e9p\u00f4t d&#039;au moins 200 MAD et b\u00e9n\u00e9ficiez d&#039;un bonus de 100 % jusqu&#039;\u00e0 2 200 MAD. Guide \u00e9tape par \u00e9tape, conditions et conseils pour tirer le meilleur parti de votre bonus.\" \/>\n<meta property=\"og:url\" content=\"https:\/\/megapari.games\/morocco\/bonus\/come-dep\/\" \/>\n<meta property=\"og:site_name\" content=\"Megapari Games MA\" \/>\n<meta property=\"article:modified_time\" content=\"2026-04-24T10:39:24+00:00\" \/>\n<meta name=\"twitter:card\" content=\"summary_large_image\" \/>\n<script type=\"application\/ld+json\" class=\"yoast-schema-graph\">{\"@context\":\"https:\\\/\\\/schema.org\",\"@graph\":[{\"@type\":\"WebPage\",\"@id\":\"https:\\\/\\\/megapari.games\\\/morocco\\\/bonus\\\/come-dep\\\/\",\"url\":\"https:\\\/\\\/megapari.games\\\/morocco\\\/bonus\\\/come-dep\\\/\",\"name\":\"Bonus de bienvenue Megapari Maroc \u2013 100 % jusqu'\u00e0 2 200 MAD\",\"isPartOf\":{\"@id\":\"https:\\\/\\\/megapari.games\\\/morocco\\\/#website\"},\"datePublished\":\"2026-03-24T11:38:19+00:00\",\"dateModified\":\"2026-04-24T10:39:24+00:00\",\"description\":\"Activez le code promo Megapari COME DEP, effectuez un d\u00e9p\u00f4t d'au moins 200 MAD et b\u00e9n\u00e9ficiez d'un bonus de 100 % jusqu'\u00e0 2 200 MAD. Guide \u00e9tape par \u00e9tape, conditions et conseils pour tirer le meilleur parti de votre bonus.\",\"breadcrumb\":{\"@id\":\"https:\\\/\\\/megapari.games\\\/morocco\\\/bonus\\\/come-dep\\\/#breadcrumb\"},\"inLanguage\":\"fr-MA\",\"potentialAction\":[{\"@type\":\"ReadAction\",\"target\":[\"https:\\\/\\\/megapari.games\\\/morocco\\\/bonus\\\/come-dep\\\/\"]}]},{\"@type\":\"BreadcrumbList\",\"@id\":\"https:\\\/\\\/megapari.games\\\/morocco\\\/bonus\\\/come-dep\\\/#breadcrumb\",\"itemListElement\":[{\"@type\":\"ListItem\",\"position\":1,\"name\":\"\u0413\u043b\u0430\u0432\u043d\u0430\u044f \u0441\u0442\u0440\u0430\u043d\u0438\u0446\u0430\",\"item\":\"https:\\\/\\\/megapari.games\\\/morocco\\\/\"},{\"@type\":\"ListItem\",\"position\":2,\"name\":\"Bonus\",\"item\":\"https:\\\/\\\/megapari.games\\\/morocco\\\/bonus\\\/\"},{\"@type\":\"ListItem\",\"position\":3,\"name\":\"Comme Dep\"}]},{\"@type\":\"WebSite\",\"@id\":\"https:\\\/\\\/megapari.games\\\/morocco\\\/#website\",\"url\":\"https:\\\/\\\/megapari.games\\\/morocco\\\/\",\"name\":\"Megapari Games MA\",\"description\":\"My WordPress Blog\",\"potentialAction\":[{\"@type\":\"SearchAction\",\"target\":{\"@type\":\"EntryPoint\",\"urlTemplate\":\"https:\\\/\\\/megapari.games\\\/morocco\\\/?s={search_term_string}\"},\"query-input\":{\"@type\":\"PropertyValueSpecification\",\"valueRequired\":true,\"valueName\":\"search_term_string\"}}],\"inLanguage\":\"fr-MA\"}]}<\/script>\n<!-- \/ Yoast SEO plugin. -->","yoast_head_json":{"title":"Bonus de bienvenue Megapari Maroc \u2013 100 % jusqu'\u00e0 2 200 MAD","description":"Activez le code promo Megapari COME DEP, effectuez un d\u00e9p\u00f4t d'au moins 200 MAD et b\u00e9n\u00e9ficiez d'un bonus de 100 % jusqu'\u00e0 2 200 MAD. Guide \u00e9tape par \u00e9tape, conditions et conseils pour tirer le meilleur parti de votre bonus.","robots":{"index":"index","follow":"follow","max-snippet":"max-snippet:-1","max-image-preview":"max-image-preview:large","max-video-preview":"max-video-preview:-1"},"canonical":"https:\/\/megapari.games\/morocco\/bonus\/come-dep\/","og_locale":"fr_FR","og_type":"article","og_title":"Bonus de bienvenue Megapari Maroc \u2013 100 % jusqu'\u00e0 2 200 MAD","og_description":"Activez le code promo Megapari COME DEP, effectuez un d\u00e9p\u00f4t d'au moins 200 MAD et b\u00e9n\u00e9ficiez d'un bonus de 100 % jusqu'\u00e0 2 200 MAD. Guide \u00e9tape par \u00e9tape, conditions et conseils pour tirer le meilleur parti de votre bonus.","og_url":"https:\/\/megapari.games\/morocco\/bonus\/come-dep\/","og_site_name":"Megapari Games MA","article_modified_time":"2026-04-24T10:39:24+00:00","twitter_card":"summary_large_image","schema":{"@context":"https:\/\/schema.org","@graph":[{"@type":"WebPage","@id":"https:\/\/megapari.games\/morocco\/bonus\/come-dep\/","url":"https:\/\/megapari.games\/morocco\/bonus\/come-dep\/","name":"Bonus de bienvenue Megapari Maroc \u2013 100 % jusqu'\u00e0 2 200 MAD","isPartOf":{"@id":"https:\/\/megapari.games\/morocco\/#website"},"datePublished":"2026-03-24T11:38:19+00:00","dateModified":"2026-04-24T10:39:24+00:00","description":"Activez le code promo Megapari COME DEP, effectuez un d\u00e9p\u00f4t d'au moins 200 MAD et b\u00e9n\u00e9ficiez d'un bonus de 100 % jusqu'\u00e0 2 200 MAD. Guide \u00e9tape par \u00e9tape, conditions et conseils pour tirer le meilleur parti de votre bonus.","breadcrumb":{"@id":"https:\/\/megapari.games\/morocco\/bonus\/come-dep\/#breadcrumb"},"inLanguage":"fr-MA","potentialAction":[{"@type":"ReadAction","target":["https:\/\/megapari.games\/morocco\/bonus\/come-dep\/"]}]},{"@type":"BreadcrumbList","@id":"https:\/\/megapari.games\/morocco\/bonus\/come-dep\/#breadcrumb","itemListElement":[{"@type":"ListItem","position":1,"name":"\u0413\u043b\u0430\u0432\u043d\u0430\u044f \u0441\u0442\u0440\u0430\u043d\u0438\u0446\u0430","item":"https:\/\/megapari.games\/morocco\/"},{"@type":"ListItem","position":2,"name":"Bonus","item":"https:\/\/megapari.games\/morocco\/bonus\/"},{"@type":"ListItem","position":3,"name":"Comme Dep"}]},{"@type":"WebSite","@id":"https:\/\/megapari.games\/morocco\/#website","url":"https:\/\/megapari.games\/morocco\/","name":"Megapari Games MA","description":"My WordPress Blog","potentialAction":[{"@type":"SearchAction","target":{"@type":"EntryPoint","urlTemplate":"https:\/\/megapari.games\/morocco\/?s={search_term_string}"},"query-input":{"@type":"PropertyValueSpecification","valueRequired":true,"valueName":"search_term_string"}}],"inLanguage":"fr-MA"}]}},"_links":{"self":[{"href":"https:\/\/megapari.games\/morocco\/wp-json\/wp\/v2\/pages\/1666","targetHints":{"allow":["GET"]}}],"collection":[{"href":"https:\/\/megapari.games\/morocco\/wp-json\/wp\/v2\/pages"}],"about":[{"href":"https:\/\/megapari.games\/morocco\/wp-json\/wp\/v2\/types\/page"}],"author":[{"embeddable":true,"href":"https:\/\/megapari.games\/morocco\/wp-json\/wp\/v2\/users\/1"}],"replies":[{"embeddable":true,"href":"https:\/\/megapari.games\/morocco\/wp-json\/wp\/v2\/comments?post=1666"}],"version-history":[{"count":4,"href":"https:\/\/megapari.games\/morocco\/wp-json\/wp\/v2\/pages\/1666\/revisions"}],"predecessor-version":[{"id":1882,"href":"https:\/\/megapari.games\/morocco\/wp-json\/wp\/v2\/pages\/1666\/revisions\/1882"}],"up":[{"embeddable":true,"href":"https:\/\/megapari.games\/morocco\/wp-json\/wp\/v2\/pages\/152"}],"wp:attachment":[{"href":"https:\/\/megapari.games\/morocco\/wp-json\/wp\/v2\/media?parent=1666"}],"curies":[{"name":"wp","href":"https:\/\/api.w.org\/{rel}","templated":true}]}}