{"id":1670,"date":"2026-03-24T12:03:30","date_gmt":"2026-03-24T12:03:30","guid":{"rendered":"https:\/\/megapari.games\/morocco\/?page_id=1670"},"modified":"2026-04-24T10:29:01","modified_gmt":"2026-04-24T10:29:01","slug":"lucky-goals","status":"publish","type":"page","link":"https:\/\/megapari.games\/morocco\/bonus\/lucky-goals\/","title":{"rendered":"Buts chanceux"},"content":{"rendered":"","protected":false},"excerpt":{"rendered":"","protected":false},"author":1,"featured_media":0,"parent":152,"menu_order":0,"comment_status":"closed","ping_status":"closed","template":"","meta":{"inline_featured_image":false,"footnotes":""},"class_list":["post-1670","page","type-page","status-publish","hentry"],"yoast_head":"<!-- This site is optimized with the Yoast SEO plugin v27.4 - https:\/\/yoast.com\/product\/yoast-seo-wordpress\/ -->\n<title>Megapari Maroc Lucky Goals \u2014 Gagnez des Free Bet Boxes !<\/title>\n<meta name=\"description\" content=\"Rejoignez Megapari Lucky Goals, placez des paris gagnants et d\u00e9bloquez des paris gratuits. D\u00e9couvrez le fonctionnement de cette promotion, ses r\u00e8gles essentielles et des strat\u00e9gies de pari efficaces.\" \/>\n<meta name=\"robots\" content=\"index, follow, max-snippet:-1, max-image-preview:large, max-video-preview:-1\" \/>\n<link rel=\"canonical\" href=\"https:\/\/megapari.games\/morocco\/bonus\/lucky-goals\/\" \/>\n<meta property=\"og:locale\" content=\"fr_FR\" \/>\n<meta property=\"og:type\" content=\"article\" \/>\n<meta property=\"og:title\" content=\"Megapari Maroc Lucky Goals \u2014 Gagnez des Free Bet Boxes !\" \/>\n<meta property=\"og:description\" content=\"Rejoignez Megapari Lucky Goals, placez des paris gagnants et d\u00e9bloquez des paris gratuits. D\u00e9couvrez le fonctionnement de cette promotion, ses r\u00e8gles essentielles et des strat\u00e9gies de pari efficaces.\" \/>\n<meta property=\"og:url\" content=\"https:\/\/megapari.games\/morocco\/bonus\/lucky-goals\/\" \/>\n<meta property=\"og:site_name\" content=\"Megapari Games MA\" \/>\n<meta property=\"article:modified_time\" content=\"2026-04-24T10:29:01+00:00\" \/>\n<meta name=\"twitter:card\" content=\"summary_large_image\" \/>\n<script type=\"application\/ld+json\" class=\"yoast-schema-graph\">{\"@context\":\"https:\\\/\\\/schema.org\",\"@graph\":[{\"@type\":\"WebPage\",\"@id\":\"https:\\\/\\\/megapari.games\\\/morocco\\\/bonus\\\/lucky-goals\\\/\",\"url\":\"https:\\\/\\\/megapari.games\\\/morocco\\\/bonus\\\/lucky-goals\\\/\",\"name\":\"Megapari Maroc Lucky Goals \u2014 Gagnez des Free Bet Boxes !\",\"isPartOf\":{\"@id\":\"https:\\\/\\\/megapari.games\\\/morocco\\\/#website\"},\"datePublished\":\"2026-03-24T12:03:30+00:00\",\"dateModified\":\"2026-04-24T10:29:01+00:00\",\"description\":\"Rejoignez Megapari Lucky Goals, placez des paris gagnants et d\u00e9bloquez des paris gratuits. D\u00e9couvrez le fonctionnement de cette promotion, ses r\u00e8gles essentielles et des strat\u00e9gies de pari efficaces.\",\"breadcrumb\":{\"@id\":\"https:\\\/\\\/megapari.games\\\/morocco\\\/bonus\\\/lucky-goals\\\/#breadcrumb\"},\"inLanguage\":\"fr-MA\",\"potentialAction\":[{\"@type\":\"ReadAction\",\"target\":[\"https:\\\/\\\/megapari.games\\\/morocco\\\/bonus\\\/lucky-goals\\\/\"]}]},{\"@type\":\"BreadcrumbList\",\"@id\":\"https:\\\/\\\/megapari.games\\\/morocco\\\/bonus\\\/lucky-goals\\\/#breadcrumb\",\"itemListElement\":[{\"@type\":\"ListItem\",\"position\":1,\"name\":\"\u0413\u043b\u0430\u0432\u043d\u0430\u044f \u0441\u0442\u0440\u0430\u043d\u0438\u0446\u0430\",\"item\":\"https:\\\/\\\/megapari.games\\\/morocco\\\/\"},{\"@type\":\"ListItem\",\"position\":2,\"name\":\"Bonus\",\"item\":\"https:\\\/\\\/megapari.games\\\/morocco\\\/bonus\\\/\"},{\"@type\":\"ListItem\",\"position\":3,\"name\":\"Buts chanceux\"}]},{\"@type\":\"WebSite\",\"@id\":\"https:\\\/\\\/megapari.games\\\/morocco\\\/#website\",\"url\":\"https:\\\/\\\/megapari.games\\\/morocco\\\/\",\"name\":\"Megapari Games MA\",\"description\":\"My WordPress Blog\",\"potentialAction\":[{\"@type\":\"SearchAction\",\"target\":{\"@type\":\"EntryPoint\",\"urlTemplate\":\"https:\\\/\\\/megapari.games\\\/morocco\\\/?s={search_term_string}\"},\"query-input\":{\"@type\":\"PropertyValueSpecification\",\"valueRequired\":true,\"valueName\":\"search_term_string\"}}],\"inLanguage\":\"fr-MA\"}]}<\/script>\n<!-- \/ Yoast SEO plugin. -->","yoast_head_json":{"title":"Megapari Maroc Lucky Goals \u2014 Gagnez des Free Bet Boxes !","description":"Rejoignez Megapari Lucky Goals, placez des paris gagnants et d\u00e9bloquez des paris gratuits. D\u00e9couvrez le fonctionnement de cette promotion, ses r\u00e8gles essentielles et des strat\u00e9gies de pari efficaces.","robots":{"index":"index","follow":"follow","max-snippet":"max-snippet:-1","max-image-preview":"max-image-preview:large","max-video-preview":"max-video-preview:-1"},"canonical":"https:\/\/megapari.games\/morocco\/bonus\/lucky-goals\/","og_locale":"fr_FR","og_type":"article","og_title":"Megapari Maroc Lucky Goals \u2014 Gagnez des Free Bet Boxes !","og_description":"Rejoignez Megapari Lucky Goals, placez des paris gagnants et d\u00e9bloquez des paris gratuits. D\u00e9couvrez le fonctionnement de cette promotion, ses r\u00e8gles essentielles et des strat\u00e9gies de pari efficaces.","og_url":"https:\/\/megapari.games\/morocco\/bonus\/lucky-goals\/","og_site_name":"Megapari Games MA","article_modified_time":"2026-04-24T10:29:01+00:00","twitter_card":"summary_large_image","schema":{"@context":"https:\/\/schema.org","@graph":[{"@type":"WebPage","@id":"https:\/\/megapari.games\/morocco\/bonus\/lucky-goals\/","url":"https:\/\/megapari.games\/morocco\/bonus\/lucky-goals\/","name":"Megapari Maroc Lucky Goals \u2014 Gagnez des Free Bet Boxes !","isPartOf":{"@id":"https:\/\/megapari.games\/morocco\/#website"},"datePublished":"2026-03-24T12:03:30+00:00","dateModified":"2026-04-24T10:29:01+00:00","description":"Rejoignez Megapari Lucky Goals, placez des paris gagnants et d\u00e9bloquez des paris gratuits. D\u00e9couvrez le fonctionnement de cette promotion, ses r\u00e8gles essentielles et des strat\u00e9gies de pari efficaces.","breadcrumb":{"@id":"https:\/\/megapari.games\/morocco\/bonus\/lucky-goals\/#breadcrumb"},"inLanguage":"fr-MA","potentialAction":[{"@type":"ReadAction","target":["https:\/\/megapari.games\/morocco\/bonus\/lucky-goals\/"]}]},{"@type":"BreadcrumbList","@id":"https:\/\/megapari.games\/morocco\/bonus\/lucky-goals\/#breadcrumb","itemListElement":[{"@type":"ListItem","position":1,"name":"\u0413\u043b\u0430\u0432\u043d\u0430\u044f \u0441\u0442\u0440\u0430\u043d\u0438\u0446\u0430","item":"https:\/\/megapari.games\/morocco\/"},{"@type":"ListItem","position":2,"name":"Bonus","item":"https:\/\/megapari.games\/morocco\/bonus\/"},{"@type":"ListItem","position":3,"name":"Buts chanceux"}]},{"@type":"WebSite","@id":"https:\/\/megapari.games\/morocco\/#website","url":"https:\/\/megapari.games\/morocco\/","name":"Megapari Games MA","description":"My WordPress Blog","potentialAction":[{"@type":"SearchAction","target":{"@type":"EntryPoint","urlTemplate":"https:\/\/megapari.games\/morocco\/?s={search_term_string}"},"query-input":{"@type":"PropertyValueSpecification","valueRequired":true,"valueName":"search_term_string"}}],"inLanguage":"fr-MA"}]}},"_links":{"self":[{"href":"https:\/\/megapari.games\/morocco\/wp-json\/wp\/v2\/pages\/1670","targetHints":{"allow":["GET"]}}],"collection":[{"href":"https:\/\/megapari.games\/morocco\/wp-json\/wp\/v2\/pages"}],"about":[{"href":"https:\/\/megapari.games\/morocco\/wp-json\/wp\/v2\/types\/page"}],"author":[{"embeddable":true,"href":"https:\/\/megapari.games\/morocco\/wp-json\/wp\/v2\/users\/1"}],"replies":[{"embeddable":true,"href":"https:\/\/megapari.games\/morocco\/wp-json\/wp\/v2\/comments?post=1670"}],"version-history":[{"count":5,"href":"https:\/\/megapari.games\/morocco\/wp-json\/wp\/v2\/pages\/1670\/revisions"}],"predecessor-version":[{"id":1878,"href":"https:\/\/megapari.games\/morocco\/wp-json\/wp\/v2\/pages\/1670\/revisions\/1878"}],"up":[{"embeddable":true,"href":"https:\/\/megapari.games\/morocco\/wp-json\/wp\/v2\/pages\/152"}],"wp:attachment":[{"href":"https:\/\/megapari.games\/morocco\/wp-json\/wp\/v2\/media?parent=1670"}],"curies":[{"name":"wp","href":"https:\/\/api.w.org\/{rel}","templated":true}]}}