{"id":1102,"date":"2025-11-21T14:32:56","date_gmt":"2025-11-21T14:32:56","guid":{"rendered":"https:\/\/megapari.games\/?page_id=1102"},"modified":"2025-12-11T12:03:58","modified_gmt":"2025-12-11T12:03:58","slug":"football-betting","status":"publish","type":"page","link":"https:\/\/megapari.games\/peru\/football-betting\/","title":{"rendered":"F\u00fatbol"},"content":{"rendered":"","protected":false},"excerpt":{"rendered":"","protected":false},"author":1,"featured_media":0,"parent":0,"menu_order":0,"comment_status":"closed","ping_status":"closed","template":"","meta":{"inline_featured_image":false,"footnotes":""},"class_list":["post-1102","page","type-page","status-publish","hentry"],"yoast_head":"<!-- This site is optimized with the Yoast SEO plugin v27.3 - https:\/\/yoast.com\/product\/yoast-seo-wordpress\/ -->\n<title>Apuestas de f\u00fatbol en Megapari | L\u00edneas, apuestas, bonificaciones<\/title>\n<meta name=\"description\" content=\"Apuestas de f\u00fatbol en Megapari Per\u00fa \u27a1\ufe0f listados detallados de partidos, apuestas en directo, estad\u00edsticas de equipos y jugadores, acceso r\u00e1pido a torneos de todo el mundo. Reciba bonificaciones y ofertas especiales para usuarios nuevos y activos.\" \/>\n<meta name=\"robots\" content=\"index, follow, max-snippet:-1, max-image-preview:large, max-video-preview:-1\" \/>\n<link rel=\"canonical\" href=\"https:\/\/megapari.games\/peru\/football-betting\/\" \/>\n<meta property=\"og:locale\" content=\"es_ES\" \/>\n<meta property=\"og:type\" content=\"article\" \/>\n<meta property=\"og:title\" content=\"Apuestas de f\u00fatbol en Megapari | L\u00edneas, apuestas, bonificaciones\" \/>\n<meta property=\"og:description\" content=\"Apuestas de f\u00fatbol en Megapari Per\u00fa \u27a1\ufe0f listados detallados de partidos, apuestas en directo, estad\u00edsticas de equipos y jugadores, acceso r\u00e1pido a torneos de todo el mundo. Reciba bonificaciones y ofertas especiales para usuarios nuevos y activos.\" \/>\n<meta property=\"og:url\" content=\"https:\/\/megapari.games\/peru\/football-betting\/\" \/>\n<meta property=\"og:site_name\" content=\"Megapari Games PE\" \/>\n<meta property=\"article:modified_time\" content=\"2025-12-11T12:03:58+00:00\" \/>\n<meta name=\"twitter:card\" content=\"summary_large_image\" \/>\n<script type=\"application\/ld+json\" class=\"yoast-schema-graph\">{\"@context\":\"https:\\\/\\\/schema.org\",\"@graph\":[{\"@type\":\"WebPage\",\"@id\":\"https:\\\/\\\/megapari.games\\\/peru\\\/football-betting\\\/\",\"url\":\"https:\\\/\\\/megapari.games\\\/peru\\\/football-betting\\\/\",\"name\":\"Apuestas de f\u00fatbol en Megapari | L\u00edneas, apuestas, bonificaciones\",\"isPartOf\":{\"@id\":\"https:\\\/\\\/megapari.games\\\/peru\\\/#website\"},\"datePublished\":\"2025-11-21T14:32:56+00:00\",\"dateModified\":\"2025-12-11T12:03:58+00:00\",\"description\":\"Apuestas de f\u00fatbol en Megapari Per\u00fa \u27a1\ufe0f listados detallados de partidos, apuestas en directo, estad\u00edsticas de equipos y jugadores, acceso r\u00e1pido a torneos de todo el mundo. Reciba bonificaciones y ofertas especiales para usuarios nuevos y activos.\",\"breadcrumb\":{\"@id\":\"https:\\\/\\\/megapari.games\\\/peru\\\/football-betting\\\/#breadcrumb\"},\"inLanguage\":\"es-PE\",\"potentialAction\":[{\"@type\":\"ReadAction\",\"target\":[\"https:\\\/\\\/megapari.games\\\/peru\\\/football-betting\\\/\"]}]},{\"@type\":\"BreadcrumbList\",\"@id\":\"https:\\\/\\\/megapari.games\\\/peru\\\/football-betting\\\/#breadcrumb\",\"itemListElement\":[{\"@type\":\"ListItem\",\"position\":1,\"name\":\"\u0413\u043b\u0430\u0432\u043d\u0430\u044f \u0441\u0442\u0440\u0430\u043d\u0438\u0446\u0430\",\"item\":\"https:\\\/\\\/megapari.games\\\/peru\\\/\"},{\"@type\":\"ListItem\",\"position\":2,\"name\":\"F\u00fatbol\"}]},{\"@type\":\"WebSite\",\"@id\":\"https:\\\/\\\/megapari.games\\\/peru\\\/#website\",\"url\":\"https:\\\/\\\/megapari.games\\\/peru\\\/\",\"name\":\"Megapari Games PE\",\"description\":\"My WordPress Blog\",\"potentialAction\":[{\"@type\":\"SearchAction\",\"target\":{\"@type\":\"EntryPoint\",\"urlTemplate\":\"https:\\\/\\\/megapari.games\\\/peru\\\/?s={search_term_string}\"},\"query-input\":{\"@type\":\"PropertyValueSpecification\",\"valueRequired\":true,\"valueName\":\"search_term_string\"}}],\"inLanguage\":\"es-PE\"}]}<\/script>\n<!-- \/ Yoast SEO plugin. -->","yoast_head_json":{"title":"Apuestas de f\u00fatbol en Megapari | L\u00edneas, apuestas, bonificaciones","description":"Apuestas de f\u00fatbol en Megapari Per\u00fa \u27a1\ufe0f listados detallados de partidos, apuestas en directo, estad\u00edsticas de equipos y jugadores, acceso r\u00e1pido a torneos de todo el mundo. Reciba bonificaciones y ofertas especiales para usuarios nuevos y activos.","robots":{"index":"index","follow":"follow","max-snippet":"max-snippet:-1","max-image-preview":"max-image-preview:large","max-video-preview":"max-video-preview:-1"},"canonical":"https:\/\/megapari.games\/peru\/football-betting\/","og_locale":"es_ES","og_type":"article","og_title":"Apuestas de f\u00fatbol en Megapari | L\u00edneas, apuestas, bonificaciones","og_description":"Apuestas de f\u00fatbol en Megapari Per\u00fa \u27a1\ufe0f listados detallados de partidos, apuestas en directo, estad\u00edsticas de equipos y jugadores, acceso r\u00e1pido a torneos de todo el mundo. Reciba bonificaciones y ofertas especiales para usuarios nuevos y activos.","og_url":"https:\/\/megapari.games\/peru\/football-betting\/","og_site_name":"Megapari Games PE","article_modified_time":"2025-12-11T12:03:58+00:00","twitter_card":"summary_large_image","schema":{"@context":"https:\/\/schema.org","@graph":[{"@type":"WebPage","@id":"https:\/\/megapari.games\/peru\/football-betting\/","url":"https:\/\/megapari.games\/peru\/football-betting\/","name":"Apuestas de f\u00fatbol en Megapari | L\u00edneas, apuestas, bonificaciones","isPartOf":{"@id":"https:\/\/megapari.games\/peru\/#website"},"datePublished":"2025-11-21T14:32:56+00:00","dateModified":"2025-12-11T12:03:58+00:00","description":"Apuestas de f\u00fatbol en Megapari Per\u00fa \u27a1\ufe0f listados detallados de partidos, apuestas en directo, estad\u00edsticas de equipos y jugadores, acceso r\u00e1pido a torneos de todo el mundo. Reciba bonificaciones y ofertas especiales para usuarios nuevos y activos.","breadcrumb":{"@id":"https:\/\/megapari.games\/peru\/football-betting\/#breadcrumb"},"inLanguage":"es-PE","potentialAction":[{"@type":"ReadAction","target":["https:\/\/megapari.games\/peru\/football-betting\/"]}]},{"@type":"BreadcrumbList","@id":"https:\/\/megapari.games\/peru\/football-betting\/#breadcrumb","itemListElement":[{"@type":"ListItem","position":1,"name":"\u0413\u043b\u0430\u0432\u043d\u0430\u044f \u0441\u0442\u0440\u0430\u043d\u0438\u0446\u0430","item":"https:\/\/megapari.games\/peru\/"},{"@type":"ListItem","position":2,"name":"F\u00fatbol"}]},{"@type":"WebSite","@id":"https:\/\/megapari.games\/peru\/#website","url":"https:\/\/megapari.games\/peru\/","name":"Megapari Games PE","description":"My WordPress Blog","potentialAction":[{"@type":"SearchAction","target":{"@type":"EntryPoint","urlTemplate":"https:\/\/megapari.games\/peru\/?s={search_term_string}"},"query-input":{"@type":"PropertyValueSpecification","valueRequired":true,"valueName":"search_term_string"}}],"inLanguage":"es-PE"}]}},"_links":{"self":[{"href":"https:\/\/megapari.games\/peru\/wp-json\/wp\/v2\/pages\/1102","targetHints":{"allow":["GET"]}}],"collection":[{"href":"https:\/\/megapari.games\/peru\/wp-json\/wp\/v2\/pages"}],"about":[{"href":"https:\/\/megapari.games\/peru\/wp-json\/wp\/v2\/types\/page"}],"author":[{"embeddable":true,"href":"https:\/\/megapari.games\/peru\/wp-json\/wp\/v2\/users\/1"}],"replies":[{"embeddable":true,"href":"https:\/\/megapari.games\/peru\/wp-json\/wp\/v2\/comments?post=1102"}],"version-history":[{"count":1,"href":"https:\/\/megapari.games\/peru\/wp-json\/wp\/v2\/pages\/1102\/revisions"}],"predecessor-version":[{"id":1170,"href":"https:\/\/megapari.games\/peru\/wp-json\/wp\/v2\/pages\/1102\/revisions\/1170"}],"wp:attachment":[{"href":"https:\/\/megapari.games\/peru\/wp-json\/wp\/v2\/media?parent=1102"}],"curies":[{"name":"wp","href":"https:\/\/api.w.org\/{rel}","templated":true}]}}