{"id":1143,"date":"2025-11-24T10:52:55","date_gmt":"2025-11-24T10:52:55","guid":{"rendered":"https:\/\/megapari.games\/?page_id=1143"},"modified":"2025-12-11T11:51:04","modified_gmt":"2025-12-11T11:51:04","slug":"cricket-betting","status":"publish","type":"page","link":"https:\/\/megapari.games\/peru\/cricket-betting\/","title":{"rendered":"Cricket"},"content":{"rendered":"","protected":false},"excerpt":{"rendered":"","protected":false},"author":1,"featured_media":0,"parent":0,"menu_order":0,"comment_status":"closed","ping_status":"closed","template":"","meta":{"inline_featured_image":false,"footnotes":""},"class_list":["post-1143","page","type-page","status-publish","hentry"],"yoast_head":"<!-- This site is optimized with the Yoast SEO plugin v27.3 - https:\/\/yoast.com\/product\/yoast-seo-wordpress\/ -->\n<title>Apuestas de cr\u00edquet en Megapari | Test, ODI, T20, opciones<\/title>\n<meta name=\"description\" content=\"Apuestas de cr\u00edquet en Megapari Per\u00fa \u2705 torneos internacionales, IPL y otras ligas, alineaciones detalladas por entradas y overs, estad\u00edsticas de los jugadores y herramientas anal\u00edticas. Descubre las caracter\u00edsticas de la plataforma y las ofertas de bonos disponibles.\" \/>\n<meta name=\"robots\" content=\"index, follow, max-snippet:-1, max-image-preview:large, max-video-preview:-1\" \/>\n<link rel=\"canonical\" href=\"https:\/\/megapari.games\/peru\/cricket-betting\/\" \/>\n<meta property=\"og:locale\" content=\"es_ES\" \/>\n<meta property=\"og:type\" content=\"article\" \/>\n<meta property=\"og:title\" content=\"Apuestas de cr\u00edquet en Megapari | Test, ODI, T20, opciones\" \/>\n<meta property=\"og:description\" content=\"Apuestas de cr\u00edquet en Megapari Per\u00fa \u2705 torneos internacionales, IPL y otras ligas, alineaciones detalladas por entradas y overs, estad\u00edsticas de los jugadores y herramientas anal\u00edticas. Descubre las caracter\u00edsticas de la plataforma y las ofertas de bonos disponibles.\" \/>\n<meta property=\"og:url\" content=\"https:\/\/megapari.games\/peru\/cricket-betting\/\" \/>\n<meta property=\"og:site_name\" content=\"Megapari Games PE\" \/>\n<meta property=\"article:modified_time\" content=\"2025-12-11T11:51:04+00:00\" \/>\n<meta name=\"twitter:card\" content=\"summary_large_image\" \/>\n<script type=\"application\/ld+json\" class=\"yoast-schema-graph\">{\"@context\":\"https:\\\/\\\/schema.org\",\"@graph\":[{\"@type\":\"WebPage\",\"@id\":\"https:\\\/\\\/megapari.games\\\/peru\\\/cricket-betting\\\/\",\"url\":\"https:\\\/\\\/megapari.games\\\/peru\\\/cricket-betting\\\/\",\"name\":\"Apuestas de cr\u00edquet en Megapari | Test, ODI, T20, opciones\",\"isPartOf\":{\"@id\":\"https:\\\/\\\/megapari.games\\\/peru\\\/#website\"},\"datePublished\":\"2025-11-24T10:52:55+00:00\",\"dateModified\":\"2025-12-11T11:51:04+00:00\",\"description\":\"Apuestas de cr\u00edquet en Megapari Per\u00fa \u2705 torneos internacionales, IPL y otras ligas, alineaciones detalladas por entradas y overs, estad\u00edsticas de los jugadores y herramientas anal\u00edticas. Descubre las caracter\u00edsticas de la plataforma y las ofertas de bonos disponibles.\",\"breadcrumb\":{\"@id\":\"https:\\\/\\\/megapari.games\\\/peru\\\/cricket-betting\\\/#breadcrumb\"},\"inLanguage\":\"es-PE\",\"potentialAction\":[{\"@type\":\"ReadAction\",\"target\":[\"https:\\\/\\\/megapari.games\\\/peru\\\/cricket-betting\\\/\"]}]},{\"@type\":\"BreadcrumbList\",\"@id\":\"https:\\\/\\\/megapari.games\\\/peru\\\/cricket-betting\\\/#breadcrumb\",\"itemListElement\":[{\"@type\":\"ListItem\",\"position\":1,\"name\":\"\u0413\u043b\u0430\u0432\u043d\u0430\u044f \u0441\u0442\u0440\u0430\u043d\u0438\u0446\u0430\",\"item\":\"https:\\\/\\\/megapari.games\\\/peru\\\/\"},{\"@type\":\"ListItem\",\"position\":2,\"name\":\"Cricket\"}]},{\"@type\":\"WebSite\",\"@id\":\"https:\\\/\\\/megapari.games\\\/peru\\\/#website\",\"url\":\"https:\\\/\\\/megapari.games\\\/peru\\\/\",\"name\":\"Megapari Games PE\",\"description\":\"My WordPress Blog\",\"potentialAction\":[{\"@type\":\"SearchAction\",\"target\":{\"@type\":\"EntryPoint\",\"urlTemplate\":\"https:\\\/\\\/megapari.games\\\/peru\\\/?s={search_term_string}\"},\"query-input\":{\"@type\":\"PropertyValueSpecification\",\"valueRequired\":true,\"valueName\":\"search_term_string\"}}],\"inLanguage\":\"es-PE\"}]}<\/script>\n<!-- \/ Yoast SEO plugin. -->","yoast_head_json":{"title":"Apuestas de cr\u00edquet en Megapari | Test, ODI, T20, opciones","description":"Apuestas de cr\u00edquet en Megapari Per\u00fa \u2705 torneos internacionales, IPL y otras ligas, alineaciones detalladas por entradas y overs, estad\u00edsticas de los jugadores y herramientas anal\u00edticas. Descubre las caracter\u00edsticas de la plataforma y las ofertas de bonos disponibles.","robots":{"index":"index","follow":"follow","max-snippet":"max-snippet:-1","max-image-preview":"max-image-preview:large","max-video-preview":"max-video-preview:-1"},"canonical":"https:\/\/megapari.games\/peru\/cricket-betting\/","og_locale":"es_ES","og_type":"article","og_title":"Apuestas de cr\u00edquet en Megapari | Test, ODI, T20, opciones","og_description":"Apuestas de cr\u00edquet en Megapari Per\u00fa \u2705 torneos internacionales, IPL y otras ligas, alineaciones detalladas por entradas y overs, estad\u00edsticas de los jugadores y herramientas anal\u00edticas. Descubre las caracter\u00edsticas de la plataforma y las ofertas de bonos disponibles.","og_url":"https:\/\/megapari.games\/peru\/cricket-betting\/","og_site_name":"Megapari Games PE","article_modified_time":"2025-12-11T11:51:04+00:00","twitter_card":"summary_large_image","schema":{"@context":"https:\/\/schema.org","@graph":[{"@type":"WebPage","@id":"https:\/\/megapari.games\/peru\/cricket-betting\/","url":"https:\/\/megapari.games\/peru\/cricket-betting\/","name":"Apuestas de cr\u00edquet en Megapari | Test, ODI, T20, opciones","isPartOf":{"@id":"https:\/\/megapari.games\/peru\/#website"},"datePublished":"2025-11-24T10:52:55+00:00","dateModified":"2025-12-11T11:51:04+00:00","description":"Apuestas de cr\u00edquet en Megapari Per\u00fa \u2705 torneos internacionales, IPL y otras ligas, alineaciones detalladas por entradas y overs, estad\u00edsticas de los jugadores y herramientas anal\u00edticas. Descubre las caracter\u00edsticas de la plataforma y las ofertas de bonos disponibles.","breadcrumb":{"@id":"https:\/\/megapari.games\/peru\/cricket-betting\/#breadcrumb"},"inLanguage":"es-PE","potentialAction":[{"@type":"ReadAction","target":["https:\/\/megapari.games\/peru\/cricket-betting\/"]}]},{"@type":"BreadcrumbList","@id":"https:\/\/megapari.games\/peru\/cricket-betting\/#breadcrumb","itemListElement":[{"@type":"ListItem","position":1,"name":"\u0413\u043b\u0430\u0432\u043d\u0430\u044f \u0441\u0442\u0440\u0430\u043d\u0438\u0446\u0430","item":"https:\/\/megapari.games\/peru\/"},{"@type":"ListItem","position":2,"name":"Cricket"}]},{"@type":"WebSite","@id":"https:\/\/megapari.games\/peru\/#website","url":"https:\/\/megapari.games\/peru\/","name":"Megapari Games PE","description":"My WordPress Blog","potentialAction":[{"@type":"SearchAction","target":{"@type":"EntryPoint","urlTemplate":"https:\/\/megapari.games\/peru\/?s={search_term_string}"},"query-input":{"@type":"PropertyValueSpecification","valueRequired":true,"valueName":"search_term_string"}}],"inLanguage":"es-PE"}]}},"_links":{"self":[{"href":"https:\/\/megapari.games\/peru\/wp-json\/wp\/v2\/pages\/1143","targetHints":{"allow":["GET"]}}],"collection":[{"href":"https:\/\/megapari.games\/peru\/wp-json\/wp\/v2\/pages"}],"about":[{"href":"https:\/\/megapari.games\/peru\/wp-json\/wp\/v2\/types\/page"}],"author":[{"embeddable":true,"href":"https:\/\/megapari.games\/peru\/wp-json\/wp\/v2\/users\/1"}],"replies":[{"embeddable":true,"href":"https:\/\/megapari.games\/peru\/wp-json\/wp\/v2\/comments?post=1143"}],"version-history":[{"count":2,"href":"https:\/\/megapari.games\/peru\/wp-json\/wp\/v2\/pages\/1143\/revisions"}],"predecessor-version":[{"id":1166,"href":"https:\/\/megapari.games\/peru\/wp-json\/wp\/v2\/pages\/1143\/revisions\/1166"}],"wp:attachment":[{"href":"https:\/\/megapari.games\/peru\/wp-json\/wp\/v2\/media?parent=1143"}],"curies":[{"name":"wp","href":"https:\/\/api.w.org\/{rel}","templated":true}]}}