{"id":1102,"date":"2025-11-21T14:32:56","date_gmt":"2025-11-21T14:32:56","guid":{"rendered":"https:\/\/megapari.games\/?page_id=1102"},"modified":"2026-02-17T15:59:10","modified_gmt":"2026-02-17T15:59:10","slug":"football-betting","status":"publish","type":"page","link":"https:\/\/megapari.games\/pl\/football-betting\/","title":{"rendered":"Pi\u0142ka no\u017cna"},"content":{"rendered":"","protected":false},"excerpt":{"rendered":"","protected":false},"author":1,"featured_media":0,"parent":0,"menu_order":0,"comment_status":"closed","ping_status":"closed","template":"","meta":{"inline_featured_image":false,"footnotes":""},"class_list":["post-1102","page","type-page","status-publish","hentry"],"yoast_head":"<!-- This site is optimized with the Yoast SEO plugin v27.3 - https:\/\/yoast.com\/product\/yoast-seo-wordpress\/ -->\n<title>Pi\u0142ka no\u017cna Megapari | Szeroki wyb\u00f3r zak\u0142ad\u00f3w, zak\u0142ady, bonusy<\/title>\n<meta name=\"description\" content=\"Zak\u0142ady pi\u0142karskie na Megapari | szczeg\u00f3\u0142owe listy mecz\u00f3w, zak\u0142ady na \u017cywo, statystyki dru\u017cyn i zawodnik\u00f3w, szybki dost\u0119p do turniej\u00f3w na ca\u0142ym \u015bwiecie. Otrzymuj bonusy i oferty specjalne dla nowych i aktywnych u\u017cytkownik\u00f3w.\" \/>\n<meta name=\"robots\" content=\"index, follow, max-snippet:-1, max-image-preview:large, max-video-preview:-1\" \/>\n<link rel=\"canonical\" href=\"https:\/\/megapari.games\/pl\/football-betting\/\" \/>\n<meta property=\"og:locale\" content=\"pl_PL\" \/>\n<meta property=\"og:type\" content=\"article\" \/>\n<meta property=\"og:title\" content=\"Pi\u0142ka no\u017cna Megapari | Szeroki wyb\u00f3r zak\u0142ad\u00f3w, zak\u0142ady, bonusy\" \/>\n<meta property=\"og:description\" content=\"Zak\u0142ady pi\u0142karskie na Megapari | szczeg\u00f3\u0142owe listy mecz\u00f3w, zak\u0142ady na \u017cywo, statystyki dru\u017cyn i zawodnik\u00f3w, szybki dost\u0119p do turniej\u00f3w na ca\u0142ym \u015bwiecie. Otrzymuj bonusy i oferty specjalne dla nowych i aktywnych u\u017cytkownik\u00f3w.\" \/>\n<meta property=\"og:url\" content=\"https:\/\/megapari.games\/pl\/football-betting\/\" \/>\n<meta property=\"og:site_name\" content=\"Megapari Games pl\" \/>\n<meta property=\"article:modified_time\" content=\"2026-02-17T15:59:10+00:00\" \/>\n<meta name=\"twitter:card\" content=\"summary_large_image\" \/>\n<script type=\"application\/ld+json\" class=\"yoast-schema-graph\">{\"@context\":\"https:\\\/\\\/schema.org\",\"@graph\":[{\"@type\":\"WebPage\",\"@id\":\"https:\\\/\\\/megapari.games\\\/pl\\\/football-betting\\\/\",\"url\":\"https:\\\/\\\/megapari.games\\\/pl\\\/football-betting\\\/\",\"name\":\"Pi\u0142ka no\u017cna Megapari | Szeroki wyb\u00f3r zak\u0142ad\u00f3w, zak\u0142ady, bonusy\",\"isPartOf\":{\"@id\":\"https:\\\/\\\/megapari.games\\\/pl\\\/#website\"},\"datePublished\":\"2025-11-21T14:32:56+00:00\",\"dateModified\":\"2026-02-17T15:59:10+00:00\",\"description\":\"Zak\u0142ady pi\u0142karskie na Megapari | szczeg\u00f3\u0142owe listy mecz\u00f3w, zak\u0142ady na \u017cywo, statystyki dru\u017cyn i zawodnik\u00f3w, szybki dost\u0119p do turniej\u00f3w na ca\u0142ym \u015bwiecie. Otrzymuj bonusy i oferty specjalne dla nowych i aktywnych u\u017cytkownik\u00f3w.\",\"breadcrumb\":{\"@id\":\"https:\\\/\\\/megapari.games\\\/pl\\\/football-betting\\\/#breadcrumb\"},\"inLanguage\":\"pl-PL\",\"potentialAction\":[{\"@type\":\"ReadAction\",\"target\":[\"https:\\\/\\\/megapari.games\\\/pl\\\/football-betting\\\/\"]}]},{\"@type\":\"BreadcrumbList\",\"@id\":\"https:\\\/\\\/megapari.games\\\/pl\\\/football-betting\\\/#breadcrumb\",\"itemListElement\":[{\"@type\":\"ListItem\",\"position\":1,\"name\":\"\u0413\u043b\u0430\u0432\u043d\u0430\u044f \u0441\u0442\u0440\u0430\u043d\u0438\u0446\u0430\",\"item\":\"https:\\\/\\\/megapari.games\\\/pl\\\/\"},{\"@type\":\"ListItem\",\"position\":2,\"name\":\"Pi\u0142ka no\u017cna\"}]},{\"@type\":\"WebSite\",\"@id\":\"https:\\\/\\\/megapari.games\\\/pl\\\/#website\",\"url\":\"https:\\\/\\\/megapari.games\\\/pl\\\/\",\"name\":\"Megapari Games pl\",\"description\":\"My WordPress Blog\",\"potentialAction\":[{\"@type\":\"SearchAction\",\"target\":{\"@type\":\"EntryPoint\",\"urlTemplate\":\"https:\\\/\\\/megapari.games\\\/pl\\\/?s={search_term_string}\"},\"query-input\":{\"@type\":\"PropertyValueSpecification\",\"valueRequired\":true,\"valueName\":\"search_term_string\"}}],\"inLanguage\":\"pl-PL\"}]}<\/script>\n<!-- \/ Yoast SEO plugin. -->","yoast_head_json":{"title":"Pi\u0142ka no\u017cna Megapari | Szeroki wyb\u00f3r zak\u0142ad\u00f3w, zak\u0142ady, bonusy","description":"Zak\u0142ady pi\u0142karskie na Megapari | szczeg\u00f3\u0142owe listy mecz\u00f3w, zak\u0142ady na \u017cywo, statystyki dru\u017cyn i zawodnik\u00f3w, szybki dost\u0119p do turniej\u00f3w na ca\u0142ym \u015bwiecie. Otrzymuj bonusy i oferty specjalne dla nowych i aktywnych u\u017cytkownik\u00f3w.","robots":{"index":"index","follow":"follow","max-snippet":"max-snippet:-1","max-image-preview":"max-image-preview:large","max-video-preview":"max-video-preview:-1"},"canonical":"https:\/\/megapari.games\/pl\/football-betting\/","og_locale":"pl_PL","og_type":"article","og_title":"Pi\u0142ka no\u017cna Megapari | Szeroki wyb\u00f3r zak\u0142ad\u00f3w, zak\u0142ady, bonusy","og_description":"Zak\u0142ady pi\u0142karskie na Megapari | szczeg\u00f3\u0142owe listy mecz\u00f3w, zak\u0142ady na \u017cywo, statystyki dru\u017cyn i zawodnik\u00f3w, szybki dost\u0119p do turniej\u00f3w na ca\u0142ym \u015bwiecie. Otrzymuj bonusy i oferty specjalne dla nowych i aktywnych u\u017cytkownik\u00f3w.","og_url":"https:\/\/megapari.games\/pl\/football-betting\/","og_site_name":"Megapari Games pl","article_modified_time":"2026-02-17T15:59:10+00:00","twitter_card":"summary_large_image","schema":{"@context":"https:\/\/schema.org","@graph":[{"@type":"WebPage","@id":"https:\/\/megapari.games\/pl\/football-betting\/","url":"https:\/\/megapari.games\/pl\/football-betting\/","name":"Pi\u0142ka no\u017cna Megapari | Szeroki wyb\u00f3r zak\u0142ad\u00f3w, zak\u0142ady, bonusy","isPartOf":{"@id":"https:\/\/megapari.games\/pl\/#website"},"datePublished":"2025-11-21T14:32:56+00:00","dateModified":"2026-02-17T15:59:10+00:00","description":"Zak\u0142ady pi\u0142karskie na Megapari | szczeg\u00f3\u0142owe listy mecz\u00f3w, zak\u0142ady na \u017cywo, statystyki dru\u017cyn i zawodnik\u00f3w, szybki dost\u0119p do turniej\u00f3w na ca\u0142ym \u015bwiecie. Otrzymuj bonusy i oferty specjalne dla nowych i aktywnych u\u017cytkownik\u00f3w.","breadcrumb":{"@id":"https:\/\/megapari.games\/pl\/football-betting\/#breadcrumb"},"inLanguage":"pl-PL","potentialAction":[{"@type":"ReadAction","target":["https:\/\/megapari.games\/pl\/football-betting\/"]}]},{"@type":"BreadcrumbList","@id":"https:\/\/megapari.games\/pl\/football-betting\/#breadcrumb","itemListElement":[{"@type":"ListItem","position":1,"name":"\u0413\u043b\u0430\u0432\u043d\u0430\u044f \u0441\u0442\u0440\u0430\u043d\u0438\u0446\u0430","item":"https:\/\/megapari.games\/pl\/"},{"@type":"ListItem","position":2,"name":"Pi\u0142ka no\u017cna"}]},{"@type":"WebSite","@id":"https:\/\/megapari.games\/pl\/#website","url":"https:\/\/megapari.games\/pl\/","name":"Megapari Games pl","description":"My WordPress Blog","potentialAction":[{"@type":"SearchAction","target":{"@type":"EntryPoint","urlTemplate":"https:\/\/megapari.games\/pl\/?s={search_term_string}"},"query-input":{"@type":"PropertyValueSpecification","valueRequired":true,"valueName":"search_term_string"}}],"inLanguage":"pl-PL"}]}},"_links":{"self":[{"href":"https:\/\/megapari.games\/pl\/wp-json\/wp\/v2\/pages\/1102","targetHints":{"allow":["GET"]}}],"collection":[{"href":"https:\/\/megapari.games\/pl\/wp-json\/wp\/v2\/pages"}],"about":[{"href":"https:\/\/megapari.games\/pl\/wp-json\/wp\/v2\/types\/page"}],"author":[{"embeddable":true,"href":"https:\/\/megapari.games\/pl\/wp-json\/wp\/v2\/users\/1"}],"replies":[{"embeddable":true,"href":"https:\/\/megapari.games\/pl\/wp-json\/wp\/v2\/comments?post=1102"}],"version-history":[{"count":2,"href":"https:\/\/megapari.games\/pl\/wp-json\/wp\/v2\/pages\/1102\/revisions"}],"predecessor-version":[{"id":1422,"href":"https:\/\/megapari.games\/pl\/wp-json\/wp\/v2\/pages\/1102\/revisions\/1422"}],"wp:attachment":[{"href":"https:\/\/megapari.games\/pl\/wp-json\/wp\/v2\/media?parent=1102"}],"curies":[{"name":"wp","href":"https:\/\/api.w.org\/{rel}","templated":true}]}}