{"id":1129,"date":"2025-11-24T09:47:49","date_gmt":"2025-11-24T09:47:49","guid":{"rendered":"https:\/\/megapari.games\/?page_id=1129"},"modified":"2026-02-17T16:40:48","modified_gmt":"2026-02-17T16:40:48","slug":"volleyball-betting","status":"publish","type":"page","link":"https:\/\/megapari.games\/pl\/volleyball-betting\/","title":{"rendered":"Siatk\u00f3wka"},"content":{"rendered":"","protected":false},"excerpt":{"rendered":"","protected":false},"author":1,"featured_media":0,"parent":0,"menu_order":0,"comment_status":"closed","ping_status":"closed","template":"","meta":{"inline_featured_image":false,"footnotes":""},"class_list":["post-1129","page","type-page","status-publish","hentry"],"yoast_head":"<!-- This site is optimized with the Yoast SEO plugin v27.3 - https:\/\/yoast.com\/product\/yoast-seo-wordpress\/ -->\n<title>Siatk\u00f3wka Megapari | Szczeg\u00f3\u0142owe kursy, statystyki set\u00f3w, bonusy<\/title>\n<meta name=\"description\" content=\"Zak\u0142ady na siatk\u00f3wk\u0119 w Megapari | szeroki wyb\u00f3r opcji zak\u0142ad\u00f3w na turnieje mi\u0119dzynarodowe i klubowe, szczeg\u00f3\u0142owe statystyki set\u00f3w, wygodne narz\u0119dzia analityczne oraz aktualne programy bonusowe platformy.\" \/>\n<meta name=\"robots\" content=\"index, follow, max-snippet:-1, max-image-preview:large, max-video-preview:-1\" \/>\n<link rel=\"canonical\" href=\"https:\/\/megapari.games\/pl\/volleyball-betting\/\" \/>\n<meta property=\"og:locale\" content=\"pl_PL\" \/>\n<meta property=\"og:type\" content=\"article\" \/>\n<meta property=\"og:title\" content=\"Siatk\u00f3wka Megapari | Szczeg\u00f3\u0142owe kursy, statystyki set\u00f3w, bonusy\" \/>\n<meta property=\"og:description\" content=\"Zak\u0142ady na siatk\u00f3wk\u0119 w Megapari | szeroki wyb\u00f3r opcji zak\u0142ad\u00f3w na turnieje mi\u0119dzynarodowe i klubowe, szczeg\u00f3\u0142owe statystyki set\u00f3w, wygodne narz\u0119dzia analityczne oraz aktualne programy bonusowe platformy.\" \/>\n<meta property=\"og:url\" content=\"https:\/\/megapari.games\/pl\/volleyball-betting\/\" \/>\n<meta property=\"og:site_name\" content=\"Megapari Games pl\" \/>\n<meta property=\"article:modified_time\" content=\"2026-02-17T16:40:48+00:00\" \/>\n<meta name=\"twitter:card\" content=\"summary_large_image\" \/>\n<script type=\"application\/ld+json\" class=\"yoast-schema-graph\">{\"@context\":\"https:\\\/\\\/schema.org\",\"@graph\":[{\"@type\":\"WebPage\",\"@id\":\"https:\\\/\\\/megapari.games\\\/pl\\\/volleyball-betting\\\/\",\"url\":\"https:\\\/\\\/megapari.games\\\/pl\\\/volleyball-betting\\\/\",\"name\":\"Siatk\u00f3wka Megapari | Szczeg\u00f3\u0142owe kursy, statystyki set\u00f3w, bonusy\",\"isPartOf\":{\"@id\":\"https:\\\/\\\/megapari.games\\\/pl\\\/#website\"},\"datePublished\":\"2025-11-24T09:47:49+00:00\",\"dateModified\":\"2026-02-17T16:40:48+00:00\",\"description\":\"Zak\u0142ady na siatk\u00f3wk\u0119 w Megapari | szeroki wyb\u00f3r opcji zak\u0142ad\u00f3w na turnieje mi\u0119dzynarodowe i klubowe, szczeg\u00f3\u0142owe statystyki set\u00f3w, wygodne narz\u0119dzia analityczne oraz aktualne programy bonusowe platformy.\",\"breadcrumb\":{\"@id\":\"https:\\\/\\\/megapari.games\\\/pl\\\/volleyball-betting\\\/#breadcrumb\"},\"inLanguage\":\"pl-PL\",\"potentialAction\":[{\"@type\":\"ReadAction\",\"target\":[\"https:\\\/\\\/megapari.games\\\/pl\\\/volleyball-betting\\\/\"]}]},{\"@type\":\"BreadcrumbList\",\"@id\":\"https:\\\/\\\/megapari.games\\\/pl\\\/volleyball-betting\\\/#breadcrumb\",\"itemListElement\":[{\"@type\":\"ListItem\",\"position\":1,\"name\":\"\u0413\u043b\u0430\u0432\u043d\u0430\u044f \u0441\u0442\u0440\u0430\u043d\u0438\u0446\u0430\",\"item\":\"https:\\\/\\\/megapari.games\\\/pl\\\/\"},{\"@type\":\"ListItem\",\"position\":2,\"name\":\"Siatk\u00f3wka\"}]},{\"@type\":\"WebSite\",\"@id\":\"https:\\\/\\\/megapari.games\\\/pl\\\/#website\",\"url\":\"https:\\\/\\\/megapari.games\\\/pl\\\/\",\"name\":\"Megapari Games pl\",\"description\":\"My WordPress Blog\",\"potentialAction\":[{\"@type\":\"SearchAction\",\"target\":{\"@type\":\"EntryPoint\",\"urlTemplate\":\"https:\\\/\\\/megapari.games\\\/pl\\\/?s={search_term_string}\"},\"query-input\":{\"@type\":\"PropertyValueSpecification\",\"valueRequired\":true,\"valueName\":\"search_term_string\"}}],\"inLanguage\":\"pl-PL\"}]}<\/script>\n<!-- \/ Yoast SEO plugin. -->","yoast_head_json":{"title":"Siatk\u00f3wka Megapari | Szczeg\u00f3\u0142owe kursy, statystyki set\u00f3w, bonusy","description":"Zak\u0142ady na siatk\u00f3wk\u0119 w Megapari | szeroki wyb\u00f3r opcji zak\u0142ad\u00f3w na turnieje mi\u0119dzynarodowe i klubowe, szczeg\u00f3\u0142owe statystyki set\u00f3w, wygodne narz\u0119dzia analityczne oraz aktualne programy bonusowe platformy.","robots":{"index":"index","follow":"follow","max-snippet":"max-snippet:-1","max-image-preview":"max-image-preview:large","max-video-preview":"max-video-preview:-1"},"canonical":"https:\/\/megapari.games\/pl\/volleyball-betting\/","og_locale":"pl_PL","og_type":"article","og_title":"Siatk\u00f3wka Megapari | Szczeg\u00f3\u0142owe kursy, statystyki set\u00f3w, bonusy","og_description":"Zak\u0142ady na siatk\u00f3wk\u0119 w Megapari | szeroki wyb\u00f3r opcji zak\u0142ad\u00f3w na turnieje mi\u0119dzynarodowe i klubowe, szczeg\u00f3\u0142owe statystyki set\u00f3w, wygodne narz\u0119dzia analityczne oraz aktualne programy bonusowe platformy.","og_url":"https:\/\/megapari.games\/pl\/volleyball-betting\/","og_site_name":"Megapari Games pl","article_modified_time":"2026-02-17T16:40:48+00:00","twitter_card":"summary_large_image","schema":{"@context":"https:\/\/schema.org","@graph":[{"@type":"WebPage","@id":"https:\/\/megapari.games\/pl\/volleyball-betting\/","url":"https:\/\/megapari.games\/pl\/volleyball-betting\/","name":"Siatk\u00f3wka Megapari | Szczeg\u00f3\u0142owe kursy, statystyki set\u00f3w, bonusy","isPartOf":{"@id":"https:\/\/megapari.games\/pl\/#website"},"datePublished":"2025-11-24T09:47:49+00:00","dateModified":"2026-02-17T16:40:48+00:00","description":"Zak\u0142ady na siatk\u00f3wk\u0119 w Megapari | szeroki wyb\u00f3r opcji zak\u0142ad\u00f3w na turnieje mi\u0119dzynarodowe i klubowe, szczeg\u00f3\u0142owe statystyki set\u00f3w, wygodne narz\u0119dzia analityczne oraz aktualne programy bonusowe platformy.","breadcrumb":{"@id":"https:\/\/megapari.games\/pl\/volleyball-betting\/#breadcrumb"},"inLanguage":"pl-PL","potentialAction":[{"@type":"ReadAction","target":["https:\/\/megapari.games\/pl\/volleyball-betting\/"]}]},{"@type":"BreadcrumbList","@id":"https:\/\/megapari.games\/pl\/volleyball-betting\/#breadcrumb","itemListElement":[{"@type":"ListItem","position":1,"name":"\u0413\u043b\u0430\u0432\u043d\u0430\u044f \u0441\u0442\u0440\u0430\u043d\u0438\u0446\u0430","item":"https:\/\/megapari.games\/pl\/"},{"@type":"ListItem","position":2,"name":"Siatk\u00f3wka"}]},{"@type":"WebSite","@id":"https:\/\/megapari.games\/pl\/#website","url":"https:\/\/megapari.games\/pl\/","name":"Megapari Games pl","description":"My WordPress Blog","potentialAction":[{"@type":"SearchAction","target":{"@type":"EntryPoint","urlTemplate":"https:\/\/megapari.games\/pl\/?s={search_term_string}"},"query-input":{"@type":"PropertyValueSpecification","valueRequired":true,"valueName":"search_term_string"}}],"inLanguage":"pl-PL"}]}},"_links":{"self":[{"href":"https:\/\/megapari.games\/pl\/wp-json\/wp\/v2\/pages\/1129","targetHints":{"allow":["GET"]}}],"collection":[{"href":"https:\/\/megapari.games\/pl\/wp-json\/wp\/v2\/pages"}],"about":[{"href":"https:\/\/megapari.games\/pl\/wp-json\/wp\/v2\/types\/page"}],"author":[{"embeddable":true,"href":"https:\/\/megapari.games\/pl\/wp-json\/wp\/v2\/users\/1"}],"replies":[{"embeddable":true,"href":"https:\/\/megapari.games\/pl\/wp-json\/wp\/v2\/comments?post=1129"}],"version-history":[{"count":2,"href":"https:\/\/megapari.games\/pl\/wp-json\/wp\/v2\/pages\/1129\/revisions"}],"predecessor-version":[{"id":1438,"href":"https:\/\/megapari.games\/pl\/wp-json\/wp\/v2\/pages\/1129\/revisions\/1438"}],"wp:attachment":[{"href":"https:\/\/megapari.games\/pl\/wp-json\/wp\/v2\/media?parent=1129"}],"curies":[{"name":"wp","href":"https:\/\/api.w.org\/{rel}","templated":true}]}}