{"id":656,"date":"2024-10-18T10:54:32","date_gmt":"2024-10-18T10:54:32","guid":{"rendered":"https:\/\/megapari.games\/pl\/?page_id=656"},"modified":"2025-05-17T14:08:39","modified_gmt":"2025-05-17T14:08:39","slug":"promo-code","status":"publish","type":"page","link":"https:\/\/megapari.games\/pl\/promo-code\/","title":{"rendered":"Kod promocyjny"},"content":{"rendered":"","protected":false},"excerpt":{"rendered":"","protected":false},"author":1,"featured_media":0,"parent":0,"menu_order":0,"comment_status":"closed","ping_status":"closed","template":"","meta":{"inline_featured_image":false,"footnotes":""},"class_list":["post-656","page","type-page","status-publish","hentry"],"yoast_head":"<!-- This site is optimized with the Yoast SEO plugin v27.3 - https:\/\/yoast.com\/product\/yoast-seo-wordpress\/ -->\n<title>Megapari kod promocyjny 2026 \u2705 Zdob\u0105d\u017a sw\u00f3j 100% bonus ju\u017c dzi\u015b!<\/title>\n<meta name=\"description\" content=\"Gotowy, aby podnie\u015b\u0107 poziom swojej gry? Chwy\u0107 najgor\u0119tszy kod promocyjny Megapari ju\u017c teraz i zgarnij niesamowity bonus 100%! Nie przegap - Twoja zwyci\u0119ska passa zaczyna si\u0119 teraz!\" \/>\n<meta name=\"robots\" content=\"index, follow, max-snippet:-1, max-image-preview:large, max-video-preview:-1\" \/>\n<link rel=\"canonical\" href=\"https:\/\/megapari.games\/pl\/promo-code\/\" \/>\n<meta property=\"og:locale\" content=\"pl_PL\" \/>\n<meta property=\"og:type\" content=\"article\" \/>\n<meta property=\"og:title\" content=\"Megapari kod promocyjny 2026 \u2705 Zdob\u0105d\u017a sw\u00f3j 100% bonus ju\u017c dzi\u015b!\" \/>\n<meta property=\"og:description\" content=\"Gotowy, aby podnie\u015b\u0107 poziom swojej gry? Chwy\u0107 najgor\u0119tszy kod promocyjny Megapari ju\u017c teraz i zgarnij niesamowity bonus 100%! Nie przegap - Twoja zwyci\u0119ska passa zaczyna si\u0119 teraz!\" \/>\n<meta property=\"og:url\" content=\"https:\/\/megapari.games\/pl\/promo-code\/\" \/>\n<meta property=\"og:site_name\" content=\"Megapari Games pl\" \/>\n<meta property=\"article:modified_time\" content=\"2025-05-17T14:08:39+00:00\" \/>\n<meta name=\"twitter:card\" content=\"summary_large_image\" \/>\n<script type=\"application\/ld+json\" class=\"yoast-schema-graph\">{\"@context\":\"https:\\\/\\\/schema.org\",\"@graph\":[{\"@type\":\"WebPage\",\"@id\":\"https:\\\/\\\/megapari.games\\\/pl\\\/promo-code\\\/\",\"url\":\"https:\\\/\\\/megapari.games\\\/pl\\\/promo-code\\\/\",\"name\":\"Megapari kod promocyjny 2026 \u2705 Zdob\u0105d\u017a sw\u00f3j 100% bonus ju\u017c dzi\u015b!\",\"isPartOf\":{\"@id\":\"https:\\\/\\\/megapari.games\\\/pl\\\/#website\"},\"datePublished\":\"2024-10-18T10:54:32+00:00\",\"dateModified\":\"2025-05-17T14:08:39+00:00\",\"description\":\"Gotowy, aby podnie\u015b\u0107 poziom swojej gry? Chwy\u0107 najgor\u0119tszy kod promocyjny Megapari ju\u017c teraz i zgarnij niesamowity bonus 100%! Nie przegap - Twoja zwyci\u0119ska passa zaczyna si\u0119 teraz!\",\"breadcrumb\":{\"@id\":\"https:\\\/\\\/megapari.games\\\/pl\\\/promo-code\\\/#breadcrumb\"},\"inLanguage\":\"pl-PL\",\"potentialAction\":[{\"@type\":\"ReadAction\",\"target\":[\"https:\\\/\\\/megapari.games\\\/pl\\\/promo-code\\\/\"]}]},{\"@type\":\"BreadcrumbList\",\"@id\":\"https:\\\/\\\/megapari.games\\\/pl\\\/promo-code\\\/#breadcrumb\",\"itemListElement\":[{\"@type\":\"ListItem\",\"position\":1,\"name\":\"\u0413\u043b\u0430\u0432\u043d\u0430\u044f \u0441\u0442\u0440\u0430\u043d\u0438\u0446\u0430\",\"item\":\"https:\\\/\\\/megapari.games\\\/pl\\\/\"},{\"@type\":\"ListItem\",\"position\":2,\"name\":\"Kod promocyjny\"}]},{\"@type\":\"WebSite\",\"@id\":\"https:\\\/\\\/megapari.games\\\/pl\\\/#website\",\"url\":\"https:\\\/\\\/megapari.games\\\/pl\\\/\",\"name\":\"Megapari Games pl\",\"description\":\"My WordPress Blog\",\"potentialAction\":[{\"@type\":\"SearchAction\",\"target\":{\"@type\":\"EntryPoint\",\"urlTemplate\":\"https:\\\/\\\/megapari.games\\\/pl\\\/?s={search_term_string}\"},\"query-input\":{\"@type\":\"PropertyValueSpecification\",\"valueRequired\":true,\"valueName\":\"search_term_string\"}}],\"inLanguage\":\"pl-PL\"}]}<\/script>\n<!-- \/ Yoast SEO plugin. -->","yoast_head_json":{"title":"Megapari kod promocyjny 2026 \u2705 Zdob\u0105d\u017a sw\u00f3j 100% bonus ju\u017c dzi\u015b!","description":"Gotowy, aby podnie\u015b\u0107 poziom swojej gry? Chwy\u0107 najgor\u0119tszy kod promocyjny Megapari ju\u017c teraz i zgarnij niesamowity bonus 100%! Nie przegap - Twoja zwyci\u0119ska passa zaczyna si\u0119 teraz!","robots":{"index":"index","follow":"follow","max-snippet":"max-snippet:-1","max-image-preview":"max-image-preview:large","max-video-preview":"max-video-preview:-1"},"canonical":"https:\/\/megapari.games\/pl\/promo-code\/","og_locale":"pl_PL","og_type":"article","og_title":"Megapari kod promocyjny 2026 \u2705 Zdob\u0105d\u017a sw\u00f3j 100% bonus ju\u017c dzi\u015b!","og_description":"Gotowy, aby podnie\u015b\u0107 poziom swojej gry? Chwy\u0107 najgor\u0119tszy kod promocyjny Megapari ju\u017c teraz i zgarnij niesamowity bonus 100%! Nie przegap - Twoja zwyci\u0119ska passa zaczyna si\u0119 teraz!","og_url":"https:\/\/megapari.games\/pl\/promo-code\/","og_site_name":"Megapari Games pl","article_modified_time":"2025-05-17T14:08:39+00:00","twitter_card":"summary_large_image","schema":{"@context":"https:\/\/schema.org","@graph":[{"@type":"WebPage","@id":"https:\/\/megapari.games\/pl\/promo-code\/","url":"https:\/\/megapari.games\/pl\/promo-code\/","name":"Megapari kod promocyjny 2026 \u2705 Zdob\u0105d\u017a sw\u00f3j 100% bonus ju\u017c dzi\u015b!","isPartOf":{"@id":"https:\/\/megapari.games\/pl\/#website"},"datePublished":"2024-10-18T10:54:32+00:00","dateModified":"2025-05-17T14:08:39+00:00","description":"Gotowy, aby podnie\u015b\u0107 poziom swojej gry? Chwy\u0107 najgor\u0119tszy kod promocyjny Megapari ju\u017c teraz i zgarnij niesamowity bonus 100%! Nie przegap - Twoja zwyci\u0119ska passa zaczyna si\u0119 teraz!","breadcrumb":{"@id":"https:\/\/megapari.games\/pl\/promo-code\/#breadcrumb"},"inLanguage":"pl-PL","potentialAction":[{"@type":"ReadAction","target":["https:\/\/megapari.games\/pl\/promo-code\/"]}]},{"@type":"BreadcrumbList","@id":"https:\/\/megapari.games\/pl\/promo-code\/#breadcrumb","itemListElement":[{"@type":"ListItem","position":1,"name":"\u0413\u043b\u0430\u0432\u043d\u0430\u044f \u0441\u0442\u0440\u0430\u043d\u0438\u0446\u0430","item":"https:\/\/megapari.games\/pl\/"},{"@type":"ListItem","position":2,"name":"Kod promocyjny"}]},{"@type":"WebSite","@id":"https:\/\/megapari.games\/pl\/#website","url":"https:\/\/megapari.games\/pl\/","name":"Megapari Games pl","description":"My WordPress Blog","potentialAction":[{"@type":"SearchAction","target":{"@type":"EntryPoint","urlTemplate":"https:\/\/megapari.games\/pl\/?s={search_term_string}"},"query-input":{"@type":"PropertyValueSpecification","valueRequired":true,"valueName":"search_term_string"}}],"inLanguage":"pl-PL"}]}},"_links":{"self":[{"href":"https:\/\/megapari.games\/pl\/wp-json\/wp\/v2\/pages\/656","targetHints":{"allow":["GET"]}}],"collection":[{"href":"https:\/\/megapari.games\/pl\/wp-json\/wp\/v2\/pages"}],"about":[{"href":"https:\/\/megapari.games\/pl\/wp-json\/wp\/v2\/types\/page"}],"author":[{"embeddable":true,"href":"https:\/\/megapari.games\/pl\/wp-json\/wp\/v2\/users\/1"}],"replies":[{"embeddable":true,"href":"https:\/\/megapari.games\/pl\/wp-json\/wp\/v2\/comments?post=656"}],"version-history":[{"count":3,"href":"https:\/\/megapari.games\/pl\/wp-json\/wp\/v2\/pages\/656\/revisions"}],"predecessor-version":[{"id":802,"href":"https:\/\/megapari.games\/pl\/wp-json\/wp\/v2\/pages\/656\/revisions\/802"}],"wp:attachment":[{"href":"https:\/\/megapari.games\/pl\/wp-json\/wp\/v2\/media?parent=656"}],"curies":[{"name":"wp","href":"https:\/\/api.w.org\/{rel}","templated":true}]}}