{"id":1305,"date":"2026-02-09T13:54:29","date_gmt":"2026-02-09T13:54:29","guid":{"rendered":"https:\/\/megapari.games\/?page_id=1305"},"modified":"2026-02-18T11:48:48","modified_gmt":"2026-02-18T11:48:48","slug":"sweet-bonanza","status":"publish","type":"page","link":"https:\/\/megapari.games\/portugal\/sweet-bonanza\/","title":{"rendered":"Sweet Bonanza"},"content":{"rendered":"","protected":false},"excerpt":{"rendered":"","protected":false},"author":1,"featured_media":0,"parent":0,"menu_order":0,"comment_status":"closed","ping_status":"closed","template":"","meta":{"inline_featured_image":false,"footnotes":""},"class_list":["post-1305","page","type-page","status-publish","hentry"],"yoast_head":"<!-- This site is optimized with the Yoast SEO plugin v27.3 - https:\/\/yoast.com\/product\/yoast-seo-wordpress\/ -->\n<title>Sweet Bonanza Megapari \u2014 rodadas gr\u00e1tis, multiplicadores x100+<\/title>\n<meta name=\"description\" content=\"Procura uma slot din\u00e2mica com gr\u00e1ficos exuberantes e regras simples? Experimente Sweet Bonanza na Megapari \u2714\ufe0f vit\u00f3rias em cascata, multiplicadores at\u00e9 x100+ e acesso instant\u00e2neo no modo demo ou para apostas reais!\" \/>\n<meta name=\"robots\" content=\"index, follow, max-snippet:-1, max-image-preview:large, max-video-preview:-1\" \/>\n<link rel=\"canonical\" href=\"https:\/\/megapari.games\/portugal\/sweet-bonanza\/\" \/>\n<meta property=\"og:locale\" content=\"pt_PT\" \/>\n<meta property=\"og:type\" content=\"article\" \/>\n<meta property=\"og:title\" content=\"Sweet Bonanza Megapari \u2014 rodadas gr\u00e1tis, multiplicadores x100+\" \/>\n<meta property=\"og:description\" content=\"Procura uma slot din\u00e2mica com gr\u00e1ficos exuberantes e regras simples? Experimente Sweet Bonanza na Megapari \u2714\ufe0f vit\u00f3rias em cascata, multiplicadores at\u00e9 x100+ e acesso instant\u00e2neo no modo demo ou para apostas reais!\" \/>\n<meta property=\"og:url\" content=\"https:\/\/megapari.games\/portugal\/sweet-bonanza\/\" \/>\n<meta property=\"og:site_name\" content=\"Megapari Games pt\" \/>\n<meta property=\"article:modified_time\" content=\"2026-02-18T11:48:48+00:00\" \/>\n<meta name=\"twitter:card\" content=\"summary_large_image\" \/>\n<script type=\"application\/ld+json\" class=\"yoast-schema-graph\">{\"@context\":\"https:\\\/\\\/schema.org\",\"@graph\":[{\"@type\":\"WebPage\",\"@id\":\"https:\\\/\\\/megapari.games\\\/portugal\\\/sweet-bonanza\\\/\",\"url\":\"https:\\\/\\\/megapari.games\\\/portugal\\\/sweet-bonanza\\\/\",\"name\":\"Sweet Bonanza Megapari \u2014 rodadas gr\u00e1tis, multiplicadores x100+\",\"isPartOf\":{\"@id\":\"https:\\\/\\\/megapari.games\\\/portugal\\\/#website\"},\"datePublished\":\"2026-02-09T13:54:29+00:00\",\"dateModified\":\"2026-02-18T11:48:48+00:00\",\"description\":\"Procura uma slot din\u00e2mica com gr\u00e1ficos exuberantes e regras simples? Experimente Sweet Bonanza na Megapari \u2714\ufe0f vit\u00f3rias em cascata, multiplicadores at\u00e9 x100+ e acesso instant\u00e2neo no modo demo ou para apostas reais!\",\"breadcrumb\":{\"@id\":\"https:\\\/\\\/megapari.games\\\/portugal\\\/sweet-bonanza\\\/#breadcrumb\"},\"inLanguage\":\"pt-PT\",\"potentialAction\":[{\"@type\":\"ReadAction\",\"target\":[\"https:\\\/\\\/megapari.games\\\/portugal\\\/sweet-bonanza\\\/\"]}]},{\"@type\":\"BreadcrumbList\",\"@id\":\"https:\\\/\\\/megapari.games\\\/portugal\\\/sweet-bonanza\\\/#breadcrumb\",\"itemListElement\":[{\"@type\":\"ListItem\",\"position\":1,\"name\":\"\u0413\u043b\u0430\u0432\u043d\u0430\u044f \u0441\u0442\u0440\u0430\u043d\u0438\u0446\u0430\",\"item\":\"https:\\\/\\\/megapari.games\\\/portugal\\\/\"},{\"@type\":\"ListItem\",\"position\":2,\"name\":\"Sweet Bonanza\"}]},{\"@type\":\"WebSite\",\"@id\":\"https:\\\/\\\/megapari.games\\\/portugal\\\/#website\",\"url\":\"https:\\\/\\\/megapari.games\\\/portugal\\\/\",\"name\":\"Megapari Games pt\",\"description\":\"My WordPress Blog\",\"potentialAction\":[{\"@type\":\"SearchAction\",\"target\":{\"@type\":\"EntryPoint\",\"urlTemplate\":\"https:\\\/\\\/megapari.games\\\/portugal\\\/?s={search_term_string}\"},\"query-input\":{\"@type\":\"PropertyValueSpecification\",\"valueRequired\":true,\"valueName\":\"search_term_string\"}}],\"inLanguage\":\"pt-PT\"}]}<\/script>\n<!-- \/ Yoast SEO plugin. -->","yoast_head_json":{"title":"Sweet Bonanza Megapari \u2014 rodadas gr\u00e1tis, multiplicadores x100+","description":"Procura uma slot din\u00e2mica com gr\u00e1ficos exuberantes e regras simples? Experimente Sweet Bonanza na Megapari \u2714\ufe0f vit\u00f3rias em cascata, multiplicadores at\u00e9 x100+ e acesso instant\u00e2neo no modo demo ou para apostas reais!","robots":{"index":"index","follow":"follow","max-snippet":"max-snippet:-1","max-image-preview":"max-image-preview:large","max-video-preview":"max-video-preview:-1"},"canonical":"https:\/\/megapari.games\/portugal\/sweet-bonanza\/","og_locale":"pt_PT","og_type":"article","og_title":"Sweet Bonanza Megapari \u2014 rodadas gr\u00e1tis, multiplicadores x100+","og_description":"Procura uma slot din\u00e2mica com gr\u00e1ficos exuberantes e regras simples? Experimente Sweet Bonanza na Megapari \u2714\ufe0f vit\u00f3rias em cascata, multiplicadores at\u00e9 x100+ e acesso instant\u00e2neo no modo demo ou para apostas reais!","og_url":"https:\/\/megapari.games\/portugal\/sweet-bonanza\/","og_site_name":"Megapari Games pt","article_modified_time":"2026-02-18T11:48:48+00:00","twitter_card":"summary_large_image","schema":{"@context":"https:\/\/schema.org","@graph":[{"@type":"WebPage","@id":"https:\/\/megapari.games\/portugal\/sweet-bonanza\/","url":"https:\/\/megapari.games\/portugal\/sweet-bonanza\/","name":"Sweet Bonanza Megapari \u2014 rodadas gr\u00e1tis, multiplicadores x100+","isPartOf":{"@id":"https:\/\/megapari.games\/portugal\/#website"},"datePublished":"2026-02-09T13:54:29+00:00","dateModified":"2026-02-18T11:48:48+00:00","description":"Procura uma slot din\u00e2mica com gr\u00e1ficos exuberantes e regras simples? Experimente Sweet Bonanza na Megapari \u2714\ufe0f vit\u00f3rias em cascata, multiplicadores at\u00e9 x100+ e acesso instant\u00e2neo no modo demo ou para apostas reais!","breadcrumb":{"@id":"https:\/\/megapari.games\/portugal\/sweet-bonanza\/#breadcrumb"},"inLanguage":"pt-PT","potentialAction":[{"@type":"ReadAction","target":["https:\/\/megapari.games\/portugal\/sweet-bonanza\/"]}]},{"@type":"BreadcrumbList","@id":"https:\/\/megapari.games\/portugal\/sweet-bonanza\/#breadcrumb","itemListElement":[{"@type":"ListItem","position":1,"name":"\u0413\u043b\u0430\u0432\u043d\u0430\u044f \u0441\u0442\u0440\u0430\u043d\u0438\u0446\u0430","item":"https:\/\/megapari.games\/portugal\/"},{"@type":"ListItem","position":2,"name":"Sweet Bonanza"}]},{"@type":"WebSite","@id":"https:\/\/megapari.games\/portugal\/#website","url":"https:\/\/megapari.games\/portugal\/","name":"Megapari Games pt","description":"My WordPress Blog","potentialAction":[{"@type":"SearchAction","target":{"@type":"EntryPoint","urlTemplate":"https:\/\/megapari.games\/portugal\/?s={search_term_string}"},"query-input":{"@type":"PropertyValueSpecification","valueRequired":true,"valueName":"search_term_string"}}],"inLanguage":"pt-PT"}]}},"_links":{"self":[{"href":"https:\/\/megapari.games\/portugal\/wp-json\/wp\/v2\/pages\/1305","targetHints":{"allow":["GET"]}}],"collection":[{"href":"https:\/\/megapari.games\/portugal\/wp-json\/wp\/v2\/pages"}],"about":[{"href":"https:\/\/megapari.games\/portugal\/wp-json\/wp\/v2\/types\/page"}],"author":[{"embeddable":true,"href":"https:\/\/megapari.games\/portugal\/wp-json\/wp\/v2\/users\/1"}],"replies":[{"embeddable":true,"href":"https:\/\/megapari.games\/portugal\/wp-json\/wp\/v2\/comments?post=1305"}],"version-history":[{"count":2,"href":"https:\/\/megapari.games\/portugal\/wp-json\/wp\/v2\/pages\/1305\/revisions"}],"predecessor-version":[{"id":1407,"href":"https:\/\/megapari.games\/portugal\/wp-json\/wp\/v2\/pages\/1305\/revisions\/1407"}],"wp:attachment":[{"href":"https:\/\/megapari.games\/portugal\/wp-json\/wp\/v2\/media?parent=1305"}],"curies":[{"name":"wp","href":"https:\/\/api.w.org\/{rel}","templated":true}]}}