{"id":1090,"date":"2025-11-21T12:23:50","date_gmt":"2025-11-21T12:23:50","guid":{"rendered":"https:\/\/megapari.games\/?page_id=1090"},"modified":"2025-11-25T13:53:39","modified_gmt":"2025-11-25T13:53:39","slug":"sport","status":"publish","type":"page","link":"https:\/\/megapari.games\/ro\/sport\/","title":{"rendered":"Sport"},"content":{"rendered":"","protected":false},"excerpt":{"rendered":"","protected":false},"author":1,"featured_media":0,"parent":0,"menu_order":0,"comment_status":"closed","ping_status":"closed","template":"","meta":{"inline_featured_image":false,"footnotes":""},"class_list":["post-1090","page","type-page","status-publish","hentry"],"yoast_head":"<!-- This site is optimized with the Yoast SEO plugin v27.3 - https:\/\/yoast.com\/product\/yoast-seo-wordpress\/ -->\n<title>Pariuri sportive Megapari | Prezentare general\u0103 a sporturilor<\/title>\n<meta name=\"description\" content=\"Megapari este o platform\u0103 cu linii de pariuri extinse, cote detaliate, instrumente de analiz\u0103 convenabile \u0219i un sistem de bonusuri disponibil pentru utilizatorii \u00eenregistra\u021bi.\" \/>\n<meta name=\"robots\" content=\"index, follow, max-snippet:-1, max-image-preview:large, max-video-preview:-1\" \/>\n<link rel=\"canonical\" href=\"https:\/\/megapari.games\/ro\/sport\/\" \/>\n<meta property=\"og:locale\" content=\"ro_RO\" \/>\n<meta property=\"og:type\" content=\"article\" \/>\n<meta property=\"og:title\" content=\"Pariuri sportive Megapari | Prezentare general\u0103 a sporturilor\" \/>\n<meta property=\"og:description\" content=\"Megapari este o platform\u0103 cu linii de pariuri extinse, cote detaliate, instrumente de analiz\u0103 convenabile \u0219i un sistem de bonusuri disponibil pentru utilizatorii \u00eenregistra\u021bi.\" \/>\n<meta property=\"og:url\" content=\"https:\/\/megapari.games\/ro\/sport\/\" \/>\n<meta property=\"og:site_name\" content=\"Megapari Games ro\" \/>\n<meta property=\"article:modified_time\" content=\"2025-11-25T13:53:39+00:00\" \/>\n<meta name=\"twitter:card\" content=\"summary_large_image\" \/>\n<script type=\"application\/ld+json\" class=\"yoast-schema-graph\">{\"@context\":\"https:\\\/\\\/schema.org\",\"@graph\":[{\"@type\":\"WebPage\",\"@id\":\"https:\\\/\\\/megapari.games\\\/ro\\\/sport\\\/\",\"url\":\"https:\\\/\\\/megapari.games\\\/ro\\\/sport\\\/\",\"name\":\"Pariuri sportive Megapari | Prezentare general\u0103 a sporturilor\",\"isPartOf\":{\"@id\":\"https:\\\/\\\/megapari.games\\\/ro\\\/#website\"},\"datePublished\":\"2025-11-21T12:23:50+00:00\",\"dateModified\":\"2025-11-25T13:53:39+00:00\",\"description\":\"Megapari este o platform\u0103 cu linii de pariuri extinse, cote detaliate, instrumente de analiz\u0103 convenabile \u0219i un sistem de bonusuri disponibil pentru utilizatorii \u00eenregistra\u021bi.\",\"breadcrumb\":{\"@id\":\"https:\\\/\\\/megapari.games\\\/ro\\\/sport\\\/#breadcrumb\"},\"inLanguage\":\"ro-RO\",\"potentialAction\":[{\"@type\":\"ReadAction\",\"target\":[\"https:\\\/\\\/megapari.games\\\/ro\\\/sport\\\/\"]}]},{\"@type\":\"BreadcrumbList\",\"@id\":\"https:\\\/\\\/megapari.games\\\/ro\\\/sport\\\/#breadcrumb\",\"itemListElement\":[{\"@type\":\"ListItem\",\"position\":1,\"name\":\"\u0413\u043b\u0430\u0432\u043d\u0430\u044f \u0441\u0442\u0440\u0430\u043d\u0438\u0446\u0430\",\"item\":\"https:\\\/\\\/megapari.games\\\/ro\\\/\"},{\"@type\":\"ListItem\",\"position\":2,\"name\":\"Sport\"}]},{\"@type\":\"WebSite\",\"@id\":\"https:\\\/\\\/megapari.games\\\/ro\\\/#website\",\"url\":\"https:\\\/\\\/megapari.games\\\/ro\\\/\",\"name\":\"Megapari Games ro\",\"description\":\"My WordPress Blog\",\"potentialAction\":[{\"@type\":\"SearchAction\",\"target\":{\"@type\":\"EntryPoint\",\"urlTemplate\":\"https:\\\/\\\/megapari.games\\\/ro\\\/?s={search_term_string}\"},\"query-input\":{\"@type\":\"PropertyValueSpecification\",\"valueRequired\":true,\"valueName\":\"search_term_string\"}}],\"inLanguage\":\"ro-RO\"}]}<\/script>\n<!-- \/ Yoast SEO plugin. -->","yoast_head_json":{"title":"Pariuri sportive Megapari | Prezentare general\u0103 a sporturilor","description":"Megapari este o platform\u0103 cu linii de pariuri extinse, cote detaliate, instrumente de analiz\u0103 convenabile \u0219i un sistem de bonusuri disponibil pentru utilizatorii \u00eenregistra\u021bi.","robots":{"index":"index","follow":"follow","max-snippet":"max-snippet:-1","max-image-preview":"max-image-preview:large","max-video-preview":"max-video-preview:-1"},"canonical":"https:\/\/megapari.games\/ro\/sport\/","og_locale":"ro_RO","og_type":"article","og_title":"Pariuri sportive Megapari | Prezentare general\u0103 a sporturilor","og_description":"Megapari este o platform\u0103 cu linii de pariuri extinse, cote detaliate, instrumente de analiz\u0103 convenabile \u0219i un sistem de bonusuri disponibil pentru utilizatorii \u00eenregistra\u021bi.","og_url":"https:\/\/megapari.games\/ro\/sport\/","og_site_name":"Megapari Games ro","article_modified_time":"2025-11-25T13:53:39+00:00","twitter_card":"summary_large_image","schema":{"@context":"https:\/\/schema.org","@graph":[{"@type":"WebPage","@id":"https:\/\/megapari.games\/ro\/sport\/","url":"https:\/\/megapari.games\/ro\/sport\/","name":"Pariuri sportive Megapari | Prezentare general\u0103 a sporturilor","isPartOf":{"@id":"https:\/\/megapari.games\/ro\/#website"},"datePublished":"2025-11-21T12:23:50+00:00","dateModified":"2025-11-25T13:53:39+00:00","description":"Megapari este o platform\u0103 cu linii de pariuri extinse, cote detaliate, instrumente de analiz\u0103 convenabile \u0219i un sistem de bonusuri disponibil pentru utilizatorii \u00eenregistra\u021bi.","breadcrumb":{"@id":"https:\/\/megapari.games\/ro\/sport\/#breadcrumb"},"inLanguage":"ro-RO","potentialAction":[{"@type":"ReadAction","target":["https:\/\/megapari.games\/ro\/sport\/"]}]},{"@type":"BreadcrumbList","@id":"https:\/\/megapari.games\/ro\/sport\/#breadcrumb","itemListElement":[{"@type":"ListItem","position":1,"name":"\u0413\u043b\u0430\u0432\u043d\u0430\u044f \u0441\u0442\u0440\u0430\u043d\u0438\u0446\u0430","item":"https:\/\/megapari.games\/ro\/"},{"@type":"ListItem","position":2,"name":"Sport"}]},{"@type":"WebSite","@id":"https:\/\/megapari.games\/ro\/#website","url":"https:\/\/megapari.games\/ro\/","name":"Megapari Games ro","description":"My WordPress Blog","potentialAction":[{"@type":"SearchAction","target":{"@type":"EntryPoint","urlTemplate":"https:\/\/megapari.games\/ro\/?s={search_term_string}"},"query-input":{"@type":"PropertyValueSpecification","valueRequired":true,"valueName":"search_term_string"}}],"inLanguage":"ro-RO"}]}},"_links":{"self":[{"href":"https:\/\/megapari.games\/ro\/wp-json\/wp\/v2\/pages\/1090","targetHints":{"allow":["GET"]}}],"collection":[{"href":"https:\/\/megapari.games\/ro\/wp-json\/wp\/v2\/pages"}],"about":[{"href":"https:\/\/megapari.games\/ro\/wp-json\/wp\/v2\/types\/page"}],"author":[{"embeddable":true,"href":"https:\/\/megapari.games\/ro\/wp-json\/wp\/v2\/users\/1"}],"replies":[{"embeddable":true,"href":"https:\/\/megapari.games\/ro\/wp-json\/wp\/v2\/comments?post=1090"}],"version-history":[{"count":1,"href":"https:\/\/megapari.games\/ro\/wp-json\/wp\/v2\/pages\/1090\/revisions"}],"predecessor-version":[{"id":1175,"href":"https:\/\/megapari.games\/ro\/wp-json\/wp\/v2\/pages\/1090\/revisions\/1175"}],"wp:attachment":[{"href":"https:\/\/megapari.games\/ro\/wp-json\/wp\/v2\/media?parent=1090"}],"curies":[{"name":"wp","href":"https:\/\/api.w.org\/{rel}","templated":true}]}}